{"id":9702,"date":"2021-01-27T18:06:17","date_gmt":"2021-01-27T17:06:17","guid":{"rendered":"http:\/\/www.euroschool.lu\/site\/?page_id=9702"},"modified":"2024-10-06T12:11:06","modified_gmt":"2024-10-06T10:11:06","slug":"sekundarstufe","status":"publish","type":"page","link":"https:\/\/www.euroschool.lu\/site\/de\/sekundarstufe\/","title":{"rendered":"Sekundarstufe : Startseite"},"content":{"rendered":"<div class=\"wpb-content-wrapper\"><p>[vc_row full_width=&#8221;stretch_row_content_no_spaces&#8221; css=&#8221;.vc_custom_1611767278898{margin-bottom: 0px !important;}&#8221;][vc_column css=&#8221;.vc_custom_1589920029564{margin-bottom: 0px !important;}&#8221; offset=&#8221;vc_hidden-sm vc_hidden-xs&#8221;][vc_custom_heading text=&#8221;&#8221; font_container=&#8221;tag:h1|text_align:left&#8221; use_theme_fonts=&#8221;yes&#8221; el_class=&#8221;custom-header&#8221; css=&#8221;.vc_custom_1623917777126{background-image: url(http:\/\/www.euroschool.lu\/site\/wp-content\/uploads\/2021\/06\/Slider_Secondary.jpg?id=11117) !important;background-position: center !important;background-repeat: no-repeat !important;background-size: cover !important;}&#8221;][\/vc_column][\/vc_row][vc_row full_width=&#8221;stretch_row_content_no_spaces&#8221; css=&#8221;.vc_custom_1611767283046{margin-bottom: 0px !important;}&#8221;][vc_column css=&#8221;.vc_custom_1589920591194{margin-bottom: 0px !important;}&#8221; offset=&#8221;vc_hidden-lg vc_hidden-md&#8221;][vc_custom_heading text=&#8221;&#8221; font_container=&#8221;tag:h1|text_align:left&#8221; use_theme_fonts=&#8221;yes&#8221; el_class=&#8221;custom-header-mob&#8221; css=&#8221;.vc_custom_1623917789372{background-image: url(http:\/\/www.euroschool.lu\/site\/wp-content\/uploads\/2021\/06\/Slider_Secondary.jpg?id=11117) !important;background-position: center !important;background-repeat: no-repeat !important;background-size: cover !important;}&#8221;][\/vc_column][\/vc_row][vc_row el_class=&#8221;main-box&#8221;][vc_column width=&#8221;1\/5&#8243; offset=&#8221;vc_hidden-md vc_hidden-sm vc_hidden-xs&#8221; el_class=&#8221;sidebar-menu&#8221;][vc_widget_sidebar sidebar_id=&#8221;sidebar-sidebar-menu-sec-de&#8221; el_class=&#8221;sidebar-menu-sec&#8221;][\/vc_column][vc_column width=&#8221;4\/5&#8243; el_class=&#8221;main-column&#8221;][vc_column_text el_class=&#8221;page-title&#8221;]<\/p>\n<h1>Sekundarstufe : Startseite<\/h1>\n<p>[\/vc_column_text][vc_column_text css=&#8221;.vc_custom_1728209462105{padding-top: 10px !important;}&#8221;]<strong>Willkommen auf den Seiten des Sekundarbereichs der Europ\u00e4ischen Schule Luxemburg 1, Kirchberg! <\/strong><\/p>\n<p><strong>\u00a0<\/strong>Mit fast 1900 Sch\u00fclern im Sekundarbereich stellen wir eine der gr\u00f6\u00dften Gemeinschaften im Netz der Europ\u00e4ischen Schulen dar. Im Sekundarbereich haben wir derzeit 10 Sprachsektionen (Deutsch, Englisch, Franz\u00f6sisch, Spanisch, Niederl\u00e4ndisch, Portugiesisch, Schwedisch, Finnisch, Polnisch und Litauisch). Dies stellt nicht nur f\u00fcr unsere Lehrkr\u00e4fte, sondern auch f\u00fcr die Sch\u00fclerinnen und Sch\u00fcler ganz besondere Herausforderungen dar. Gleichzeitig vereint unsere Schule ein einzigartiges kulturelles und sprachliches Konglomerat in Luxemburg und Umgebung, das besonders anregend und multikulturell ist.<\/p>\n<p>Insgesamt arbeiten rund 190 Lehrkr\u00e4fte und etwa 30 Assistenten t\u00e4glich mit den Sch\u00fclern, um sie auf das Leben und ihre zuk\u00fcnftige schulische und berufliche Laufbahn vorzubereiten.\u00a0 Trotz seiner Gr\u00f6\u00dfe ist das p\u00e4dagogische Personal bestrebt, eine m\u00f6glichst einladende und kooperative Atmosph\u00e4re zu schaffen und zu erhalten, die unserer Meinung nach die Grundlage f\u00fcr ein gutes Lernen und eine harmonische Entwicklung der Pers\u00f6nlichkeit der Sch\u00fcler bildet.<\/p>\n<p>Unser p\u00e4dagogisches Team wird von einem kleinen, aber erfahrenen und effizienten Sekretariat unterst\u00fctzt, in das die meisten praktischen organisatorischen Informationen einflie\u00dfen. Was den p\u00e4dagogischen Teil betrifft, so kann das mittlere Management der Schule Sie je nach Ihren p\u00e4dagogischen Bed\u00fcrfnissen unterst\u00fctzen und beraten.<\/p>\n<p>Auf den Seiten dieser Website finden Sie alle wichtigen und notwendigen Informationen, die Ihnen auch einen Einblick in die Philosophie der Schule sowie in die t\u00e4glichen Projekte zur Vorbereitung der Sch\u00fcler auf das Leben und ihre zuk\u00fcnftige schulische und berufliche Laufbahn geben.[\/vc_column_text][vc_separator style=&#8221;double&#8221; css=&#8221;.vc_custom_1678204951525{margin-top: 0px !important;border-top-width: 0px !important;padding-top: 10px !important;}&#8221;][\/vc_column][\/vc_row][vc_row][vc_column][vc_empty_space height=&#8221;20&#8243;][\/vc_column][\/vc_row]<\/p>\n<\/div>","protected":false},"excerpt":{"rendered":"<p>[vc_row full_width=&#8221;stretch_row_content_no_spaces&#8221; css=&#8221;.vc_custom_1611767278898{margin-bottom: 0px !important;}&#8221;][vc_column css=&#8221;.vc_custom_1589920029564{margin-bottom: 0px !important;}&#8221; offset=&#8221;vc_hidden-sm vc_hidden-xs&#8221;][vc_custom_heading text=&#8221;&#8221; font_container=&#8221;tag:h1|text_align:left&#8221; use_theme_fonts=&#8221;yes&#8221; el_class=&#8221;custom-header&#8221; css=&#8221;.vc_custom_1623917777126{background-image:<span class=\"excerpt-hellip\"> [\u2026]<\/span><\/p>\n","protected":false},"author":1,"featured_media":0,"parent":0,"menu_order":0,"comment_status":"closed","ping_status":"closed","template":"","meta":{"footnotes":""},"categories":[61],"class_list":["post-9702","page","type-page","status-publish","hentry","category-_page-sec-de"],"_links":{"self":[{"href":"https:\/\/www.euroschool.lu\/site\/wp-json\/wp\/v2\/pages\/9702","targetHints":{"allow":["GET"]}}],"collection":[{"href":"https:\/\/www.euroschool.lu\/site\/wp-json\/wp\/v2\/pages"}],"about":[{"href":"https:\/\/www.euroschool.lu\/site\/wp-json\/wp\/v2\/types\/page"}],"author":[{"embeddable":true,"href":"https:\/\/www.euroschool.lu\/site\/wp-json\/wp\/v2\/users\/1"}],"replies":[{"embeddable":true,"href":"https:\/\/www.euroschool.lu\/site\/wp-json\/wp\/v2\/comments?post=9702"}],"version-history":[{"count":19,"href":"https:\/\/www.euroschool.lu\/site\/wp-json\/wp\/v2\/pages\/9702\/revisions"}],"predecessor-version":[{"id":18365,"href":"https:\/\/www.euroschool.lu\/site\/wp-json\/wp\/v2\/pages\/9702\/revisions\/18365"}],"wp:attachment":[{"href":"https:\/\/www.euroschool.lu\/site\/wp-json\/wp\/v2\/media?parent=9702"}],"wp:term":[{"taxonomy":"category","embeddable":true,"href":"https:\/\/www.euroschool.lu\/site\/wp-json\/wp\/v2\/categories?post=9702"}],"curies":[{"name":"wp","href":"https:\/\/api.w.org\/{rel}","templated":true}]}}