{"id":9251,"date":"2021-01-13T15:17:30","date_gmt":"2021-01-13T14:17:30","guid":{"rendered":"http:\/\/www.euroschool.lu\/site\/?page_id=9251"},"modified":"2021-07-13T16:11:43","modified_gmt":"2021-07-13T14:11:43","slug":"sekundarstufe-peer-mediation","status":"publish","type":"page","link":"https:\/\/www.euroschool.lu\/site\/de\/sekundarstufe-peer-mediation\/","title":{"rendered":"Sekundarstufe : Peer Mediation"},"content":{"rendered":"<div class=\"wpb-content-wrapper\"><p>[vc_row full_width=&#8221;stretch_row_content_no_spaces&#8221; css=&#8221;.vc_custom_1611767278898{margin-bottom: 0px !important;}&#8221;][vc_column css=&#8221;.vc_custom_1589920029564{margin-bottom: 0px !important;}&#8221; offset=&#8221;vc_hidden-sm vc_hidden-xs&#8221;][vc_custom_heading text=&#8221;&#8221; font_container=&#8221;tag:h1|text_align:left&#8221; use_theme_fonts=&#8221;yes&#8221; el_class=&#8221;custom-header&#8221; css=&#8221;.vc_custom_1613065073273{background-image: url(http:\/\/www.euroschool.lu\/site\/wp-content\/uploads\/2021\/02\/photo-peer-mediators-gdpr.jpg?id=10013) !important;background-position: center !important;background-repeat: no-repeat !important;background-size: cover !important;}&#8221;][\/vc_column][\/vc_row][vc_row full_width=&#8221;stretch_row_content_no_spaces&#8221; css=&#8221;.vc_custom_1611767283046{margin-bottom: 0px !important;}&#8221;][vc_column css=&#8221;.vc_custom_1589920591194{margin-bottom: 0px !important;}&#8221; offset=&#8221;vc_hidden-lg vc_hidden-md&#8221;][vc_custom_heading text=&#8221;&#8221; font_container=&#8221;tag:h1|text_align:left&#8221; use_theme_fonts=&#8221;yes&#8221; el_class=&#8221;custom-header-mob&#8221; css=&#8221;.vc_custom_1613065085256{background-image: url(http:\/\/www.euroschool.lu\/site\/wp-content\/uploads\/2021\/02\/photo-peer-mediators-gdpr.jpg?id=10013) !important;background-position: center !important;background-repeat: no-repeat !important;background-size: cover !important;}&#8221;][\/vc_column][\/vc_row][vc_row el_class=&#8221;main-box&#8221;][vc_column width=&#8221;1\/5&#8243; offset=&#8221;vc_hidden-md vc_hidden-sm vc_hidden-xs&#8221; el_class=&#8221;sidebar-menu&#8221;][vc_widget_sidebar sidebar_id=&#8221;sidebar-sidebar-menu-sec-de&#8221; el_class=&#8221;sidebar-menu-sec&#8221;][\/vc_column][vc_column width=&#8221;4\/5&#8243; el_class=&#8221;main-column&#8221;][vc_column_text el_class=&#8221;page-title&#8221;]<\/p>\n<h1>Sekundarstufe : Peer Mediation<\/h1>\n<p>[\/vc_column_text][vc_row_inner][vc_column_inner width=&#8221;1\/2&#8243;][vc_single_image image=&#8221;9239&#8243; img_size=&#8221;104&#215;91&#8243; css=&#8221;.vc_custom_1624949729001{margin-top: 0px !important;margin-bottom: 20px !important;margin-left: 20px !important;}&#8221;][\/vc_column_inner][vc_column_inner width=&#8221;1\/2&#8243;][vc_btn title=&#8221;Kontakt zu den Mediatoren (nadja.scheicher@teacher.eursc.eu)&#8221; style=&#8221;classic&#8221; color=&#8221;sky&#8221; align=&#8221;right&#8221; i_icon_fontawesome=&#8221;fa fa-envelope-o&#8221; add_icon=&#8221;true&#8221; link=&#8221;url:http%3A%2F%2Fnadja.scheicher%40teacher.eursc.eu|||&#8221; css=&#8221;.vc_custom_1625209284921{margin-top: 0px !important;margin-bottom: 0px !important;border-top-width: 0px !important;border-bottom-width: 2px !important;padding-top: 2px !important;padding-bottom: 2px !important;}&#8221;][vc_separator css=&#8221;.vc_custom_1624949671027{margin-top: 30px !important;border-top-width: 2px !important;padding-top: 2px !important;}&#8221;][\/vc_column_inner][\/vc_row_inner][vc_column_text]<\/p>\n<h3>Was ist Peer Mediation?<\/h3>\n<p>Peer-Mediation ist in Luxemburg ein Projekt des SNJ (Service National de la Jeunesse) und unsere Schule blickt mittlerweile schon auf viele Jahre Erfahrung in diesem Bereich zur\u00fcck. Momentan arbeiten \u00fcber 50 Sch\u00fclerinnen und Sch\u00fcler aller Sprachsektionen mit, Konflikte an unserer Schule zu vermeiden oder zu\u00a0 l\u00f6sen. Unsere Peer-Mediatoren haben alle eine gr\u00fcndliche Ausbildung absolviert und wissen, wie man bei Streit vermitteln kann.<\/p>\n<p>Die Peer-Mediation ist ein Prozess, der hilft, einen Konflikt zwischen zwei Gruppen zu l\u00f6sen, am Ende einer Mediation sollen beide Parteien zu einer einvernehmlichen L\u00f6sung kommen, die f\u00fcr alle Seiten akzeptabel und zufriedenstellend ist.<\/p>\n<p>&nbsp;<\/p>\n<h3>Was machen wir?<\/h3>\n<p>Nat\u00fcrlich machen wir Mediationen. Aber wir als Mediatoren gehen auch jedes Jahr in die ersten Klassen der Sekundarstufe (S1), um den Sch\u00fclern zu erkl\u00e4ren, was Peer-Mediation ist und wie sie uns kontaktieren k\u00f6nnen, wenn sie ein Problem haben. Au\u00dferdem organisieren wir Veranstaltungen wie Kuchenverkauf, informieren am Schulfest und arbeiten auch gerne am Schulweihnachtsmarkt mit.<\/p>\n<p>&nbsp;<\/p>\n<h3>Unser Ziel<\/h3>\n<p>Unser Ziel ist es, die Schulatmosph\u00e4re zu verbessern und den Sekundarbereich zu einem sch\u00f6nen Ort f\u00fcr alle Sch\u00fcler zu machen.<\/p>\n<p><strong>Voraussetzungen f\u00fcr Mediation:<\/strong><\/p>\n<p>Damit das Mediationsgespr\u00e4ch erfolgversprechend durchgef\u00fchrt werden kann, m\u00fcssen auf Seiten der Konfliktparteien folgende Voraussetzungen erf\u00fcllt sein:<\/p>\n<ul>\n<li>Sie m\u00fcssen freiwillig am Mediationsgespr\u00e4ch teilnehmen. Niemand kann zu einer Mediation gezwungen werden!<\/li>\n<li>Sie m\u00fcssen grunds\u00e4tzlich eine Einigung anstreben. Wo kein Wille, da kein Weg!<\/li>\n<li>Sie m\u00fcssen den\/die Mediator\/-in akzeptieren.<\/li>\n<li>Sie m\u00fcssen bereit sein, mitzuarbeiten und die Regeln des Mediationsgespr\u00e4chs zu beachten.<\/li>\n<\/ul>\n<p>&nbsp;<\/p>\n<h3>Probleme?<\/h3>\n<p>Bei Bedarf f\u00fcr eine Mediation oder f\u00fcr weitere Fragen k\u00f6nnen Peer-Mediatoren \u00a0jeden Dienstag und Donnerstag in D 104 w\u00e4hrend der kurzen Pause (11:10-11:30) kontaktiert werden. Die beiden Coaches, Frau Scheicher (C 311) und Frau Raynaud (C 313) stehen jederzeit f\u00fcr Fragen zur Verf\u00fcgung.[\/vc_column_text][vc_btn title=&#8221;Informationen zur Peer Mediation&#8221; style=&#8221;classic&#8221; color=&#8221;sky&#8221; i_icon_fontawesome=&#8221;fa fa-external-link&#8221; add_icon=&#8221;true&#8221; link=&#8221;url:https%3A%2F%2Fwww.peermediation.lu%2F||target:%20_blank|&#8221;][vc_separator][vc_single_image image=&#8221;10013&#8243; img_size=&#8221;full&#8221; alignment=&#8221;center&#8221; onclick=&#8221;link_image&#8221; css_animation=&#8221;fadeIn&#8221; css=&#8221;.vc_custom_1625048366567{margin-bottom: 0px !important;border-bottom-width: 0px !important;padding-bottom: 0px !important;}&#8221;][vc_separator style=&#8221;double&#8221; css=&#8221;.vc_custom_1625048415330{margin-top: 40px !important;border-top-width: 0px !important;padding-top: 0px !important;}&#8221;][\/vc_column][\/vc_row][vc_row][vc_column][vc_empty_space height=&#8221;20&#8243;][\/vc_column][\/vc_row]<\/p>\n<\/div>","protected":false},"excerpt":{"rendered":"<p>[vc_row full_width=&#8221;stretch_row_content_no_spaces&#8221; css=&#8221;.vc_custom_1611767278898{margin-bottom: 0px !important;}&#8221;][vc_column css=&#8221;.vc_custom_1589920029564{margin-bottom: 0px !important;}&#8221; offset=&#8221;vc_hidden-sm vc_hidden-xs&#8221;][vc_custom_heading text=&#8221;&#8221; font_container=&#8221;tag:h1|text_align:left&#8221; use_theme_fonts=&#8221;yes&#8221; el_class=&#8221;custom-header&#8221; css=&#8221;.vc_custom_1613065073273{background-image:<span class=\"excerpt-hellip\"> [\u2026]<\/span><\/p>\n","protected":false},"author":1,"featured_media":0,"parent":0,"menu_order":0,"comment_status":"closed","ping_status":"closed","template":"","meta":{"footnotes":""},"categories":[61],"class_list":["post-9251","page","type-page","status-publish","hentry","category-_page-sec-de"],"_links":{"self":[{"href":"https:\/\/www.euroschool.lu\/site\/wp-json\/wp\/v2\/pages\/9251","targetHints":{"allow":["GET"]}}],"collection":[{"href":"https:\/\/www.euroschool.lu\/site\/wp-json\/wp\/v2\/pages"}],"about":[{"href":"https:\/\/www.euroschool.lu\/site\/wp-json\/wp\/v2\/types\/page"}],"author":[{"embeddable":true,"href":"https:\/\/www.euroschool.lu\/site\/wp-json\/wp\/v2\/users\/1"}],"replies":[{"embeddable":true,"href":"https:\/\/www.euroschool.lu\/site\/wp-json\/wp\/v2\/comments?post=9251"}],"version-history":[{"count":18,"href":"https:\/\/www.euroschool.lu\/site\/wp-json\/wp\/v2\/pages\/9251\/revisions"}],"predecessor-version":[{"id":12766,"href":"https:\/\/www.euroschool.lu\/site\/wp-json\/wp\/v2\/pages\/9251\/revisions\/12766"}],"wp:attachment":[{"href":"https:\/\/www.euroschool.lu\/site\/wp-json\/wp\/v2\/media?parent=9251"}],"wp:term":[{"taxonomy":"category","embeddable":true,"href":"https:\/\/www.euroschool.lu\/site\/wp-json\/wp\/v2\/categories?post=9251"}],"curies":[{"name":"wp","href":"https:\/\/api.w.org\/{rel}","templated":true}]}}