{"id":9247,"date":"2021-01-13T15:11:13","date_gmt":"2021-01-13T14:11:13","guid":{"rendered":"http:\/\/www.euroschool.lu\/site\/?page_id=9247"},"modified":"2021-07-13T16:10:23","modified_gmt":"2021-07-13T14:10:23","slug":"secondaire-mediation-par-les-pairs","status":"publish","type":"page","link":"https:\/\/www.euroschool.lu\/site\/fr\/secondaire-mediation-par-les-pairs\/","title":{"rendered":"Secondaire : M\u00e9diation par les pairs"},"content":{"rendered":"<div class=\"wpb-content-wrapper\"><p>[vc_row full_width=&#8221;stretch_row_content_no_spaces&#8221; css=&#8221;.vc_custom_1611767278898{margin-bottom: 0px !important;}&#8221;][vc_column css=&#8221;.vc_custom_1589920029564{margin-bottom: 0px !important;}&#8221; offset=&#8221;vc_hidden-sm vc_hidden-xs&#8221;][vc_custom_heading text=&#8221;&#8221; font_container=&#8221;tag:h1|text_align:left&#8221; use_theme_fonts=&#8221;yes&#8221; el_class=&#8221;custom-header&#8221; css=&#8221;.vc_custom_1613064940795{background-image: url(http:\/\/www.euroschool.lu\/site\/wp-content\/uploads\/2021\/02\/photo-peer-mediators-gdpr.jpg?id=10013) !important;background-position: center !important;background-repeat: no-repeat !important;background-size: cover !important;}&#8221;][\/vc_column][\/vc_row][vc_row full_width=&#8221;stretch_row_content_no_spaces&#8221; css=&#8221;.vc_custom_1611767283046{margin-bottom: 0px !important;}&#8221;][vc_column css=&#8221;.vc_custom_1589920591194{margin-bottom: 0px !important;}&#8221; offset=&#8221;vc_hidden-lg vc_hidden-md&#8221;][vc_custom_heading text=&#8221;&#8221; font_container=&#8221;tag:h1|text_align:left&#8221; use_theme_fonts=&#8221;yes&#8221; el_class=&#8221;custom-header-mob&#8221; css=&#8221;.vc_custom_1613064953708{background-image: url(http:\/\/www.euroschool.lu\/site\/wp-content\/uploads\/2021\/02\/photo-peer-mediators-gdpr.jpg?id=10013) !important;background-position: center !important;background-repeat: no-repeat !important;background-size: cover !important;}&#8221;][\/vc_column][\/vc_row][vc_row el_class=&#8221;main-box&#8221;][vc_column width=&#8221;1\/5&#8243; offset=&#8221;vc_hidden-md vc_hidden-sm vc_hidden-xs&#8221; el_class=&#8221;sidebar-menu&#8221;][vc_widget_sidebar sidebar_id=&#8221;sidebar-sidebar-menu-sec-fr&#8221; el_class=&#8221;sidebar-menu-sec&#8221;][\/vc_column][vc_column width=&#8221;4\/5&#8243; el_class=&#8221;main-column&#8221;][vc_column_text el_class=&#8221;page-title&#8221;]<\/p>\n<h1>Secondaire : M\u00e9diation par les pairs<\/h1>\n<p>[\/vc_column_text][vc_row_inner][vc_column_inner width=&#8221;1\/2&#8243;][vc_single_image image=&#8221;9239&#8243; img_size=&#8221;104&#215;91&#8243; css=&#8221;.vc_custom_1624949729001{margin-top: 0px !important;margin-bottom: 20px !important;margin-left: 20px !important;}&#8221;][\/vc_column_inner][vc_column_inner width=&#8221;1\/2&#8243;][vc_btn title=&#8221;Contacter les m\u00e9diateurs (nadja.scheicher@teacher.eursc.eu)&#8221; style=&#8221;classic&#8221; color=&#8221;sky&#8221; align=&#8221;right&#8221; i_icon_fontawesome=&#8221;fa fa-envelope-o&#8221; add_icon=&#8221;true&#8221; link=&#8221;url:http%3A%2F%2Fnadja.scheicher%40teacher.eursc.eu|||&#8221; css=&#8221;.vc_custom_1625209181357{margin-top: 0px !important;margin-bottom: 0px !important;border-top-width: 0px !important;border-bottom-width: 2px !important;padding-top: 2px !important;padding-bottom: 2px !important;}&#8221;][vc_separator css=&#8221;.vc_custom_1624949671027{margin-top: 30px !important;border-top-width: 2px !important;padding-top: 2px !important;}&#8221;][\/vc_column_inner][\/vc_row_inner][vc_column_text]<\/p>\n<h3>Qu&#8217;est-ce que la m\u00e9diation par les pairs ?<\/h3>\n<p>La m\u00e9diation par les pairs est un projet du SNJ (Service National de la Jeunesse) au Luxembourg. Notre \u00e9cole a de nombreuses d\u2019ann\u00e9es d&#8217;exp\u00e9riences dans ce domaine. Actuellement, plus de 50 \u00e9l\u00e8ves de toutes les sections linguistiques travaillent ensemble pour \u00e9viter ou r\u00e9soudre les conflits dans notre \u00e9cole. Nos pairs m\u00e9diateurs ont tous une formation approfondie acquise et savent comment intervenir en cas de conflit.<\/p>\n<p>La m\u00e9diation par les pairs est un processus qui aide \u00e0 r\u00e9soudre un conflit entre deux groupes. \u00c0 l&#8217;issue d&#8217;une m\u00e9diation, les deux parties devront rechercher une solution amiable qui devra \u00eatre accept\u00e9e et satisfaisante pour toutes les parties concern\u00e9es.<\/p>\n<p>&nbsp;<\/p>\n<h3>Que faisons-nous ?<\/h3>\n<p>Bien \u00e9videmment, nous faisons de la m\u00e9diation\u00a0! Mais en tant que m\u00e9diateurs, nous nous rendons \u00e9galement chaque ann\u00e9e dans les premi\u00e8res classes du secondaire (S1) pour expliquer aux \u00e9l\u00e8ves l\u2019utilit\u00e9 de notre m\u00e9diation entre pairs et comment ils peuvent nous contacter en cas de probl\u00e8me. Nous organisons \u00e9galement des \u00e9v\u00e9nements tels que des ventes de p\u00e2tisseries, fournissons des informations lors de la f\u00eate de l&#8217;\u00e9cole et sommes \u00e9galement heureux de travailler avec le march\u00e9 de No\u00ebl de l&#8217;\u00e9cole.<\/p>\n<p>&nbsp;<\/p>\n<h3>Notre objectif<\/h3>\n<p><strong>\u00a0<\/strong>Notre objectif est d&#8217;am\u00e9liorer le climat de l&#8217;\u00e9cole et de faire de notre \u00e9cole un endroit paisible pour tous les \u00e9l\u00e8ves.<\/p>\n<p>&nbsp;<\/p>\n<h3>Conditions requises pour la m\u00e9diation :<\/h3>\n<p>Pour que la discussion de m\u00e9diation soit fructueuse, les conditions suivantes doivent \u00eatre remplies du c\u00f4t\u00e9 des parties en conflit :<\/p>\n<ul>\n<li>Ils doivent participer volontairement \u00e0 l&#8217;entretien de m\u00e9diation.<br \/>\nPersonne ne peut \u00eatre forc\u00e9 \u00e0 participer \u00e0 une m\u00e9diation!<\/li>\n<li>Ils doivent toujours s&#8217;efforcer de parvenir \u00e0 un accord. \u00ab\u00a0L\u00e0 o\u00f9 se trouve une volont\u00e9, il existe un chemin\u00a0\u00bb<\/li>\n<li>Vous devez coop\u00e9rer avec le m\u00e9diateur.<\/li>\n<li>Vous devez \u00eatre pr\u00eat \u00e0 respecter les r\u00e8gles de la discussion de la m\u00e9diation.<\/li>\n<\/ul>\n<p>&nbsp;<\/p>\n<h3>Des probl\u00e8mes ?<\/h3>\n<p><strong>\u00a0<\/strong>En cas de besoin de m\u00e9diation ou pour toutes autres questions, les m\u00e9diateurs pairs peuvent \u00eatre contact\u00e9s tous <strong>les mardis et jeudis en D 104<\/strong> pendant la petite r\u00e9cr\u00e9ation (11h10-11h30).<br \/>\nLes deux coaches, Mme Scheicher (C 311) et Mme Raynaud (C 313) sont toujours disponibles pour r\u00e9pondre aux questions.[\/vc_column_text][vc_btn title=&#8221;Informations sur la m\u00e9diation par les pairs&#8221; style=&#8221;classic&#8221; color=&#8221;sky&#8221; i_icon_fontawesome=&#8221;fa fa-external-link&#8221; add_icon=&#8221;true&#8221; link=&#8221;url:https%3A%2F%2Fwww.peermediation.lu|||&#8221; css=&#8221;.vc_custom_1624521510852{margin-top: 0px !important;border-top-width: 0px !important;padding-top: 0px !important;}&#8221;][vc_separator][vc_single_image image=&#8221;10013&#8243; img_size=&#8221;full&#8221; alignment=&#8221;center&#8221; onclick=&#8221;link_image&#8221; css_animation=&#8221;fadeIn&#8221; css=&#8221;.vc_custom_1625048295873{margin-bottom: 0px !important;border-bottom-width: 0px !important;padding-bottom: 0px !important;}&#8221;][vc_separator style=&#8221;double&#8221; css=&#8221;.vc_custom_1625048304947{margin-top: 40px !important;border-top-width: 0px !important;padding-top: 0px !important;}&#8221;][\/vc_column][\/vc_row][vc_row][vc_column][vc_empty_space height=&#8221;20&#8243;][\/vc_column][\/vc_row]<\/p>\n<\/div>","protected":false},"excerpt":{"rendered":"<p>[vc_row full_width=&#8221;stretch_row_content_no_spaces&#8221; css=&#8221;.vc_custom_1611767278898{margin-bottom: 0px !important;}&#8221;][vc_column css=&#8221;.vc_custom_1589920029564{margin-bottom: 0px !important;}&#8221; offset=&#8221;vc_hidden-sm vc_hidden-xs&#8221;][vc_custom_heading text=&#8221;&#8221; font_container=&#8221;tag:h1|text_align:left&#8221; use_theme_fonts=&#8221;yes&#8221; el_class=&#8221;custom-header&#8221; css=&#8221;.vc_custom_1613064940795{background-image:<span class=\"excerpt-hellip\"> [\u2026]<\/span><\/p>\n","protected":false},"author":1,"featured_media":0,"parent":0,"menu_order":0,"comment_status":"closed","ping_status":"closed","template":"","meta":{"footnotes":""},"categories":[59],"class_list":["post-9247","page","type-page","status-publish","hentry","category-_page-sec-fr"],"_links":{"self":[{"href":"https:\/\/www.euroschool.lu\/site\/wp-json\/wp\/v2\/pages\/9247","targetHints":{"allow":["GET"]}}],"collection":[{"href":"https:\/\/www.euroschool.lu\/site\/wp-json\/wp\/v2\/pages"}],"about":[{"href":"https:\/\/www.euroschool.lu\/site\/wp-json\/wp\/v2\/types\/page"}],"author":[{"embeddable":true,"href":"https:\/\/www.euroschool.lu\/site\/wp-json\/wp\/v2\/users\/1"}],"replies":[{"embeddable":true,"href":"https:\/\/www.euroschool.lu\/site\/wp-json\/wp\/v2\/comments?post=9247"}],"version-history":[{"count":22,"href":"https:\/\/www.euroschool.lu\/site\/wp-json\/wp\/v2\/pages\/9247\/revisions"}],"predecessor-version":[{"id":12764,"href":"https:\/\/www.euroschool.lu\/site\/wp-json\/wp\/v2\/pages\/9247\/revisions\/12764"}],"wp:attachment":[{"href":"https:\/\/www.euroschool.lu\/site\/wp-json\/wp\/v2\/media?parent=9247"}],"wp:term":[{"taxonomy":"category","embeddable":true,"href":"https:\/\/www.euroschool.lu\/site\/wp-json\/wp\/v2\/categories?post=9247"}],"curies":[{"name":"wp","href":"https:\/\/api.w.org\/{rel}","templated":true}]}}