{"id":7908,"date":"2020-06-02T03:37:08","date_gmt":"2020-06-02T01:37:08","guid":{"rendered":"http:\/\/www.euroschool.lu\/site\/?page_id=7908"},"modified":"2025-09-13T18:42:04","modified_gmt":"2025-09-13T16:42:04","slug":"maternelle-et-primaire-enseignants","status":"publish","type":"page","link":"https:\/\/www.euroschool.lu\/site\/fr\/maternelle-et-primaire-enseignants\/","title":{"rendered":"Maternelle et primaire : Enseignants"},"content":{"rendered":"<div class=\"wpb-content-wrapper\"><p>[vc_row full_width=&#8221;stretch_row_content_no_spaces&#8221; css=&#8221;.vc_custom_1589920007717{margin-bottom: 0px !important;}&#8221;][vc_column css=&#8221;.vc_custom_1589920029564{margin-bottom: 0px !important;}&#8221; offset=&#8221;vc_hidden-sm vc_hidden-xs&#8221;][vc_custom_heading text=&#8221;&#8221; font_container=&#8221;tag:h1|text_align:left&#8221; use_theme_fonts=&#8221;yes&#8221; el_class=&#8221;custom-header&#8221; css=&#8221;.vc_custom_1623851271617{background-image: url(http:\/\/www.euroschool.lu\/site\/wp-content\/uploads\/2021\/06\/teacher2.jpg?id=10988) !important;background-position: center !important;background-repeat: no-repeat !important;background-size: cover !important;}&#8221;][\/vc_column][\/vc_row][vc_row full_width=&#8221;stretch_row_content_no_spaces&#8221; css=&#8221;.vc_custom_1589920007717{margin-bottom: 0px !important;}&#8221;][vc_column css=&#8221;.vc_custom_1589920591194{margin-bottom: 0px !important;}&#8221; offset=&#8221;vc_hidden-lg vc_hidden-md&#8221;][vc_custom_heading text=&#8221;&#8221; font_container=&#8221;tag:h1|text_align:left&#8221; use_theme_fonts=&#8221;yes&#8221; el_class=&#8221;custom-header-mob&#8221; css=&#8221;.vc_custom_1623851303345{background-image: url(http:\/\/www.euroschool.lu\/site\/wp-content\/uploads\/2021\/06\/teacher2.jpg?id=10988) !important;background-position: center !important;background-repeat: no-repeat !important;background-size: cover !important;}&#8221;][\/vc_column][\/vc_row][vc_row el_class=&#8221;main-box&#8221;][vc_column width=&#8221;1\/5&#8243; offset=&#8221;vc_hidden-md vc_hidden-sm vc_hidden-xs&#8221; el_class=&#8221;sidebar-menu&#8221;][vc_widget_sidebar sidebar_id=&#8221;sidebar-sidebar-menu-nurpri-fr&#8221; el_class=&#8221;sidebar-menu-nurpri&#8221;][\/vc_column][vc_column width=&#8221;4\/5&#8243; el_class=&#8221;main-column&#8221; css=&#8221;.vc_custom_1625209952927{margin-top: 0px !important;border-top-width: 0px !important;padding-top: 0px !important;}&#8221;][vc_column_text el_class=&#8221;page-title&#8221; css=&#8221;.vc_custom_1625209962295{margin-top: 0px !important;border-top-width: 0px !important;padding-top: 0px !important;}&#8221;]<\/p>\n<h1>Maternelle et primaire : Enseignants<\/h1>\n<p>[\/vc_column_text][vc_column_text css=&#8221;.vc_custom_1747834680934{padding-top: 10px !important;}&#8221;]Les enseignants constituent le c\u0153ur p\u00e9dagogique de notre \u00e9cole et assument une responsabilit\u00e9 majeure. D\u2019une part, l\u2019instruction de nos \u00e9l\u00e8ves repose entre leurs mains ; d\u2019autre part, ils sont \u00e9galement investis d\u2019une mission \u00e9ducative.<\/p>\n<p>Les missions essentielles des enseignants sont les suivantes :<\/p>\n<p>Les enseignants ont l\u2019obligation, sous leur propre responsabilit\u00e9, d\u2019\u00e9duquer, d\u2019enseigner, d\u2019\u00e9valuer et de conseiller les \u00e9l\u00e8ves. Cela implique notamment que le choix des m\u00e9thodes p\u00e9dagogiques rel\u00e8ve de leur comp\u00e9tence professionnelle exclusive.<\/p>\n<p>Ils sont \u00e9galement appel\u00e9s \u00e0 accompagner les \u00e9l\u00e8ves de mani\u00e8re globale, en veillant notamment \u00e0 d\u00e9velopper leur autonomie et \u00e0 leur confier des t\u00e2ches adapt\u00e9es \u00e0 leur \u00e2ge et \u00e0 leur niveau de maturit\u00e9.<\/p>\n<p class=\"\" data-start=\"967\" data-end=\"1290\">En classe, les enseignants doivent prendre en consid\u00e9ration les pr\u00e9requis, les \u00e9ventuelles difficult\u00e9s d\u2019apprentissage, les aptitudes particuli\u00e8res, les centres d\u2019int\u00e9r\u00eat et la situation personnelle des \u00e9l\u00e8ves. Cela requiert une communication constante et une coop\u00e9ration \u00e9troite avec les familles.<\/p>\n<p>Il appartient \u00e9galement aux enseignants d\u2019informer et de conseiller les parents. Il est essentiel que ces \u00e9changes se fassent dans une relation de respect mutuel, o\u00f9 chacun reconna\u00eet l\u2019expertise de l\u2019autre dans son domaine respectif.<\/p>\n<p>Les enseignants sont tenus de planifier leurs cours avec rigueur, dans le respect des programmes des \u00c9coles europ\u00e9ennes. Ils sont \u00e9galement encourag\u00e9s \u00e0 int\u00e9grer des \u00e9l\u00e9ments culturels et linguistiques issus de leur pays d\u2019origine, enrichissant ainsi l\u2019enseignement dispens\u00e9.<\/p>\n<p>Ces missions constituent les responsabilit\u00e9s fondamentales que les enseignants assument au quotidien. Toutefois, il est tout aussi fondamental que les parents s\u2019investissent activement dans le parcours scolaire de leur enfant et soutiennent le travail \u00e9ducatif et p\u00e9dagogique men\u00e9 par l\u2019\u00e9quipe enseignante.<\/p>\n<p>Par exemple, bien que les enseignants aient pour mission de favoriser l\u2019assurance et l\u2019autonomie des \u00e9l\u00e8ves, les parents ont, \u00e0 la maison, un r\u00f4le primordial \u00e0 jouer en posant les bases n\u00e9cessaires et en soutenant les efforts de l\u2019\u00e9cole. Si les enseignants sont responsables des apprentissages scolaires, les parents le sont en grande partie du comportement social de leurs enfants. Ce partenariat est d\u2019une importance capitale pour notre \u00e9tablissement, et nous comptons sur l\u2019engagement plein et entier des familles, en particulier sur cet aspect.[\/vc_column_text][vc_btn title=&#8221;Liste des enseignants&#8221; style=&#8221;classic&#8221; color=&#8221;sky&#8221; i_type=&#8221;entypo&#8221; i_icon_entypo=&#8221;entypo-icon entypo-icon-link&#8221; add_icon=&#8221;true&#8221; link=&#8221;url:https%3A%2F%2Fwww.euroschool.lu%2Fsite%2Ffr%2Fnous-contacter%2F%23nur-pri-teachers|||&#8221; css=&#8221;.vc_custom_1757781722137{margin-top: 30px !important;margin-bottom: 0px !important;border-bottom-width: 0px !important;padding-bottom: 0px !important;}&#8221;][vc_separator style=&#8221;double&#8221; css=&#8221;.vc_custom_1625047517952{margin-top: 40px !important;border-top-width: 0px !important;padding-top: 0px !important;}&#8221;][\/vc_column][\/vc_row][vc_row][vc_column][vc_empty_space height=&#8221;20&#8243;][\/vc_column][\/vc_row]<\/p>\n<\/div>","protected":false},"excerpt":{"rendered":"<p>[vc_row full_width=&#8221;stretch_row_content_no_spaces&#8221; css=&#8221;.vc_custom_1589920007717{margin-bottom: 0px !important;}&#8221;][vc_column css=&#8221;.vc_custom_1589920029564{margin-bottom: 0px !important;}&#8221; offset=&#8221;vc_hidden-sm vc_hidden-xs&#8221;][vc_custom_heading text=&#8221;&#8221; font_container=&#8221;tag:h1|text_align:left&#8221; use_theme_fonts=&#8221;yes&#8221; el_class=&#8221;custom-header&#8221; css=&#8221;.vc_custom_1623851271617{background-image:<span class=\"excerpt-hellip\"> [\u2026]<\/span><\/p>\n","protected":false},"author":1,"featured_media":0,"parent":0,"menu_order":0,"comment_status":"closed","ping_status":"closed","template":"","meta":{"footnotes":""},"categories":[63],"class_list":["post-7908","page","type-page","status-publish","hentry","category-_page-nurpri-fr"],"_links":{"self":[{"href":"https:\/\/www.euroschool.lu\/site\/wp-json\/wp\/v2\/pages\/7908","targetHints":{"allow":["GET"]}}],"collection":[{"href":"https:\/\/www.euroschool.lu\/site\/wp-json\/wp\/v2\/pages"}],"about":[{"href":"https:\/\/www.euroschool.lu\/site\/wp-json\/wp\/v2\/types\/page"}],"author":[{"embeddable":true,"href":"https:\/\/www.euroschool.lu\/site\/wp-json\/wp\/v2\/users\/1"}],"replies":[{"embeddable":true,"href":"https:\/\/www.euroschool.lu\/site\/wp-json\/wp\/v2\/comments?post=7908"}],"version-history":[{"count":13,"href":"https:\/\/www.euroschool.lu\/site\/wp-json\/wp\/v2\/pages\/7908\/revisions"}],"predecessor-version":[{"id":19698,"href":"https:\/\/www.euroschool.lu\/site\/wp-json\/wp\/v2\/pages\/7908\/revisions\/19698"}],"wp:attachment":[{"href":"https:\/\/www.euroschool.lu\/site\/wp-json\/wp\/v2\/media?parent=7908"}],"wp:term":[{"taxonomy":"category","embeddable":true,"href":"https:\/\/www.euroschool.lu\/site\/wp-json\/wp\/v2\/categories?post=7908"}],"curies":[{"name":"wp","href":"https:\/\/api.w.org\/{rel}","templated":true}]}}