{"id":7459,"date":"2020-05-20T11:48:10","date_gmt":"2020-05-20T09:48:10","guid":{"rendered":"http:\/\/www.euroschool.lu\/site\/?page_id=7459"},"modified":"2025-09-13T16:50:32","modified_gmt":"2025-09-13T14:50:32","slug":"kantine","status":"publish","type":"page","link":"https:\/\/www.euroschool.lu\/site\/de\/kantine\/","title":{"rendered":"Kantine"},"content":{"rendered":"<div class=\"wpb-content-wrapper\"><p>[vc_row full_width=&#8221;stretch_row_content_no_spaces&#8221; css=&#8221;.vc_custom_1589920007717{margin-bottom: 0px !important;}&#8221;][vc_column css=&#8221;.vc_custom_1589920029564{margin-bottom: 0px !important;}&#8221; offset=&#8221;vc_hidden-sm vc_hidden-xs&#8221;][vc_custom_heading text=&#8221;&#8221; font_container=&#8221;tag:h1|text_align:left&#8221; use_theme_fonts=&#8221;yes&#8221; el_class=&#8221;custom-header&#8221; css=&#8221;.vc_custom_1623849937764{background-image: url(http:\/\/www.euroschool.lu\/site\/wp-content\/uploads\/2021\/06\/canteen2.jpg?id=10970) !important;background-position: center !important;background-repeat: no-repeat !important;background-size: cover !important;}&#8221;][\/vc_column][\/vc_row][vc_row full_width=&#8221;stretch_row_content_no_spaces&#8221; css=&#8221;.vc_custom_1589920007717{margin-bottom: 0px !important;}&#8221;][vc_column css=&#8221;.vc_custom_1589920591194{margin-bottom: 0px !important;}&#8221; offset=&#8221;vc_hidden-lg vc_hidden-md&#8221;][vc_custom_heading text=&#8221;&#8221; font_container=&#8221;tag:h1|text_align:left&#8221; use_theme_fonts=&#8221;yes&#8221; el_class=&#8221;custom-header-mob&#8221; css=&#8221;.vc_custom_1623849950710{background-image: url(http:\/\/www.euroschool.lu\/site\/wp-content\/uploads\/2021\/06\/canteen2.jpg?id=10970) !important;background-position: center !important;background-repeat: no-repeat !important;background-size: cover !important;}&#8221;][\/vc_column][\/vc_row][vc_row el_class=&#8221;main-box&#8221;][vc_column width=&#8221;1\/5&#8243; offset=&#8221;vc_hidden-md vc_hidden-sm vc_hidden-xs&#8221; el_class=&#8221;sidebar-menu&#8221;][vc_widget_sidebar sidebar_id=&#8221;sidebar-sidebar-menu-about-de&#8221; el_class=&#8221;sidebar-menu-about&#8221;][\/vc_column][vc_column width=&#8221;4\/5&#8243; el_class=&#8221;main-column&#8221;][vc_column_text el_class=&#8221;page-title&#8221;]<\/p>\n<h1>Kantine<\/h1>\n<p>[\/vc_column_text][vc_column_text]Die Verpflegung wird von dem Cateringunternehmen SODEXO bereitgestellt. Das B\u00fcro des Dienstleisters SODEXO befindet sich auf der R\u00fcckseite der Kantine und ist montags bis freitags von 8:00 bis 11:30 Uhr ge\u00f6ffnet.<\/p>\n<p>Tel.: 26 68 39 45<\/p>\n<p>E-Mail: <a href=\"mailto:ecoleeuropeenne1.LU@sodexo.com\">ecoleeuropeenne1.LU@sodexo.com<\/a>[\/vc_column_text][vc_text_separator title=&#8221;Kindergarten und Grundschule&#8221; title_align=&#8221;separator_align_left&#8221; color=&#8221;custom&#8221; border_width=&#8221;2&#8243; el_class=&#8221;line-separator&#8221; accent_color=&#8221;rgba(25,46,91,0.5)&#8221; css=&#8221;.vc_custom_1656495659080{margin-top: 20px !important;}&#8221;][vc_column_text css=&#8221;.vc_custom_1724684939468{margin-bottom: 5px !important;padding-bottom: 5px !important;}&#8221;]Die Sch\u00fclerinnen und Sch\u00fcler des Kindergartens nehmen ihre Mahlzeiten montags in ihrem Klassenzimmer zwischen 12:30 und 13:30 Uhr ein.<\/p>\n<p>Die Sch\u00fcler der Primarstufe 1 bis 4 nehmen ihre Mahlzeiten montags und mittwochs zwischen 12.00 Uhr und 14.15 Uhr in der Kantine ein.<\/p>\n<p>Die Sch\u00fcler der Primarstufe 5 essen montags und mittwochs an der Sekundar-Selbstbedienungstheke. Sie m\u00fcssen ihre Mahlzeiten wie die Sch\u00fcler der Sekundarstufe an der Kasse mit einer Mensa-Bezahlkarte bezahlen (siehe Sekundarstufe).<\/p>\n<p>Die Anmeldung f\u00fcr eine warme Mahlzeit oder einen \u00ab Sandwich \u00bb ist f\u00fcr alle Vor- und Grundsch\u00fcler beim Dienstleister \u00fcber dessen Website obligatorisch.[\/vc_column_text][vc_btn title=&#8221;Anmeldung&#8221; style=&#8221;classic&#8221; color=&#8221;sky&#8221; align=&#8221;left&#8221; i_icon_fontawesome=&#8221;fa fa-external-link&#8221; button_block=&#8221;true&#8221; add_icon=&#8221;true&#8221; css=&#8221;.vc_custom_1656495921004{margin-top: 0px !important;margin-right: 0px !important;margin-bottom: 5px !important;margin-left: 0px !important;padding-top: 0px !important;padding-right: 0px !important;padding-bottom: 0px !important;padding-left: 0px !important;}&#8221; link=&#8221;url:https%3A%2F%2Finscription.sodexoeducation.lu%2F||target:%20_blank|&#8221;][vc_empty_space height=&#8221;5px&#8221;][vc_column_text css=&#8221;.vc_custom_1727171146599{margin-bottom: 5px !important;padding-bottom: 5px !important;}&#8221;]Die Bezahlung der Kosten f\u00fcr die Mahlzeiten erfolgt in Form eines viertelj\u00e4hrlichen Abonnements, das im Voraus an den Dienstleister zu zahlen ist.[\/vc_column_text][vc_btn title=&#8221;Organisation des Catering-Service&#8221; style=&#8221;classic&#8221; color=&#8221;sky&#8221; align=&#8221;left&#8221; i_icon_fontawesome=&#8221;fa fa-file-text-o&#8221; button_block=&#8221;true&#8221; add_icon=&#8221;true&#8221; css=&#8221;.vc_custom_1757770029286{margin-top: 0px !important;margin-right: 0px !important;margin-bottom: 5px !important;margin-left: 0px !important;padding-top: 0px !important;padding-right: 0px !important;padding-bottom: 0px !important;padding-left: 0px !important;}&#8221; link=&#8221;url:https%3A%2F%2Fwww.euroschool.lu%2Fsite%2Fwp-content%2Fuploads%2F2025%2F09%2FCATERING-SERVICES-2025-2026-EN.pdf||target:%20_blank|&#8221;][vc_empty_space height=&#8221;5px&#8221;][vc_column_text css=&#8221;.vc_custom_1656496053065{margin-bottom: 5px !important;padding-bottom: 5px !important;}&#8221;]<strong>Men\u00fcs<\/strong>[\/vc_column_text][vc_btn title=&#8221;Kindergarten- und Grundschulmen\u00fc&#8221; style=&#8221;classic&#8221; color=&#8221;sky&#8221; align=&#8221;left&#8221; i_icon_fontawesome=&#8221;fa fa-external-link&#8221; button_block=&#8221;true&#8221; add_icon=&#8221;true&#8221; css=&#8221;.vc_custom_1656496077356{margin-top: 0px !important;margin-right: 0px !important;margin-bottom: 5px !important;margin-left: 0px !important;padding-top: 0px !important;padding-right: 0px !important;padding-bottom: 0px !important;padding-left: 0px !important;}&#8221; link=&#8221;url:https%3A%2F%2Fecoleeuropeenne-repasscolairesprimaire.menu.sodexo.lu%2Fviewer%2Fnologin%3D1||target:%20_blank|&#8221;][vc_btn title=&#8221;Allergisches Men\u00fc&#8221; style=&#8221;classic&#8221; color=&#8221;sky&#8221; align=&#8221;left&#8221; i_icon_fontawesome=&#8221;fa fa-external-link&#8221; button_block=&#8221;true&#8221; add_icon=&#8221;true&#8221; css=&#8221;.vc_custom_1656496111925{margin-top: 0px !important;margin-right: 0px !important;margin-bottom: 20px !important;margin-left: 0px !important;padding-top: 0px !important;padding-right: 0px !important;padding-bottom: 0px !important;padding-left: 0px !important;}&#8221; link=&#8221;url:https%3A%2F%2Fecoleeuropeenne-repasaevictionssimples.menu.sodexo.lu%2Fviewer%2Fnologin%3D1||target:%20_blank|&#8221;][vc_empty_space height=&#8221;5px&#8221;][vc_column_text css=&#8221;.vc_custom_1656496135688{margin-bottom: 5px !important;padding-bottom: 5px !important;}&#8221;]<strong>Mahlzeiten f\u00fcr Kinder mit Allergien<\/strong>[\/vc_column_text][vc_btn title=&#8221;Die Allergie meines Kindes melden (EN)&#8221; style=&#8221;classic&#8221; color=&#8221;sky&#8221; align=&#8221;left&#8221; i_icon_fontawesome=&#8221;fa fa-file-text-o&#8221; button_block=&#8221;true&#8221; add_icon=&#8221;true&#8221; css=&#8221;.vc_custom_1727171585961{margin-top: 0px !important;margin-right: 0px !important;margin-bottom: 5px !important;margin-left: 0px !important;padding-top: 0px !important;padding-right: 0px !important;padding-bottom: 0px !important;padding-left: 0px !important;}&#8221; link=&#8221;url:https%3A%2F%2Fwww.euroschool.lu%2Fsite%2Fwp-content%2Fuploads%2F2024%2F08%2FProcedure-allergies_Ecole-Europeenne-_CPE-Kirchberg_EN-2024-2025.pdf||target:%20_blank|&#8221;][vc_empty_space height=&#8221;5px&#8221;][vc_text_separator title=&#8221;Sekund\u00e4r&#8221; title_align=&#8221;separator_align_left&#8221; color=&#8221;custom&#8221; border_width=&#8221;2&#8243; el_class=&#8221;line-separator&#8221; accent_color=&#8221;rgba(25,46,91,0.5)&#8221; css=&#8221;.vc_custom_1656496257343{margin-top: 20px !important;}&#8221;][vc_column_text css=&#8221;.vc_custom_1656496268120{margin-bottom: 5px !important;padding-bottom: 5px !important;}&#8221;]F\u00fcr Sch\u00fclerinnen und Sch\u00fcler der Sekundarstufe stehen verschiedene Verkaufsstellen zur Verf\u00fcgung: Cafeteria, Selbstbedienungsrestaurant und Food Truck. Die Bezahlung von Mahlzeiten, Snacks, Getr\u00e4nken und anderen Dingen muss mit einer wiederaufladbaren elektronischen Zahlungskarte erfolgen.[\/vc_column_text][vc_empty_space height=&#8221;5px&#8221;][vc_column_text css=&#8221;.vc_custom_1757770624513{margin-bottom: 5px !important;padding-bottom: 5px !important;}&#8221;]<strong>Self<\/strong><\/p>\n<p>Das Selbstbedienungsrestaurant ist von Montag bis Freitag von 11:45 bis 14:15 Uhr ge\u00f6ffnet. Es gibt ein vielf\u00e4ltiges Angebot in 4 Food Corners: Natural, C\u00f4t\u00e9 Bistrot, Pasta Roma, und Street Food.[\/vc_column_text][vc_empty_space height=&#8221;5px&#8221;][vc_column_text css=&#8221;.vc_custom_1656496308335{margin-bottom: 5px !important;padding-bottom: 5px !important;}&#8221;]<strong>Men\u00fcs<\/strong>[\/vc_column_text][vc_btn title=&#8221;Sekund\u00e4res Men\u00fc&#8221; style=&#8221;classic&#8221; color=&#8221;sky&#8221; align=&#8221;left&#8221; i_icon_fontawesome=&#8221;fa fa-external-link&#8221; button_block=&#8221;true&#8221; add_icon=&#8221;true&#8221; css=&#8221;.vc_custom_1656496316059{margin-top: 0px !important;margin-right: 0px !important;margin-bottom: 5px !important;margin-left: 0px !important;padding-top: 0px !important;padding-right: 0px !important;padding-bottom: 0px !important;padding-left: 0px !important;}&#8221; link=&#8221;url:https%3A%2F%2Fecoleeuropeenne-selftsecondaire.menu.sodexo.lu%2Fviewer%2Fnologin%3D1||target:%20_blank|&#8221;][vc_btn title=&#8221;Men\u00fc Lehrerself&#8221; style=&#8221;classic&#8221; color=&#8221;sky&#8221; align=&#8221;left&#8221; i_icon_fontawesome=&#8221;fa fa-external-link&#8221; button_block=&#8221;true&#8221; add_icon=&#8221;true&#8221; css=&#8221;.vc_custom_1656496325673{margin-top: 0px !important;margin-right: 0px !important;margin-bottom: 5px !important;margin-left: 0px !important;padding-top: 0px !important;padding-right: 0px !important;padding-bottom: 0px !important;padding-left: 0px !important;}&#8221; link=&#8221;url:https%3A%2F%2Fecoleeuropeenne-selfenseignant.menu.sodexo.lu%2Fviewer%2Fnologin%3D1||target:%20_blank|&#8221;][vc_empty_space height=&#8221;5px&#8221;][vc_column_text css=&#8221;.vc_custom_1757770657801{margin-bottom: 5px !important;padding-bottom: 5px !important;}&#8221;]<strong>Cafeteria<\/strong><\/p>\n<p>Die Cafeteria ist von Montag bis Freitag von 7:50 bis 16:00 Uhr ge\u00f6ffnet. Den ganzen Tag \u00fcber werden Geb\u00e4ck, Sandwiches, Salate, Snacks und Getr\u00e4nke angeboten.[\/vc_column_text][vc_btn title=&#8221;Men\u00fc in der Cafeteria&#8221; style=&#8221;classic&#8221; color=&#8221;sky&#8221; align=&#8221;left&#8221; i_icon_fontawesome=&#8221;fa fa-file-text-o&#8221; button_block=&#8221;true&#8221; add_icon=&#8221;true&#8221; css=&#8221;.vc_custom_1711364366879{margin-top: 0px !important;margin-right: 0px !important;margin-bottom: 5px !important;margin-left: 0px !important;padding-top: 0px !important;padding-right: 0px !important;padding-bottom: 0px !important;padding-left: 0px !important;}&#8221; link=&#8221;url:https%3A%2F%2Fwww.euroschool.lu%2Fsite%2Fwp-content%2Fuploads%2F2024%2F02%2FTARIFS-CAFETERIA-2024.pdf||target:%20_blank|&#8221; el_class=&#8221;hide&#8221;][vc_empty_space height=&#8221;5px&#8221;][vc_column_text css=&#8221;.vc_custom_1757770708996{margin-bottom: 5px !important;padding-bottom: 5px !important;}&#8221;]<strong>The Truck<\/strong><\/p>\n<p>Der Food Truck ist von Montag bis Freitag von 10:30 bis 14:00 Uhr ge\u00f6ffnet. Im Foodtruck wird jeden Tag ein einzigartiges Angebot bereitgestellt. Als Erg\u00e4nzung zur Cafeteria werden am sp\u00e4ten Vormittag Geb\u00e4ck und Snacks angeboten.[\/vc_column_text][vc_empty_space height=&#8221;5px&#8221;][vc_column_text css=&#8221;.vc_custom_1656496402023{margin-bottom: 5px !important;padding-bottom: 5px !important;}&#8221;]<strong>Tarife<\/strong>[\/vc_column_text][vc_column_text css=&#8221;.vc_custom_1757775030266{margin-bottom: 5px !important;padding-bottom: 5px !important;}&#8221;]<\/p>\n<table style=\"height: 628px;\" width=\"139\">\n<tbody>\n<tr bgcolor=\"#D3D3D3\">\n<td colspan=\"2\"><\/td>\n<\/tr>\n<tr>\n<td width=\"30px\">Suppe<\/td>\n<td width=\"10px\">1.25 \u20ac<\/td>\n<\/tr>\n<tr>\n<td>Hauptspeise<\/td>\n<td>7.25 \u20ac<\/td>\n<\/tr>\n<tr>\n<td>Hauptspeise + Vorspeise oder Hauptspeise + Dessert<\/td>\n<td>7.55 \u20ac<\/td>\n<\/tr>\n<tr>\n<td>Vorspeise + Hauptspeise + Dessert<\/td>\n<td>7.95 \u20ac<\/td>\n<\/tr>\n<tr>\n<td>Dessert<\/td>\n<td>1.30<\/td>\n<\/tr>\n<tr>\n<td>Frisches Obst<\/td>\n<td>1.05 \u20ac<\/td>\n<\/tr>\n<tr>\n<td>Sandwich (Gro\u00df)<\/td>\n<td>3.85 \u20ac<\/td>\n<\/tr>\n<tr>\n<td>Sandwich (Klein)<\/td>\n<td>3.10 \u20ac<\/td>\n<\/tr>\n<tr>\n<td>Gemischter Salat<\/td>\n<td>5.40 \u20ac<\/td>\n<\/tr>\n<tr>\n<td>Frischer Obstsalat<\/td>\n<td>2.95 \u20ac<\/td>\n<\/tr>\n<tr>\n<td>Schokoladenrolle<\/td>\n<td>1.40 \u20ac<\/td>\n<\/tr>\n<tr>\n<td>Croissant<\/td>\n<td>1.25 \u20ac<\/td>\n<\/tr>\n<tr bgcolor=\"#D3D3D3\">\n<td colspan=\"2\"><\/td>\n<\/tr>\n<\/tbody>\n<\/table>\n<p>[\/vc_column_text][vc_column_text css=&#8221;.vc_custom_1727168402407{margin-bottom: 5px !important;padding-bottom: 5px !important;}&#8221; el_class=&#8221;hide&#8221;]<em>Wird noch ver\u00f6ffentlicht.<\/em>[\/vc_column_text][vc_btn title=&#8221;Tarife&#8221; style=&#8221;classic&#8221; color=&#8221;sky&#8221; align=&#8221;left&#8221; i_icon_fontawesome=&#8221;fa fa-file-text-o&#8221; button_block=&#8221;true&#8221; add_icon=&#8221;true&#8221; css=&#8221;.vc_custom_1711364426776{margin-top: 0px !important;margin-right: 0px !important;margin-bottom: 5px !important;margin-left: 0px !important;padding-top: 0px !important;padding-right: 0px !important;padding-bottom: 0px !important;padding-left: 0px !important;}&#8221; link=&#8221;url:https%3A%2F%2Fwww.euroschool.lu%2Fsite%2Fwp-content%2Fuploads%2F2024%2F02%2FCirculaire-secondaire-DE-01-11-2023.pdf||target:%20_blank|&#8221; el_class=&#8221;hide&#8221;][vc_empty_space height=&#8221;5px&#8221;][vc_column_text css=&#8221;.vc_custom_1692807033094{margin-bottom: 5px !important;padding-bottom: 5px !important;}&#8221;]<strong>Ausweis der Zahlung<\/strong><\/p>\n<p>F\u00fcr die Sekundarstufe erfolgt die Bezahlung des Verbrauchs zwingend mit Hilfe von elektronischen Zahlungsmarken, die \u00fcber das Internet<span style=\"color: green;\"> oder die Moneweb-App<\/span> aufgeladen werden k\u00f6nnen.<\/p>\n<ul>\n<li>Link : <a href=\"https:\/\/sodexo-eelux1.moneweb.lu\" target=\"_blank\" rel=\"noopener noreferrer\">https:\/\/sodexo-eelux1.moneweb.lu<\/a><\/li>\n<li>Mobile app : site restauration 31070<\/li>\n<\/ul>\n<p>[\/vc_column_text][vc_btn title=&#8221;Portail APSelf&#8221; style=&#8221;classic&#8221; color=&#8221;sky&#8221; align=&#8221;left&#8221; i_icon_fontawesome=&#8221;fa fa-external-link&#8221; button_block=&#8221;true&#8221; add_icon=&#8221;true&#8221; css=&#8221;.vc_custom_1688361255929{margin-top: 0px !important;margin-right: 0px !important;margin-bottom: 10px !important;margin-left: 0px !important;padding-top: 0px !important;padding-right: 0px !important;padding-bottom: 10px !important;padding-left: 0px !important;}&#8221; link=&#8221;url:https%3A%2F%2Fsodexo-ecole-europeenne-lux1.lu%2F||target:%20_blank|&#8221; el_class=&#8221;hide&#8221;][vc_column_text css=&#8221;.vc_custom_1757771326685{margin-bottom: 5px !important;padding-bottom: 5px !important;}&#8221;]Diese Zahlungsausweise sind f\u00fcr die gesamte Dauer des Schulbesuchs g\u00fcltig.\u00a0 F\u00fcr alle neuen Sch\u00fclerinnen und Sch\u00fcler sowie die ehemaligen Sch\u00fclerinnen und Sch\u00fcler von P5 muss vor Schulbeginn ein Antrag auf Erstellung eines Ausweises per E-Mail an den Anbieter gesendet werden. Der erste Ausweis ist kostenlos und Ihrem Kind \u00fcber den Klassenlehrer ausgeh\u00e4ndigt. F\u00fcr alle Sch\u00fcler, die im Laufe des Jahres ankommen, muss der Ausweis im B\u00fcro von SODEXO auf der R\u00fcckseite des Kantinengeb\u00e4udes abgeholt werden.<\/p>\n<p>Jeder Verlust oder jedes Problem mit dem Ausweis muss unbedingt vom Besitzer im B\u00fcro von SODEXO oder per E-Mail gemeldet werden. Der Ersatz des Ausweises kostet 15,00\u20ac und der Restbetrag des alten Ausweises wird auf den neuen Ausweis \u00fcbertragen.[\/vc_column_text][vc_empty_space height=&#8221;5px&#8221;][vc_text_separator title=&#8221;Geburtstagskuchen&#8221; title_align=&#8221;separator_align_left&#8221; color=&#8221;custom&#8221; border_width=&#8221;2&#8243; el_class=&#8221;line-separator&#8221; accent_color=&#8221;rgba(25,46,91,0.5)&#8221; css=&#8221;.vc_custom_1656496489682{margin-top: 20px !important;}&#8221;][vc_column_text css=&#8221;.vc_custom_1727173310293{margin-bottom: 5px !important;padding-bottom: 5px !important;}&#8221;]Zu ver\u00f6ffentlichen[\/vc_column_text][vc_btn title=&#8221;(FR &#8211; DE &#8211; EN) Brochure&#8221; style=&#8221;classic&#8221; color=&#8221;sky&#8221; align=&#8221;left&#8221; i_icon_fontawesome=&#8221;fa fa-file-text-o&#8221; button_block=&#8221;true&#8221; add_icon=&#8221;true&#8221; css=&#8221;.vc_custom_1727173143209{margin-top: 0px !important;margin-right: 0px !important;margin-bottom: 5px !important;margin-left: 0px !important;padding-top: 0px !important;padding-right: 0px !important;padding-bottom: 0px !important;padding-left: 0px !important;}&#8221; link=&#8221;url:http%3A%2F%2Fwww.euroschool.lu%2Fsite%2Fwp-content%2Fuploads%2F2019%2F09%2FEcEuro-Comm-gateaux-anniversaire.pdf||target:%20_blank|&#8221; el_class=&#8221;hide&#8221;][vc_btn title=&#8221;(FR &#8211; DE &#8211; EN) Bon de commande&#8221; style=&#8221;classic&#8221; color=&#8221;sky&#8221; align=&#8221;left&#8221; i_icon_fontawesome=&#8221;fa fa-file-text-o&#8221; button_block=&#8221;true&#8221; add_icon=&#8221;true&#8221; css=&#8221;.vc_custom_1727173170289{margin-top: 0px !important;margin-right: 0px !important;margin-bottom: 5px !important;margin-left: 0px !important;padding-top: 0px !important;padding-right: 0px !important;padding-bottom: 0px !important;padding-left: 0px !important;}&#8221; link=&#8221;url:http%3A%2F%2Fwww.euroschool.lu%2Fsite%2Fwp-content%2Fuploads%2F2019%2F09%2FEcole-Euro-Commande-gateau-anniversaire-v2.pdf||target:%20_blank|&#8221; el_class=&#8221;hide&#8221;][vc_empty_space height=&#8221;5px&#8221;][vc_text_separator title=&#8221;Kantinenausschuss&#8221; title_align=&#8221;separator_align_left&#8221; color=&#8221;custom&#8221; border_width=&#8221;2&#8243; el_class=&#8221;line-separator&#8221; accent_color=&#8221;rgba(25,46,91,0.5)&#8221; el_id=&#8221;cantine-com-can&#8221; css=&#8221;.vc_custom_1656496520215{margin-top: 20px !important;}&#8221;][vc_column_text css=&#8221;.vc_custom_1656496633551{margin-bottom: 5px !important;padding-bottom: 5px !important;}&#8221;]Dieser Ausschuss setzt sich aus Vertretern von Eltern, Lehrern, Sch\u00fclern und Mitarbeitern der Schulverwaltung zusammen sowie der Schuldirektion. Die Hauptaufgabe dieses Ausschusses besteht darin, die Interessen der verschiedenen Nutzer gegen\u00fcber dem f\u00fcr die Verpflegung verantwortlichen Dienstleister zu vertreten.<\/p>\n<p>Der Ausschuss muss drei-\/viermal im Jahr zusammentreten.[\/vc_column_text][vc_separator style=&#8221;double&#8221;][\/vc_column][\/vc_row][vc_row][vc_column][vc_empty_space height=&#8221;20&#8243;][\/vc_column][\/vc_row][vc_section][\/vc_section]<\/p>\n<\/div>","protected":false},"excerpt":{"rendered":"<p>[vc_row full_width=&#8221;stretch_row_content_no_spaces&#8221; css=&#8221;.vc_custom_1589920007717{margin-bottom: 0px !important;}&#8221;][vc_column css=&#8221;.vc_custom_1589920029564{margin-bottom: 0px !important;}&#8221; offset=&#8221;vc_hidden-sm vc_hidden-xs&#8221;][vc_custom_heading text=&#8221;&#8221; font_container=&#8221;tag:h1|text_align:left&#8221; use_theme_fonts=&#8221;yes&#8221; el_class=&#8221;custom-header&#8221; css=&#8221;.vc_custom_1623849937764{background-image:<span class=\"excerpt-hellip\"> [\u2026]<\/span><\/p>\n","protected":false},"author":1,"featured_media":0,"parent":0,"menu_order":0,"comment_status":"closed","ping_status":"closed","template":"","meta":{"footnotes":""},"categories":[69],"class_list":["post-7459","page","type-page","status-publish","hentry","category-_page-main-de"],"_links":{"self":[{"href":"https:\/\/www.euroschool.lu\/site\/wp-json\/wp\/v2\/pages\/7459","targetHints":{"allow":["GET"]}}],"collection":[{"href":"https:\/\/www.euroschool.lu\/site\/wp-json\/wp\/v2\/pages"}],"about":[{"href":"https:\/\/www.euroschool.lu\/site\/wp-json\/wp\/v2\/types\/page"}],"author":[{"embeddable":true,"href":"https:\/\/www.euroschool.lu\/site\/wp-json\/wp\/v2\/users\/1"}],"replies":[{"embeddable":true,"href":"https:\/\/www.euroschool.lu\/site\/wp-json\/wp\/v2\/comments?post=7459"}],"version-history":[{"count":63,"href":"https:\/\/www.euroschool.lu\/site\/wp-json\/wp\/v2\/pages\/7459\/revisions"}],"predecessor-version":[{"id":19665,"href":"https:\/\/www.euroschool.lu\/site\/wp-json\/wp\/v2\/pages\/7459\/revisions\/19665"}],"wp:attachment":[{"href":"https:\/\/www.euroschool.lu\/site\/wp-json\/wp\/v2\/media?parent=7459"}],"wp:term":[{"taxonomy":"category","embeddable":true,"href":"https:\/\/www.euroschool.lu\/site\/wp-json\/wp\/v2\/categories?post=7459"}],"curies":[{"name":"wp","href":"https:\/\/api.w.org\/{rel}","templated":true}]}}