{"id":7457,"date":"2020-05-20T11:47:43","date_gmt":"2020-05-20T09:47:43","guid":{"rendered":"http:\/\/www.euroschool.lu\/site\/?page_id=7457"},"modified":"2025-09-13T16:49:19","modified_gmt":"2025-09-13T14:49:19","slug":"cantine","status":"publish","type":"page","link":"https:\/\/www.euroschool.lu\/site\/fr\/cantine\/","title":{"rendered":"Cantine"},"content":{"rendered":"<div class=\"wpb-content-wrapper\"><p>[vc_row full_width=&#8221;stretch_row_content_no_spaces&#8221; css=&#8221;.vc_custom_1589920007717{margin-bottom: 0px !important;}&#8221;][vc_column css=&#8221;.vc_custom_1589920029564{margin-bottom: 0px !important;}&#8221; offset=&#8221;vc_hidden-sm vc_hidden-xs&#8221;][vc_custom_heading text=&#8221;&#8221; font_container=&#8221;tag:h1|text_align:left&#8221; use_theme_fonts=&#8221;yes&#8221; el_class=&#8221;custom-header&#8221; css=&#8221;.vc_custom_1623849937764{background-image: url(http:\/\/www.euroschool.lu\/site\/wp-content\/uploads\/2021\/06\/canteen2.jpg?id=10970) !important;background-position: center !important;background-repeat: no-repeat !important;background-size: cover !important;}&#8221;][\/vc_column][\/vc_row][vc_row full_width=&#8221;stretch_row_content_no_spaces&#8221; css=&#8221;.vc_custom_1589920007717{margin-bottom: 0px !important;}&#8221;][vc_column css=&#8221;.vc_custom_1589920591194{margin-bottom: 0px !important;}&#8221; offset=&#8221;vc_hidden-lg vc_hidden-md&#8221;][vc_custom_heading text=&#8221;&#8221; font_container=&#8221;tag:h1|text_align:left&#8221; use_theme_fonts=&#8221;yes&#8221; el_class=&#8221;custom-header-mob&#8221; css=&#8221;.vc_custom_1623849950710{background-image: url(http:\/\/www.euroschool.lu\/site\/wp-content\/uploads\/2021\/06\/canteen2.jpg?id=10970) !important;background-position: center !important;background-repeat: no-repeat !important;background-size: cover !important;}&#8221;][\/vc_column][\/vc_row][vc_row el_class=&#8221;main-box&#8221;][vc_column width=&#8221;1\/5&#8243; offset=&#8221;vc_hidden-md vc_hidden-sm vc_hidden-xs&#8221; el_class=&#8221;sidebar-menu&#8221;][vc_widget_sidebar sidebar_id=&#8221;sidebar-sidebar-menu-about-fr&#8221; el_class=&#8221;sidebar-menu-about&#8221;][\/vc_column][vc_column width=&#8221;4\/5&#8243; el_class=&#8221;main-column&#8221;][vc_column_text el_class=&#8221;page-title&#8221;]<\/p>\n<h1>Cantine<\/h1>\n<p>[\/vc_column_text][vc_column_text]Le service de restauration est assur\u00e9 par la soci\u00e9t\u00e9 de restauration SODEXO. Le bureau du prestataire de service SODEXO est situ\u00e9 \u00e0 l\u2019arri\u00e8re de la cantine et est ouvert du lundi au vendredi de 8h00 \u00e0 11h30.<\/p>\n<p>T\u00e9l. : 26 68 39 45<\/p>\n<p>E-mail : <a href=\"mailto:ecoleeuropeenne1.LU@sodexo.com\">ecoleeuropeenne1.LU@sodexo.com<\/a>[\/vc_column_text][vc_text_separator title=&#8221;Ecole Maternelle et Primaire&#8221; title_align=&#8221;separator_align_left&#8221; color=&#8221;custom&#8221; border_width=&#8221;2&#8243; el_class=&#8221;line-separator&#8221; accent_color=&#8221;rgba(25,46,91,0.5)&#8221; css=&#8221;.vc_custom_1656493469702{margin-top: 20px !important;}&#8221;][vc_column_text css=&#8221;.vc_custom_1724667831053{margin-bottom: 5px !important;padding-bottom: 5px !important;}&#8221;]Les \u00e9l\u00e8ves du cycle maternel prennent leurs repas le lundi dans leur classe entre 12h30 et 13h30.<\/p>\n<p>Les \u00e9l\u00e8ves du cycle Primaire 1 au Primaire 4 prennent leur repas le lundi et le mercredi dans le b\u00e2timent de la cantine entre 12h00 et 14h15.<\/p>\n<p>Les \u00e9l\u00e8ves du Primaire 5 mangent au Self Secondaire le lundi et le mercredi. Ils doivent r\u00e9gler leurs repas en caisse au moyen d\u2019un badge de paiement comme les \u00e9l\u00e8ves Secondaires (Cf. Secondaire).<\/p>\n<p>L\u2019inscription en repas chaud ou en \u00ab tartiniste \u00bb est obligatoire pour tous les \u00e9l\u00e8ves de maternelle et primaire aupr\u00e8s du prestataire de service, via leur site.[\/vc_column_text][vc_btn title=&#8221;Inscription&#8221; style=&#8221;classic&#8221; color=&#8221;sky&#8221; align=&#8221;left&#8221; i_icon_fontawesome=&#8221;fa fa-external-link&#8221; button_block=&#8221;true&#8221; add_icon=&#8221;true&#8221; css=&#8221;.vc_custom_1656493501266{margin-top: 0px !important;margin-right: 0px !important;margin-bottom: 5px !important;margin-left: 0px !important;padding-top: 0px !important;padding-right: 0px !important;padding-bottom: 0px !important;padding-left: 0px !important;}&#8221; link=&#8221;url:https%3A%2F%2Finscription.sodexoeducation.lu%2F||target:%20_blank|&#8221;][vc_empty_space height=&#8221;5px&#8221;][vc_column_text css=&#8221;.vc_custom_1727165372511{margin-bottom: 5px !important;padding-bottom: 5px !important;}&#8221;]Le r\u00e8glement des frais des repas se fait sous forme d\u2019abonnement trimestriel payable \u00e0 l\u2019avance au prestataire de service.[\/vc_column_text][vc_btn title=&#8221;Organisation des services de restauration&#8221; style=&#8221;classic&#8221; color=&#8221;sky&#8221; align=&#8221;left&#8221; i_icon_fontawesome=&#8221;fa fa-file-text-o&#8221; button_block=&#8221;true&#8221; add_icon=&#8221;true&#8221; css=&#8221;.vc_custom_1757769911597{margin-top: 0px !important;margin-right: 0px !important;margin-bottom: 5px !important;margin-left: 0px !important;padding-top: 0px !important;padding-right: 0px !important;padding-bottom: 0px !important;padding-left: 0px !important;}&#8221; link=&#8221;url:https%3A%2F%2Fwww.euroschool.lu%2Fsite%2Fwp-content%2Fuploads%2F2025%2F09%2FSERVICE-DE-RESTAURATION-2025-2026-FR.pdf||target:%20_blank|&#8221;][vc_empty_space height=&#8221;5px&#8221;][vc_column_text css=&#8221;.vc_custom_1656488014991{margin-bottom: 5px !important;padding-bottom: 5px !important;}&#8221;]<strong>Menus<\/strong>[\/vc_column_text][vc_btn title=&#8221;Menu maternelle et primaire&#8221; style=&#8221;classic&#8221; color=&#8221;sky&#8221; align=&#8221;left&#8221; i_icon_fontawesome=&#8221;fa fa-external-link&#8221; button_block=&#8221;true&#8221; add_icon=&#8221;true&#8221; css=&#8221;.vc_custom_1700647966648{margin-top: 0px !important;margin-right: 0px !important;margin-bottom: 5px !important;margin-left: 0px !important;padding-top: 0px !important;padding-right: 0px !important;padding-bottom: 0px !important;padding-left: 0px !important;}&#8221; link=&#8221;url:https%3A%2F%2Fecoleeuropeenne-repasscolairesprimaire.menu.sodexo.lu%2Fviewer%2Fnologin%3D1||target:%20_blank|&#8221;][vc_btn title=&#8221;Menu \u00e0 \u00e9victions simples&#8221; style=&#8221;classic&#8221; color=&#8221;sky&#8221; align=&#8221;left&#8221; i_icon_fontawesome=&#8221;fa fa-external-link&#8221; button_block=&#8221;true&#8221; add_icon=&#8221;true&#8221; css=&#8221;.vc_custom_1656493729135{margin-top: 0px !important;margin-right: 0px !important;margin-bottom: 20px !important;margin-left: 0px !important;padding-top: 0px !important;padding-right: 0px !important;padding-bottom: 0px !important;padding-left: 0px !important;}&#8221; link=&#8221;url:https%3A%2F%2Fecoleeuropeenne-repasaevictionssimples.menu.sodexo.lu%2Fviewer%2Fnologin%3D1||target:%20_blank|&#8221;][vc_empty_space height=&#8221;5px&#8221;][vc_column_text css=&#8221;.vc_custom_1656493859587{margin-bottom: 5px !important;padding-bottom: 5px !important;}&#8221;]<strong>Repas pour enfants allergiques<\/strong>[\/vc_column_text][vc_btn title=&#8221;D\u00e9clarer l\u2019allergie de mon enfant&#8221; style=&#8221;classic&#8221; color=&#8221;sky&#8221; align=&#8221;left&#8221; i_icon_fontawesome=&#8221;fa fa-file-text-o&#8221; button_block=&#8221;true&#8221; add_icon=&#8221;true&#8221; css=&#8221;.vc_custom_1724666249008{margin-top: 0px !important;margin-right: 0px !important;margin-bottom: 5px !important;margin-left: 0px !important;padding-top: 0px !important;padding-right: 0px !important;padding-bottom: 0px !important;padding-left: 0px !important;}&#8221; link=&#8221;url:https%3A%2F%2Fwww.euroschool.lu%2Fsite%2Fwp-content%2Fuploads%2F2024%2F08%2FProcedure-allergies_Ecole-Europeenne_CPE-Kirchberg_FR-2024-2025.pdf||target:%20_blank|&#8221;][vc_empty_space height=&#8221;5px&#8221;][vc_text_separator title=&#8221;Secondaire&#8221; title_align=&#8221;separator_align_left&#8221; color=&#8221;custom&#8221; border_width=&#8221;2&#8243; el_class=&#8221;line-separator&#8221; accent_color=&#8221;rgba(25,46,91,0.5)&#8221; css=&#8221;.vc_custom_1656493885956{margin-top: 20px !important;}&#8221;][vc_column_text css=&#8221;.vc_custom_1656493896779{margin-bottom: 5px !important;padding-bottom: 5px !important;}&#8221;]Pour les \u00e9l\u00e8ves du secondaire diff\u00e9rents points de vente sont propos\u00e9s: caf\u00e9t\u00e9ria, self et food truck. Le r\u00e8glement des repas, snacks, boissons et autres se fait obligatoirement au moyen de cartes de paiement \u00e9lectroniques rechargeables.[\/vc_column_text][vc_empty_space height=&#8221;5px&#8221;][vc_column_text css=&#8221;.vc_custom_1757774020631{margin-bottom: 5px !important;padding-bottom: 5px !important;}&#8221;]<strong>Self<\/strong><\/p>\n<p>Le self est ouvert du lundi au vendredi de 11h45 \u00e0 14h15. Une offre vari\u00e9e est propos\u00e9e dans 4 Food Corners: Natural, C\u00f4t\u00e9 Bistrot, Pasta Roma et Street Food.[\/vc_column_text][vc_empty_space height=&#8221;5px&#8221;][vc_column_text css=&#8221;.vc_custom_1656487969580{margin-bottom: 5px !important;padding-bottom: 5px !important;}&#8221;]<strong>Menus<\/strong>[\/vc_column_text][vc_btn title=&#8221;Menu secondaire&#8221; style=&#8221;classic&#8221; color=&#8221;sky&#8221; align=&#8221;left&#8221; i_icon_fontawesome=&#8221;fa fa-external-link&#8221; button_block=&#8221;true&#8221; add_icon=&#8221;true&#8221; css=&#8221;.vc_custom_1656408328258{margin-top: 0px !important;margin-right: 0px !important;margin-bottom: 5px !important;margin-left: 0px !important;padding-top: 0px !important;padding-right: 0px !important;padding-bottom: 0px !important;padding-left: 0px !important;}&#8221; link=&#8221;url:https%3A%2F%2Fecoleeuropeenne-selftsecondaire.menu.sodexo.lu%2Fviewer%2Fnologin%3D1||target:%20_blank|&#8221;][vc_btn title=&#8221;Menu self des professeurs&#8221; style=&#8221;classic&#8221; color=&#8221;sky&#8221; align=&#8221;left&#8221; i_icon_fontawesome=&#8221;fa fa-external-link&#8221; button_block=&#8221;true&#8221; add_icon=&#8221;true&#8221; css=&#8221;.vc_custom_1656408354520{margin-top: 0px !important;margin-right: 0px !important;margin-bottom: 5px !important;margin-left: 0px !important;padding-top: 0px !important;padding-right: 0px !important;padding-bottom: 0px !important;padding-left: 0px !important;}&#8221; link=&#8221;url:https%3A%2F%2Fecoleeuropeenne-selfenseignant.menu.sodexo.lu%2Fviewer%2Fnologin%3D1||target:%20_blank|&#8221;][vc_empty_space height=&#8221;5px&#8221;][vc_column_text css=&#8221;.vc_custom_1757774059448{margin-bottom: 5px !important;padding-bottom: 5px !important;}&#8221;]<strong>Caf\u00e9t\u00e9ria<\/strong><\/p>\n<p>La caf\u00e9t\u00e9ria est ouverte du lundi au vendredi de 7h50 \u00e0 16h00. Des viennoiseries, sandwiches, salades, snacks et boissons sont propos\u00e9s tout au long de la journ\u00e9e.[\/vc_column_text][vc_btn title=&#8221;Carte de la caf\u00e9t\u00e9ria&#8221; style=&#8221;classic&#8221; color=&#8221;sky&#8221; align=&#8221;left&#8221; i_icon_fontawesome=&#8221;fa fa-file-text-o&#8221; button_block=&#8221;true&#8221; add_icon=&#8221;true&#8221; css=&#8221;.vc_custom_1711364100664{margin-top: 0px !important;margin-right: 0px !important;margin-bottom: 5px !important;margin-left: 0px !important;padding-top: 0px !important;padding-right: 0px !important;padding-bottom: 0px !important;padding-left: 0px !important;}&#8221; link=&#8221;url:https%3A%2F%2Fwww.euroschool.lu%2Fsite%2Fwp-content%2Fuploads%2F2024%2F02%2FTARIFS-CAFETERIA-2024.pdf||target:%20_blank|&#8221; el_class=&#8221;hide&#8221;][vc_empty_space height=&#8221;5px&#8221;][vc_column_text css=&#8221;.vc_custom_1757774082753{margin-bottom: 5px !important;padding-bottom: 5px !important;}&#8221;]<strong>The Truck<\/strong><\/p>\n<p>Le Food Truck est ouvert du lundi au vendredi de 10h30 \u00e0 14h00. Au Food Truck, une offre unique est propos\u00e9e chaque jour. En compl\u00e9ment de la caf\u00e9t\u00e9ria des viennoiseries et snacks sont propos\u00e9s en fin de matin\u00e9e.[\/vc_column_text][vc_empty_space height=&#8221;5px&#8221;][vc_column_text css=&#8221;.vc_custom_1656494159259{margin-bottom: 5px !important;padding-bottom: 5px !important;}&#8221;]<strong>Tarifs<\/strong>[\/vc_column_text][vc_column_text css=&#8221;.vc_custom_1757774902157{margin-bottom: 5px !important;padding-bottom: 5px !important;}&#8221;]<\/p>\n<table style=\"height: 628px;\" width=\"139\">\n<tbody>\n<tr bgcolor=\"#D3D3D3\">\n<td colspan=\"2\"><\/td>\n<\/tr>\n<tr>\n<td width=\"30px\">Potage<\/td>\n<td width=\"10px\">1.25 \u20ac<\/td>\n<\/tr>\n<tr>\n<td>Plat<\/td>\n<td>7.25 \u20ac<\/td>\n<\/tr>\n<tr>\n<td>Plat + entr\u00e9e ou Plat + dessert<\/td>\n<td>7.55 \u20ac<\/td>\n<\/tr>\n<tr>\n<td>Entr\u00e9e + plat + dessert<\/td>\n<td>7.95 \u20ac<\/td>\n<\/tr>\n<tr>\n<td>Dessert<\/td>\n<td>1.30 \u20ac<\/td>\n<\/tr>\n<tr>\n<td>Fruit frais<\/td>\n<td>1.05 \u20ac<\/td>\n<\/tr>\n<tr>\n<td>Sandwich (grand)<\/td>\n<td>3.85 \u20ac<\/td>\n<\/tr>\n<tr>\n<td>Sandwich (petit)<\/td>\n<td>3.10 \u20ac<\/td>\n<\/tr>\n<tr>\n<td>Salade compos\u00e9e<\/td>\n<td>5.40 \u20ac<\/td>\n<\/tr>\n<tr>\n<td>Salade de fruits frais<\/td>\n<td>2.95 \u20ac<\/td>\n<\/tr>\n<tr>\n<td>Pain au chocolat<\/td>\n<td>1.40 \u20ac<\/td>\n<\/tr>\n<tr>\n<td>Croissant<\/td>\n<td>1.25 \u20ac<\/td>\n<\/tr>\n<tr bgcolor=\"#D3D3D3\">\n<td colspan=\"2\"><\/td>\n<\/tr>\n<\/tbody>\n<\/table>\n<p>[\/vc_column_text][vc_btn title=&#8221;Tarifs&#8221; style=&#8221;classic&#8221; color=&#8221;sky&#8221; align=&#8221;left&#8221; i_icon_fontawesome=&#8221;fa fa-file-text-o&#8221; button_block=&#8221;true&#8221; add_icon=&#8221;true&#8221; css=&#8221;.vc_custom_1711364159987{margin-top: 0px !important;margin-right: 0px !important;margin-bottom: 5px !important;margin-left: 0px !important;padding-top: 0px !important;padding-right: 0px !important;padding-bottom: 0px !important;padding-left: 0px !important;}&#8221; link=&#8221;url:https%3A%2F%2Fwww.euroschool.lu%2Fsite%2Fwp-content%2Fuploads%2F2024%2F02%2FCirculaire-secondaire-FR-01-11-2023.pdf||target:%20_blank|&#8221; el_class=&#8221;hide&#8221;][vc_empty_space height=&#8221;5px&#8221;][vc_column_text css=&#8221;.vc_custom_1692806902165{margin-bottom: 5px !important;padding-bottom: 5px !important;}&#8221;]<strong>Badge de paiement<\/strong><\/p>\n<p>Pour le cycle secondaire le r\u00e8glement des consommations se fait obligatoirement au moyen de badges de paiement \u00e9lectroniques rechargeables via internet <span style=\"color: green;\">ou sur l\u2019application Moneweb.<\/span><\/p>\n<ul>\n<li>Lien vers le portail: <a href=\"https:\/\/sodexo-eelux1.moneweb.lu\" target=\"_blank\" rel=\"noopener noreferrer\">https:\/\/sodexo-eelux1.moneweb.lu<\/a><\/li>\n<li>Application mobile\u00a0: site restauration 31070<\/li>\n<\/ul>\n<p>[\/vc_column_text][vc_column_text css=&#8221;.vc_custom_1757774255392{margin-bottom: 5px !important;padding-bottom: 5px !important;}&#8221;]Ces badges de paiement sont valables pour toute la dur\u00e9e de la scolarit\u00e9. \u00a0Pour tous les nouveaux \u00e9l\u00e8ves ainsi que les anciens \u00e9l\u00e8ves de P5, une demande de cr\u00e9ation de badge doit \u00eatre envoy\u00e9e au prestataire par mail avant la rentr\u00e9e. Le premier badge est gratuit et remis \u00e0 votre enfant par l&#8217;interm\u00e9diaire de son professeur principal \u00e0 la rentr\u00e9e. Pour tous \u00e9l\u00e8ves arrivant en cours d\u2019ann\u00e9e, le badge sera \u00e0 r\u00e9cup\u00e9rer au bureau de SODEXO situ\u00e9 \u00e0 l\u2019arri\u00e8re du b\u00e2timent de la cantine.<\/p>\n<p>Toute perte ou probl\u00e8me de badge doit \u00eatre signal\u00e9 imp\u00e9rativement par le possesseur au bureau de SODEXO ou par mail. Le remplacement du badge co\u00fbte 15,00\u20ac et le solde de l\u2019ancien badge sera transf\u00e9r\u00e9 sur la nouvelle.[\/vc_column_text][vc_empty_space height=&#8221;5px&#8221;][vc_text_separator title=&#8221;G\u00e2teaux d\u2019anniversaire&#8221; title_align=&#8221;separator_align_left&#8221; color=&#8221;custom&#8221; border_width=&#8221;2&#8243; el_class=&#8221;line-separator&#8221; accent_color=&#8221;rgba(25,46,91,0.5)&#8221; css=&#8221;.vc_custom_1656494259186{margin-top: 20px !important;}&#8221;][vc_column_text css=&#8221;.vc_custom_1727167072493{margin-bottom: 5px !important;padding-bottom: 5px !important;}&#8221;]<em>A publier.<\/em>[\/vc_column_text][vc_column_text css=&#8221;.vc_custom_1727166246111{margin-bottom: 5px !important;padding-bottom: 5px !important;}&#8221; el_class=&#8221;hide&#8221;]Pour l\u2019anniversaire de votre enfant il est possible de commander un g\u00e2teau aupr\u00e8s de Sodexo.[\/vc_column_text][vc_btn title=&#8221;(FR &#8211; DE &#8211; EN) Brochure&#8221; style=&#8221;classic&#8221; color=&#8221;sky&#8221; align=&#8221;left&#8221; i_icon_fontawesome=&#8221;fa fa-file-text-o&#8221; button_block=&#8221;true&#8221; add_icon=&#8221;true&#8221; css=&#8221;.vc_custom_1727166224767{margin-top: 0px !important;margin-right: 0px !important;margin-bottom: 5px !important;margin-left: 0px !important;padding-top: 0px !important;padding-right: 0px !important;padding-bottom: 0px !important;padding-left: 0px !important;}&#8221; link=&#8221;url:http%3A%2F%2Fwww.euroschool.lu%2Fsite%2Fwp-content%2Fuploads%2F2019%2F09%2FEcEuro-Comm-gateaux-anniversaire.pdf||target:%20_blank|&#8221; el_class=&#8221;hide&#8221;][vc_btn title=&#8221;(FR &#8211; DE &#8211; EN) Bon de commande&#8221; style=&#8221;classic&#8221; color=&#8221;sky&#8221; align=&#8221;left&#8221; i_icon_fontawesome=&#8221;fa fa-file-text-o&#8221; button_block=&#8221;true&#8221; add_icon=&#8221;true&#8221; css=&#8221;.vc_custom_1727166232881{margin-top: 0px !important;margin-right: 0px !important;margin-bottom: 5px !important;margin-left: 0px !important;padding-top: 0px !important;padding-right: 0px !important;padding-bottom: 0px !important;padding-left: 0px !important;}&#8221; link=&#8221;url:http%3A%2F%2Fwww.euroschool.lu%2Fsite%2Fwp-content%2Fuploads%2F2019%2F09%2FEcole-Euro-Commande-gateau-anniversaire-v2.pdf||target:%20_blank|&#8221; el_class=&#8221;hide&#8221;][vc_empty_space height=&#8221;5px&#8221;][vc_text_separator title=&#8221;Comit\u00e9 Cantine&#8221; title_align=&#8221;separator_align_left&#8221; color=&#8221;custom&#8221; border_width=&#8221;2&#8243; el_class=&#8221;line-separator&#8221; accent_color=&#8221;rgba(25,46,91,0.5)&#8221; el_id=&#8221;cantine-com-can&#8221; css=&#8221;.vc_custom_1656494315113{margin-top: 20px !important;}&#8221;][vc_column_text css=&#8221;.vc_custom_1656494379156{margin-bottom: 5px !important;padding-bottom: 5px !important;}&#8221;]Ce comit\u00e9 rassemble des repr\u00e9sentants de parents d\u2019\u00e9l\u00e8ves, des enseignants, des \u00e9l\u00e8ves et du personnel de l\u2019administration de l\u2019Ecole de m\u00eame que la direction de l&#8217;\u00e9cole. La mission essentielle de ce comit\u00e9 est de repr\u00e9senter les int\u00e9r\u00eats des diff\u00e9rents usagers aupr\u00e8s du prestataire en charge du service de restauration.<\/p>\n<p>Le Comit\u00e9 est tenu de se r\u00e9unir trois\/quatre fois par an.[\/vc_column_text][vc_separator style=&#8221;double&#8221;][\/vc_column][\/vc_row][vc_row][vc_column][vc_empty_space height=&#8221;20&#8243;][\/vc_column][\/vc_row][vc_section][\/vc_section]<\/p>\n<\/div>","protected":false},"excerpt":{"rendered":"<p>[vc_row full_width=&#8221;stretch_row_content_no_spaces&#8221; css=&#8221;.vc_custom_1589920007717{margin-bottom: 0px !important;}&#8221;][vc_column css=&#8221;.vc_custom_1589920029564{margin-bottom: 0px !important;}&#8221; offset=&#8221;vc_hidden-sm vc_hidden-xs&#8221;][vc_custom_heading text=&#8221;&#8221; font_container=&#8221;tag:h1|text_align:left&#8221; use_theme_fonts=&#8221;yes&#8221; el_class=&#8221;custom-header&#8221; css=&#8221;.vc_custom_1623849937764{background-image:<span class=\"excerpt-hellip\"> [\u2026]<\/span><\/p>\n","protected":false},"author":1,"featured_media":0,"parent":0,"menu_order":0,"comment_status":"closed","ping_status":"closed","template":"","meta":{"footnotes":""},"categories":[67],"class_list":["post-7457","page","type-page","status-publish","hentry","category-_page-main-fr-2"],"_links":{"self":[{"href":"https:\/\/www.euroschool.lu\/site\/wp-json\/wp\/v2\/pages\/7457","targetHints":{"allow":["GET"]}}],"collection":[{"href":"https:\/\/www.euroschool.lu\/site\/wp-json\/wp\/v2\/pages"}],"about":[{"href":"https:\/\/www.euroschool.lu\/site\/wp-json\/wp\/v2\/types\/page"}],"author":[{"embeddable":true,"href":"https:\/\/www.euroschool.lu\/site\/wp-json\/wp\/v2\/users\/1"}],"replies":[{"embeddable":true,"href":"https:\/\/www.euroschool.lu\/site\/wp-json\/wp\/v2\/comments?post=7457"}],"version-history":[{"count":76,"href":"https:\/\/www.euroschool.lu\/site\/wp-json\/wp\/v2\/pages\/7457\/revisions"}],"predecessor-version":[{"id":19664,"href":"https:\/\/www.euroschool.lu\/site\/wp-json\/wp\/v2\/pages\/7457\/revisions\/19664"}],"wp:attachment":[{"href":"https:\/\/www.euroschool.lu\/site\/wp-json\/wp\/v2\/media?parent=7457"}],"wp:term":[{"taxonomy":"category","embeddable":true,"href":"https:\/\/www.euroschool.lu\/site\/wp-json\/wp\/v2\/categories?post=7457"}],"curies":[{"name":"wp","href":"https:\/\/api.w.org\/{rel}","templated":true}]}}