{"id":7435,"date":"2020-05-20T11:24:50","date_gmt":"2020-05-20T09:24:50","guid":{"rendered":"http:\/\/www.euroschool.lu\/site\/?page_id=7435"},"modified":"2025-12-14T12:39:24","modified_gmt":"2025-12-14T11:39:24","slug":"offizielle-texte-regeln-und-memoranda","status":"publish","type":"page","link":"https:\/\/www.euroschool.lu\/site\/de\/offizielle-texte-regeln-und-memoranda\/","title":{"rendered":"Offizielle Texte, Regeln und Memoranda"},"content":{"rendered":"<div class=\"wpb-content-wrapper\"><p>[vc_row full_width=&#8221;stretch_row_content_no_spaces&#8221; css=&#8221;.vc_custom_1589920007717{margin-bottom: 0px !important;}&#8221;][vc_column css=&#8221;.vc_custom_1589920029564{margin-bottom: 0px !important;}&#8221; offset=&#8221;vc_hidden-sm vc_hidden-xs&#8221;][vc_custom_heading text=&#8221;&#8221; font_container=&#8221;tag:h1|text_align:left&#8221; use_theme_fonts=&#8221;yes&#8221; el_class=&#8221;custom-header&#8221; css=&#8221;.vc_custom_1623911464844{background-image: url(http:\/\/www.euroschool.lu\/site\/wp-content\/uploads\/2021\/06\/text-2.jpg?id=11043) !important;background-position: center !important;background-repeat: no-repeat !important;background-size: cover !important;}&#8221;][\/vc_column][\/vc_row][vc_row full_width=&#8221;stretch_row_content_no_spaces&#8221; css=&#8221;.vc_custom_1589920007717{margin-bottom: 0px !important;}&#8221;][vc_column css=&#8221;.vc_custom_1589920591194{margin-bottom: 0px !important;}&#8221; offset=&#8221;vc_hidden-lg vc_hidden-md&#8221;][vc_custom_heading text=&#8221;&#8221; font_container=&#8221;tag:h1|text_align:left&#8221; use_theme_fonts=&#8221;yes&#8221; el_class=&#8221;custom-header-mob&#8221; css=&#8221;.vc_custom_1623911476898{background-image: url(http:\/\/www.euroschool.lu\/site\/wp-content\/uploads\/2021\/06\/text-2.jpg?id=11043) !important;background-position: center !important;background-repeat: no-repeat !important;background-size: cover !important;}&#8221;][\/vc_column][\/vc_row][vc_row el_class=&#8221;main-box&#8221;][vc_column width=&#8221;1\/5&#8243; offset=&#8221;vc_hidden-md vc_hidden-sm vc_hidden-xs&#8221; el_class=&#8221;sidebar-menu&#8221;][vc_widget_sidebar sidebar_id=&#8221;sidebar-sidebar-menu-about-de&#8221; el_class=&#8221;sidebar-menu-about&#8221;][\/vc_column][vc_column width=&#8221;4\/5&#8243; el_class=&#8221;main-column&#8221;][vc_column_text el_class=&#8221;page-title&#8221;]<\/p>\n<h1>Offizielle Texte, Regeln und Memoranda<\/h1>\n<p>[\/vc_column_text][vc_btn title=&#8221;Grundlegende Texte (https:\/\/www.eursc.eu)&#8221; style=&#8221;classic&#8221; color=&#8221;sky&#8221; align=&#8221;left&#8221; i_icon_fontawesome=&#8221;fa fa-external-link&#8221; button_block=&#8221;true&#8221; add_icon=&#8221;true&#8221; css=&#8221;.vc_custom_1705482918236{margin-top: 0px !important;margin-right: 0px !important;margin-bottom: 20px !important;margin-left: 0px !important;padding-top: 0px !important;padding-right: 0px !important;padding-bottom: 0px !important;padding-left: 0px !important;}&#8221; link=&#8221;url:https%3A%2F%2Fwww.eursc.eu%2Fde%2FOffice%2Fofficial-texts%2Fbasic-texts%2Fen||target:%20_blank|&#8221;][vc_tta_accordion active_section=&#8221;0&#8243; no_fill=&#8221;true&#8221; collapsible_all=&#8221;true&#8221; css=&#8221;.vc_custom_1624285421673{margin-top: 0px !important;margin-bottom: 5px !important;}&#8221;][vc_tta_section title=&#8221;Memorandum f\u00fcr die Eltern&#8221; tab_id=&#8221;1566744195152-ded42837-5a0708c4-d1e87374-d4938261-194a&#8221;][vc_btn title=&#8221;DE &#8211; Memorandum f\u00fcr die Eltern&#8221; style=&#8221;classic&#8221; color=&#8221;sky&#8221; align=&#8221;left&#8221; i_icon_fontawesome=&#8221;fa fa-file-text-o&#8221; button_block=&#8221;true&#8221; add_icon=&#8221;true&#8221; css=&#8221;.vc_custom_1752833720912{margin-top: 0px !important;margin-right: 0px !important;margin-bottom: 5px !important;margin-left: 0px !important;padding-top: 0px !important;padding-right: 0px !important;padding-bottom: 0px !important;padding-left: 0px !important;}&#8221; link=&#8221;url:https%3A%2F%2Fwww.euroschool.lu%2Fsite%2Fwp-content%2Fuploads%2F2024%2F09%2FMemorandum_parents_DE_2024-2025-vs-23082024.pdf||target:%20_blank|&#8221; el_class=&#8221;hide&#8221;][vc_btn title=&#8221;EN &#8211; Memorandum for parents&#8221; style=&#8221;classic&#8221; color=&#8221;sky&#8221; align=&#8221;left&#8221; i_icon_fontawesome=&#8221;fa fa-file-text-o&#8221; button_block=&#8221;true&#8221; add_icon=&#8221;true&#8221; css=&#8221;.vc_custom_1758548649255{margin-top: 0px !important;margin-right: 0px !important;margin-bottom: 5px !important;margin-left: 0px !important;padding-top: 0px !important;padding-right: 0px !important;padding-bottom: 0px !important;padding-left: 0px !important;}&#8221; link=&#8221;url:https%3A%2F%2Fwww.euroschool.lu%2Fsite%2Fwp-content%2Fuploads%2F2025%2F09%2FMemorandum_parents_EN_2025-2026.pdf||target:%20_blank|&#8221;][vc_btn title=&#8221;FR &#8211; M\u00e9morandum pour les parents&#8221; style=&#8221;classic&#8221; color=&#8221;sky&#8221; align=&#8221;left&#8221; i_icon_fontawesome=&#8221;fa fa-file-text-o&#8221; button_block=&#8221;true&#8221; add_icon=&#8221;true&#8221; css=&#8221;.vc_custom_1758548631701{margin-top: 0px !important;margin-right: 0px !important;margin-bottom: 0px !important;margin-left: 0px !important;padding-top: 0px !important;padding-right: 0px !important;padding-bottom: 0px !important;padding-left: 0px !important;}&#8221; link=&#8221;url:https%3A%2F%2Fwww.euroschool.lu%2Fsite%2Fwp-content%2Fuploads%2F2025%2F09%2FMemorandum_parents_FR_2025-2026.pdf||target:%20_blank|&#8221;][\/vc_tta_section][\/vc_tta_accordion][vc_tta_accordion gap=&#8221;2&#8243; active_section=&#8221;0&#8243; no_fill=&#8221;true&#8221; collapsible_all=&#8221;true&#8221; css=&#8221;.vc_custom_1624285435927{margin-top: 0px !important;}&#8221;][vc_tta_section title=&#8221;SchulInterne Regeln f\u00fcr den Kindergarten und die Grundschule&#8221; tab_id=&#8221;1566744780127-c3a7c827-64c308c4-d1e87374-d4938261-194a&#8221;][vc_btn title=&#8221;(DE &#8211; EN &#8211; FR) Unsere Schulregeln \/ Our school rules \/ Nos r\u00e8gles de l&#8217;\u00e9cole&#8221; style=&#8221;classic&#8221; color=&#8221;sky&#8221; align=&#8221;left&#8221; i_icon_fontawesome=&#8221;fa fa-file-text-o&#8221; button_block=&#8221;true&#8221; add_icon=&#8221;true&#8221; css=&#8221;.vc_custom_1624024070518{margin-top: 0px !important;margin-right: 0px !important;margin-bottom: 5px !important;margin-left: 0px !important;padding-top: 0px !important;padding-right: 0px !important;padding-bottom: 0px !important;padding-left: 0px !important;}&#8221; link=&#8221;url:http%3A%2F%2Fwww.euroschool.lu%2Fsite%2Fwp-content%2Fuploads%2F2019%2F10%2FSchool-rules.pdf||target:%20_blank|&#8221;][vc_btn title=&#8221;(DE &#8211; EN &#8211; FR) Communication Steps Nursery\/ Primary&#8221; style=&#8221;classic&#8221; color=&#8221;sky&#8221; align=&#8221;left&#8221; i_icon_fontawesome=&#8221;fa fa-file-text-o&#8221; button_block=&#8221;true&#8221; add_icon=&#8221;true&#8221; css=&#8221;.vc_custom_1624024089960{margin-top: 0px !important;margin-right: 0px !important;margin-bottom: 5px !important;margin-left: 0px !important;padding-top: 0px !important;padding-right: 0px !important;padding-bottom: 0px !important;padding-left: 0px !important;}&#8221; link=&#8221;url:http%3A%2F%2Fwww.euroschool.lu%2Fsite%2Fwp-content%2Fuploads%2F2019%2F10%2FCommunication-Steps-Nursery-Primary.pdf||target:%20_blank|&#8221;][\/vc_tta_section][vc_tta_section title=&#8221;SchulInterne Regeln f\u00fcr die Sekundarschule&#8221; tab_id=&#8221;1567268313472-b9709c14-edb67374-d4938261-194a&#8221;][vc_btn title=&#8221;DE &#8211; Schulordnung f\u00fcr die Sekundarschule 2025-2026&#8243; style=&#8221;classic&#8221; color=&#8221;sky&#8221; align=&#8221;left&#8221; i_icon_fontawesome=&#8221;fa fa-file-text-o&#8221; button_block=&#8221;true&#8221; add_icon=&#8221;true&#8221; css=&#8221;.vc_custom_1763441611273{margin-top: 0px !important;margin-right: 0px !important;margin-bottom: 5px !important;margin-left: 0px !important;padding-top: 0px !important;padding-right: 0px !important;padding-bottom: 0px !important;padding-left: 0px !important;}&#8221; link=&#8221;url:https%3A%2F%2Fwww.euroschool.lu%2Fsite%2Fwp-content%2Fuploads%2F2025%2F11%2F2025-2026-DE-REGLEMENT-INTERNE-SECONDAIRE-17112025.pdf||target:%20_blank|&#8221;][vc_btn title=&#8221;EN &#8211; Rules for the secondary school 2025-2026&#8243; style=&#8221;classic&#8221; color=&#8221;sky&#8221; align=&#8221;left&#8221; i_icon_fontawesome=&#8221;fa fa-file-text-o&#8221; button_block=&#8221;true&#8221; add_icon=&#8221;true&#8221; css=&#8221;.vc_custom_1763441623064{margin-top: 0px !important;margin-right: 0px !important;margin-bottom: 5px !important;margin-left: 0px !important;padding-top: 0px !important;padding-right: 0px !important;padding-bottom: 0px !important;padding-left: 0px !important;}&#8221; link=&#8221;url:https%3A%2F%2Fwww.euroschool.lu%2Fsite%2Fwp-content%2Fuploads%2F2025%2F11%2F2025-26-EN-REGLEMENT-INTERNE-SECONDAIRE-17112025.pdf||target:%20_blank|&#8221;][vc_btn title=&#8221;FR &#8211; R\u00e8glement interne de l&#8217;\u00e9cole secondaire 2025-2026&#8243; style=&#8221;classic&#8221; color=&#8221;sky&#8221; align=&#8221;left&#8221; i_icon_fontawesome=&#8221;fa fa-file-text-o&#8221; button_block=&#8221;true&#8221; add_icon=&#8221;true&#8221; css=&#8221;.vc_custom_1763441639179{margin-top: 0px !important;margin-right: 0px !important;margin-bottom: 5px !important;margin-left: 0px !important;padding-top: 0px !important;padding-right: 0px !important;padding-bottom: 0px !important;padding-left: 0px !important;}&#8221; link=&#8221;url:https%3A%2F%2Fwww.euroschool.lu%2Fsite%2Fwp-content%2Fuploads%2F2025%2F11%2F2025-2026-FR-REGLEMENT-INTERNE-SECONDAIRE-17112025.pdf||target:%20_blank|&#8221;][\/vc_tta_section][vc_tta_section title=&#8221;Charta f\u00fcr den Gebrauch von IT-Ressourcen und Ger\u00e4ten durch Sch\u00fclerinnen der Europ\u00e4ischen Schule von Luxemburg I&#8221; tab_id=&#8221;1605893648215-af5c9a37-4e0a8261-194a&#8221;][vc_btn title=&#8221;DE &#8211; Charta f\u00fcr den Gebrauch von IT-Ressourcen und Ger\u00e4ten durch Sch\u00fclerinnen der Europ\u00e4ischen Schule von Luxemburg I&#8221; style=&#8221;classic&#8221; color=&#8221;sky&#8221; align=&#8221;left&#8221; i_icon_fontawesome=&#8221;fa fa-file-text-o&#8221; button_block=&#8221;true&#8221; add_icon=&#8221;true&#8221; css=&#8221;.vc_custom_1624024154135{margin-top: 0px !important;margin-right: 0px !important;margin-bottom: 5px !important;margin-left: 0px !important;padding-top: 0px !important;padding-right: 0px !important;padding-bottom: 0px !important;padding-left: 0px !important;}&#8221; link=&#8221;url:http%3A%2F%2Fwww.euroschool.lu%2Fmemos%2F2020-08-M-1-de-1%20-%20Charta%20f%C3%BCr%20den%20Gebrauch%20von%20IT-Ressourcen%20und%20%20Ger%C3%A4ten%20durch%20Sch%C3%BClerinnen%20der%20Europ%C3%A4ischen%20Schule%20von%20Luxemburg%20I.pdf|title:2020-08-M-1-en-1%20-%20Charter%20for%20use%20of%20IT%20resources%20and%20devices%20by%20pupils%20of%20the%20European%20School%20of%20Luxemburg%20I|target:%20_blank|&#8221;][vc_btn title=&#8221;EN &#8211; Charter for use of IT resources and devices by pupils of the European School of Luxemburg I&#8221; style=&#8221;classic&#8221; color=&#8221;sky&#8221; align=&#8221;left&#8221; i_icon_fontawesome=&#8221;fa fa-file-text-o&#8221; button_block=&#8221;true&#8221; add_icon=&#8221;true&#8221; css=&#8221;.vc_custom_1624024168178{margin-top: 0px !important;margin-right: 0px !important;margin-bottom: 5px !important;margin-left: 0px !important;padding-top: 0px !important;padding-right: 0px !important;padding-bottom: 0px !important;padding-left: 0px !important;}&#8221; link=&#8221;url:http%3A%2F%2Fwww.euroschool.lu%2Fmemos%2F2020-08-M-1-en-1%20-%20Charter%20for%20use%20of%20IT%20resources%20and%20devices%20by%20pupils%20of%20the%20European%20School%20of%20Luxemburg%20I.pdf|title:2020-08-M-1-en-1%20-%20Charter%20for%20use%20of%20IT%20resources%20and%20devices%20by%20pupils%20of%20the%20European%20School%20of%20Luxemburg%20I|target:%20_blank|&#8221;][vc_btn title=&#8221;FR &#8211; Charte d\u2019utilisation des ressources et dispositifs informatiques des \u00e9l\u00e8ves de l\u2019Ecole europ\u00e9enne de Luxembourg I&#8221; style=&#8221;classic&#8221; color=&#8221;sky&#8221; align=&#8221;left&#8221; i_icon_fontawesome=&#8221;fa fa-file-text-o&#8221; button_block=&#8221;true&#8221; add_icon=&#8221;true&#8221; css=&#8221;.vc_custom_1624024178655{margin-top: 0px !important;margin-right: 0px !important;margin-bottom: 5px !important;margin-left: 0px !important;padding-top: 0px !important;padding-right: 0px !important;padding-bottom: 0px !important;padding-left: 0px !important;}&#8221; link=&#8221;url:http%3A%2F%2Fwww.euroschool.lu%2Fmemos%2F2020-08-M-1-fr-1%20-%20Charte%20d%E2%80%99utilisation%20des%20ressources%20et%20dispositifs%20informatiques%20des%20%C3%A9l%C3%A8ves%20de%20l%E2%80%99Ecole%20europ%C3%A9enne%20de%20Luxembourg%20I.pdf|title:2020-08-M-1-en-1%20-%20Charter%20for%20use%20of%20IT%20resources%20and%20devices%20by%20pupils%20of%20the%20European%20School%20of%20Luxemburg%20I|target:%20_blank|&#8221;][\/vc_tta_section][\/vc_tta_accordion][vc_btn title=&#8221;Lehrpl\u00e4ne und Leistungsdeskriptoren (https:\/\/www.eursc.eu)&#8221; style=&#8221;classic&#8221; color=&#8221;sky&#8221; align=&#8221;left&#8221; i_icon_fontawesome=&#8221;fa fa-external-link&#8221; button_block=&#8221;true&#8221; add_icon=&#8221;true&#8221; css=&#8221;.vc_custom_1705485632652{margin-top: 0px !important;margin-right: 0px !important;margin-bottom: 20px !important;margin-left: 0px !important;padding-top: 0px !important;padding-right: 0px !important;padding-bottom: 0px !important;padding-left: 0px !important;}&#8221; link=&#8221;url:https%3A%2F%2Fwww.eursc.eu%2Fde%2FEuropean-Schools%2Fstudies%2Fsyllabuses||target:%20_blank|&#8221;][\/vc_column][\/vc_row][vc_row][vc_column][vc_empty_space height=&#8221;20&#8243;][\/vc_column][\/vc_row]<\/p>\n<\/div>","protected":false},"excerpt":{"rendered":"<p>[vc_row full_width=&#8221;stretch_row_content_no_spaces&#8221; css=&#8221;.vc_custom_1589920007717{margin-bottom: 0px !important;}&#8221;][vc_column css=&#8221;.vc_custom_1589920029564{margin-bottom: 0px !important;}&#8221; offset=&#8221;vc_hidden-sm vc_hidden-xs&#8221;][vc_custom_heading text=&#8221;&#8221; font_container=&#8221;tag:h1|text_align:left&#8221; use_theme_fonts=&#8221;yes&#8221; el_class=&#8221;custom-header&#8221; css=&#8221;.vc_custom_1623911464844{background-image:<span class=\"excerpt-hellip\"> [\u2026]<\/span><\/p>\n","protected":false},"author":1,"featured_media":0,"parent":0,"menu_order":0,"comment_status":"closed","ping_status":"closed","template":"","meta":{"footnotes":""},"categories":[69],"class_list":["post-7435","page","type-page","status-publish","hentry","category-_page-main-de"],"_links":{"self":[{"href":"https:\/\/www.euroschool.lu\/site\/wp-json\/wp\/v2\/pages\/7435","targetHints":{"allow":["GET"]}}],"collection":[{"href":"https:\/\/www.euroschool.lu\/site\/wp-json\/wp\/v2\/pages"}],"about":[{"href":"https:\/\/www.euroschool.lu\/site\/wp-json\/wp\/v2\/types\/page"}],"author":[{"embeddable":true,"href":"https:\/\/www.euroschool.lu\/site\/wp-json\/wp\/v2\/users\/1"}],"replies":[{"embeddable":true,"href":"https:\/\/www.euroschool.lu\/site\/wp-json\/wp\/v2\/comments?post=7435"}],"version-history":[{"count":43,"href":"https:\/\/www.euroschool.lu\/site\/wp-json\/wp\/v2\/pages\/7435\/revisions"}],"predecessor-version":[{"id":20294,"href":"https:\/\/www.euroschool.lu\/site\/wp-json\/wp\/v2\/pages\/7435\/revisions\/20294"}],"wp:attachment":[{"href":"https:\/\/www.euroschool.lu\/site\/wp-json\/wp\/v2\/media?parent=7435"}],"wp:term":[{"taxonomy":"category","embeddable":true,"href":"https:\/\/www.euroschool.lu\/site\/wp-json\/wp\/v2\/categories?post=7435"}],"curies":[{"name":"wp","href":"https:\/\/api.w.org\/{rel}","templated":true}]}}