{"id":5256,"date":"2019-11-30T19:32:33","date_gmt":"2019-11-30T18:32:33","guid":{"rendered":"http:\/\/www.euroschool.lu\/site\/?page_id=5256"},"modified":"2026-01-17T20:22:37","modified_gmt":"2026-01-17T19:22:37","slug":"startseite","status":"publish","type":"page","link":"https:\/\/www.euroschool.lu\/site\/de\/startseite\/","title":{"rendered":"Startseite"},"content":{"rendered":"<div class=\"wpb-content-wrapper\"><p>[vc_section css=&#8221;.vc_custom_1611667781133{padding-top: 20px !important;padding-bottom: 20px !important;}&#8221; el_id=&#8221;news&#8221;][vc_row disable_element=&#8221;yes&#8221;][vc_column css=&#8221;.vc_custom_1705492655305{margin-top: 10px !important;margin-right: 10px !important;margin-bottom: 10px !important;margin-left: 10px !important;border-top-width: 5px !important;border-right-width: 5px !important;border-bottom-width: 5px !important;border-left-width: 5px !important;border-left-color: #192e5b !important;border-left-style: solid !important;border-right-color: #192e5b !important;border-right-style: solid !important;border-top-color: #192e5b !important;border-top-style: solid !important;border-bottom-color: #192e5b !important;border-bottom-style: solid !important;}&#8221;][vc_column_text]<strong>Betreff:<\/strong> Vor\u00fcbergehende St\u00f6rung des E-Mail-Dienstes<\/p>\n<p>Sehr geehrte Damen und Herren,<\/p>\n<p>wir m\u00f6chten Sie dar\u00fcber informieren, dass unser E-Mail-System aufgrund eines technischen Problems, das au\u00dferhalb der Verantwortung und Zust\u00e4ndigkeit unserer Schule lag, f\u00fcr etwa 48 Stunden nicht verf\u00fcgbar war.<\/p>\n<p>In diesem Zeitraum konnten E-Mails, die an <strong>@eursc.eu<\/strong>-Adressen gesendet wurden, m\u00f6glicherweise nicht zugestellt werden und wurden eventuell an die Absender zur\u00fcckgesendet. Leider k\u00f6nnen diese Nachrichten nachtr\u00e4glich nicht wiederhergestellt werden.<\/p>\n<p>Das Problem ist inzwischen vollst\u00e4ndig behoben, und unser E-Mail-Dienst funktioniert wieder einwandfrei.<\/p>\n<p>Sollten Sie uns zwischen <strong>Montag, 20. Oktober um 18:00 Uhr<\/strong> und <strong>Mittwoch, 22. Oktober um 18:00 Uhr<\/strong> eine Nachricht gesendet haben, bitten wir Sie h\u00f6flich, diese erneut zu senden, um eine erfolgreiche Zustellung sicherzustellen.<\/p>\n<p>Wir entschuldigen uns aufrichtig f\u00fcr eventuelle Unannehmlichkeiten und danken Ihnen f\u00fcr Ihr Verst\u00e4ndnis.<\/p>\n<p>Mit freundlichen Gr\u00fc\u00dfen<\/p>\n<p>Die Schulleitung[\/vc_column_text][\/vc_column][\/vc_row][vc_row disable_element=&#8221;yes&#8221;][vc_column css=&#8221;.vc_custom_1705492655305{margin-top: 10px !important;margin-right: 10px !important;margin-bottom: 10px !important;margin-left: 10px !important;border-top-width: 5px !important;border-right-width: 5px !important;border-bottom-width: 5px !important;border-left-width: 5px !important;border-left-color: #192e5b !important;border-left-style: solid !important;border-right-color: #192e5b !important;border-right-style: solid !important;border-top-color: #192e5b !important;border-top-style: solid !important;border-bottom-color: #192e5b !important;border-bottom-style: solid !important;}&#8221;][vc_column_text]<span style=\"font-size: 120%;\"><strong>In Anbetracht der aktuellen Wetterlage und einer reduzierten Anzahl von Mitarbeitern vor Ort empfehlen wir Ihnen, sich bei Fragen per E-Mail an das zust\u00e4ndige Sekretariat zu wenden. Wenn m\u00f6glich nutzen Sie bitte das <a href=\"https:\/\/www.euroschool.lu\/site\/de\/kontakt\/\">Kontaktformular<\/a>.<\/strong><\/span>[\/vc_column_text][\/vc_column][\/vc_row][vc_row css=&#8221;.vc_custom_1668802441538{margin-top: 30px !important;}&#8221;][vc_column]<div class=\"blog_slider clearfix  hide-more\" data-count=\"4\"><div class=\"blog_slider_header clearfix\"><h4 class=\"title \">Neuheiten<\/h4><div class=\"slider_navigation\"><\/div><\/div><ul class=\"blog_slider_ul\"><li class=\"blog_slider_li post-21092 post type-post status-publish format-standard has-post-thumbnail hentry category-uncategorized-de\"><div class=\"item_wrapper\"><div class=\"image_frame scale-with-grid\"><div class=\"image_wrapper\"><a href=\"https:\/\/www.euroschool.lu\/site\/de\/2026\/04\/14\/run-for-nature\/\" title=\"Run for Nature\"><img loading=\"lazy\" decoding=\"async\" width=\"960\" height=\"750\" src=\"https:\/\/www.euroschool.lu\/site\/wp-content\/uploads\/2026\/04\/RunforNature_image-featured2-960x750.png\" class=\"scale-with-grid wp-post-image\" alt=\"\" srcset=\"https:\/\/www.euroschool.lu\/site\/wp-content\/uploads\/2026\/04\/RunforNature_image-featured2-960x750.png 960w, https:\/\/www.euroschool.lu\/site\/wp-content\/uploads\/2026\/04\/RunforNature_image-featured2-300x234.png 300w, https:\/\/www.euroschool.lu\/site\/wp-content\/uploads\/2026\/04\/RunforNature_image-featured2-96x75.png 96w, https:\/\/www.euroschool.lu\/site\/wp-content\/uploads\/2026\/04\/RunforNature_image-featured2-480x374.png 480w\" sizes=\"auto, (max-width:767px) 480px, (max-width:960px) 100vw, 960px\" \/><\/a><\/div><\/div><div class=\"date_label\">14\/04\/2026<\/div><div class=\"desc\"><h4><a href=\"https:\/\/www.euroschool.lu\/site\/de\/2026\/04\/14\/run-for-nature\/\">Run for Nature<\/a><\/h4><hr class=\"hr_color\" \/><a href=\"https:\/\/www.euroschool.lu\/site\/de\/2026\/04\/14\/run-for-nature\/\" class=\"button button_left has-icon\"><span class=\"button_icon\"><i class=\"icon-layout\" aria-hidden=\"true\"><\/i><\/span><span class=\"button_label\">Read more<\/span><\/a><\/div><\/div><\/li><li class=\"blog_slider_li post-21090 post type-post status-publish format-standard has-post-thumbnail hentry category-uncategorized-fr\"><div class=\"item_wrapper\"><div class=\"image_frame scale-with-grid\"><div class=\"image_wrapper\"><a href=\"https:\/\/www.euroschool.lu\/site\/fr\/2026\/04\/14\/21090\/\" title=\"Run for Nature\"><img loading=\"lazy\" decoding=\"async\" width=\"960\" height=\"750\" src=\"https:\/\/www.euroschool.lu\/site\/wp-content\/uploads\/2026\/04\/RunforNature_image-featured2-960x750.png\" class=\"scale-with-grid wp-post-image\" alt=\"\" srcset=\"https:\/\/www.euroschool.lu\/site\/wp-content\/uploads\/2026\/04\/RunforNature_image-featured2-960x750.png 960w, https:\/\/www.euroschool.lu\/site\/wp-content\/uploads\/2026\/04\/RunforNature_image-featured2-300x234.png 300w, https:\/\/www.euroschool.lu\/site\/wp-content\/uploads\/2026\/04\/RunforNature_image-featured2-96x75.png 96w, https:\/\/www.euroschool.lu\/site\/wp-content\/uploads\/2026\/04\/RunforNature_image-featured2-480x374.png 480w\" sizes=\"auto, (max-width:767px) 480px, (max-width:960px) 100vw, 960px\" \/><\/a><\/div><\/div><div class=\"date_label\">14\/04\/2026<\/div><div class=\"desc\"><h4><a href=\"https:\/\/www.euroschool.lu\/site\/fr\/2026\/04\/14\/21090\/\">Run for Nature<\/a><\/h4><hr class=\"hr_color\" \/><a href=\"https:\/\/www.euroschool.lu\/site\/fr\/2026\/04\/14\/21090\/\" class=\"button button_left has-icon\"><span class=\"button_icon\"><i class=\"icon-layout\" aria-hidden=\"true\"><\/i><\/span><span class=\"button_label\">Read more<\/span><\/a><\/div><\/div><\/li><li class=\"blog_slider_li post-21082 post type-post status-publish format-standard has-post-thumbnail hentry category-uncategorized\"><div class=\"item_wrapper\"><div class=\"image_frame scale-with-grid\"><div class=\"image_wrapper\"><a href=\"https:\/\/www.euroschool.lu\/site\/2026\/04\/14\/21082\/\" title=\"Run for Nature\"><img loading=\"lazy\" decoding=\"async\" width=\"960\" height=\"750\" src=\"https:\/\/www.euroschool.lu\/site\/wp-content\/uploads\/2026\/04\/RunforNature_image-featured2-960x750.png\" class=\"scale-with-grid wp-post-image\" alt=\"\" srcset=\"https:\/\/www.euroschool.lu\/site\/wp-content\/uploads\/2026\/04\/RunforNature_image-featured2-960x750.png 960w, https:\/\/www.euroschool.lu\/site\/wp-content\/uploads\/2026\/04\/RunforNature_image-featured2-300x234.png 300w, https:\/\/www.euroschool.lu\/site\/wp-content\/uploads\/2026\/04\/RunforNature_image-featured2-96x75.png 96w, https:\/\/www.euroschool.lu\/site\/wp-content\/uploads\/2026\/04\/RunforNature_image-featured2-480x374.png 480w\" sizes=\"auto, (max-width:767px) 480px, (max-width:960px) 100vw, 960px\" \/><\/a><\/div><\/div><div class=\"date_label\">14\/04\/2026<\/div><div class=\"desc\"><h4><a href=\"https:\/\/www.euroschool.lu\/site\/2026\/04\/14\/21082\/\">Run for Nature<\/a><\/h4><hr class=\"hr_color\" \/><a href=\"https:\/\/www.euroschool.lu\/site\/2026\/04\/14\/21082\/\" class=\"button button_left has-icon\"><span class=\"button_icon\"><i class=\"icon-layout\" aria-hidden=\"true\"><\/i><\/span><span class=\"button_label\">Read more<\/span><\/a><\/div><\/div><\/li><li class=\"blog_slider_li post-21057 post type-post status-publish format-standard has-post-thumbnail hentry category-uncategorized-fr\"><div class=\"item_wrapper\"><div class=\"image_frame scale-with-grid\"><div class=\"image_wrapper\"><a href=\"https:\/\/www.euroschool.lu\/site\/fr\/2026\/03\/25\/21057\/\" title=\"Relais pour la Vie\"><img loading=\"lazy\" decoding=\"async\" width=\"960\" height=\"750\" src=\"https:\/\/www.euroschool.lu\/site\/wp-content\/uploads\/2026\/03\/Relais-pour-la-Vie-_-Featured-Image-960x750.png\" class=\"scale-with-grid wp-post-image\" alt=\"\" srcset=\"https:\/\/www.euroschool.lu\/site\/wp-content\/uploads\/2026\/03\/Relais-pour-la-Vie-_-Featured-Image-960x750.png 960w, https:\/\/www.euroschool.lu\/site\/wp-content\/uploads\/2026\/03\/Relais-pour-la-Vie-_-Featured-Image-300x234.png 300w, https:\/\/www.euroschool.lu\/site\/wp-content\/uploads\/2026\/03\/Relais-pour-la-Vie-_-Featured-Image-1024x799.png 1024w, https:\/\/www.euroschool.lu\/site\/wp-content\/uploads\/2026\/03\/Relais-pour-la-Vie-_-Featured-Image-768x599.png 768w, https:\/\/www.euroschool.lu\/site\/wp-content\/uploads\/2026\/03\/Relais-pour-la-Vie-_-Featured-Image-96x75.png 96w, https:\/\/www.euroschool.lu\/site\/wp-content\/uploads\/2026\/03\/Relais-pour-la-Vie-_-Featured-Image-480x375.png 480w, https:\/\/www.euroschool.lu\/site\/wp-content\/uploads\/2026\/03\/Relais-pour-la-Vie-_-Featured-Image.png 1184w\" sizes=\"auto, (max-width:767px) 480px, (max-width:960px) 100vw, 960px\" \/><\/a><\/div><\/div><div class=\"date_label\">25\/03\/2026<\/div><div class=\"desc\"><h4><a href=\"https:\/\/www.euroschool.lu\/site\/fr\/2026\/03\/25\/21057\/\">Relais pour la Vie<\/a><\/h4><hr class=\"hr_color\" \/><a href=\"https:\/\/www.euroschool.lu\/site\/fr\/2026\/03\/25\/21057\/\" class=\"button button_left has-icon\"><span class=\"button_icon\"><i class=\"icon-layout\" aria-hidden=\"true\"><\/i><\/span><span class=\"button_label\">Read more<\/span><\/a><\/div><\/div><\/li><\/ul><div class=\"slider_pager slider_pagination\"><\/div><\/div>\n[\/vc_column][\/vc_row][vc_row][vc_column][vc_separator color=&#8221;custom&#8221; accent_color=&#8221;#dcdcdc&#8221;][\/vc_column][\/vc_row][vc_row content_placement=&#8221;middle&#8221; css=&#8221;.vc_custom_1671552943269{margin-top: 20px !important;margin-bottom: 0px !important;}&#8221;][vc_column width=&#8221;1\/6&#8243; css=&#8221;.vc_custom_1591034743344{padding-right: 50px !important;padding-left: 50px !important;}&#8221;][\/vc_column][vc_column width=&#8221;2\/3&#8243;]<div class=\"promo_box no_border\"><div class=\"promo_box_wrapper promo_box_left\"><div class=\"photo_wrapper\"><img loading=\"lazy\" decoding=\"async\" class=\"scale-with-grid\" src=\"https:\/\/www.euroschool.lu\/site\/wp-content\/uploads\/2023\/06\/FULL-LOGO.png\" alt=\"FULL LOGO\" width=\"2560\" height=\"1440\"\/><\/div><div class=\"desc_wrapper\"><h2 class=\"title \">DER EUROP\u00c4ISCHE BILDUNGSRAUM UND DIE EUROP\u00c4ISCHEN SCHULEN<\/h2><div class=\"desc\">Konferenz zum 70. Jahrestag des Systems der Europ\u00e4ischen Schulen und der Europ\u00e4ischen Schule in Luxemburg.<br \/>\n19. Oktober 2023 \u2013 Luxemburg <\/div><a href=\"https:\/\/www.euroschool.lu\/site\/es70\/\" class=\"button button_theme has-icon\"  title=\"\"><span class=\"button_icon\"><i class=\"icon-layout\" aria-hidden=\"true\"><\/i><\/span><span class=\"button_label\">Mehr Informationen<\/span><\/a><\/div><\/div><\/div>\n[\/vc_column][vc_column width=&#8221;1\/6&#8243;][\/vc_column][\/vc_row][\/vc_section][vc_section full_width=&#8221;stretch_row_content&#8221; content_placement=&#8221;middle&#8221; css=&#8221;.vc_custom_1611038443010{margin-top: 20px !important;margin-bottom: 80px !important;padding-top: 0px !important;padding-right: 0px !important;padding-bottom: 0px !important;padding-left: 0px !important;}&#8221;][vc_row css=&#8221;.vc_custom_1611038458827{margin-top: 0px !important;margin-right: 0px !important;margin-left: 0px !important;}&#8221;][vc_column width=&#8221;1\/2&#8243; css=&#8221;.vc_custom_1668802600839{margin-top: 0px !important;margin-right: 5px !important;margin-bottom: 0px !important;margin-left: 0px !important;padding-top: 0px !important;padding-right: 0px !important;padding-bottom: 0px !important;padding-left: 0px !important;}&#8221; offset=&#8221;vc_hidden-xs&#8221;][vc_column_text css=&#8221;.vc_custom_1701691516425{margin-top: 0px !important;margin-bottom: 0px !important;margin-left: 0px !important;}&#8221;]<\/p>\n<h2><div class=\"hover_color align_center\" style=\"background-color:#192E5B;border-color:;\"><div class=\"hover_color_bg\" style=\"background-color:#47577B;border-color:;border-width:2px;\"><a href=\"https:\/\/www.euroschool.lu\/site\/de\/kindergarten-und-grundschule-startseite\/\" class=\"font-size-respon\"   title=\"\"><div class=\"hover_color_wrapper\" style=\"padding:100px 50px;\">Kindergarten &amp; Grundschule<\/div><\/a><\/div>\n<\/div>\n<\/h2>\n<p>[\/vc_column_text][\/vc_column][vc_column width=&#8221;1\/2&#8243; css=&#8221;.vc_custom_1668802608241{margin-top: 0px !important;margin-right: 5px !important;margin-bottom: 0px !important;margin-left: 0px !important;padding-top: 0px !important;padding-right: 0px !important;padding-bottom: 0px !important;padding-left: 0px !important;background-position: center !important;background-repeat: no-repeat !important;background-size: cover !important;}&#8221; offset=&#8221;vc_hidden-xs&#8221;][vc_column_text css=&#8221;.vc_custom_1701691556673{margin-top: 0px !important;margin-right: 0px !important;margin-bottom: 0px !important;}&#8221;]<\/p>\n<h2><div class=\"hover_color align_center\" style=\"background-color:#192E5B;border-color:;color: blue;\"><div class=\"hover_color_bg\" style=\"background-color:#30426B;border-color:;border-width:2px;\"><a href=\"https:\/\/www.euroschool.lu\/site\/de\/sekundarstufe\/\" class=\"font-size-respon\"   title=\"\"><div class=\"hover_color_wrapper\" style=\"padding:100px 50px;\">Sekundarschule<\/div><\/a><\/div>\n<\/div>\n<\/h2>\n<p>[\/vc_column_text][\/vc_column][\/vc_row][vc_row css=&#8221;.vc_custom_1611038458827{margin-top: 0px !important;margin-right: 0px !important;margin-left: 0px !important;}&#8221;][vc_column width=&#8221;1\/2&#8243; css=&#8221;.vc_custom_1668802619419{margin-top: 0px !important;margin-right: 5px !important;margin-bottom: 0px !important;margin-left: 0px !important;padding-top: 0px !important;padding-right: 0px !important;padding-bottom: 0px !important;padding-left: 0px !important;}&#8221; offset=&#8221;vc_hidden-lg vc_hidden-md vc_hidden-sm&#8221;][vc_column_text css=&#8221;.vc_custom_1701691527529{margin-top: 0px !important;margin-bottom: 0px !important;margin-left: 0px !important;}&#8221;]<\/p>\n<h2><div class=\"hover_color align_center\" style=\"background-color:#192E5B;border-color:;\"><div class=\"hover_color_bg\" style=\"background-color:#47577B;border-color:;border-width:2px;\"><a href=\"https:\/\/www.euroschool.lu\/site\/de\/kindergarten-und-grundschule-startseite\/\" class=\"font-size-respon\"   title=\"\"><div class=\"hover_color_wrapper\" style=\"padding:70px 40px;\">Kindergarten &amp; Grundschule<\/div><\/a><\/div>\n<\/div>\n<\/h2>\n<p>[\/vc_column_text][\/vc_column][vc_column width=&#8221;1\/2&#8243; css=&#8221;.vc_custom_1668802626224{margin-top: 0px !important;margin-right: 5px !important;margin-bottom: 0px !important;margin-left: 0px !important;padding-top: 0px !important;padding-right: 0px !important;padding-bottom: 0px !important;padding-left: 0px !important;background-position: center !important;background-repeat: no-repeat !important;background-size: cover !important;}&#8221; offset=&#8221;vc_hidden-lg vc_hidden-md vc_hidden-sm&#8221;][vc_column_text css=&#8221;.vc_custom_1701691649714{margin-top: 0px !important;margin-right: 0px !important;margin-bottom: 0px !important;}&#8221;]<\/p>\n<h2><div class=\"hover_color align_center\" style=\"background-color:#192E5B;border-color:;color: blue;\"><div class=\"hover_color_bg\" style=\"background-color:#30426B;border-color:;border-width:2px;\"><a href=\"https:\/\/www.euroschool.lu\/site\/de\/sekundarstufe\/\" class=\"font-size-respon\"   title=\"\"><div class=\"hover_color_wrapper\" style=\"padding:70px 40px;\">Sekundarschule<\/div><\/a><\/div>\n<\/div>\n<\/h2>\n<p>[\/vc_column_text][\/vc_column][\/vc_row][\/vc_section][vc_section full_width=&#8221;stretch_row_content&#8221; content_placement=&#8221;middle&#8221; css=&#8221;.vc_custom_1668798755805{margin-top: 0px !important;margin-bottom: 40px !important;padding-right: 10px !important;padding-left: 10px !important;}&#8221;][vc_row content_placement=&#8221;middle&#8221; css=&#8221;.vc_custom_1668801468745{margin-bottom: 0px !important;border-bottom-width: 30px !important;}&#8221;][vc_column css=&#8221;.vc_custom_1566768966420{margin-bottom: 0px !important;}&#8221;]<div class=\"fancy_heading fancy_heading_line\"><div class=\"fh-top\"><\/div><h2 class=\"title\">Partners<\/h2><\/div>\n[\/vc_column][\/vc_row][vc_row content_placement=&#8221;middle&#8221; css=&#8221;.vc_custom_1566769177577{margin-bottom: 0px !important;}&#8221;][vc_column css=&#8221;.vc_custom_1668800956667{margin-bottom: 0px !important;}&#8221; offset=&#8221;vc_hidden-sm vc_hidden-xs&#8221;][vc_images_carousel images=&#8221;3498,3502,3504,3501,3503,6159,6023,6153,10657&#8243; img_size=&#8221;large&#8221; onclick=&#8221;custom_link&#8221; custom_links_target=&#8221;_blank&#8221; speed=&#8221;1000&#8243; slides_per_view=&#8221;9&#8243; hide_pagination_control=&#8221;yes&#8221; css_animation=&#8221;none&#8221; css=&#8221;.vc_custom_1668801036444{padding-right: 20px !important;padding-left: 20px !important;}&#8221; custom_links=&#8221;#E-8_aHR0cCUzQSUyRiUyRnd3dy5ldXJzYy5ldSUyRiUyQ2h0dHBzJTNBJTJGJTJGd3d3LmFwZWVlbDEubHUlMkYlMkNodHRwcyUzQSUyRiUyRmVjLmV1cm9wYS5ldSUyRmluZm8lMkZpbmRleF9lbiUyQ2h0dHBzJTNBJTJGJTJGYWx1bW5pZXVyb3BhZS5vcmclMkYlMkNodHRwJTNBJTJGJTJGd3d3LmV1cm9zY2hvb2wubHUlMkZhc2YlMkYlMkNodHRwJTNBJTJGJTJGbWVyaXRlLmpldW5lc3NlLmx1JTJGJTJDaHR0cHMlM0ElMkYlMkZ3d3cuZXR3aW5uaW5nLm5ldCUyRmVuJTJGcHViJTJGaW5kZXguaHRtJTJDaHR0cHMlM0ElMkYlMkZwdXBpbHNjb20tZXNsMS5ldSUyRiUyQ2h0dHBzJTNBJTJGJTJGc2RrLmx1JTJG&#8221;][\/vc_column][\/vc_row][vc_row content_placement=&#8221;middle&#8221; css=&#8221;.vc_custom_1566769177577{margin-bottom: 0px !important;}&#8221;][vc_column css=&#8221;.vc_custom_1668801882186{margin-bottom: 0px !important;}&#8221; offset=&#8221;vc_hidden-lg vc_hidden-md vc_hidden-xs&#8221;][vc_images_carousel images=&#8221;3498,3502,3504,3501,3503,6159,6023,6153,10657&#8243; img_size=&#8221;large&#8221; onclick=&#8221;custom_link&#8221; custom_links_target=&#8221;_blank&#8221; speed=&#8221;3000&#8243; slides_per_view=&#8221;3&#8243; autoplay=&#8221;yes&#8221; hide_pagination_control=&#8221;yes&#8221; hide_prev_next_buttons=&#8221;yes&#8221; wrap=&#8221;yes&#8221; css_animation=&#8221;none&#8221; css=&#8221;.vc_custom_1668801427722{padding-right: 20px !important;padding-left: 20px !important;}&#8221; custom_links=&#8221;#E-8_aHR0cCUzQSUyRiUyRnd3dy5ldXJzYy5ldSUyRiUyQ2h0dHBzJTNBJTJGJTJGd3d3LmFwZWVlbDEubHUlMkYlMkNodHRwcyUzQSUyRiUyRmVjLmV1cm9wYS5ldSUyRmluZm8lMkZpbmRleF9lbiUyQ2h0dHBzJTNBJTJGJTJGYWx1bW5pZXVyb3BhZS5vcmclMkYlMkNodHRwJTNBJTJGJTJGd3d3LmV1cm9zY2hvb2wubHUlMkZhc2YlMkYlMkNodHRwJTNBJTJGJTJGbWVyaXRlLmpldW5lc3NlLmx1JTJGJTJDaHR0cHMlM0ElMkYlMkZ3d3cuZXR3aW5uaW5nLm5ldCUyRmVuJTJGcHViJTJGaW5kZXguaHRtJTJDaHR0cHMlM0ElMkYlMkZwdXBpbHNjb20tZXNsMS5ldSUyRiUyQ2h0dHBzJTNBJTJGJTJGc2RrLmx1JTJG&#8221;][\/vc_column][\/vc_row][vc_row content_placement=&#8221;middle&#8221; css=&#8221;.vc_custom_1668801848424{margin-bottom: 0px !important;}&#8221;][vc_column css=&#8221;.vc_custom_1668801868652{margin-bottom: 0px !important;}&#8221; offset=&#8221;vc_hidden-lg vc_hidden-md vc_hidden-sm&#8221;][vc_images_carousel images=&#8221;3498,3502,3504,3501,3503,6159,6023,6153,10657&#8243; img_size=&#8221;large&#8221; onclick=&#8221;custom_link&#8221; custom_links_target=&#8221;_blank&#8221; speed=&#8221;3000&#8243; slides_per_view=&#8221;2&#8243; autoplay=&#8221;yes&#8221; hide_pagination_control=&#8221;yes&#8221; hide_prev_next_buttons=&#8221;yes&#8221; wrap=&#8221;yes&#8221; css_animation=&#8221;none&#8221; css=&#8221;.vc_custom_1668801953133{padding-right: 20px !important;padding-left: 20px !important;}&#8221; custom_links=&#8221;#E-8_aHR0cCUzQSUyRiUyRnd3dy5ldXJzYy5ldSUyRiUyQ2h0dHBzJTNBJTJGJTJGd3d3LmFwZWVlbDEubHUlMkYlMkNodHRwcyUzQSUyRiUyRmVjLmV1cm9wYS5ldSUyRmluZm8lMkZpbmRleF9lbiUyQ2h0dHBzJTNBJTJGJTJGYWx1bW5pZXVyb3BhZS5vcmclMkYlMkNodHRwJTNBJTJGJTJGd3d3LmV1cm9zY2hvb2wubHUlMkZhc2YlMkYlMkNodHRwJTNBJTJGJTJGbWVyaXRlLmpldW5lc3NlLmx1JTJGJTJDaHR0cHMlM0ElMkYlMkZ3d3cuZXR3aW5uaW5nLm5ldCUyRmVuJTJGcHViJTJGaW5kZXguaHRtJTJDaHR0cHMlM0ElMkYlMkZwdXBpbHNjb20tZXNsMS5ldSUyRiUyQ2h0dHBzJTNBJTJGJTJGc2RrLmx1JTJG&#8221;][\/vc_column][\/vc_row][\/vc_section]<\/p>\n<\/div>","protected":false},"excerpt":{"rendered":"<p>[vc_section css=&#8221;.vc_custom_1611667781133{padding-top: 20px !important;padding-bottom: 20px !important;}&#8221; el_id=&#8221;news&#8221;][vc_row disable_element=&#8221;yes&#8221;][vc_column css=&#8221;.vc_custom_1705492655305{margin-top: 10px !important;margin-right: 10px !important;margin-bottom: 10px !important;margin-left:<span class=\"excerpt-hellip\"> [\u2026]<\/span><\/p>\n","protected":false},"author":1,"featured_media":-1,"parent":0,"menu_order":0,"comment_status":"closed","ping_status":"closed","template":"","meta":{"footnotes":""},"categories":[69],"class_list":["post-5256","page","type-page","status-publish","has-post-thumbnail","hentry","category-_page-main-de"],"_links":{"self":[{"href":"https:\/\/www.euroschool.lu\/site\/wp-json\/wp\/v2\/pages\/5256","targetHints":{"allow":["GET"]}}],"collection":[{"href":"https:\/\/www.euroschool.lu\/site\/wp-json\/wp\/v2\/pages"}],"about":[{"href":"https:\/\/www.euroschool.lu\/site\/wp-json\/wp\/v2\/types\/page"}],"author":[{"embeddable":true,"href":"https:\/\/www.euroschool.lu\/site\/wp-json\/wp\/v2\/users\/1"}],"replies":[{"embeddable":true,"href":"https:\/\/www.euroschool.lu\/site\/wp-json\/wp\/v2\/comments?post=5256"}],"version-history":[{"count":188,"href":"https:\/\/www.euroschool.lu\/site\/wp-json\/wp\/v2\/pages\/5256\/revisions"}],"predecessor-version":[{"id":20626,"href":"https:\/\/www.euroschool.lu\/site\/wp-json\/wp\/v2\/pages\/5256\/revisions\/20626"}],"wp:featuredmedia":[{"embeddable":true,"href":"https:\/\/www.euroschool.lu\/site\/wp-json\/"}],"wp:attachment":[{"href":"https:\/\/www.euroschool.lu\/site\/wp-json\/wp\/v2\/media?parent=5256"}],"wp:term":[{"taxonomy":"category","embeddable":true,"href":"https:\/\/www.euroschool.lu\/site\/wp-json\/wp\/v2\/categories?post=5256"}],"curies":[{"name":"wp","href":"https:\/\/api.w.org\/{rel}","templated":true}]}}