{"id":5013,"date":"2019-11-18T00:03:17","date_gmt":"2019-11-17T23:03:17","guid":{"rendered":"http:\/\/www.euroschool.lu\/site\/?page_id=5013"},"modified":"2026-02-03T10:52:24","modified_gmt":"2026-02-03T09:52:24","slug":"secondaire-baccalaureat-europeen","status":"publish","type":"page","link":"https:\/\/www.euroschool.lu\/site\/fr\/secondaire-baccalaureat-europeen\/","title":{"rendered":"Secondaire : Baccalaur\u00e9at europ\u00e9en"},"content":{"rendered":"<div class=\"wpb-content-wrapper\"><p>[vc_row full_width=&#8221;stretch_row_content_no_spaces&#8221; css=&#8221;.vc_custom_1611767278898{margin-bottom: 0px !important;}&#8221;][vc_column css=&#8221;.vc_custom_1589920029564{margin-bottom: 0px !important;}&#8221; offset=&#8221;vc_hidden-sm vc_hidden-xs&#8221;][vc_custom_heading text=&#8221;&#8221; font_container=&#8221;tag:h1|text_align:left&#8221; use_theme_fonts=&#8221;yes&#8221; css=&#8221;.vc_custom_1623842482456{background-image: url(http:\/\/www.euroschool.lu\/site\/wp-content\/uploads\/2021\/06\/Slider_Secondary2.jpg?id=10899) !important;background-position: center !important;background-repeat: no-repeat !important;background-size: cover !important;}&#8221; el_class=&#8221;custom-header&#8221;][\/vc_column][\/vc_row][vc_row full_width=&#8221;stretch_row_content_no_spaces&#8221; css=&#8221;.vc_custom_1611767283046{margin-bottom: 0px !important;}&#8221;][vc_column css=&#8221;.vc_custom_1589920591194{margin-bottom: 0px !important;}&#8221; offset=&#8221;vc_hidden-lg vc_hidden-md&#8221;][vc_custom_heading text=&#8221;&#8221; font_container=&#8221;tag:h1|text_align:left&#8221; use_theme_fonts=&#8221;yes&#8221; css=&#8221;.vc_custom_1623842494500{background-image: url(http:\/\/www.euroschool.lu\/site\/wp-content\/uploads\/2021\/06\/Slider_Secondary2.jpg?id=10899) !important;background-position: center !important;background-repeat: no-repeat !important;background-size: cover !important;}&#8221; el_class=&#8221;custom-header-mob&#8221;][\/vc_column][\/vc_row][vc_row el_class=&#8221;main-box&#8221;][vc_column width=&#8221;1\/5&#8243; offset=&#8221;vc_hidden-md vc_hidden-sm vc_hidden-xs&#8221; el_class=&#8221;sidebar-menu&#8221;][vc_widget_sidebar sidebar_id=&#8221;sidebar-sidebar-menu-sec-fr&#8221; el_class=&#8221;sidebar-menu-sec&#8221;][\/vc_column][vc_column width=&#8221;4\/5&#8243; el_class=&#8221;main-column&#8221;][vc_column_text el_class=&#8221;page-title&#8221;]<\/p>\n<h1>Secondaire : Baccalaur\u00e9at europ\u00e9en<\/h1>\n<p>[\/vc_column_text][vc_row_inner][vc_column_inner width=&#8221;1\/2&#8243;][\/vc_column_inner][vc_column_inner width=&#8221;1\/2&#8243;][vc_btn title=&#8221;Coordinateur du baccalaur\u00e9at europ\u00e9en&#8221; style=&#8221;classic&#8221; color=&#8221;sky&#8221; align=&#8221;right&#8221; i_type=&#8221;entypo&#8221; i_icon_entypo=&#8221;entypo-icon entypo-icon-link&#8221; add_icon=&#8221;true&#8221; link=&#8221;url:https%3A%2F%2Fwww.euroschool.lu%2Fsite%2Ffr%2Fnous-contacter%2F%23directory|||&#8221;][vc_separator][\/vc_column_inner][\/vc_row_inner][vc_btn title=&#8221;Le Baccalaur\u00e9at europ\u00e9en &#8211; Informations g\u00e9n\u00e9rales et r\u00e9glementation (https:\/\/www.eursc.eu)&#8221; style=&#8221;classic&#8221; color=&#8221;sky&#8221; i_icon_fontawesome=&#8221;fa fa-external-link&#8221; css=&#8221;.vc_custom_1702390512872{margin-bottom: 5px !important;border-bottom-width: 0px !important;padding-bottom: 0px !important;}&#8221; add_icon=&#8221;true&#8221; link=&#8221;url:https%3A%2F%2Fwww.eursc.eu%2Ffr%2FEuropean-Schools%2FEuropean-Baccalaureate||target:%20_blank|&#8221;][vc_tta_accordion active_section=&#8221;0&#8243; no_fill=&#8221;true&#8221; collapsible_all=&#8221;true&#8221; css=&#8221;.vc_custom_1673619783483{margin-top: 0px !important;margin-bottom: 10px !important;border-top-width: 0px !important;padding-top: 0px !important;}&#8221; el_id=&#8221;prebac&#8221;][vc_tta_section title=&#8221;Le Manuel du Baccalaur\u00e9at europ\u00e9en&#8221; tab_id=&#8221;Manuel&#8221;][vc_row_inner css=&#8221;.vc_custom_1576767108782{margin-top: 0px !important;margin-bottom: 0px !important;}&#8221;][vc_column_inner width=&#8221;1\/3&#8243;][vc_btn title=&#8221;DE&#8221; style=&#8221;classic&#8221; color=&#8221;sky&#8221; align=&#8221;left&#8221; i_icon_fontawesome=&#8221;fa fa-file-text-o&#8221; css=&#8221;.vc_custom_1765447949894{margin-top: 0px !important;margin-right: 0px !important;margin-bottom: 0px !important;margin-left: 0px !important;padding-top: 0px !important;padding-right: 0px !important;padding-bottom: 0px !important;padding-left: 0px !important;}&#8221; button_block=&#8221;true&#8221; add_icon=&#8221;true&#8221; link=&#8221;url:https%3A%2F%2Fwww.euroschool.lu%2Fsite%2Fwp-content%2Fuploads%2F2025%2F12%2FEuropean-Baccalaureate-Handbook-v2026_DE.pdf||target:%20_blank|&#8221;][\/vc_column_inner][vc_column_inner width=&#8221;1\/3&#8243;][vc_btn title=&#8221;EN&#8221; style=&#8221;classic&#8221; color=&#8221;sky&#8221; align=&#8221;left&#8221; i_icon_fontawesome=&#8221;fa fa-file-text-o&#8221; css=&#8221;.vc_custom_1765447937815{margin-top: 0px !important;margin-right: 0px !important;margin-bottom: 0px !important;margin-left: 0px !important;padding-top: 0px !important;padding-right: 0px !important;padding-bottom: 0px !important;padding-left: 0px !important;}&#8221; button_block=&#8221;true&#8221; add_icon=&#8221;true&#8221; link=&#8221;url:https%3A%2F%2Fwww.euroschool.lu%2Fsite%2Fwp-content%2Fuploads%2F2025%2F12%2FEuropean-Baccalaureate-Handbook-v2026_EN.pdf||target:%20_blank|&#8221;][\/vc_column_inner][vc_column_inner width=&#8221;1\/3&#8243;][vc_btn title=&#8221;FR&#8221; style=&#8221;classic&#8221; color=&#8221;sky&#8221; align=&#8221;left&#8221; i_icon_fontawesome=&#8221;fa fa-file-text-o&#8221; css=&#8221;.vc_custom_1765447926340{margin-top: 0px !important;margin-right: 0px !important;margin-bottom: 0px !important;margin-left: 0px !important;padding-top: 0px !important;padding-right: 0px !important;padding-bottom: 0px !important;padding-left: 0px !important;}&#8221; button_block=&#8221;true&#8221; add_icon=&#8221;true&#8221; link=&#8221;url:https%3A%2F%2Fwww.euroschool.lu%2Fsite%2Fwp-content%2Fuploads%2F2025%2F12%2FEuropean-Baccalaureate-Handbook-v2026_FR.pdf||target:%20_blank|&#8221;][\/vc_column_inner][\/vc_row_inner][\/vc_tta_section][\/vc_tta_accordion][vc_separator][vc_btn title=&#8221;Examens pass\u00e9s (pr\u00e9-Bac et BAC) sur Office 365 (https:\/\/eursc.sharepoint.com)&#8221; style=&#8221;classic&#8221; color=&#8221;sky&#8221; i_icon_fontawesome=&#8221;fa fa-external-link&#8221; css=&#8221;.vc_custom_1728058069342{margin-top: 0px !important;}&#8221; add_icon=&#8221;true&#8221; link=&#8221;url:https%3A%2F%2Feursc.sharepoint.com%2Fsites%2Fbacpastexams||target:%20_blank|&#8221;][vc_text_separator title=&#8221;R\u00e9sultats du Baccalaur\u00e9at&#8221; title_align=&#8221;separator_align_left&#8221; el_class=&#8221;line-separator&#8221;][vc_btn title=&#8221;R\u00e9sultats du BAC \u00c9cole europ\u00e9enne Luxembourg 1&#8243; style=&#8221;classic&#8221; color=&#8221;sky&#8221; i_icon_fontawesome=&#8221;fa fa-external-link&#8221; css=&#8221;.vc_custom_1702390817420{margin-top: 0px !important;}&#8221; add_icon=&#8221;true&#8221; link=&#8221;url:https%3A%2F%2Fwww.euroschool.lu%2Fsite%2Fwp-content%2Fuploads%2F2023%2F08%2FBac-results-ESL1.pdf||target:%20_blank|&#8221;][vc_separator][vc_tta_accordion spacing=&#8221;2&#8243; gap=&#8221;2&#8243; active_section=&#8221;1&#8243; no_fill=&#8221;true&#8221; collapsible_all=&#8221;true&#8221; title=&#8221;Epreuves partielles (Pr\u00e9-Baccalaur\u00e9at)&#8221;][vc_tta_section title=&#8221;Kalender der Teilpr\u00fcfungen \/ Calendar of part-examinations \/ Calendrier des \u00e9preuves partielles&#8221; tab_id=&#8221;1566746821392-ba1d9bfd-ad584499-7cbafc60-ee05d750-60f0&#8243;][vc_row_inner disable_element=&#8221;yes&#8221;][vc_column_inner][vc_column_text]<em>A publier.<\/em>[\/vc_column_text][\/vc_column_inner][\/vc_row_inner][vc_row_inner][vc_column_inner][vc_btn title=&#8221;EN &#8211; FR &#8211; DE&#8221; style=&#8221;classic&#8221; color=&#8221;sky&#8221; align=&#8221;left&#8221; i_icon_fontawesome=&#8221;fa fa-file-text-o&#8221; css=&#8221;.vc_custom_1762935530357{margin-top: 0px !important;margin-right: 0px !important;margin-bottom: 0px !important;margin-left: 0px !important;padding-top: 0px !important;padding-right: 0px !important;padding-bottom: 0px !important;padding-left: 0px !important;}&#8221; button_block=&#8221;true&#8221; add_icon=&#8221;true&#8221; link=&#8221;url:https%3A%2F%2Fwww.euroschool.lu%2Fsite%2Fwp-content%2Fuploads%2F2025%2F11%2FCalendar-part-examination_EN_FR_DE_2025-2026.pdf||target:%20_blank|&#8221;][\/vc_column_inner][\/vc_row_inner][\/vc_tta_section][vc_tta_section title=&#8221;Teilpr\u00fcfungen \/ Part-examinations \/ Epreuves partielles&#8221; tab_id=&#8221;1569164371399-5d2f9cfd-3e7cfc60-ee05d750-60f0&#8243;][vc_row_inner disable_element=&#8221;yes&#8221;][vc_column_inner][vc_column_text]<em>A publier.<\/em>[\/vc_column_text][\/vc_column_inner][\/vc_row_inner][vc_row_inner][vc_column_inner width=&#8221;1\/3&#8243;][vc_btn title=&#8221;DE&#8221; style=&#8221;classic&#8221; color=&#8221;sky&#8221; align=&#8221;left&#8221; i_icon_fontawesome=&#8221;&#8221; css=&#8221;.vc_custom_1767525978349{margin-top: 0px !important;margin-right: 0px !important;margin-bottom: 0px !important;margin-left: 0px !important;padding-top: 0px !important;padding-right: 0px !important;padding-bottom: 0px !important;padding-left: 0px !important;}&#8221; button_block=&#8221;true&#8221; add_icon=&#8221;true&#8221; link=&#8221;url:https%3A%2F%2Fwww.euroschool.lu%2Fsite%2Fwp-content%2Fuploads%2F2025%2F12%2FEpreuves-partielles_rappel-aux-eleves_-DE.pdf|target:_blank&#8221;][\/vc_column_inner][vc_column_inner width=&#8221;1\/3&#8243;][vc_btn title=&#8221;EN&#8221; style=&#8221;classic&#8221; color=&#8221;sky&#8221; align=&#8221;left&#8221; i_icon_fontawesome=&#8221;&#8221; css=&#8221;.vc_custom_1767526003498{margin-top: 0px !important;margin-right: 0px !important;margin-bottom: 0px !important;margin-left: 0px !important;padding-top: 0px !important;padding-right: 0px !important;padding-bottom: 0px !important;padding-left: 0px !important;}&#8221; button_block=&#8221;true&#8221; add_icon=&#8221;true&#8221; link=&#8221;url:https%3A%2F%2Fwww.euroschool.lu%2Fsite%2Fwp-content%2Fuploads%2F2025%2F12%2FEpreuves-partielles_rappel-aux-eleves_-EN.pdf|target:_blank&#8221;][vc_column_text][\/vc_column_text][\/vc_column_inner][vc_column_inner width=&#8221;1\/3&#8243;][vc_btn title=&#8221;FR&#8221; style=&#8221;classic&#8221; color=&#8221;sky&#8221; align=&#8221;left&#8221; i_icon_fontawesome=&#8221;&#8221; css=&#8221;.vc_custom_1767526025254{margin-top: 0px !important;margin-right: 0px !important;margin-bottom: 0px !important;margin-left: 0px !important;padding-top: 0px !important;padding-right: 0px !important;padding-bottom: 0px !important;padding-left: 0px !important;}&#8221; button_block=&#8221;true&#8221; add_icon=&#8221;true&#8221; link=&#8221;url:https%3A%2F%2Fwww.euroschool.lu%2Fsite%2Fwp-content%2Fuploads%2F2025%2F12%2FEpreuves-partielles_rappel-aux-eleves-FR.pdf|target:_blank&#8221;][\/vc_column_inner][\/vc_row_inner][\/vc_tta_section][vc_tta_section title=&#8221;Hinweise f\u00fcr die Kandidaten \/ Notice to candidates \/ Note aux candidats&#8221; tab_id=&#8221;1569164437393-28e4cdea-e682fc60-ee05d750-60f0&#8243;][vc_row_inner disable_element=&#8221;yes&#8221;][vc_column_inner][vc_column_text]<em>A publier.<\/em>[\/vc_column_text][\/vc_column_inner][\/vc_row_inner][vc_row_inner][vc_column_inner width=&#8221;1\/3&#8243;][vc_btn title=&#8221;DE&#8221; style=&#8221;classic&#8221; color=&#8221;sky&#8221; align=&#8221;left&#8221; i_icon_fontawesome=&#8221;&#8221; css=&#8221;.vc_custom_1767526052855{margin-top: 0px !important;margin-right: 0px !important;margin-bottom: 0px !important;margin-left: 0px !important;padding-top: 0px !important;padding-right: 0px !important;padding-bottom: 0px !important;padding-left: 0px !important;}&#8221; button_block=&#8221;true&#8221; add_icon=&#8221;true&#8221; link=&#8221;url:https%3A%2F%2Fwww.euroschool.lu%2Fsite%2Fwp-content%2Fuploads%2F2025%2F12%2FReglement_Note-aux-candidats_DE.pdf|target:_blank&#8221;][\/vc_column_inner][vc_column_inner width=&#8221;1\/3&#8243;][vc_btn title=&#8221;EN&#8221; style=&#8221;classic&#8221; color=&#8221;sky&#8221; align=&#8221;left&#8221; i_icon_fontawesome=&#8221;&#8221; css=&#8221;.vc_custom_1767526071984{margin-top: 0px !important;margin-right: 0px !important;margin-bottom: 0px !important;margin-left: 0px !important;padding-top: 0px !important;padding-right: 0px !important;padding-bottom: 0px !important;padding-left: 0px !important;}&#8221; button_block=&#8221;true&#8221; add_icon=&#8221;true&#8221; link=&#8221;url:https%3A%2F%2Fwww.euroschool.lu%2Fsite%2Fwp-content%2Fuploads%2F2025%2F12%2FReglement_Note-aux-candidats-EN.pdf|target:_blank&#8221;][\/vc_column_inner][vc_column_inner width=&#8221;1\/3&#8243;][vc_btn title=&#8221;FR&#8221; style=&#8221;classic&#8221; color=&#8221;sky&#8221; align=&#8221;left&#8221; i_icon_fontawesome=&#8221;&#8221; css=&#8221;.vc_custom_1767526088783{margin-top: 0px !important;margin-right: 0px !important;margin-bottom: 0px !important;margin-left: 0px !important;padding-top: 0px !important;padding-right: 0px !important;padding-bottom: 0px !important;padding-left: 0px !important;}&#8221; button_block=&#8221;true&#8221; add_icon=&#8221;true&#8221; link=&#8221;url:https%3A%2F%2Fwww.euroschool.lu%2Fsite%2Fwp-content%2Fuploads%2F2025%2F12%2FReglement_Note-aux-candidats-FR.pdf|target:_blank&#8221;][\/vc_column_inner][\/vc_row_inner][\/vc_tta_section][vc_tta_section title=&#8221;Short PreBacs&#8221; tab_id=&#8221;short-prebacs&#8221;][vc_row_inner][vc_column_inner][vc_btn title=&#8221;Short PreBacs 2025-2026&#8243; style=&#8221;classic&#8221; color=&#8221;sky&#8221; align=&#8221;left&#8221; i_icon_fontawesome=&#8221;fa fa-file-text-o&#8221; css=&#8221;.vc_custom_1763989511239{margin-top: 0px !important;margin-right: 0px !important;margin-bottom: 0px !important;margin-left: 0px !important;padding-top: 0px !important;padding-right: 0px !important;padding-bottom: 0px !important;padding-left: 0px !important;}&#8221; button_block=&#8221;true&#8221; add_icon=&#8221;true&#8221; link=&#8221;url:https%3A%2F%2Fwww.euroschool.lu%2Fsite%2Fwp-content%2Fuploads%2F2025%2F11%2FS7-Short-prebacs-schedule-2025-2026-v1.pdf||target:%20_blank|&#8221;][\/vc_column_inner][\/vc_row_inner][\/vc_tta_section][\/vc_tta_accordion][vc_separator][vc_tta_accordion spacing=&#8221;2&#8243; gap=&#8221;2&#8243; active_section=&#8221;1&#8243; no_fill=&#8221;true&#8221; collapsible_all=&#8221;true&#8221; title=&#8221;Examens du Baccalaur\u00e9at europ\u00e9en&#8221;][vc_tta_section title=&#8221;Choix des examens&#8221; tab_id=&#8221;1569163813851-d9d2658f-a0ccfc60-ee05d750-60f0&#8243;][vc_column_text]Les candidats re\u00e7oivent par email une invitation pour faire leurs choix en ligne.[\/vc_column_text][\/vc_tta_section][vc_tta_section title=&#8221;Epreuves \u00e9crites&#8221; tab_id=&#8221;1569163815037-73a2dc8c-5863fc60-ee05d750-60f0&#8243;][vc_row_inner][vc_column_inner][vc_btn title=&#8221;BACC 2026 &#8211; Calendrier des examens \u00e9crits&#8221; style=&#8221;classic&#8221; color=&#8221;sky&#8221; align=&#8221;left&#8221; i_icon_fontawesome=&#8221;&#8221; css=&#8221;.vc_custom_1770112291973{margin-top: 0px !important;margin-right: 0px !important;margin-bottom: 0px !important;margin-left: 0px !important;padding-top: 0px !important;padding-right: 0px !important;padding-bottom: 0px !important;padding-left: 0px !important;}&#8221; button_block=&#8221;true&#8221; add_icon=&#8221;true&#8221; link=&#8221;url:https%3A%2F%2Fwww.euroschool.lu%2Fsite%2Fwp-content%2Fuploads%2F2026%2F02%2FBACC-2026-Written-examinations-calendar.pdf|target:_blank&#8221;][vc_column_text css=&#8221;&#8221; el_class=&#8221;hide&#8221;]<em>A publier.<\/em>[\/vc_column_text][\/vc_column_inner][\/vc_row_inner][vc_row_inner disable_element=&#8221;yes&#8221;][vc_column_inner][vc_btn title=&#8221;Schriftlichen Pr\u00fcfungen &#8211; Written Examinations &#8211; Epreuves \u00e9crites&#8221; style=&#8221;classic&#8221; color=&#8221;sky&#8221; align=&#8221;left&#8221; i_icon_fontawesome=&#8221;fa fa-file-text-o&#8221; css=&#8221;.vc_custom_1738748961970{margin-top: 0px !important;margin-right: 0px !important;margin-bottom: 0px !important;margin-left: 0px !important;padding-top: 0px !important;padding-right: 0px !important;padding-bottom: 0px !important;padding-left: 0px !important;}&#8221; button_block=&#8221;true&#8221; add_icon=&#8221;true&#8221; link=&#8221;url:https%3A%2F%2Fwww.euroschool.lu%2Fsite%2Fwp-content%2Fuploads%2F2025%2F02%2FBACC-2025-Written-examinations-calendar.pdf||target:%20_blank|&#8221;][\/vc_column_inner][\/vc_row_inner][\/vc_tta_section][vc_tta_section title=&#8221;Examens oraux&#8221; tab_id=&#8221;1566746226151-beac3355-d4254499-7cbafc60-ee05d750-60f0&#8243;][vc_row_inner][vc_column_inner][vc_column_text]<em>A publier.<\/em>[\/vc_column_text][\/vc_column_inner][\/vc_row_inner][vc_row_inner disable_element=&#8221;yes&#8221;][vc_column_inner][vc_column_text]Oral exams will be organised 24<sup>th<\/sup> of June \u2013 2<sup>nd<\/sup> of July.<\/p>\n<p>Candidates will get their personal timetables during the month of May.[\/vc_column_text][\/vc_column_inner][\/vc_row_inner][\/vc_tta_section][vc_tta_section title=&#8221;Hinweise f\u00fcr die Kandidaten \/ Notice to candidates \/ Note aux candidats&#8221; tab_id=&#8221;1685976406095-bf2349ea-8286d750-60f0&#8243;][vc_row_inner][vc_column_inner][vc_column_text]<em>A publier.<\/em>[\/vc_column_text][\/vc_column_inner][\/vc_row_inner][vc_row_inner disable_element=&#8221;yes&#8221;][vc_column_inner width=&#8221;1\/3&#8243;][vc_btn title=&#8221;DE&#8221; style=&#8221;classic&#8221; color=&#8221;sky&#8221; align=&#8221;left&#8221; i_icon_fontawesome=&#8221;fa fa-file-text-o&#8221; css=&#8221;.vc_custom_1685976568045{margin-top: 0px !important;margin-right: 0px !important;margin-bottom: 0px !important;margin-left: 0px !important;padding-top: 0px !important;padding-right: 0px !important;padding-bottom: 0px !important;padding-left: 0px !important;}&#8221; button_block=&#8221;true&#8221; add_icon=&#8221;true&#8221; link=&#8221;url:http%3A%2F%2Fwww.euroschool.lu%2Fsite%2Fwp-content%2Fuploads%2F2023%2F06%2FReglement_Note-aux-candidats_DE.pdf||target:%20_blank|&#8221;][\/vc_column_inner][vc_column_inner width=&#8221;1\/3&#8243;][vc_btn title=&#8221;EN&#8221; style=&#8221;classic&#8221; color=&#8221;sky&#8221; align=&#8221;left&#8221; i_icon_fontawesome=&#8221;fa fa-file-text-o&#8221; css=&#8221;.vc_custom_1685976579752{margin-top: 0px !important;margin-right: 0px !important;margin-bottom: 0px !important;margin-left: 0px !important;padding-top: 0px !important;padding-right: 0px !important;padding-bottom: 0px !important;padding-left: 0px !important;}&#8221; button_block=&#8221;true&#8221; add_icon=&#8221;true&#8221; link=&#8221;url:http%3A%2F%2Fwww.euroschool.lu%2Fsite%2Fwp-content%2Fuploads%2F2023%2F06%2FReglement_Note-aux-candidats_EN.pdf||target:%20_blank|&#8221;][\/vc_column_inner][vc_column_inner width=&#8221;1\/3&#8243;][vc_btn title=&#8221;FR&#8221; style=&#8221;classic&#8221; color=&#8221;sky&#8221; align=&#8221;left&#8221; i_icon_fontawesome=&#8221;fa fa-file-text-o&#8221; css=&#8221;.vc_custom_1685976590435{margin-top: 0px !important;margin-right: 0px !important;margin-bottom: 0px !important;margin-left: 0px !important;padding-top: 0px !important;padding-right: 0px !important;padding-bottom: 0px !important;padding-left: 0px !important;}&#8221; button_block=&#8221;true&#8221; add_icon=&#8221;true&#8221; link=&#8221;url:http%3A%2F%2Fwww.euroschool.lu%2Fsite%2Fwp-content%2Fuploads%2F2023%2F06%2FReglement_Note-aux-candidats_FR.pdf||target:%20_blank|&#8221;][\/vc_column_inner][\/vc_row_inner][\/vc_tta_section][\/vc_tta_accordion][vc_separator style=&#8221;double&#8221; css=&#8221;.vc_custom_1624955529878{padding-top: 20px !important;}&#8221;][\/vc_column][\/vc_row][vc_row][vc_column][vc_empty_space height=&#8221;20&#8243;][\/vc_column][\/vc_row]<\/p>\n<\/div>","protected":false},"excerpt":{"rendered":"<p>[vc_row full_width=&#8221;stretch_row_content_no_spaces&#8221; css=&#8221;.vc_custom_1611767278898{margin-bottom: 0px !important;}&#8221;][vc_column css=&#8221;.vc_custom_1589920029564{margin-bottom: 0px !important;}&#8221; offset=&#8221;vc_hidden-sm vc_hidden-xs&#8221;][vc_custom_heading text=&#8221;&#8221; font_container=&#8221;tag:h1|text_align:left&#8221; use_theme_fonts=&#8221;yes&#8221; css=&#8221;.vc_custom_1623842482456{background-image: url(http:\/\/www.euroschool.lu\/site\/wp-content\/uploads\/2021\/06\/Slider_Secondary2.jpg?id=10899)<span class=\"excerpt-hellip\"> [\u2026]<\/span><\/p>\n","protected":false},"author":1,"featured_media":-1,"parent":0,"menu_order":0,"comment_status":"closed","ping_status":"closed","template":"","meta":{"footnotes":""},"categories":[59],"class_list":["post-5013","page","type-page","status-publish","has-post-thumbnail","hentry","category-_page-sec-fr"],"_links":{"self":[{"href":"https:\/\/www.euroschool.lu\/site\/wp-json\/wp\/v2\/pages\/5013","targetHints":{"allow":["GET"]}}],"collection":[{"href":"https:\/\/www.euroschool.lu\/site\/wp-json\/wp\/v2\/pages"}],"about":[{"href":"https:\/\/www.euroschool.lu\/site\/wp-json\/wp\/v2\/types\/page"}],"author":[{"embeddable":true,"href":"https:\/\/www.euroschool.lu\/site\/wp-json\/wp\/v2\/users\/1"}],"replies":[{"embeddable":true,"href":"https:\/\/www.euroschool.lu\/site\/wp-json\/wp\/v2\/comments?post=5013"}],"version-history":[{"count":89,"href":"https:\/\/www.euroschool.lu\/site\/wp-json\/wp\/v2\/pages\/5013\/revisions"}],"predecessor-version":[{"id":20507,"href":"https:\/\/www.euroschool.lu\/site\/wp-json\/wp\/v2\/pages\/5013\/revisions\/20507"}],"wp:featuredmedia":[{"embeddable":true,"href":"https:\/\/www.euroschool.lu\/site\/wp-json\/"}],"wp:attachment":[{"href":"https:\/\/www.euroschool.lu\/site\/wp-json\/wp\/v2\/media?parent=5013"}],"wp:term":[{"taxonomy":"category","embeddable":true,"href":"https:\/\/www.euroschool.lu\/site\/wp-json\/wp\/v2\/categories?post=5013"}],"curies":[{"name":"wp","href":"https:\/\/api.w.org\/{rel}","templated":true}]}}