{"id":5008,"date":"2019-11-17T23:59:05","date_gmt":"2019-11-17T22:59:05","guid":{"rendered":"http:\/\/www.euroschool.lu\/site\/?page_id=5008"},"modified":"2025-09-28T19:03:05","modified_gmt":"2025-09-28T17:03:05","slug":"sekundarstufe-padagogische-unterstutzung","status":"publish","type":"page","link":"https:\/\/www.euroschool.lu\/site\/de\/sekundarstufe-padagogische-unterstutzung\/","title":{"rendered":"Sekundarstufe : P\u00e4dagogische Unterst\u00fctzung"},"content":{"rendered":"<div class=\"wpb-content-wrapper\"><p>[vc_row full_width=&#8221;stretch_row_content_no_spaces&#8221; css=&#8221;.vc_custom_1611767278898{margin-bottom: 0px !important;}&#8221;][vc_column css=&#8221;.vc_custom_1589920029564{margin-bottom: 0px !important;}&#8221; offset=&#8221;vc_hidden-sm vc_hidden-xs&#8221;][vc_custom_heading text=&#8221;&#8221; font_container=&#8221;tag:h1|text_align:left&#8221; use_theme_fonts=&#8221;yes&#8221; el_class=&#8221;custom-header&#8221; css=&#8221;.vc_custom_1624520083381{background-image: url(http:\/\/www.euroschool.lu\/site\/wp-content\/uploads\/2021\/06\/support.jpg?id=11589) !important;background-position: center !important;background-repeat: no-repeat !important;background-size: cover !important;}&#8221;][\/vc_column][\/vc_row][vc_row full_width=&#8221;stretch_row_content_no_spaces&#8221; css=&#8221;.vc_custom_1611767283046{margin-bottom: 0px !important;}&#8221;][vc_column css=&#8221;.vc_custom_1589920591194{margin-bottom: 0px !important;}&#8221; offset=&#8221;vc_hidden-lg vc_hidden-md&#8221;][vc_custom_heading text=&#8221;&#8221; font_container=&#8221;tag:h1|text_align:left&#8221; use_theme_fonts=&#8221;yes&#8221; el_class=&#8221;custom-header-mob&#8221; css=&#8221;.vc_custom_1624520094415{background-image: url(http:\/\/www.euroschool.lu\/site\/wp-content\/uploads\/2021\/06\/support.jpg?id=11589) !important;background-position: center !important;background-repeat: no-repeat !important;background-size: cover !important;}&#8221;][\/vc_column][\/vc_row][vc_row el_class=&#8221;main-box&#8221;][vc_column width=&#8221;1\/5&#8243; offset=&#8221;vc_hidden-md vc_hidden-sm vc_hidden-xs&#8221; el_class=&#8221;sidebar-menu&#8221;][vc_widget_sidebar sidebar_id=&#8221;sidebar-sidebar-menu-sec-de&#8221; el_class=&#8221;sidebar-menu-sec&#8221;][\/vc_column][vc_column width=&#8221;4\/5&#8243; el_class=&#8221;main-column&#8221;][vc_column_text el_class=&#8221;page-title&#8221;]<\/p>\n<h1>Sekundarstufe : P\u00e4dagogische Unterst\u00fctzung<\/h1>\n<p>[\/vc_column_text][vc_row_inner][vc_column_inner width=&#8221;1\/2&#8243;][\/vc_column_inner][vc_column_inner width=&#8221;1\/2&#8243;][vc_btn title=&#8221;Educational support coordinators&#8221; style=&#8221;classic&#8221; color=&#8221;sky&#8221; align=&#8221;right&#8221; i_type=&#8221;entypo&#8221; i_icon_entypo=&#8221;entypo-icon entypo-icon-link&#8221; add_icon=&#8221;true&#8221; link=&#8221;url:https%3A%2F%2Fwww.euroschool.lu%2Fsite%2Fcontact-us%2F%231689858937664-f24afe9c-e22f|||&#8221;][vc_separator][\/vc_column_inner][\/vc_row_inner][vc_column_text]Die Worte, die die grundlegenden Zielsetzungen der Europ\u00e4ischen Schulen zum Ausdruck bringen, sind in die Grundsteine aller Schulen verankert worden:<\/p>\n<p><em><i class=\"icon-quote\" style=\"color:#dcdcdc\" aria-hidden=\"true\"><\/i>Zusammen erzogen, von Kindheit an von den trennenden Vorurteilen unbelastet, vertraut mit allem, was gro\u00df und gut in den verschiedenen Kulturen ist, wird ihnen, w\u00e4hrend sie heranwachsen, in die Seele geschrieben, dass sie zusammengeh\u00f6ren. Ohne aufzuh\u00f6ren, ihr eigenes Land mit Liebe und Stolz zu betrachten, werden sie Europ\u00e4er, geschult und bereit, die Arbeit ihrer V\u00e4ter vor ihnen zu vollenden und zu verfestigen, um ein vereintes und bl\u00fchendes Europa entstehen zu lassen.<\/em><\/p>\n<p>Die Europ\u00e4ischen Schulen sind ein <strong>mehrsprachiges und multikulturelles<\/strong> Umfeld, in dem das Primat der Muttersprache eines Kindes sofern m\u00f6glich gewahrt wird. Die Europ\u00e4ischen Schulen bieten eine <strong>einzigartige allgemeinbildende Erziehung vor dem Hintergrund stetig an h\u00f6heren Erfordernissen gekn\u00fcpfter Lernbedingungen.<\/strong> Diese einzigartige Schullaufbahn <strong>mit h\u00f6chst kognitiven und abstrakten Lernans\u00e4tzen<\/strong> f\u00fchrt zu der Abschlussqualifikation des Europ\u00e4ischen Abiturs.<\/p>\n<p><strong>Integrative Bildung<\/strong> ist der Leitsatz des Europ\u00e4ischen Schulen, die eine diverse und mobile Schulerpopulation bedienen und diverse\/flexible Unterrichts- und Lernans\u00e4tze bieten, die an kinder mit verschiedenen Lernprofilen angepasst sind.<\/p>\n<p>Die Europ\u00e4ischen Schulen <strong>arbeiten ab der Zulassung mit den Familien<\/strong> zusammen, damit so die individuellen Bed\u00fcrfnisse jedes Kindes, da angemessene Aufnahme, die Bereitsstellung von Unterst\u00fctzung oder F\u00f6rderung braucht, befriedigt werden k\u00f6nnen, um ihnen dabei zu helfen, ihr volles Potenzial zu erreichen.<\/p>\n<p>Unter <strong>Differenzierung <\/strong>versteht man die Planung und Durchf\u00fchrung von Lehr- und Lernprozessen f\u00fcr alle Kinder in allen Klassen, die die individuellen Unterschiede in Bezug auf Lernstil, Interesse, Motivation und Begabung ber\u00fccksichtigen und diese Unterschiede im Unterricht widerspiegeln.<\/p>\n<p>Es werden <strong>verschiedene Formen und Stufen der Unterst\u00fctzung<\/strong> angeboten, die eine angemessene Hilfe und Chancengleichheit f\u00fcr alle Sch\u00fcler gew\u00e4hrleisten sollen, einschlie\u00dflich derjenigen mit sonderp\u00e4dagogischem F\u00f6rderbedarf, die zu irgendeinem Zeitpunkt ihrer Schullaufbahn Schwierigkeiten haben oder begabt sind, um ihnen die M\u00f6glichkeit zu geben, sich entsprechend ihrem Potenzial zu entwickeln und Fortschritte zu erzielen.<\/p>\n<p>Es werden folgende Arten von <strong>p\u00e4dagogischer Unterst\u00fctzung<\/strong> angeboten:<\/p>\n<ul>\n<li>Allgemein<\/li>\n<li>Mittel oder<\/li>\n<li>Intensiv<\/li>\n<\/ul>\n<p>Die Unterst\u00fctzung ist flexibel und variiert je nach Entwicklung des Sch\u00fclers und seinen Bed\u00fcrfnissen.<\/p>\n<p>Die Europ\u00e4ischen Schulen bieten auch <strong>angemessene Vorkehrungen im Unterricht oder\/und besondere Vorkehrungen f\u00fcr die Pr\u00fcfungen an. Diese werden aufgelistet und den Sch\u00fclern w\u00e4hrend der Pr\u00fcfungen<\/strong>, Tests und anderen Formen der Bewertung zur Verf\u00fcgung gestellt, um es den Sch\u00fcler zu erm\u00f6glichen, ihr Potenzial auf die fairste Art und Weise auszusch\u00f6pfen.<\/p>\n<p>Wir m\u00f6chten Ihre Aufmerksamkeit auf zwei wichtige Punkte im Zusammenhang mit der Organisation der F\u00f6rderkurse lenken:<\/p>\n<ul>\n<li>In der Sekundarstufe ist der Unterst\u00fctzungunterricht ein zus\u00e4tzlicher Unterricht, der w\u00e4hrend der Freistunden des Sch\u00fclers und seines Unterst\u00fctzung Lehrers organisiert wird. Daher ist ihre Anzahl begrenzt, um den Sch\u00fcler nicht zu \u00fcberlasten und damit kontraproduktiv zu sein.<\/li>\n<li>Die Planung der Unterst\u00fctzungkurse ist an die normalen Zw\u00e4nge der Erstellung des Stundenplans der Schule gebunden. Zu Beginn des Schuljahres ist der Stundenplan vorl\u00e4ufig, und in den ersten Wochen kann es zu \u00c4nderungen kommen, die meisten davon in den ersten drei Wochen, aber auch sp\u00e4ter. Obwohl wir unser Bestes tun, um den Stundenplan zu schlie\u00dfen und die F\u00f6rderkurse so schnell wie m\u00f6glich zu organisieren, ist es daher leider m\u00f6glich, dass einige F\u00f6rderkurse erst nach einigen Wochen geplant werden k\u00f6nnen.<\/li>\n<\/ul>\n<p>F\u00fcr weitere Einzelheiten lesen Sie bitte die folgenden Dokumente:[\/vc_column_text][vc_tta_accordion gap=&#8221;2&#8243; active_section=&#8221;0&#8243; collapsible_all=&#8221;true&#8221;][vc_tta_section title=&#8221;Educational Support in Secondary School&#8221; tab_id=&#8221;1569146856879-dbbcca52-af61a750-41f4&#8243;][vc_row_inner css=&#8221;.vc_custom_1618213822610{margin: 0px !important;padding: 0px !important;}&#8221;][vc_column_inner css=&#8221;.vc_custom_1618213852545{margin: 0px !important;padding: 0px !important;}&#8221;][vc_btn title=&#8221;EN &#8211; Secondary school support organisation chart&#8221; style=&#8221;classic&#8221; color=&#8221;sky&#8221; align=&#8221;left&#8221; i_icon_fontawesome=&#8221;fa fa-sitemap&#8221; button_block=&#8221;true&#8221; add_icon=&#8221;true&#8221; link=&#8221;url:http%3A%2F%2Fwww.euroschool.lu%2Fsite%2Fwp-content%2Fuploads%2F2023%2F02%2FSupport-secondary.pdf||target:%20_blank|&#8221; css=&#8221;.vc_custom_1676552751393{margin-top: 0px !important;margin-right: 0px !important;margin-bottom: 2px !important;margin-left: 0px !important;padding-top: 0px !important;padding-right: 0px !important;padding-bottom: 0px !important;padding-left: 0px !important;}&#8221;][vc_btn title=&#8221;FR &#8211; Organigramme soutien au secondaire&#8221; style=&#8221;classic&#8221; color=&#8221;sky&#8221; align=&#8221;left&#8221; i_icon_fontawesome=&#8221;fa fa-sitemap&#8221; button_block=&#8221;true&#8221; add_icon=&#8221;true&#8221; link=&#8221;url:http%3A%2F%2Fwww.euroschool.lu%2Fsite%2Fwp-content%2Fuploads%2F2023%2F02%2FSoutien-au-secondaire.pdf||target:%20_blank|&#8221; css=&#8221;.vc_custom_1676552807856{margin-top: 0px !important;margin-right: 0px !important;margin-bottom: 2px !important;margin-left: 0px !important;padding-top: 0px !important;padding-right: 0px !important;padding-bottom: 0px !important;padding-left: 0px !important;}&#8221;][vc_btn title=&#8221;FR &#8211; Que faire si mon enfant \u00e0 des difficult\u00e9s dans une mati\u00e8re ?&#8221; style=&#8221;classic&#8221; color=&#8221;sky&#8221; align=&#8221;left&#8221; i_icon_fontawesome=&#8221;fa fa-sitemap&#8221; button_block=&#8221;true&#8221; add_icon=&#8221;true&#8221; link=&#8221;url:http%3A%2F%2Fwww.euroschool.lu%2Fsite%2Fwp-content%2Fuploads%2F2021%2F04%2FQue-faire-si-mon-enfant-%C3%A0-des-difficult%C3%A9s-dans-une-mati%C3%A8re-v1.pdf||target:%20_blank|&#8221; css=&#8221;.vc_custom_1624263024110{margin-top: 0px !important;margin-right: 0px !important;margin-bottom: 2px !important;margin-left: 0px !important;padding-top: 0px !important;padding-right: 0px !important;padding-bottom: 0px !important;padding-left: 0px !important;}&#8221;][vc_btn title=&#8221;FR &#8211; Que faire si un trouble d\u2019apprentissage a \u00e9t\u00e9 d\u00e9tect\u00e9 ?&#8221; style=&#8221;classic&#8221; color=&#8221;sky&#8221; align=&#8221;left&#8221; i_icon_fontawesome=&#8221;fa fa-sitemap&#8221; button_block=&#8221;true&#8221; add_icon=&#8221;true&#8221; link=&#8221;url:http%3A%2F%2Fwww.euroschool.lu%2Fsite%2Fwp-content%2Fuploads%2F2021%2F04%2FQue-faire-si-un-trouble-d%E2%80%99apprentissage-a-%C3%A9t%C3%A9-d%C3%A9tect%C3%A9-v1.pdf||target:%20_blank|&#8221; css=&#8221;.vc_custom_1624263031151{margin-top: 0px !important;margin-right: 0px !important;margin-bottom: 2px !important;margin-left: 0px !important;padding-top: 0px !important;padding-right: 0px !important;padding-bottom: 0px !important;padding-left: 0px !important;}&#8221;][\/vc_column_inner][\/vc_row_inner][\/vc_tta_section][vc_tta_section title=&#8221;Criteria for the mutlidisciplinary report&#8221; tab_id=&#8221;1670604639090-6f19ea4f-c466a750-41f4&#8243;][vc_row_inner][vc_column_inner width=&#8221;1\/3&#8243;][vc_btn title=&#8221;DE &#8211; Kriterien f\u00fcr den Medizinischen Bericht 2012-05-D-15-de-13&#8243; style=&#8221;classic&#8221; color=&#8221;sky&#8221; align=&#8221;left&#8221; i_icon_fontawesome=&#8221;fa fa-file-text-o&#8221; button_block=&#8221;true&#8221; add_icon=&#8221;true&#8221; css=&#8221;.vc_custom_1670605178872{margin-top: 0px !important;margin-right: 0px !important;margin-bottom: 0px !important;margin-left: 0px !important;padding-top: 0px !important;padding-right: 0px !important;padding-bottom: 0px !important;padding-left: 0px !important;}&#8221; link=&#8221;url:http%3A%2F%2Fwww.euroschool.lu%2Fsite%2Fwp-content%2Fuploads%2F2022%2F12%2FKriterien-fur-den-Medizinischen-Bericht-2012-05-D-15-de-13.pdf||target:%20_blank|&#8221;][\/vc_column_inner][vc_column_inner width=&#8221;1\/3&#8243;][vc_btn title=&#8221;EN &#8211; Criteria for the multidisciplinary report 2012-05-D-15-en-13.&#8221; style=&#8221;classic&#8221; color=&#8221;sky&#8221; align=&#8221;left&#8221; i_icon_fontawesome=&#8221;fa fa-file-text-o&#8221; button_block=&#8221;true&#8221; add_icon=&#8221;true&#8221; css=&#8221;.vc_custom_1670605191527{margin-top: 0px !important;margin-right: 0px !important;margin-bottom: 0px !important;margin-left: 0px !important;padding-top: 0px !important;padding-right: 0px !important;padding-bottom: 0px !important;padding-left: 0px !important;}&#8221; link=&#8221;url:http%3A%2F%2Fwww.euroschool.lu%2Fsite%2Fwp-content%2Fuploads%2F2022%2F12%2FCriteria-for-the-multidisciplinary-report-2012-05-D-15-en-13..pdf||target:%20_blank|&#8221;][\/vc_column_inner][vc_column_inner width=&#8221;1\/3&#8243;][vc_btn title=&#8221;FR &#8211; Crit\u00e8res pour le rapport m\u00e9dical 2012-05-D-15-fr-13&#8243; style=&#8221;classic&#8221; color=&#8221;sky&#8221; align=&#8221;left&#8221; i_icon_fontawesome=&#8221;fa fa-file-text-o&#8221; button_block=&#8221;true&#8221; add_icon=&#8221;true&#8221; css=&#8221;.vc_custom_1670605205208{margin-top: 0px !important;margin-right: 0px !important;margin-bottom: 0px !important;margin-left: 0px !important;padding-top: 0px !important;padding-right: 0px !important;padding-bottom: 0px !important;padding-left: 0px !important;}&#8221; link=&#8221;url:%20http%3A%2F%2Fwww.euroschool.lu%2Fsite%2Fwp-content%2Fuploads%2F2022%2F12%2FCriteres-pour-le-rapport-medical-2012-05-D-15-fr-13.pdf||target:%20_blank|&#8221;][\/vc_column_inner][\/vc_row_inner][\/vc_tta_section][vc_tta_section title=&#8221;Request for special arrangements for BAC years \u2013 to be introduced in start of S5&#8243; tab_id=&#8221;1689856917893-f7fd71c4-cb80a750-41f4&#8243;][vc_row_inner css=&#8221;.vc_custom_1618213822610{margin: 0px !important;padding: 0px !important;}&#8221;][vc_column_inner css=&#8221;.vc_custom_1618213852545{margin: 0px !important;padding: 0px !important;}&#8221;][vc_btn title=&#8221;EN &#8211; Instructions for the request of Special Arrangements for the European BAC cycle&#8221; style=&#8221;classic&#8221; color=&#8221;sky&#8221; align=&#8221;left&#8221; button_block=&#8221;true&#8221; link=&#8221;url:https%3A%2F%2Fwww.euroschool.lu%2Fsite%2Fwp-content%2Fuploads%2F2025%2F09%2FInstructions-for-the-request-of-Special-Arrangements-in-the-European-BAC-cycle_EN-.pdf||target:%20_blank|&#8221; css=&#8221;.vc_custom_1759078172031{margin-top: 0px !important;margin-right: 0px !important;margin-bottom: 2px !important;margin-left: 0px !important;padding-top: 0px !important;padding-right: 0px !important;padding-bottom: 0px !important;padding-left: 0px !important;}&#8221;][vc_btn title=&#8221;FR &#8211; Instructions pour la demande d&#8217;arrangements sp\u00e9ciaux pour le cycle du BAC europ\u00e9en&#8221; style=&#8221;classic&#8221; color=&#8221;sky&#8221; align=&#8221;left&#8221; button_block=&#8221;true&#8221; link=&#8221;url:https%3A%2F%2Fwww.euroschool.lu%2Fsite%2Fwp-content%2Fuploads%2F2025%2F09%2FInstructions-for-the-request-of-Special-Arrangements-in-the-European-Bac-cycle_FR.pdf||target:%20_blank|&#8221; css=&#8221;.vc_custom_1759078186216{margin-top: 0px !important;margin-right: 0px !important;margin-bottom: 2px !important;margin-left: 0px !important;padding-top: 0px !important;padding-right: 0px !important;padding-bottom: 0px !important;padding-left: 0px !important;}&#8221;][vc_separator color=&#8221;sky&#8221; css=&#8221;.vc_custom_1689857226856{margin-top: 10px !important;margin-bottom: 10px !important;}&#8221;][vc_btn title=&#8221;EN &#8211; Limited authorisation to release confidential information&#8221; style=&#8221;classic&#8221; color=&#8221;sky&#8221; align=&#8221;left&#8221; button_block=&#8221;true&#8221; link=&#8221;url:https%3A%2F%2Fwww.euroschool.lu%2Fsite%2Fwp-content%2Fuploads%2F2025%2F09%2FLimited-authorisation-to-release-confidential-information.pdf||target:%20_blank|&#8221; css=&#8221;.vc_custom_1759078203028{margin-top: 0px !important;margin-right: 0px !important;margin-bottom: 2px !important;margin-left: 0px !important;padding-top: 0px !important;padding-right: 0px !important;padding-bottom: 0px !important;padding-left: 0px !important;}&#8221;][vc_btn title=&#8221;FR &#8211; Autorisation limit\u00e9e de divulgation d\u2019informations confidentielles&#8221; style=&#8221;classic&#8221; color=&#8221;sky&#8221; align=&#8221;left&#8221; button_block=&#8221;true&#8221; link=&#8221;url:https%3A%2F%2Fwww.euroschool.lu%2Fsite%2Fwp-content%2Fuploads%2F2025%2F09%2FAutorisation-limitee-de-divulgation-dinformations.pdf||target:%20_blank|&#8221; css=&#8221;.vc_custom_1759078216046{margin-top: 0px !important;margin-right: 0px !important;margin-bottom: 2px !important;margin-left: 0px !important;padding-top: 0px !important;padding-right: 0px !important;padding-bottom: 0px !important;padding-left: 0px !important;}&#8221;][vc_separator color=&#8221;sky&#8221; css=&#8221;.vc_custom_1689857226856{margin-top: 10px !important;margin-bottom: 10px !important;}&#8221;][vc_btn title=&#8221;EN &#8211; Template for the requesting of special arrangements for the European Baccalaureate cycle (S6-S7)&#8221; style=&#8221;classic&#8221; color=&#8221;sky&#8221; align=&#8221;left&#8221; button_block=&#8221;true&#8221; link=&#8221;url:https%3A%2F%2Fwww.euroschool.lu%2Fsite%2Fwp-content%2Fuploads%2F2025%2F09%2FRequest-for-special-arrangements_BAC_cycle_EN.pdf||target:%20_blank|&#8221; css=&#8221;.vc_custom_1759078233601{margin-top: 0px !important;margin-right: 0px !important;margin-bottom: 2px !important;margin-left: 0px !important;padding-top: 0px !important;padding-right: 0px !important;padding-bottom: 0px !important;padding-left: 0px !important;}&#8221;][vc_btn title=&#8221;FR &#8211; Mod\u00e8le de demande de dispositions particuli\u00e8res pour le cycle du Baccalaur\u00e9at europ\u00e9en (S6-S7)&#8221; style=&#8221;classic&#8221; color=&#8221;sky&#8221; align=&#8221;left&#8221; button_block=&#8221;true&#8221; link=&#8221;url:%20https%3A%2F%2Fwww.euroschool.lu%2Fsite%2Fwp-content%2Fuploads%2F2025%2F09%2FDemande-darrangements-speciaux_Cycle_BAC_FR.pdf||target:%20_blank|&#8221; css=&#8221;.vc_custom_1759078253399{margin-top: 0px !important;margin-right: 0px !important;margin-bottom: 2px !important;margin-left: 0px !important;padding-top: 0px !important;padding-right: 0px !important;padding-bottom: 0px !important;padding-left: 0px !important;}&#8221;][vc_separator color=&#8221;sky&#8221; css=&#8221;.vc_custom_1689857226856{margin-top: 10px !important;margin-bottom: 10px !important;}&#8221;][vc_btn title=&#8221;BAC special arrangements 2025&#8243; style=&#8221;classic&#8221; color=&#8221;sky&#8221; align=&#8221;left&#8221; button_block=&#8221;true&#8221; link=&#8221;url:https%3A%2F%2Fwww.euroschool.lu%2Fsite%2Fwp-content%2Fuploads%2F2025%2F09%2FBAC-special-arrangements-2025.pdf||target:%20_blank|&#8221; css=&#8221;.vc_custom_1759078431043{margin-top: 0px !important;margin-right: 0px !important;margin-bottom: 2px !important;margin-left: 0px !important;padding-top: 0px !important;padding-right: 0px !important;padding-bottom: 0px !important;padding-left: 0px !important;}&#8221;][\/vc_column_inner][\/vc_row_inner][\/vc_tta_section][\/vc_tta_accordion][vc_tta_accordion gap=&#8221;2&#8243; active_section=&#8221;0&#8243; no_fill=&#8221;true&#8221; collapsible_all=&#8221;true&#8221;][vc_tta_section title=&#8221;Policy on the Provision of Educational Support in the European Schools&#8221; tab_id=&#8221;1618213384720-e406d340-2b2ba750-41f4&#8243;][vc_row_inner][vc_column_inner width=&#8221;1\/3&#8243;][vc_btn title=&#8221;DE&#8221; style=&#8221;classic&#8221; color=&#8221;sky&#8221; align=&#8221;left&#8221; i_icon_fontawesome=&#8221;fa fa-file-text-o&#8221; button_block=&#8221;true&#8221; add_icon=&#8221;true&#8221; css=&#8221;.vc_custom_1668160646818{margin-top: 0px !important;margin-right: 0px !important;margin-bottom: 0px !important;margin-left: 0px !important;padding-top: 0px !important;padding-right: 0px !important;padding-bottom: 0px !important;padding-left: 0px !important;}&#8221; link=&#8221;url:http%3A%2F%2Fwww.euroschool.lu%2Fsite%2Fwp-content%2Fuploads%2F2022%2F11%2F2012-05-D-14-de-10.pdf||target:%20_blank|&#8221;][\/vc_column_inner][vc_column_inner width=&#8221;1\/3&#8243;][vc_btn title=&#8221;EN&#8221; style=&#8221;classic&#8221; color=&#8221;sky&#8221; align=&#8221;left&#8221; i_icon_fontawesome=&#8221;fa fa-file-text-o&#8221; button_block=&#8221;true&#8221; add_icon=&#8221;true&#8221; css=&#8221;.vc_custom_1668160664996{margin-top: 0px !important;margin-right: 0px !important;margin-bottom: 0px !important;margin-left: 0px !important;padding-top: 0px !important;padding-right: 0px !important;padding-bottom: 0px !important;padding-left: 0px !important;}&#8221; link=&#8221;url:http%3A%2F%2Fwww.euroschool.lu%2Fsite%2Fwp-content%2Fuploads%2F2022%2F11%2F2012-05-D-14-en-10.pdf||target:%20_blank|&#8221;][\/vc_column_inner][vc_column_inner width=&#8221;1\/3&#8243;][vc_btn title=&#8221;FR&#8221; style=&#8221;classic&#8221; color=&#8221;sky&#8221; align=&#8221;left&#8221; i_icon_fontawesome=&#8221;fa fa-file-text-o&#8221; button_block=&#8221;true&#8221; add_icon=&#8221;true&#8221; css=&#8221;.vc_custom_1668160684766{margin-top: 0px !important;margin-right: 0px !important;margin-bottom: 0px !important;margin-left: 0px !important;padding-top: 0px !important;padding-right: 0px !important;padding-bottom: 0px !important;padding-left: 0px !important;}&#8221; link=&#8221;url:http%3A%2F%2Fwww.euroschool.lu%2Fsite%2Fwp-content%2Fuploads%2F2022%2F11%2F2012-05-D-14-fr-10.pdf||target:%20_blank|&#8221;][\/vc_column_inner][\/vc_row_inner][\/vc_tta_section][vc_tta_section title=&#8221;Provision of Educational Support in the European Schools &#8211; Procedural document&#8221; tab_id=&#8221;1618213385089-a370dd00-aa85a750-41f4&#8243;][vc_row_inner][vc_column_inner el_class=&#8221;hide&#8221; width=&#8221;1\/3&#8243;][vc_btn title=&#8221;DE&#8221; style=&#8221;classic&#8221; color=&#8221;sky&#8221; align=&#8221;left&#8221; i_icon_fontawesome=&#8221;fa fa-file-text-o&#8221; button_block=&#8221;true&#8221; add_icon=&#8221;true&#8221; css=&#8221;.vc_custom_1668160702154{margin-top: 0px !important;margin-right: 0px !important;margin-bottom: 0px !important;margin-left: 0px !important;padding-top: 0px !important;padding-right: 0px !important;padding-bottom: 0px !important;padding-left: 0px !important;}&#8221; link=&#8221;url:http%3A%2F%2Fwww.euroschool.lu%2Fsite%2Fwp-content%2Fuploads%2F2022%2F11%2F2012-05-D-15-de-13.pdf||target:%20_blank|&#8221;][\/vc_column_inner][vc_column_inner width=&#8221;1\/3&#8243;][vc_btn title=&#8221;EN&#8221; style=&#8221;classic&#8221; color=&#8221;sky&#8221; align=&#8221;left&#8221; i_icon_fontawesome=&#8221;fa fa-file-text-o&#8221; button_block=&#8221;true&#8221; add_icon=&#8221;true&#8221; css=&#8221;.vc_custom_1715189724998{margin-top: 0px !important;margin-right: 0px !important;margin-bottom: 0px !important;margin-left: 0px !important;padding-top: 0px !important;padding-right: 0px !important;padding-bottom: 0px !important;padding-left: 0px !important;}&#8221; link=&#8221;url:https%3A%2F%2Fwww.euroschool.lu%2Fsite%2Fwp-content%2Fuploads%2F2024%2F05%2F2012-05-D-15-en-14.pdf||target:%20_blank|&#8221;][\/vc_column_inner][vc_column_inner el_class=&#8221;hide&#8221; width=&#8221;1\/3&#8243;][vc_btn title=&#8221;FR&#8221; style=&#8221;classic&#8221; color=&#8221;sky&#8221; align=&#8221;left&#8221; i_icon_fontawesome=&#8221;fa fa-file-text-o&#8221; button_block=&#8221;true&#8221; add_icon=&#8221;true&#8221; css=&#8221;.vc_custom_1668160725539{margin-top: 0px !important;margin-right: 0px !important;margin-bottom: 0px !important;margin-left: 0px !important;padding-top: 0px !important;padding-right: 0px !important;padding-bottom: 0px !important;padding-left: 0px !important;}&#8221; link=&#8221;url:http%3A%2F%2Fwww.euroschool.lu%2Fsite%2Fwp-content%2Fuploads%2F2022%2F11%2F2012-05-D-15-fr-13.pdf||target:%20_blank|&#8221;][\/vc_column_inner][\/vc_row_inner][\/vc_tta_section][\/vc_tta_accordion][vc_separator][vc_btn title=&#8221;Further information on the types of learning support measures can be consulted in the Memorandum for parents.&#8221; style=&#8221;classic&#8221; color=&#8221;sky&#8221; align=&#8221;left&#8221; i_type=&#8221;entypo&#8221; i_icon_entypo=&#8221;entypo-icon entypo-icon-link&#8221; button_block=&#8221;true&#8221; add_icon=&#8221;true&#8221; css=&#8221;.vc_custom_1624958039669{margin-top: 0px !important;margin-right: 0px !important;margin-bottom: 40px !important;margin-left: 0px !important;padding-top: 0px !important;padding-right: 0px !important;padding-bottom: 0px !important;padding-left: 0px !important;}&#8221; link=&#8221;url:http%3A%2F%2Fwww.euroschool.lu%2Fsite%2Fofficial-texts-rules-memoranda%2F|||&#8221;][vc_separator style=&#8221;double&#8221;][\/vc_column][\/vc_row][vc_row][vc_column][vc_empty_space height=&#8221;20&#8243;][\/vc_column][\/vc_row]<\/p>\n<\/div>","protected":false},"excerpt":{"rendered":"<p>[vc_row full_width=&#8221;stretch_row_content_no_spaces&#8221; css=&#8221;.vc_custom_1611767278898{margin-bottom: 0px !important;}&#8221;][vc_column css=&#8221;.vc_custom_1589920029564{margin-bottom: 0px !important;}&#8221; offset=&#8221;vc_hidden-sm vc_hidden-xs&#8221;][vc_custom_heading text=&#8221;&#8221; font_container=&#8221;tag:h1|text_align:left&#8221; use_theme_fonts=&#8221;yes&#8221; el_class=&#8221;custom-header&#8221; css=&#8221;.vc_custom_1624520083381{background-image:<span class=\"excerpt-hellip\"> [\u2026]<\/span><\/p>\n","protected":false},"author":1,"featured_media":0,"parent":0,"menu_order":0,"comment_status":"closed","ping_status":"closed","template":"","meta":{"footnotes":""},"categories":[61],"class_list":["post-5008","page","type-page","status-publish","hentry","category-_page-sec-de"],"_links":{"self":[{"href":"https:\/\/www.euroschool.lu\/site\/wp-json\/wp\/v2\/pages\/5008","targetHints":{"allow":["GET"]}}],"collection":[{"href":"https:\/\/www.euroschool.lu\/site\/wp-json\/wp\/v2\/pages"}],"about":[{"href":"https:\/\/www.euroschool.lu\/site\/wp-json\/wp\/v2\/types\/page"}],"author":[{"embeddable":true,"href":"https:\/\/www.euroschool.lu\/site\/wp-json\/wp\/v2\/users\/1"}],"replies":[{"embeddable":true,"href":"https:\/\/www.euroschool.lu\/site\/wp-json\/wp\/v2\/comments?post=5008"}],"version-history":[{"count":36,"href":"https:\/\/www.euroschool.lu\/site\/wp-json\/wp\/v2\/pages\/5008\/revisions"}],"predecessor-version":[{"id":19869,"href":"https:\/\/www.euroschool.lu\/site\/wp-json\/wp\/v2\/pages\/5008\/revisions\/19869"}],"wp:attachment":[{"href":"https:\/\/www.euroschool.lu\/site\/wp-json\/wp\/v2\/media?parent=5008"}],"wp:term":[{"taxonomy":"category","embeddable":true,"href":"https:\/\/www.euroschool.lu\/site\/wp-json\/wp\/v2\/categories?post=5008"}],"curies":[{"name":"wp","href":"https:\/\/api.w.org\/{rel}","templated":true}]}}