{"id":4992,"date":"2019-11-17T23:43:30","date_gmt":"2019-11-17T22:43:30","guid":{"rendered":"http:\/\/www.euroschool.lu\/site\/?page_id=4992"},"modified":"2025-10-20T11:55:08","modified_gmt":"2025-10-20T09:55:08","slug":"sekundarstufe-berufsberatung","status":"publish","type":"page","link":"https:\/\/www.euroschool.lu\/site\/de\/sekundarstufe-berufsberatung\/","title":{"rendered":"Sekundarstufe : Berufsberatung"},"content":{"rendered":"<div class=\"wpb-content-wrapper\"><p>[vc_row full_width=&#8221;stretch_row_content_no_spaces&#8221; css=&#8221;.vc_custom_1611767278898{margin-bottom: 0px !important;}&#8221;][vc_column css=&#8221;.vc_custom_1589920029564{margin-bottom: 0px !important;}&#8221; offset=&#8221;vc_hidden-sm vc_hidden-xs&#8221;][vc_custom_heading text=&#8221;&#8221; font_container=&#8221;tag:h1|text_align:left&#8221; use_theme_fonts=&#8221;yes&#8221; el_class=&#8221;custom-header&#8221; css=&#8221;.vc_custom_1624518668228{background-image: url(http:\/\/www.euroschool.lu\/site\/wp-content\/uploads\/2021\/06\/choix-mati\u00e8res.jpg?id=11131) !important;background-position: center !important;background-repeat: no-repeat !important;background-size: cover !important;}&#8221;][\/vc_column][\/vc_row][vc_row full_width=&#8221;stretch_row_content_no_spaces&#8221; css=&#8221;.vc_custom_1611767283046{margin-bottom: 0px !important;}&#8221;][vc_column css=&#8221;.vc_custom_1589920591194{margin-bottom: 0px !important;}&#8221; offset=&#8221;vc_hidden-lg vc_hidden-md&#8221;][vc_custom_heading text=&#8221;&#8221; font_container=&#8221;tag:h1|text_align:left&#8221; use_theme_fonts=&#8221;yes&#8221; el_class=&#8221;custom-header-mob&#8221; css=&#8221;.vc_custom_1624518679551{background-image: url(http:\/\/www.euroschool.lu\/site\/wp-content\/uploads\/2021\/06\/choix-mati\u00e8res.jpg?id=11131) !important;background-position: center !important;background-repeat: no-repeat !important;background-size: cover !important;}&#8221;][\/vc_column][\/vc_row][vc_row el_class=&#8221;main-box&#8221;][vc_column width=&#8221;1\/5&#8243; offset=&#8221;vc_hidden-md vc_hidden-sm vc_hidden-xs&#8221; el_class=&#8221;sidebar-menu&#8221;][vc_widget_sidebar sidebar_id=&#8221;sidebar-sidebar-menu-sec-de&#8221; el_class=&#8221;sidebar-menu-sec&#8221;][\/vc_column][vc_column width=&#8221;4\/5&#8243; el_class=&#8221;main-column&#8221;][vc_column_text el_class=&#8221;page-title&#8221;]<\/p>\n<h1>Sekundarstufe : Berufsberatung<\/h1>\n<p>[\/vc_column_text][vc_text_separator title=&#8221;Geb\u00fchren f\u00fcr die Bearbeitung der Bewerbungen an einer Hochschule (2025\/2026)&#8221; title_align=&#8221;separator_align_left&#8221; color=&#8221;custom&#8221; css=&#8221;.vc_custom_1751125115944{margin-bottom: 10px !important;}&#8221; el_class=&#8221;line-separator&#8221; accent_color=&#8221;#545454&#8243;][vc_column_text css=&#8221;.vc_custom_1751125104142{margin-top: 20px !important;}&#8221; el_class=&#8221;hide&#8221;]To be published.[\/vc_column_text][vc_row_inner][vc_column_inner][vc_btn title=&#8221;(DE) Geb\u00fchren f\u00fcr die Bearbeitung der Bewerbungen an einer Hochschule&#8221; style=&#8221;classic&#8221; color=&#8221;sky&#8221; align=&#8221;left&#8221; i_icon_fontawesome=&#8221;fa fa-file-text-o&#8221; button_block=&#8221;true&#8221; add_icon=&#8221;true&#8221; css=&#8221;.vc_custom_1751125189374{margin-top: 0px !important;margin-right: 0px !important;margin-bottom: 5px !important;margin-left: 0px !important;padding-top: 0px !important;padding-right: 0px !important;padding-bottom: 0px !important;padding-left: 0px !important;}&#8221; link=&#8221;url:https%3A%2F%2Fwww.euroschool.lu%2Fsite%2Fwp-content%2Fuploads%2F2025%2F06%2FInscription_dossiers_universite_2025_2026_DE.pdf||target:%20_blank|&#8221;][vc_btn title=&#8221;(EN) Payment system for dossier management for higher education applications&#8221; style=&#8221;classic&#8221; color=&#8221;sky&#8221; align=&#8221;left&#8221; i_icon_fontawesome=&#8221;fa fa-file-text-o&#8221; button_block=&#8221;true&#8221; add_icon=&#8221;true&#8221; css=&#8221;.vc_custom_1751125204747{margin-top: 0px !important;margin-right: 0px !important;margin-bottom: 5px !important;margin-left: 0px !important;padding-top: 0px !important;padding-right: 0px !important;padding-bottom: 0px !important;padding-left: 0px !important;}&#8221; link=&#8221;url:https%3A%2F%2Fwww.euroschool.lu%2Fsite%2Fwp-content%2Fuploads%2F2025%2F06%2FInscription_dossiers_universite_2025_2026_EN.pdf||target:%20_blank|&#8221;][vc_btn title=&#8221;(FR) Syst\u00e8me de paiement pour la gestion des dossiers d\u2019inscription dans l\u2019enseignement sup\u00e9rieur&#8221; style=&#8221;classic&#8221; color=&#8221;sky&#8221; align=&#8221;left&#8221; i_icon_fontawesome=&#8221;fa fa-file-text-o&#8221; button_block=&#8221;true&#8221; add_icon=&#8221;true&#8221; css=&#8221;.vc_custom_1751125221320{margin-top: 0px !important;margin-right: 0px !important;margin-bottom: 5px !important;margin-left: 0px !important;padding-top: 0px !important;padding-right: 0px !important;padding-bottom: 0px !important;padding-left: 0px !important;}&#8221; link=&#8221;url:https%3A%2F%2Fwww.euroschool.lu%2Fsite%2Fwp-content%2Fuploads%2F2025%2F06%2FInscription_dossiers_universite_2025-2026_FR.pdf||target:%20_blank|&#8221;][\/vc_column_inner][\/vc_row_inner][vc_text_separator title=&#8221;Neuen Vorkerhungen f\u00fcr die BERUFSBERATUNG und ein neues Verg\u00fctungssystem (Memorandum Ref.: 2020-06-M-3)&#8221; title_align=&#8221;separator_align_left&#8221; color=&#8221;custom&#8221; css=&#8221;.vc_custom_1729760617264{margin-bottom: 10px !important;}&#8221; el_class=&#8221;line-separator&#8221; accent_color=&#8221;#545454&#8243;][vc_btn title=&#8221;(DE) Neuen Vorkehrungen f\u00fcr die BERUFSBERATUNG&#8221; style=&#8221;classic&#8221; color=&#8221;sky&#8221; align=&#8221;left&#8221; i_icon_fontawesome=&#8221;fa fa-file-text-o&#8221; button_block=&#8221;true&#8221; add_icon=&#8221;true&#8221; css=&#8221;.vc_custom_1662811464049{margin-top: 0px !important;margin-right: 0px !important;margin-bottom: 5px !important;margin-left: 0px !important;padding-top: 0px !important;padding-right: 0px !important;padding-bottom: 0px !important;padding-left: 0px !important;}&#8221; link=&#8221;url:http%3A%2F%2Fwww.euroschool.lu%2Fsite%2Fwp-content%2Fuploads%2F2022%2F09%2F2020-06-M-3-DE.pdf||target:%20_blank|&#8221;][vc_btn title=&#8221;(EN) New arrangements for CAREERS GUIDANCE&#8221; style=&#8221;classic&#8221; color=&#8221;sky&#8221; align=&#8221;left&#8221; i_icon_fontawesome=&#8221;fa fa-file-text-o&#8221; button_block=&#8221;true&#8221; add_icon=&#8221;true&#8221; css=&#8221;.vc_custom_1662811483580{margin-top: 0px !important;margin-right: 0px !important;margin-bottom: 5px !important;margin-left: 0px !important;padding-top: 0px !important;padding-right: 0px !important;padding-bottom: 0px !important;padding-left: 0px !important;}&#8221; link=&#8221;url:http%3A%2F%2Fwww.euroschool.lu%2Fsite%2Fwp-content%2Fuploads%2F2022%2F09%2F2020-06-M-3-EN.pdf||target:%20_blank|&#8221;][vc_btn title=&#8221;(FR) Nouvelles modalit\u00e9s pour l\u2019ORIENTATION PROFESSIONNELLE&#8221; style=&#8221;classic&#8221; color=&#8221;sky&#8221; align=&#8221;left&#8221; i_icon_fontawesome=&#8221;fa fa-file-text-o&#8221; button_block=&#8221;true&#8221; add_icon=&#8221;true&#8221; css=&#8221;.vc_custom_1662811500692{margin-top: 0px !important;margin-right: 0px !important;margin-bottom: 5px !important;margin-left: 0px !important;padding-top: 0px !important;padding-right: 0px !important;padding-bottom: 0px !important;padding-left: 0px !important;}&#8221; link=&#8221;url:http%3A%2F%2Fwww.euroschool.lu%2Fsite%2Fwp-content%2Fuploads%2F2022%2F09%2F2020-06-M-3-FR.pdf||target:%20_blank|&#8221;][vc_empty_space height=&#8221;10&#8243;][vc_separator][vc_tta_accordion active_section=&#8221;0&#8243; no_fill=&#8221;true&#8221; collapsible_all=&#8221;true&#8221;][vc_tta_section title=&#8221;Nationale Berufsberater&#8221; tab_id=&#8221;1566207619946-acd17d8c-d46ca0b5-bc1609bb-feebbcf1-f874&#8243;][vc_column_text]<i class=\"icon-doc\" style=\"\" aria-hidden=\"true\"><\/i><i class=\"icon-right\" style=\"\" aria-hidden=\"true\"><\/i><i class=\"icon-doc-landscape\" style=\"\" aria-hidden=\"true\"><\/i> Drehen Sie das Handy ins Querformat, um eine bessere Sicht zu haben.[\/vc_column_text][vc_row_inner][vc_column_inner][vc_column_text]<\/p>\n<table width=\"80%\">\n<thead>\n<tr>\n<th style=\"text-align: center;\">Land<\/th>\n<th style=\"text-align: center;\">Berater<\/th>\n<th style=\"text-align: left;\">Kontakt und Links<\/th>\n<\/tr>\n<\/thead>\n<tbody>\n<tr>\n<td>Belgien (Franz\u00f6sisch und Niederl\u00e4ndisch sprechend)<\/td>\n<td>Hr BOELEN<\/td>\n<td style=\"text-align: left;\"><a href=\"mailto:gunter.boelen@teacher.eursc.eu\" target=\"_blank\" rel=\"noopener noreferrer\">Email: gunter.boelen@teacher.eursc.eu<\/a><br \/>\n<a href=\"https:\/\/onderwijs.vlaanderen.be\/nl\/studenten\" target=\"_blank\" rel=\"noopener noreferrer\">https:\/\/onderwijs.vlaanderen.be\/nl\/studenten<\/a><br \/>\n<a href=\"http:\/\/www.cfwb.be\" target=\"_blank\" rel=\"noopener noreferrer\">http:\/\/www.cfwb.be<\/a><\/td>\n<\/tr>\n<tr>\n<td>UK<\/td>\n<td>Hr WATSON<\/td>\n<td style=\"text-align: left;\"><a href=\"mailto:david.watson@teacher.eursc.eu\" target=\"_blank\" rel=\"noopener noreferrer\">Email: david.watson@teacher.eursc.eu<\/a><\/td>\n<\/tr>\n<tr>\n<td>Niederlande<\/td>\n<td>Hr K\u00d6YC\u00dc<\/td>\n<td style=\"text-align: left;\"><a href=\"mailto:umit.koycu@teacher.eursc.eu\" target=\"_blank\" rel=\"noopener noreferrer\">Email: umit.koycu@teacher.eursc.eu<\/a><br \/>\nSuchen Sie nach Studieng\u00e4ngen in den Niederlanden:<br \/>\n<a href=\"http:\/\/www.studyfinder.nl\/\" target=\"_blank\" rel=\"noopener noreferrer\">http:\/\/www.studyfinder.nl\/<\/a><br \/>\nWie man sich f\u00fcr ein Programm in den Niederlanden bewirbt:<br \/>\n<a href=\"http:\/\/www.studielink.nl\/\" target=\"_blank\" rel=\"noopener noreferrer\">http:\/\/www.studielink.nl\/<\/a><br \/>\nInformationen zum Studium in den Niederlanden:<br \/>\n<a href=\"http:\/\/www.duo.nl\/\" target=\"_blank\" rel=\"noopener noreferrer\">http:\/\/www.duo.nl\/<\/a><\/td>\n<\/tr>\n<tr>\n<td>Finnland<\/td>\n<td>Fr AALTO<\/td>\n<td style=\"text-align: left;\"><a href=\"mailto:minna.aalto@teacher.eursc.eu\" target=\"_blank\" rel=\"noopener noreferrer\">Email: minna.aalto@teacher.eursc.eu<\/a><br \/>\nFr SINISALO (aus Finnland): <a href=\"mailto:birgitta.sinisalo@esh.fi\" target=\"_blank\" rel=\"noopener noreferrer\">Email: mailto:birgitta.sinisalo@esh.fi<\/a><\/td>\n<\/tr>\n<tr>\n<td>Frankreich<\/td>\n<td>Hr BROCARD<\/td>\n<td style=\"text-align: left;\"><a href=\"mailto:christophe.brocard@teacher.eursc.eu\" target=\"_blank\" rel=\"noopener noreferrer\">Email: christophe.brocard@teacher.eursc.eu<\/a><\/td>\n<\/tr>\n<tr>\n<td rowspan=\"2\">Deutschland<\/td>\n<td>Fr KOCH<\/td>\n<td style=\"text-align: left;\"><a href=\"mailto:constanze.koch@teacher.eursc.eu\" target=\"_blank\" rel=\"noopener noreferrer\">Email: constanze.koch@teacher.eursc.eu<\/a><\/td>\n<\/tr>\n<tr>\n<td>Hr HUSCHKA<\/td>\n<td style=\"text-align: left;\"><a href=\"mailto:huschkhe@teacher.eursc.eu\" target=\"_blank\" rel=\"noopener noreferrer\">Email: huschkhe@teacher.eursc.eu<\/a><\/td>\n<\/tr>\n<tr>\n<td>Luxemburg<\/td>\n<td>Hr AGOSTINI<\/td>\n<td style=\"text-align: left;\"><a href=\"mailto:agostist@teacher.eursc.eu\" target=\"_blank\" rel=\"noopener noreferrer\">Email: agostist@teacher.eursc.eu<\/a><\/td>\n<\/tr>\n<tr>\n<td>Irland<\/td>\n<td>Hr CROSBY<\/td>\n<td style=\"text-align: left;\"><a href=\"mailto:enda.crosby@teacher.eursc.eu\" target=\"_blank\" rel=\"noopener noreferrer\">Email: enda.crosby@teacher.eursc.eu<\/a><br \/>\n<a href=\"http:\/\/www.qualifax.ie\/\" target=\"_blank\" rel=\"noopener noreferrer\">http:\/\/www.qualifax.ie\/<\/a><br \/>\n<a href=\"http:\/\/www.euroschool.lu\/site\/wp-content\/uploads\/2019\/09\/Ireland-EURSC-Tips.pdf\" target=\"_blank\" rel=\"noopener noreferrer\">Informationen \u00fcber den Zugang zu irischen Colleges der dritten Stufe<\/a><\/td>\n<\/tr>\n<tr>\n<td>Litauen<\/td>\n<td>Fr ORLOVAITE<\/td>\n<td style=\"text-align: left;\"><a href=\"mailto:ORLOVAJU@teacher.eursc.eu\" target=\"_blank\" rel=\"noopener noreferrer\">Email: ORLOVAJU@teacher.eursc.eu<\/a><\/td>\n<\/tr>\n<tr>\n<td>Spanien<\/td>\n<td>Fr REVILLA SANCHEZ<\/td>\n<td style=\"text-align: left;\"><a href=\"mailto:maria-eugenia.revilla-sanchez@teacher.eursc.eu\" target=\"_blank\" rel=\"noopener noreferrer\">Email: maria-eugenia.revilla-sanchez@teacher.eursc.eu<\/a><\/td>\n<\/tr>\n<tr>\n<td>Polen<\/td>\n<td>Fr SKALECKA<\/td>\n<td style=\"text-align: left;\"><a href=\"mailto:iwona.skalecka@teacher.eursc.eu\" target=\"_blank\" rel=\"noopener noreferrer\">Email: iwona.skalecka@teacher.eursc.eu<\/a><\/td>\n<\/tr>\n<tr>\n<td>Portugal (Orientierungs-Koordinator)<\/td>\n<td>Fr FERREIRA<\/td>\n<td style=\"text-align: left;\"><a href=\"mailto:mara.ferreira@teacher.eursc.eu\" target=\"_blank\" rel=\"noopener noreferrer\">Email: mara.ferreira@teacher.eursc.eu<\/a><\/td>\n<\/tr>\n<tr>\n<td>Schweden<\/td>\n<td>Fr B\u00c4CKSTROM<\/td>\n<td style=\"text-align: left;\"><a href=\"mailto:sofia.backstrom@teacher.eursc.eu\" target=\"_blank\" rel=\"noopener noreferrer\">Email: sofia.backstrom@teacher.eursc.eu<\/a><\/td>\n<\/tr>\n<tr>\n<td style=\"border-left: 0; border-right: 0; border-bottom: 0; font-size: 80% !important; line-height: 90% !important; vertical-align: top;\"><\/td>\n<\/tr>\n<\/tbody>\n<\/table>\n<p>[\/vc_column_text][\/vc_column_inner][\/vc_row_inner][\/vc_tta_section][\/vc_tta_accordion][vc_separator][vc_tta_accordion gap=&#8221;2&#8243; active_section=&#8221;0&#8243; no_fill=&#8221;true&#8221; collapsible_all=&#8221;true&#8221;][vc_tta_section title=&#8221;FRANKREICH &#8211; HOCHSCHULBILDUNG&#8221; tab_id=&#8221;1569098267389-454cf195-43be09bb-feebbcf1-f874&#8243;][vc_row_inner][vc_column_inner][vc_column_text]Liebe Sch\u00fclerinnen und Sch\u00fcler, liebe Eltern!<br \/>\nEinige Links, um sich \u00fcber die Hochschulbildung in Frankreich zu informieren.<\/p>\n<ul>\n<li><a href=\"http:\/\/www.onisep.fr\/\" target=\"_blank\" rel=\"noopener noreferrer\">www.onisep.fr<\/a><\/li>\n<li><a href=\"http:\/\/www.letudiant.fr\/\" target=\"_blank\" rel=\"noopener noreferrer\">www.letudiant.fr<\/a><\/li>\n<li><a href=\"http:\/\/www.education.gouv.fr\/\" target=\"_blank\" rel=\"noopener noreferrer\">www.education.gouv.fr<\/a><\/li>\n<li><a href=\"https:\/\/www.parcoursup.fr\/\" target=\"_blank\" rel=\"noopener noreferrer\">www.parcoursup.fr<\/a><\/li>\n<li><a href=\"http:\/\/www.cedies.public.lu\/fr\/index.html\" target=\"_blank\" rel=\"noopener noreferrer\">www.cedies.public.lu<\/a><\/li>\n<li><a href=\"http:\/\/www.cpos.public.lu\/\" target=\"_blank\" rel=\"noopener noreferrer\">www.cpos.public.lu<\/a><\/li>\n<\/ul>\n<p>&nbsp;<\/p>\n<p><strong>Wichtige Termine f\u00fcr die Sch\u00fclerinnen und Sch\u00fcler der S7<\/strong><br \/>\n<strong>Dokument zum Herunterladen<\/strong><br \/>\n<i class=\"icon-doc\" style=\"\" aria-hidden=\"true\"><\/i> <a href=\"http:\/\/www.euroschool.lu\/site\/wp-content\/uploads\/2019\/09\/NOTE-AUX-BACHELIERS_PARCOURSUP-dec-18.pdf\" target=\"_blank\" rel=\"noopener noreferrer\">INFORMATIONEN F\u00dcR ABITURIENTEN<\/a><br \/>\n<i class=\"icon-doc\" style=\"\" aria-hidden=\"true\"><\/i> <a href=\"http:\/\/www.euroschool.lu\/site\/wp-content\/uploads\/2019\/09\/NOTE-2-AUX-BACHELIERS_PARCOURSUP.janv-19.pdf\" target=\"_blank\" rel=\"noopener noreferrer\">Informationen f\u00fcr Abiturientinnen und Abiturienten und ihre Eltern \u00fcber parcoursup<\/a><\/p>\n<p><strong>Einschreibung der Sch\u00fcler auf der Website im Computerraum<\/strong><\/p>\n<p>Auf der PARCOURSUP-Website \u00fcberwacht die Europ\u00e4ische Schule die Einschreibung der Sch\u00fcler, die die Verwaltungsgeb\u00fchr entrichtet haben.<\/p>\n<p>Nach den Pre-Bac-Pr\u00fcfungen, in der ersten Februarwoche, wird der Beratungslehrer den Sch\u00fclern der Jahrgangsstufe 7 im Computerraum ihre Registrierungsnummer (INE) geben und ihnen helfen, sich einzuschreiben und ihren Antrag auszuf\u00fcllen.<\/p>\n<p>Die Teilnahme an einer dieser Anmeldesitzungen ist unerl\u00e4sslich. W\u00e4hrend dieser Sitzungen werden den Sch\u00fclern Dokumente ausgeh\u00e4ndigt, in denen das Schulsystem der ES und das Benotungssystem erl\u00e4utert werden, so dass sie diese bei Bedarf ihren Bewerbungsunterlagen beif\u00fcgen k\u00f6nnen.<\/p>\n<p>Nach der Anmeldung verf\u00fcgen die Bewerber \u00fcber einen pers\u00f6nlichen Bereich auf der PARCOURSUP-Website und \u00fcber einen Zugangscode, den sie bis zum Ende des Schuljahres aufbewahren m\u00fcssen.<\/p>\n<p>Au\u00dferhalb der Einschreibesitzungen k\u00f6nnen die Sch\u00fcler jederzeit den Beratungslehrer um Rat oder Hilfe bitten.<\/p>\n<p>&nbsp;<\/p>\n<p><strong>Websites, die Ihnen bei der Registrierung im APB helfen<\/strong><\/p>\n<ul>\n<li><a href=\"http:\/\/www.admission-postbacidf.fr\/\" target=\"_blank\" rel=\"noopener noreferrer\">www.admission-postbacidf.fr\/<\/a>\u00a0f\u00fcr aktuelle Informationen zur Berufsberatung<\/li>\n<li><a href=\"https:\/\/www.parcoursup.fr\/\" target=\"_blank\" rel=\"noopener noreferrer\">www.parcoursup.fr<\/a>\u00a0um sich anzumelden und mehr zu erfahren (Klicken Sie auf Kurspr\u00e4sentationen)<\/li>\n<li><strong>Fragen &amp; Antworten<\/strong>\u00a0<a href=\"https:\/\/eeb1orientation.freshdesk.com\/support\/solutions\" target=\"_blank\" rel=\"noopener noreferrer\">https:\/\/eeb1orientation.freshdesk.com\/support\/solutions<\/a><\/li>\n<li><a href=\"http:\/\/www.aefe.fr\/tous-publics\/orientation\/ressources-professionnelles\/boite-outils\" target=\"_blank\" rel=\"noopener noreferrer\">http:\/\/www.aefe.fr\/tous-publics\/orientation\/ressources-professionnelles\/boite-outils<\/a><\/li>\n<li><a href=\"http:\/\/www.letudiant.fr\/etudes\/inscription\/admission-postbac-un-pro-repond-a-vos-questions-19534\/questions-detudiants-etrangers-sur-les-inscriptions-en-france-10518.html\" target=\"_blank\" rel=\"noopener noreferrer\">www.letudiant.fr\/&#8230;\/admission-postbac-un-pro-repond-a-vos-questio&#8230;<\/a><\/li>\n<\/ul>\n<p>&nbsp;<\/p>\n<p><strong>Wann erfahren wir, ob eine Bewerbung erfolgreich war?<\/strong><\/p>\n<p>Ende Mai: Die Studierenden erhalten die Ergebnisse ihrer Bewerbungen.<\/p>\n<p>Loggen Sie sich regelm\u00e4\u00dfig in Ihren pers\u00f6nlichen Bereich ein, um die Ihnen unterbreiteten Zuteilungsangebote zu sehen und sie anzunehmen oder abzulehnen. Bitte beachten Sie, dass Ihre Bewerbung als zur\u00fcckgezogen gilt, wenn Sie sie nicht annehmen..<\/p>\n<p>Lesen Sie zu gegebener Zeit die Erl\u00e4uterungen auf der PARCOURSUP-Website und wenden Sie sich an Ihren Beratungslehrer, wenn Sie Fragen haben.<\/p>\n<p>&nbsp;<\/p>\n<p><strong>Pr\u00e4sentationen<\/strong><br \/>\n<i class=\"icon-doc\" style=\"\" aria-hidden=\"true\"><\/i> <a href=\"http:\/\/www.euroschool.lu\/site\/wp-content\/uploads\/2019\/09\/Vivre-en-France.pdf\" target=\"_blank\" rel=\"noopener noreferrer\">Vivre en France<\/a><\/p>\n<p><strong>Beratungsmessen<\/strong><br \/>\n<i class=\"icon-doc\" style=\"\" aria-hidden=\"true\"><\/i> <a href=\"http:\/\/www.euroschool.lu\/site\/wp-content\/uploads\/2019\/09\/Salon-de-lorientation-Onisep-2016.pdf\" target=\"_blank\" rel=\"noopener noreferrer\">Paris : Salon de l\u2019orientation ONISEP<\/a><br \/>\n<i class=\"icon-doc\" style=\"\" aria-hidden=\"true\"><\/i> <a href=\"http:\/\/www.euroschool.lu\/site\/wp-content\/uploads\/2019\/09\/Flyer-invitation-public-Salon-Etudes-et-Carrieres-Benelux-edition-2016.pdf\" target=\"_blank\" rel=\"noopener noreferrer\">Luxembourg \/ Benelux<\/a><br \/>\n<i class=\"icon-video\" style=\"\" aria-hidden=\"true\"><\/i> <a href=\"http:\/\/institutfrancais.tv\/channel\/videos\/video\/video-salon-etudes-et-carrieres-benelux-2015\/\" target=\"_blank\" rel=\"noopener noreferrer\">Vid\u00e9o institut fran\u00e7ais<\/a>[\/vc_column_text][\/vc_column_inner][\/vc_row_inner][\/vc_tta_section][vc_tta_section title=&#8221;UK HOCHSCHULEN&#8221; tab_id=&#8221;1569098338447-c0d8e3dd-4afa09bb-feebbcf1-f874&#8243;][vc_row_inner][vc_column_inner][vc_column_text]<\/p>\n<ul>\n<li>Website f\u00fcr Bewerbungen an UK-Universit\u00e4ten:: <a href=\"https:\/\/www.ucas.com\/\" target=\"_blank\" rel=\"noopener noreferrer\">UCAS<\/a><\/li>\n<li><a href=\"http:\/\/www.ucas.com\/parents\/\" target=\"_blank\" rel=\"noopener noreferrer\">UCAS f\u00fcr Eltern<\/a><\/li>\n<li><a href=\"http:\/\/www.ucas.tv\/\" target=\"_blank\" rel=\"noopener noreferrer\">UCAS TV<\/a><\/li>\n<li><a href=\"http:\/\/university.which.co.uk\/\" target=\"_blank\" rel=\"noopener noreferrer\">Welche? Universit\u00e4t auf einen Blick<\/a><\/li>\n<\/ul>\n<p>[\/vc_column_text][\/vc_column_inner][\/vc_row_inner][\/vc_tta_section][\/vc_tta_accordion][vc_separator][vc_btn title=&#8221;Weltweite Hochschulrankings (Times Higher Education)&#8221; style=&#8221;classic&#8221; color=&#8221;sky&#8221; align=&#8221;left&#8221; i_icon_fontawesome=&#8221;fa fa-external-link&#8221; button_block=&#8221;true&#8221; add_icon=&#8221;true&#8221; css=&#8221;.vc_custom_1729761079705{margin-top: 0px !important;margin-right: 0px !important;margin-bottom: 40px !important;margin-left: 0px !important;border-bottom-width: 0px !important;padding-top: 0px !important;padding-right: 0px !important;padding-bottom: 0px !important;padding-left: 0px !important;}&#8221; link=&#8221;url:https%3A%2F%2Fwww.timeshighereducation.com%2Fworld-university-rankings||target:%20_blank|&#8221;][vc_separator style=&#8221;double&#8221; css=&#8221;.vc_custom_1624953617740{margin-top: 20px !important;border-top-width: 0px !important;padding-top: 0px !important;}&#8221;][\/vc_column][\/vc_row][vc_row][vc_column][vc_empty_space height=&#8221;20&#8243;][\/vc_column][\/vc_row]<\/p>\n<\/div>","protected":false},"excerpt":{"rendered":"<p>[vc_row full_width=&#8221;stretch_row_content_no_spaces&#8221; css=&#8221;.vc_custom_1611767278898{margin-bottom: 0px !important;}&#8221;][vc_column css=&#8221;.vc_custom_1589920029564{margin-bottom: 0px !important;}&#8221; offset=&#8221;vc_hidden-sm vc_hidden-xs&#8221;][vc_custom_heading text=&#8221;&#8221; font_container=&#8221;tag:h1|text_align:left&#8221; use_theme_fonts=&#8221;yes&#8221; el_class=&#8221;custom-header&#8221; css=&#8221;.vc_custom_1624518668228{background-image:<span class=\"excerpt-hellip\"> [\u2026]<\/span><\/p>\n","protected":false},"author":1,"featured_media":0,"parent":0,"menu_order":0,"comment_status":"closed","ping_status":"closed","template":"","meta":{"footnotes":""},"categories":[61],"class_list":["post-4992","page","type-page","status-publish","hentry","category-_page-sec-de"],"_links":{"self":[{"href":"https:\/\/www.euroschool.lu\/site\/wp-json\/wp\/v2\/pages\/4992","targetHints":{"allow":["GET"]}}],"collection":[{"href":"https:\/\/www.euroschool.lu\/site\/wp-json\/wp\/v2\/pages"}],"about":[{"href":"https:\/\/www.euroschool.lu\/site\/wp-json\/wp\/v2\/types\/page"}],"author":[{"embeddable":true,"href":"https:\/\/www.euroschool.lu\/site\/wp-json\/wp\/v2\/users\/1"}],"replies":[{"embeddable":true,"href":"https:\/\/www.euroschool.lu\/site\/wp-json\/wp\/v2\/comments?post=4992"}],"version-history":[{"count":38,"href":"https:\/\/www.euroschool.lu\/site\/wp-json\/wp\/v2\/pages\/4992\/revisions"}],"predecessor-version":[{"id":20025,"href":"https:\/\/www.euroschool.lu\/site\/wp-json\/wp\/v2\/pages\/4992\/revisions\/20025"}],"wp:attachment":[{"href":"https:\/\/www.euroschool.lu\/site\/wp-json\/wp\/v2\/media?parent=4992"}],"wp:term":[{"taxonomy":"category","embeddable":true,"href":"https:\/\/www.euroschool.lu\/site\/wp-json\/wp\/v2\/categories?post=4992"}],"curies":[{"name":"wp","href":"https:\/\/api.w.org\/{rel}","templated":true}]}}