{"id":4990,"date":"2019-11-17T23:42:54","date_gmt":"2019-11-17T22:42:54","guid":{"rendered":"http:\/\/www.euroschool.lu\/site\/?page_id=4990"},"modified":"2025-11-18T17:01:43","modified_gmt":"2025-11-18T16:01:43","slug":"secondaire-orientation","status":"publish","type":"page","link":"https:\/\/www.euroschool.lu\/site\/fr\/secondaire-orientation\/","title":{"rendered":"Secondaire : Orientation"},"content":{"rendered":"<div class=\"wpb-content-wrapper\"><p>[vc_row full_width=&#8221;stretch_row_content_no_spaces&#8221; css=&#8221;.vc_custom_1611767278898{margin-bottom: 0px !important;}&#8221;][vc_column css=&#8221;.vc_custom_1589920029564{margin-bottom: 0px !important;}&#8221; offset=&#8221;vc_hidden-sm vc_hidden-xs&#8221;][vc_custom_heading text=&#8221;&#8221; font_container=&#8221;tag:h1|text_align:left&#8221; use_theme_fonts=&#8221;yes&#8221; el_class=&#8221;custom-header&#8221; css=&#8221;.vc_custom_1624518668228{background-image: url(http:\/\/www.euroschool.lu\/site\/wp-content\/uploads\/2021\/06\/choix-mati\u00e8res.jpg?id=11131) !important;background-position: center !important;background-repeat: no-repeat !important;background-size: cover !important;}&#8221;][\/vc_column][\/vc_row][vc_row full_width=&#8221;stretch_row_content_no_spaces&#8221; css=&#8221;.vc_custom_1611767283046{margin-bottom: 0px !important;}&#8221;][vc_column css=&#8221;.vc_custom_1589920591194{margin-bottom: 0px !important;}&#8221; offset=&#8221;vc_hidden-lg vc_hidden-md&#8221;][vc_custom_heading text=&#8221;&#8221; font_container=&#8221;tag:h1|text_align:left&#8221; use_theme_fonts=&#8221;yes&#8221; el_class=&#8221;custom-header-mob&#8221; css=&#8221;.vc_custom_1624518679551{background-image: url(http:\/\/www.euroschool.lu\/site\/wp-content\/uploads\/2021\/06\/choix-mati\u00e8res.jpg?id=11131) !important;background-position: center !important;background-repeat: no-repeat !important;background-size: cover !important;}&#8221;][\/vc_column][\/vc_row][vc_row el_class=&#8221;main-box&#8221;][vc_column width=&#8221;1\/5&#8243; offset=&#8221;vc_hidden-md vc_hidden-sm vc_hidden-xs&#8221; el_class=&#8221;sidebar-menu&#8221;][vc_widget_sidebar sidebar_id=&#8221;sidebar-sidebar-menu-sec-fr&#8221; el_class=&#8221;sidebar-menu-sec&#8221;][\/vc_column][vc_column width=&#8221;4\/5&#8243; el_class=&#8221;main-column&#8221;][vc_column_text el_class=&#8221;page-title&#8221;]<\/p>\n<h1>Secondaire : Orientation<\/h1>\n<p>[\/vc_column_text][vc_text_separator title=&#8221;Syst\u00e8me de paiement pour la gestion des dossiers d\u2019inscription dans l\u2019enseignement sup\u00e9rieur (2025\/2026)&#8221; title_align=&#8221;separator_align_left&#8221; color=&#8221;custom&#8221; css=&#8221;.vc_custom_1751125018593{margin-bottom: 10px !important;}&#8221; el_class=&#8221;line-separator&#8221; accent_color=&#8221;#545454&#8243;][vc_column_text css=&#8221;.vc_custom_1751124825460{margin-top: 20px !important;}&#8221; el_class=&#8221;hide&#8221;]To be published.[\/vc_column_text][vc_row_inner][vc_column_inner][vc_btn title=&#8221;(DE) Geb\u00fchren f\u00fcr die Bearbeitung der Bewerbungen an einer Hochschule&#8221; style=&#8221;classic&#8221; color=&#8221;sky&#8221; align=&#8221;left&#8221; i_icon_fontawesome=&#8221;fa fa-file-text-o&#8221; button_block=&#8221;true&#8221; add_icon=&#8221;true&#8221; css=&#8221;.vc_custom_1751124859247{margin-top: 0px !important;margin-right: 0px !important;margin-bottom: 5px !important;margin-left: 0px !important;padding-top: 0px !important;padding-right: 0px !important;padding-bottom: 0px !important;padding-left: 0px !important;}&#8221; link=&#8221;url:https%3A%2F%2Fwww.euroschool.lu%2Fsite%2Fwp-content%2Fuploads%2F2025%2F06%2FInscription_dossiers_universite_2025_2026_DE.pdf||target:%20_blank|&#8221;][vc_btn title=&#8221;(EN) Payment system for dossier management for higher education applications&#8221; style=&#8221;classic&#8221; color=&#8221;sky&#8221; align=&#8221;left&#8221; i_icon_fontawesome=&#8221;fa fa-file-text-o&#8221; button_block=&#8221;true&#8221; add_icon=&#8221;true&#8221; css=&#8221;.vc_custom_1751124892348{margin-top: 0px !important;margin-right: 0px !important;margin-bottom: 5px !important;margin-left: 0px !important;padding-top: 0px !important;padding-right: 0px !important;padding-bottom: 0px !important;padding-left: 0px !important;}&#8221; link=&#8221;url:https%3A%2F%2Fwww.euroschool.lu%2Fsite%2Fwp-content%2Fuploads%2F2025%2F06%2FInscription_dossiers_universite_2025_2026_EN.pdf||target:%20_blank|&#8221;][vc_btn title=&#8221;(FR) Syst\u00e8me de paiement pour la gestion des dossiers d\u2019inscription dans l\u2019enseignement sup\u00e9rieur&#8221; style=&#8221;classic&#8221; color=&#8221;sky&#8221; align=&#8221;left&#8221; i_icon_fontawesome=&#8221;fa fa-file-text-o&#8221; button_block=&#8221;true&#8221; add_icon=&#8221;true&#8221; css=&#8221;.vc_custom_1751124897692{margin-top: 0px !important;margin-right: 0px !important;margin-bottom: 5px !important;margin-left: 0px !important;padding-top: 0px !important;padding-right: 0px !important;padding-bottom: 0px !important;padding-left: 0px !important;}&#8221; link=&#8221;url:https%3A%2F%2Fwww.euroschool.lu%2Fsite%2Fwp-content%2Fuploads%2F2025%2F06%2FInscription_dossiers_universite_2025-2026_FR.pdf||target:%20_blank|&#8221;][\/vc_column_inner][\/vc_row_inner][vc_text_separator title=&#8221;Nouvelles modalit\u00e9s pour l\u2019ORIENTATION PROFESSIONNELLE et nouveau syst\u00e8me de paiement (Memorandum Ref.: 2020-06-M-3)&#8221; title_align=&#8221;separator_align_left&#8221; color=&#8221;custom&#8221; css=&#8221;.vc_custom_1729689918247{margin-bottom: 10px !important;}&#8221; el_class=&#8221;line-separator&#8221; accent_color=&#8221;#545454&#8243;][vc_btn title=&#8221;(DE) Neuen Vorkehrungen f\u00fcr die BERUFSBERATUNG&#8221; style=&#8221;classic&#8221; color=&#8221;sky&#8221; align=&#8221;left&#8221; i_icon_fontawesome=&#8221;fa fa-file-text-o&#8221; button_block=&#8221;true&#8221; add_icon=&#8221;true&#8221; css=&#8221;.vc_custom_1662811464049{margin-top: 0px !important;margin-right: 0px !important;margin-bottom: 5px !important;margin-left: 0px !important;padding-top: 0px !important;padding-right: 0px !important;padding-bottom: 0px !important;padding-left: 0px !important;}&#8221; link=&#8221;url:http%3A%2F%2Fwww.euroschool.lu%2Fsite%2Fwp-content%2Fuploads%2F2022%2F09%2F2020-06-M-3-DE.pdf||target:%20_blank|&#8221;][vc_btn title=&#8221;(EN) New arrangements for CAREERS GUIDANCE&#8221; style=&#8221;classic&#8221; color=&#8221;sky&#8221; align=&#8221;left&#8221; i_icon_fontawesome=&#8221;fa fa-file-text-o&#8221; button_block=&#8221;true&#8221; add_icon=&#8221;true&#8221; css=&#8221;.vc_custom_1662811483580{margin-top: 0px !important;margin-right: 0px !important;margin-bottom: 5px !important;margin-left: 0px !important;padding-top: 0px !important;padding-right: 0px !important;padding-bottom: 0px !important;padding-left: 0px !important;}&#8221; link=&#8221;url:http%3A%2F%2Fwww.euroschool.lu%2Fsite%2Fwp-content%2Fuploads%2F2022%2F09%2F2020-06-M-3-EN.pdf||target:%20_blank|&#8221;][vc_btn title=&#8221;(FR) Nouvelles modalit\u00e9s pour l\u2019ORIENTATION PROFESSIONNELLE&#8221; style=&#8221;classic&#8221; color=&#8221;sky&#8221; align=&#8221;left&#8221; i_icon_fontawesome=&#8221;fa fa-file-text-o&#8221; button_block=&#8221;true&#8221; add_icon=&#8221;true&#8221; css=&#8221;.vc_custom_1662811500692{margin-top: 0px !important;margin-right: 0px !important;margin-bottom: 5px !important;margin-left: 0px !important;padding-top: 0px !important;padding-right: 0px !important;padding-bottom: 0px !important;padding-left: 0px !important;}&#8221; link=&#8221;url:http%3A%2F%2Fwww.euroschool.lu%2Fsite%2Fwp-content%2Fuploads%2F2022%2F09%2F2020-06-M-3-FR.pdf||target:%20_blank|&#8221;][vc_empty_space height=&#8221;10&#8243;][vc_separator][vc_tta_accordion active_section=&#8221;0&#8243; no_fill=&#8221;true&#8221; collapsible_all=&#8221;true&#8221;][vc_tta_section title=&#8221;Conseillers d&#8217;orientation nationaux&#8221; tab_id=&#8221;conseillers-orientation-nationaux&#8221;][vc_column_text]<i class=\"icon-doc\" style=\"\" aria-hidden=\"true\"><\/i><i class=\"icon-right\" style=\"\" aria-hidden=\"true\"><\/i><i class=\"icon-doc-landscape\" style=\"\" aria-hidden=\"true\"><\/i> <span class=\"NormalTextRun SCXW35869131 BCX0\">Tourner le t\u00e9l\u00e9phone <\/span><span class=\"NormalTextRun SCXW35869131 BCX0\">portable<\/span><span class=\"NormalTextRun SCXW35869131 BCX0\"> en position paysage pour une meilleure vue<\/span>.[\/vc_column_text][vc_row_inner][vc_column_inner][vc_column_text]<\/p>\n<table width=\"80%\">\n<thead>\n<tr>\n<th style=\"text-align: center;\">Pays<\/th>\n<th style=\"text-align: center;\">Conseiller<\/th>\n<th style=\"text-align: left;\">Coordonn\u00e9es et liens<\/th>\n<\/tr>\n<\/thead>\n<tbody>\n<tr>\n<td>Belgique (francophone et n\u00e9erlandophone)<\/td>\n<td>M. BOELEN<\/td>\n<td style=\"text-align: left;\"><a href=\"mailto:gunter.boelen@teacher.eursc.eu\" target=\"_blank\" rel=\"noopener noreferrer\">Email: gunter.boelen@teacher.eursc.eu<\/a><br \/>\n<a href=\"https:\/\/onderwijs.vlaanderen.be\/nl\/studenten\" target=\"_blank\" rel=\"noopener noreferrer\">https:\/\/onderwijs.vlaanderen.be\/nl\/studenten<\/a><br \/>\n<a href=\"http:\/\/www.cfwb.be\" target=\"_blank\" rel=\"noopener noreferrer\">http:\/\/www.cfwb.be<\/a><\/td>\n<\/tr>\n<tr>\n<td>Royaume-Uni<\/td>\n<td>M. WATSON<\/td>\n<td style=\"text-align: left;\"><a href=\"mailto:david.watson@teacher.eursc.eu\" target=\"_blank\" rel=\"noopener noreferrer\">Email: david.watson@teacher.eursc.eu<\/a><\/td>\n<\/tr>\n<tr>\n<td>Pays-Bas<\/td>\n<td>M. K\u00d6YC\u00dc<\/td>\n<td style=\"text-align: left;\"><a href=\"mailto:umit.koycu@teacher.eursc.eu\" target=\"_blank\" rel=\"noopener noreferrer\">Email: umit.koycu@teacher.eursc.eu<\/a><br \/>\nRecherche de programmes d\u2019\u00e9tudes aux Pays-Bas :<br \/>\n<a href=\"http:\/\/www.studyfinder.nl\/\" target=\"_blank\" rel=\"noopener noreferrer\">http:\/\/www.studyfinder.nl\/<\/a><br \/>\nComment poser sa candidature pour un programme aux Pays-Bas :<br \/>\n<a href=\"http:\/\/www.studielink.nl\/\" target=\"_blank\" rel=\"noopener noreferrer\">http:\/\/www.studielink.nl\/<\/a><br \/>\nInformations sur les \u00e9tudes aux Pays-Bas :<br \/>\n<a href=\"http:\/\/www.duo.nl\/\" target=\"_blank\" rel=\"noopener noreferrer\">http:\/\/www.duo.nl\/<\/a><\/td>\n<\/tr>\n<tr>\n<td>Finlande<\/td>\n<td>Mme AALTO<\/td>\n<td style=\"text-align: left;\"><a href=\"mailto:minna.aalto@teacher.eursc.eu\" target=\"_blank\" rel=\"noopener noreferrer\">Email: minna.aalto@teacher.eursc.eu<\/a><br \/>\nMme SINISALO (en Finlande) : <a href=\"mailto:birgitta.sinisalo@esh.fi\" target=\"_blank\" rel=\"noopener noreferrer\">Email: mailto:birgitta.sinisalo@esh.fi<\/a><\/td>\n<\/tr>\n<tr>\n<td>France<\/td>\n<td>M. BROCARD<\/td>\n<td style=\"text-align: left;\"><a href=\"mailto:christophe.brocard@teacher.eursc.eu\" target=\"_blank\" rel=\"noopener noreferrer\">Email: christophe.brocard@teacher.eursc.eu<\/a><\/td>\n<\/tr>\n<tr>\n<td rowspan=\"2\">Allemagne<\/td>\n<td>Mme KOCH<\/td>\n<td style=\"text-align: left;\"><a href=\"mailto:constanze.koch@teacher.eursc.eu\" target=\"_blank\" rel=\"noopener noreferrer\">Email: constanze.koch@teacher.eursc.eu<\/a><\/td>\n<\/tr>\n<tr>\n<td>M. HUSCHKA<\/td>\n<td style=\"text-align: left;\"><a href=\"mailto:huschkhe@teacher.eursc.eu\" target=\"_blank\" rel=\"noopener noreferrer\">Email: huschkhe@teacher.eursc.eu<\/a><\/td>\n<\/tr>\n<tr>\n<td>Luxembourg<\/td>\n<td>M. AGOSTINI<\/td>\n<td style=\"text-align: left;\"><a href=\"mailto:agostist@teacher.eursc.eu\" target=\"_blank\" rel=\"noopener noreferrer\">Email: agostist@teacher.eursc.eu<\/a><\/td>\n<\/tr>\n<tr>\n<td>Irlande<\/td>\n<td>M. CROSBY<\/td>\n<td style=\"text-align: left;\"><a href=\"mailto:enda.crosby@teacher.eursc.eu\" target=\"_blank\" rel=\"noopener noreferrer\">Email: enda.crosby@teacher.eursc.eu<\/a><br \/>\n<a href=\"http:\/\/www.qualifax.ie\/\" target=\"_blank\" rel=\"noopener noreferrer\">http:\/\/www.qualifax.ie\/<\/a><br \/>\n<a href=\"http:\/\/www.euroschool.lu\/site\/wp-content\/uploads\/2019\/09\/Ireland-EURSC-Tips.pdf\" target=\"_blank\" rel=\"noopener noreferrer\">Informations concernant l&#8217;acc\u00e8s aux \u00e9tablissements d&#8217;enseignement sup\u00e9rieur irlandais<\/a><\/td>\n<\/tr>\n<tr>\n<td>Lituanie<\/td>\n<td>Mme ORLOVAITE<\/td>\n<td style=\"text-align: left;\"><a href=\"mailto:ORLOVAJU@teacher.eursc.eu\" target=\"_blank\" rel=\"noopener noreferrer\">Email: ORLOVAJU@teacher.eursc.eu<\/a><\/td>\n<\/tr>\n<tr>\n<td>Espagne<\/td>\n<td>Mme REVILLA SANCHEZ<\/td>\n<td style=\"text-align: left;\"><a href=\"mailto:maria-eugenia.revilla-sanchez@teacher.eursc.eu\" target=\"_blank\" rel=\"noopener noreferrer\">Email: maria-eugenia.revilla-sanchez@teacher.eursc.eu<\/a><\/td>\n<\/tr>\n<tr>\n<td>Pologne<\/td>\n<td>Mme SKALECKA<\/td>\n<td style=\"text-align: left;\"><a href=\"mailto:iwona.skalecka@teacher.eursc.eu\" target=\"_blank\" rel=\"noopener noreferrer\">Email: iwona.skalecka@teacher.eursc.eu<\/a><\/td>\n<\/tr>\n<tr>\n<td>Portugal (coordinatrice de l\u2019orientation)<\/td>\n<td>Mme FERREIRA<\/td>\n<td style=\"text-align: left;\"><a href=\"mailto:mara.ferreira@teacher.eursc.eu\" target=\"_blank\" rel=\"noopener noreferrer\">Email: mara.ferreira@teacher.eursc.eu<\/a><\/td>\n<\/tr>\n<tr>\n<td>Su\u00e8de<\/td>\n<td>Mme B\u00c4CKSTROM<\/td>\n<td style=\"text-align: left;\"><a href=\"mailto:sofia.backstrom@teacher.eursc.eu\" target=\"_blank\" rel=\"noopener noreferrer\">Email: sofia.backstrom@teacher.eursc.eu<\/a><\/td>\n<\/tr>\n<tr>\n<td style=\"border-left: 0; border-right: 0; border-bottom: 0; font-size: 80% !important; line-height: 90% !important; vertical-align: top;\"><\/td>\n<\/tr>\n<\/tbody>\n<\/table>\n<p>[\/vc_column_text][\/vc_column_inner][\/vc_row_inner][\/vc_tta_section][\/vc_tta_accordion][vc_separator][vc_tta_accordion gap=&#8221;2&#8243; active_section=&#8221;0&#8243; no_fill=&#8221;true&#8221; collapsible_all=&#8221;true&#8221;][vc_tta_section title=&#8221;FRANCE \u2013 ENSEIGNEMENT SUPERIEUR&#8221; tab_id=&#8221;1569098267389-454cf195-43be09bb-feebc95f-e056&#8243;][vc_row_inner][vc_column_inner][vc_column_text]Chers \u00e9l\u00e8ves, Chers parents,<br \/>\nQuelques liens pour vous informer sur les formations de l\u2019enseignement sup\u00e9rieur en France.<\/p>\n<ul>\n<li><a href=\"http:\/\/www.onisep.fr\/\" target=\"_blank\" rel=\"noopener noreferrer\">www.onisep.fr<\/a><\/li>\n<li><a href=\"http:\/\/www.letudiant.fr\/\" target=\"_blank\" rel=\"noopener noreferrer\">www.letudiant.fr<\/a><\/li>\n<li><a href=\"http:\/\/www.education.gouv.fr\/\" target=\"_blank\" rel=\"noopener noreferrer\">www.education.gouv.fr<\/a><\/li>\n<li><a href=\"https:\/\/www.parcoursup.fr\/\" target=\"_blank\" rel=\"noopener noreferrer\">www.parcoursup.fr<\/a><\/li>\n<li><a href=\"http:\/\/www.cedies.public.lu\/fr\/index.html\" target=\"_blank\" rel=\"noopener noreferrer\">www.cedies.public.lu<\/a><\/li>\n<li><a href=\"http:\/\/www.cpos.public.lu\/\" target=\"_blank\" rel=\"noopener noreferrer\">www.cpos.public.lu<\/a><\/li>\n<\/ul>\n<p>&nbsp;<\/p>\n<p><strong>Dates importantes pour les \u00e9l\u00e8ves de S7<\/strong><br \/>\n<strong>Document \u00e0 t\u00e9l\u00e9charger<\/strong><br \/>\n<i class=\"icon-doc\" style=\"\" aria-hidden=\"true\"><\/i> <a href=\"http:\/\/www.euroschool.lu\/site\/wp-content\/uploads\/2019\/09\/NOTE-AUX-BACHELIERS_PARCOURSUP-dec-18.pdf\" target=\"_blank\" rel=\"noopener noreferrer\">INFORMATION AUX BACHELIERS<\/a><br \/>\n<i class=\"icon-doc\" style=\"\" aria-hidden=\"true\"><\/i> <a href=\"http:\/\/www.euroschool.lu\/site\/wp-content\/uploads\/2019\/09\/NOTE-2-AUX-BACHELIERS_PARCOURSUP.janv-19.pdf\" target=\"_blank\" rel=\"noopener noreferrer\">INFORMATION AUX BACHELIERS ET A LEURS PARENTS \u00e0 propos de PARCOURSUP<\/a><\/p>\n<p><strong>Inscriptions des \u00e9l\u00e8ves sur le site en salle informatique<\/strong><\/p>\n<p>L\u2019\u00e9cole europ\u00e9enne supervise, sur le site PARCOURSUP, les inscriptions des\u00a0<span class=\"underline\"><strong>\u00e9l\u00e8ves qui ont pay\u00e9 les frais de gestion administrative.<\/strong><\/span><\/p>\n<p>Apr\u00e8s les \u00e9preuves du Pr\u00e9-Bac, la premi\u00e8re semaine de f\u00e9vrier, le professeur orienteur donnera aux \u00e9l\u00e8ves de 7\u00e8me, en salle informatique, leur num\u00e9ro d\u2019inscription (INE) et les aideront \u00e0 s\u2019inscrire et \u00e0 faire leur dossier.<\/p>\n<p>La pr\u00e9sence \u00e0 l\u2019une de ces s\u00e9ances d\u2019inscription est indispensable. Au cours de ces s\u00e9ances, des documents expliquant le syst\u00e8me scolaire des EE et celui de notation, seront remis aux \u00e9l\u00e8ves pour qu\u2019ils puissent les joindre \u00e0 leur dossier de candidature le cas \u00e9ch\u00e9ant.<\/p>\n<p>Une fois inscrit, le candidat poss\u00e8de un espace personnel sur le site PARCOURSUP et ses codes d\u2019acc\u00e8s qu\u2019il doit conserver jusqu\u2019\u00e0 la fin de l\u2019ann\u00e9e scolaire.<\/p>\n<p>En dehors de ces s\u00e9ances d\u2019inscription, les \u00e9l\u00e8ves peuvent \u00e0 tout moment demander conseil ou de l\u2019aide au professeur orienteur.<\/p>\n<p>&nbsp;<\/p>\n<p><strong>Sites web pour aider \u00e0 s\u2019inscrire sur APB<\/strong><\/p>\n<ul>\n<li><a href=\"http:\/\/www.admission-postbacidf.fr\/\" target=\"_blank\" rel=\"noopener noreferrer\">www.admission-postbacidf.fr\/<\/a>\u00a0pour des informations d&#8217;actualit\u00e9 sur l&#8217;orientation<\/li>\n<li><a href=\"https:\/\/www.parcoursup.fr\/\" target=\"_blank\" rel=\"noopener noreferrer\">www.parcoursup.fr<\/a>\u00a0pour s&#8217;inscrire mais aussi pour s&#8217;informer (Cliquer sur Pr\u00e9sentations des formations)<\/li>\n<li><strong>FAQ<\/strong>\u00a0<a href=\"https:\/\/eeb1orientation.freshdesk.com\/support\/solutions\" target=\"_blank\" rel=\"noopener noreferrer\">https:\/\/eeb1orientation.freshdesk.com\/support\/solutions<\/a><\/li>\n<li><a href=\"http:\/\/www.aefe.fr\/tous-publics\/orientation\/ressources-professionnelles\/boite-outils\" target=\"_blank\" rel=\"noopener noreferrer\">http:\/\/www.aefe.fr\/tous-publics\/orientation\/ressources-professionnelles\/boite-outils<\/a><\/li>\n<li><a href=\"http:\/\/www.letudiant.fr\/etudes\/inscription\/admission-postbac-un-pro-repond-a-vos-questions-19534\/questions-detudiants-etrangers-sur-les-inscriptions-en-france-10518.html\" target=\"_blank\" rel=\"noopener noreferrer\">www.letudiant.fr\/&#8230;\/admission-postbac-un-pro-repond-a-vos-questio&#8230;<\/a><\/li>\n<\/ul>\n<p>&nbsp;<\/p>\n<p><strong>Quand sait-on si une candidature est retenue ?<\/strong><\/p>\n<p>Fin mai : les lyc\u00e9ens re\u00e7oivent les r\u00e9ponses \u00e0 leurs v\u0153ux.<\/p>\n<p>Connectez- vous r\u00e9guli\u00e8rement \u00e0 votre espace personnel pour voir les propositions d\u2019affectation qui vous sont faites, les accepter ou les refuser.\u00a0<span class=\"underline\"><strong>Attention, vous devez r\u00e9pondre sous peine d\u2019\u00eatre consid\u00e9r\u00e9 comme d\u00e9missionnaire<\/strong><\/span>.<\/p>\n<p>Reportez-vous en temps voulu aux explications donn\u00e9es sur le site PARCOURSUP et demandez au professeur orienteur si vous avez des questions.<\/p>\n<p>&nbsp;<\/p>\n<p><strong>Pr\u00e9sentations<\/strong><br \/>\n<i class=\"icon-doc\" style=\"\" aria-hidden=\"true\"><\/i> <a href=\"http:\/\/www.euroschool.lu\/site\/wp-content\/uploads\/2019\/09\/Vivre-en-France.pdf\" target=\"_blank\" rel=\"noopener noreferrer\">Vivre en France<\/a><\/p>\n<p><strong>Salons pour l\u2019orientation<\/strong><br \/>\n<i class=\"icon-doc\" style=\"\" aria-hidden=\"true\"><\/i> <a href=\"http:\/\/www.euroschool.lu\/site\/wp-content\/uploads\/2019\/09\/Salon-de-lorientation-Onisep-2016.pdf\" target=\"_blank\" rel=\"noopener noreferrer\">Paris : Salon de l\u2019orientation ONISEP<\/a><br \/>\n<i class=\"icon-doc\" style=\"\" aria-hidden=\"true\"><\/i> <a href=\"http:\/\/www.euroschool.lu\/site\/wp-content\/uploads\/2019\/09\/Flyer-invitation-public-Salon-Etudes-et-Carrieres-Benelux-edition-2016.pdf\" target=\"_blank\" rel=\"noopener noreferrer\">Luxembourg \/ Benelux<\/a><br \/>\n<i class=\"icon-video\" style=\"\" aria-hidden=\"true\"><\/i> <a href=\"http:\/\/institutfrancais.tv\/channel\/videos\/video\/video-salon-etudes-et-carrieres-benelux-2015\/\" target=\"_blank\" rel=\"noopener noreferrer\">Vid\u00e9o institut fran\u00e7ais<\/a>[\/vc_column_text][\/vc_column_inner][\/vc_row_inner][\/vc_tta_section][vc_tta_section title=&#8221;UNIVERSIT\u00c9S BRITANNIQUES&#8221; tab_id=&#8221;1569098338447-c0d8e3dd-4afa09bb-feebc95f-e056&#8243;][vc_row_inner][vc_column_inner][vc_column_text]<\/p>\n<ul>\n<li>Site internet pour les candidatures aux universit\u00e9s du Royaume-Uni: <a href=\"https:\/\/www.ucas.com\/\" target=\"_blank\" rel=\"noopener noreferrer\">UCAS<\/a><\/li>\n<li><a href=\"http:\/\/www.ucas.com\/parents\/\" target=\"_blank\" rel=\"noopener noreferrer\">UCAS pour les parents<\/a><\/li>\n<li><a href=\"http:\/\/www.ucas.tv\/\" target=\"_blank\" rel=\"noopener noreferrer\">UCAS TV<\/a><\/li>\n<li><a href=\"http:\/\/university.which.co.uk\/\" target=\"_blank\" rel=\"noopener noreferrer\">Quelle universit\u00e9 ? L&#8217;universit\u00e9 en quelques mots<\/a><\/li>\n<\/ul>\n<p>[\/vc_column_text][\/vc_column_inner][\/vc_row_inner][\/vc_tta_section][\/vc_tta_accordion][vc_separator][vc_btn title=&#8221;Classement mondial des universit\u00e9s (Times Higher Education)&#8221; style=&#8221;classic&#8221; color=&#8221;sky&#8221; align=&#8221;left&#8221; i_icon_fontawesome=&#8221;fa fa-external-link&#8221; button_block=&#8221;true&#8221; add_icon=&#8221;true&#8221; css=&#8221;.vc_custom_1729690314291{margin-top: 0px !important;margin-right: 0px !important;margin-bottom: 40px !important;margin-left: 0px !important;border-bottom-width: 0px !important;padding-top: 0px !important;padding-right: 0px !important;padding-bottom: 0px !important;padding-left: 0px !important;}&#8221; link=&#8221;url:https%3A%2F%2Fwww.timeshighereducation.com%2Fworld-university-rankings||target:%20_blank|&#8221;][vc_separator style=&#8221;double&#8221; css=&#8221;.vc_custom_1624953617740{margin-top: 20px !important;border-top-width: 0px !important;padding-top: 0px !important;}&#8221;][\/vc_column][\/vc_row][vc_row][vc_column][vc_empty_space height=&#8221;20&#8243;][\/vc_column][\/vc_row]<\/p>\n<\/div>","protected":false},"excerpt":{"rendered":"<p>[vc_row full_width=&#8221;stretch_row_content_no_spaces&#8221; css=&#8221;.vc_custom_1611767278898{margin-bottom: 0px !important;}&#8221;][vc_column css=&#8221;.vc_custom_1589920029564{margin-bottom: 0px !important;}&#8221; offset=&#8221;vc_hidden-sm vc_hidden-xs&#8221;][vc_custom_heading text=&#8221;&#8221; font_container=&#8221;tag:h1|text_align:left&#8221; use_theme_fonts=&#8221;yes&#8221; el_class=&#8221;custom-header&#8221; css=&#8221;.vc_custom_1624518668228{background-image:<span class=\"excerpt-hellip\"> [\u2026]<\/span><\/p>\n","protected":false},"author":1,"featured_media":0,"parent":0,"menu_order":0,"comment_status":"closed","ping_status":"closed","template":"","meta":{"footnotes":""},"categories":[59],"class_list":["post-4990","page","type-page","status-publish","hentry","category-_page-sec-fr"],"_links":{"self":[{"href":"https:\/\/www.euroschool.lu\/site\/wp-json\/wp\/v2\/pages\/4990","targetHints":{"allow":["GET"]}}],"collection":[{"href":"https:\/\/www.euroschool.lu\/site\/wp-json\/wp\/v2\/pages"}],"about":[{"href":"https:\/\/www.euroschool.lu\/site\/wp-json\/wp\/v2\/types\/page"}],"author":[{"embeddable":true,"href":"https:\/\/www.euroschool.lu\/site\/wp-json\/wp\/v2\/users\/1"}],"replies":[{"embeddable":true,"href":"https:\/\/www.euroschool.lu\/site\/wp-json\/wp\/v2\/comments?post=4990"}],"version-history":[{"count":40,"href":"https:\/\/www.euroschool.lu\/site\/wp-json\/wp\/v2\/pages\/4990\/revisions"}],"predecessor-version":[{"id":20158,"href":"https:\/\/www.euroschool.lu\/site\/wp-json\/wp\/v2\/pages\/4990\/revisions\/20158"}],"wp:attachment":[{"href":"https:\/\/www.euroschool.lu\/site\/wp-json\/wp\/v2\/media?parent=4990"}],"wp:term":[{"taxonomy":"category","embeddable":true,"href":"https:\/\/www.euroschool.lu\/site\/wp-json\/wp\/v2\/categories?post=4990"}],"curies":[{"name":"wp","href":"https:\/\/api.w.org\/{rel}","templated":true}]}}