{"id":4963,"date":"2019-11-17T23:08:25","date_gmt":"2019-11-17T22:08:25","guid":{"rendered":"http:\/\/www.euroschool.lu\/site\/?page_id=4963"},"modified":"2025-12-14T14:18:13","modified_gmt":"2025-12-14T13:18:13","slug":"nous-trouver","status":"publish","type":"page","link":"https:\/\/www.euroschool.lu\/site\/fr\/nous-trouver\/","title":{"rendered":"Nous trouver"},"content":{"rendered":"<div class=\"wpb-content-wrapper\"><p>[vc_row full_width=&#8221;stretch_row_content_no_spaces&#8221; css=&#8221;.vc_custom_1589920007717{margin-bottom: 0px !important;}&#8221;][vc_column css=&#8221;.vc_custom_1589920029564{margin-bottom: 0px !important;}&#8221; offset=&#8221;vc_hidden-sm vc_hidden-xs&#8221;][vc_custom_heading text=&#8221;&#8221; font_container=&#8221;tag:h1|text_align:left&#8221; use_theme_fonts=&#8221;yes&#8221; el_class=&#8221;custom-header&#8221; css=&#8221;.vc_custom_1656330678455{background-image: url(http:\/\/www.euroschool.lu\/site\/wp-content\/uploads\/2022\/06\/Slider_Find_Us3.jpg?id=14706) !important;background-position: center !important;background-repeat: no-repeat !important;background-size: cover !important;}&#8221;][\/vc_column][\/vc_row][vc_row full_width=&#8221;stretch_row_content_no_spaces&#8221; css=&#8221;.vc_custom_1589920007717{margin-bottom: 0px !important;}&#8221;][vc_column css=&#8221;.vc_custom_1589920591194{margin-bottom: 0px !important;}&#8221; offset=&#8221;vc_hidden-lg vc_hidden-md&#8221;][vc_custom_heading text=&#8221;&#8221; font_container=&#8221;tag:h1|text_align:left&#8221; use_theme_fonts=&#8221;yes&#8221; el_class=&#8221;custom-header-mob&#8221; css=&#8221;.vc_custom_1656330698870{background-image: url(http:\/\/www.euroschool.lu\/site\/wp-content\/uploads\/2022\/06\/Slider_Find_Us3.jpg?id=14706) !important;background-position: center !important;background-repeat: no-repeat !important;background-size: cover !important;}&#8221;][\/vc_column][\/vc_row][vc_row el_class=&#8221;main-box&#8221;][vc_column width=&#8221;1\/5&#8243; offset=&#8221;vc_hidden-md vc_hidden-sm vc_hidden-xs&#8221; el_class=&#8221;sidebar-menu&#8221;][vc_widget_sidebar sidebar_id=&#8221;sidebar-sidebar-menu-about-fr&#8221; el_class=&#8221;sidebar-menu-about&#8221;][\/vc_column][vc_column width=&#8221;4\/5&#8243; el_class=&#8221;main-column&#8221;][vc_column_text el_class=&#8221;page-title&#8221;]<\/p>\n<h1>Nous trouver<\/h1>\n<p>[\/vc_column_text][vc_row_inner][vc_column_inner width=&#8221;1\/2&#8243;][vc_column_text css=&#8221;.vc_custom_1606968386593{margin-right: 20px !important;margin-bottom: 10px !important;margin-left: 20px !important;padding-top: 20px !important;padding-right: 20px !important;padding-bottom: 20px !important;padding-left: 20px !important;border-radius: 25px !important;}&#8221;]<\/p>\n<h5>Ecole Europ\u00e9enne Luxembourg I<br \/>\n23 Boulevard Konrad Adenauer<br \/>\nL-1115 Luxembourg<\/h5>\n<p>[\/vc_column_text][vc_btn title=&#8221;Nous contacter&#8221; style=&#8221;classic&#8221; color=&#8221;sky&#8221; align=&#8221;left&#8221; i_type=&#8221;entypo&#8221; i_icon_entypo=&#8221;entypo-icon entypo-icon-info&#8221; button_block=&#8221;true&#8221; add_icon=&#8221;true&#8221; link=&#8221;url:https%3A%2F%2Fwww.euroschool.lu%2Fsite%2Ffr%2Fnous-contacter%2F|||&#8221; css=&#8221;.vc_custom_1702377874968{margin-bottom: 5px !important;}&#8221;][vc_btn title=&#8221;Obtenir un itin\u00e9raire <small><em>(lien vers Google maps https:\/\/goo.gl\/maps)<\/em><\/small>&#8221; style=&#8221;classic&#8221; color=&#8221;sky&#8221; align=&#8221;left&#8221; i_icon_fontawesome=&#8221;fa fa-map-signs&#8221; button_block=&#8221;true&#8221; add_icon=&#8221;true&#8221; link=&#8221;url:https%3A%2F%2Fgoo.gl%2Fmaps%2FLas953LDoTENgzUc9|title:Find%20us|target:%20_blank|&#8221; css=&#8221;.vc_custom_1702371376424{margin-bottom: 5px !important;}&#8221;][vc_btn title=&#8221;Zones de stationnement&#8221; style=&#8221;classic&#8221; color=&#8221;sky&#8221; align=&#8221;left&#8221; i_type=&#8221;material&#8221; i_icon_material=&#8221;vc-material vc-material-directions_car&#8221; button_block=&#8221;true&#8221; add_icon=&#8221;true&#8221; link=&#8221;url:%23parking|title:Find%20us||&#8221; css=&#8221;.vc_custom_1765718278511{margin-bottom: 5px !important;}&#8221; el_class=&#8221;hide&#8221;][vc_btn title=&#8221;Transport scolaire pour l&#8217;\u00e9cole europ\u00e9enne Luxembourg I <small><em>(lien vers la ville de Luxembourg www.vdl.lu)<\/em><\/small>&#8221; style=&#8221;classic&#8221; color=&#8221;sky&#8221; align=&#8221;left&#8221; i_icon_fontawesome=&#8221;fa fa-bus&#8221; button_block=&#8221;true&#8221; add_icon=&#8221;true&#8221; link=&#8221;url:https%3A%2F%2Fwww.vdl.lu%2Ffr%2Fse-deplacer%2Fen-bus%2Ftransport-scolaire%2Fcourses-scolaires-pour-lenseignement-secondaire%2Ftransport-scolaire-ecole-europeenne-1-kirchberg||target:%20_blank|&#8221; css=&#8221;.vc_custom_1734598642093{margin-bottom: 5px !important;}&#8221;][\/vc_column_inner][vc_column_inner width=&#8221;1\/2&#8243; css=&#8221;.vc_custom_1606968402691{border-top-width: 2px !important;border-right-width: 2px !important;border-bottom-width: 2px !important;border-left-width: 2px !important;padding-top: 20px !important;padding-right: 20px !important;padding-bottom: 20px !important;padding-left: 20px !important;border-left-color: #36454f !important;border-left-style: none !important;border-right-color: #36454f !important;border-right-style: none !important;border-top-color: #36454f !important;border-top-style: none !important;border-bottom-color: #36454f !important;border-bottom-style: none !important;border-radius: 25px !important;}&#8221;][vc_column_text css=&#8221;.vc_custom_1702370810473{margin-bottom: 0px !important;border-bottom-width: 0px !important;padding-bottom: 0px !important;}&#8221;]<\/p>\n<h3>Horaires d&#8217;ouverture &#8211; Administration<\/h3>\n<div class=\"opening_hours_wrapper\">\n<h5 style=\"text-align: left;\"><strong><label>\u00a0 \u00a0 \u00a0Lundi \u2013 Vendredi<br \/>\n<\/label><\/strong><strong><span class=\"h\">\u00a0 \u00a0 \u00a08:00 \u2013 16:00<\/span><\/strong><\/h5>\n<\/div>\n<p>[\/vc_column_text][vc_btn title=&#8221;Vacances scolaires&#8221; style=&#8221;classic&#8221; color=&#8221;sky&#8221; align=&#8221;center&#8221; i_icon_fontawesome=&#8221;fa fa-calendar&#8221; button_block=&#8221;true&#8221; add_icon=&#8221;true&#8221; link=&#8221;url:https%3A%2F%2Fwww.euroschool.lu%2Fsite%2Ffr%2Fvacances-scolaires-et-calendriers%2F|||&#8221; css=&#8221;.vc_custom_1702371026850{margin-top: 12px !important;margin-bottom: 5px !important;border-top-width: 0px !important;padding-top: 0px !important;}&#8221;][\/vc_column_inner][\/vc_row_inner][vc_separator][vc_column_text]<\/p>\n<h4><strong><i class=\"icon-info-circled\" style=\"color:rgb(123,33,33)\" aria-hidden=\"true\"><\/i>Bus provenant de l&#8217;ext\u00e9rieur des limites de la ville du Luxembourg\u00a0<\/strong><\/h4>\n<p>Pour les \u00e9l\u00e8ves des \u00e9coles maternelles, primaires et secondaires &#8211; L&#8217;Association des Transports Scolaires des Ecoles Europ\u00e9ennes (ATSEE) organise le transport en bus des \u00e9l\u00e8ves venant de l&#8217;ext\u00e9rieur de la ville de Luxembourg. Vous trouverez plus d&#8217;informations sur le site de l&#8217; <a href=\"https:\/\/atseee.eu\/\" target=\"_blank\" rel=\"noopener noreferrer\">ATSEE<\/a>.<\/p>\n<p><strong>Association des Transports Scolaires des Ecoles Europ\u00e9ennes (ATSEE)<\/strong><br \/>\nParlement Europ\u00e9en, ADENAUER 00X003, L-2929 Luxembourg<br \/>\n<i class=\"icon-phone\" style=\"\" aria-hidden=\"true\"><\/i> (+352) 4300 22934 | <i class=\"icon-mobile\" style=\"\" aria-hidden=\"true\"><\/i> (+352) 621 149 673 | <i class=\"icon-email\" style=\"\" aria-hidden=\"true\"><\/i> <a href=\"mailto:info@atseee.eu\">Email<\/a> | <a href=\"https:\/\/atseee.eu\/\" target=\"_blank\" rel=\"noopener noreferrer\">Website: https:\/\/atseee.eu\/<\/a>[\/vc_column_text][vc_text_separator title=&#8221;Zones de stationnement&#8221; i_type=&#8221;material&#8221; i_icon_material=&#8221;vc-material vc-material-directions_car&#8221; i_color=&#8221;black&#8221; add_icon=&#8221;true&#8221; css=&#8221;.vc_custom_1765718284060{margin-bottom: 0px !important;padding-bottom: 0px !important;}&#8221; el_id=&#8221;parking&#8221; el_class=&#8221;hide&#8221;][vc_column_text el_class=&#8221;hide&#8221;]<div class=\"image_frame image_item scale-with-grid element_classes aligncenter has_border mfn-img-box\"  role=\"link\" aria-label=\"Image with links\" tabindex=\"0\"><div class=\"image_wrapper\"><a href=\"http:\/\/www.euroschool.lu\/site\/wp-content\/uploads\/2019\/08\/parkings-map.png\" rel=\"prettyphoto\"   class=\"\"  tabindex=\"-1\" title=\"\"><div class=\"mask\"><\/div><img decoding=\"async\" class=\"scale-with-grid\" src=\"http:\/\/www.euroschool.lu\/site\/wp-content\/uploads\/2019\/08\/parkings-map.png\" fetchpriority=\"high\" alt=\"Nous trouver\" title=\"\" width=\"100%\" height=\"100%\" style=\"\"\/><\/a><div class=\"image_links\"><a href=\"http:\/\/www.euroschool.lu\/site\/wp-content\/uploads\/2019\/08\/parkings-map.png\" class=\"zoom\" rel=\"prettyphoto\" tabindex=\"-1\" aria-label=\"zoom image\" title=\"\"><svg viewBox=\"0 0 26 26\"><defs><style>.path{fill:none;stroke:#333;stroke-miterlimit:10;stroke-width:1.5px;}<\/style><\/defs><circle cx=\"11.35\" cy=\"11.35\" r=\"6\" class=\"path\"\/><line x1=\"15.59\" y1=\"15.59\" x2=\"20.65\" y2=\"20.65\" class=\"path\"\/><\/svg><\/a><\/div><\/div><\/div>\n[\/vc_column_text][vc_separator style=&#8221;double&#8221;][\/vc_column][\/vc_row][vc_row][vc_column][vc_empty_space height=&#8221;20&#8243;][\/vc_column][\/vc_row]<\/p>\n<\/div>","protected":false},"excerpt":{"rendered":"<p>[vc_row full_width=&#8221;stretch_row_content_no_spaces&#8221; css=&#8221;.vc_custom_1589920007717{margin-bottom: 0px !important;}&#8221;][vc_column css=&#8221;.vc_custom_1589920029564{margin-bottom: 0px !important;}&#8221; offset=&#8221;vc_hidden-sm vc_hidden-xs&#8221;][vc_custom_heading text=&#8221;&#8221; font_container=&#8221;tag:h1|text_align:left&#8221; use_theme_fonts=&#8221;yes&#8221; el_class=&#8221;custom-header&#8221; css=&#8221;.vc_custom_1656330678455{background-image:<span class=\"excerpt-hellip\"> [\u2026]<\/span><\/p>\n","protected":false},"author":1,"featured_media":0,"parent":0,"menu_order":0,"comment_status":"closed","ping_status":"closed","template":"","meta":{"footnotes":""},"categories":[67],"class_list":["post-4963","page","type-page","status-publish","hentry","category-_page-main-fr-2"],"_links":{"self":[{"href":"https:\/\/www.euroschool.lu\/site\/wp-json\/wp\/v2\/pages\/4963","targetHints":{"allow":["GET"]}}],"collection":[{"href":"https:\/\/www.euroschool.lu\/site\/wp-json\/wp\/v2\/pages"}],"about":[{"href":"https:\/\/www.euroschool.lu\/site\/wp-json\/wp\/v2\/types\/page"}],"author":[{"embeddable":true,"href":"https:\/\/www.euroschool.lu\/site\/wp-json\/wp\/v2\/users\/1"}],"replies":[{"embeddable":true,"href":"https:\/\/www.euroschool.lu\/site\/wp-json\/wp\/v2\/comments?post=4963"}],"version-history":[{"count":38,"href":"https:\/\/www.euroschool.lu\/site\/wp-json\/wp\/v2\/pages\/4963\/revisions"}],"predecessor-version":[{"id":20299,"href":"https:\/\/www.euroschool.lu\/site\/wp-json\/wp\/v2\/pages\/4963\/revisions\/20299"}],"wp:attachment":[{"href":"https:\/\/www.euroschool.lu\/site\/wp-json\/wp\/v2\/media?parent=4963"}],"wp:term":[{"taxonomy":"category","embeddable":true,"href":"https:\/\/www.euroschool.lu\/site\/wp-json\/wp\/v2\/categories?post=4963"}],"curies":[{"name":"wp","href":"https:\/\/api.w.org\/{rel}","templated":true}]}}