{"id":4949,"date":"2019-11-17T22:55:06","date_gmt":"2019-11-17T21:55:06","guid":{"rendered":"http:\/\/www.euroschool.lu\/site\/?page_id=4949"},"modified":"2026-03-03T20:45:10","modified_gmt":"2026-03-03T19:45:10","slug":"kiva-3","status":"publish","type":"page","link":"https:\/\/www.euroschool.lu\/site\/de\/kiva-3\/","title":{"rendered":"Kiva"},"content":{"rendered":"<div class=\"wpb-content-wrapper\"><p>[vc_row full_width=&#8221;stretch_row_content_no_spaces&#8221; css=&#8221;.vc_custom_1589920007717{margin-bottom: 0px !important;}&#8221;][vc_column css=&#8221;.vc_custom_1589920029564{margin-bottom: 0px !important;}&#8221; offset=&#8221;vc_hidden-sm vc_hidden-xs&#8221;][vc_custom_heading text=&#8221;&#8221; font_container=&#8221;tag:h1|text_align:left&#8221; use_theme_fonts=&#8221;yes&#8221; css=&#8221;.vc_custom_1623843360614{background-image: url(http:\/\/www.euroschool.lu\/site\/wp-content\/uploads\/2021\/06\/kiva.jpg?id=10910) !important;background-position: center !important;background-repeat: no-repeat !important;background-size: cover !important;}&#8221; el_class=&#8221;custom-header&#8221;][\/vc_column][\/vc_row][vc_row full_width=&#8221;stretch_row_content_no_spaces&#8221; css=&#8221;.vc_custom_1589920007717{margin-bottom: 0px !important;}&#8221;][vc_column css=&#8221;.vc_custom_1589920591194{margin-bottom: 0px !important;}&#8221; offset=&#8221;vc_hidden-lg vc_hidden-md&#8221;][vc_custom_heading text=&#8221;&#8221; font_container=&#8221;tag:h1|text_align:left&#8221; use_theme_fonts=&#8221;yes&#8221; css=&#8221;.vc_custom_1623843373559{background-image: url(http:\/\/www.euroschool.lu\/site\/wp-content\/uploads\/2021\/06\/kiva.jpg?id=10910) !important;background-position: center !important;background-repeat: no-repeat !important;background-size: cover !important;}&#8221; el_class=&#8221;custom-header-mob&#8221;][\/vc_column][\/vc_row][vc_row el_class=&#8221;main-box&#8221;][vc_column width=&#8221;1\/5&#8243; offset=&#8221;vc_hidden-md vc_hidden-sm vc_hidden-xs&#8221; el_class=&#8221;sidebar-menu&#8221;][vc_widget_sidebar sidebar_id=&#8221;sidebar-sidebar-menu-about-de&#8221; el_class=&#8221;sidebar-menu-about&#8221;][\/vc_column][vc_column width=&#8221;4\/5&#8243; el_class=&#8221;main-column&#8221;][vc_column_text el_class=&#8221;page-title&#8221;]<\/p>\n<h1>KiVa \u2013 Programm zur Bek\u00e4mpfung von Mobbing in der Schule<\/h1>\n<p>[\/vc_column_text][vc_row_inner css=&#8221;.vc_custom_1624959437006{margin-top: 0px !important;border-top-width: 0px !important;padding-top: 0px !important;}&#8221;][vc_column_inner width=&#8221;1\/2&#8243; css=&#8221;.vc_custom_1625133332793{padding-top: 10px !important;}&#8221;][vc_single_image image=&#8221;4666&#8243; img_size=&#8221;full&#8221; alignment=&#8221;center&#8221; css=&#8221;.vc_custom_1625133079843{margin-top: 0px !important;margin-bottom: 0px !important;border-top-width: 0px !important;border-bottom-width: 0px !important;padding-top: 0px !important;padding-bottom: 0px !important;}&#8221;][vc_column_text css=&#8221;.vc_custom_1702379746231{margin-top: 0px !important;border-top-width: 0px !important;padding-top: 0px !important;}&#8221;]<strong>KiVa ist ein innovatives Schulprogramm zur Bek\u00e4mpfung aller Arten von Gewalt. Es wurde an der Universit\u00e4t Turku in Finnland auf der Grundlage von Forschungsergebnissen \u00fcber die Formen von Mobbing und deren Mechanismen entwickelt. Das Programm beugt Mobbing vor und bek\u00e4mpft es wirksam. <\/strong>[\/vc_column_text][\/vc_column_inner][vc_column_inner width=&#8221;1\/2&#8243; css=&#8221;.vc_custom_1671024906188{margin-top: 0px !important;border-top-width: 0px !important;padding-top: 0px !important;padding-left: 100px !important;background-position: center !important;background-repeat: no-repeat !important;background-size: cover !important;border-radius: 20px !important;}&#8221;][vc_single_image image=&#8221;4661&#8243; img_size=&#8221;full&#8221; alignment=&#8221;right&#8221; style=&#8221;vc_box_rounded&#8221; css=&#8221;.vc_custom_1625133579709{margin-top: 0px !important;margin-bottom: 0px !important;border-top-width: 0px !important;border-bottom-width: 0px !important;padding-top: 0px !important;padding-bottom: 0px !important;}&#8221;][vc_column_text css=&#8221;.vc_custom_1702380578228{margin-top: 0px !important;margin-bottom: 0px !important;border-bottom-width: 0px !important;padding-top: 0px !important;padding-bottom: 15px !important;}&#8221;]<\/p>\n<p style=\"text-align: right;\">Wenn Sie Fragen haben, kontaktieren Sie uns bitte<\/p>\n<p>[\/vc_column_text][vc_btn title=&#8221;Grundschule (LUXKIVAP@edu.eursc.eu )&#8221; style=&#8221;classic&#8221; color=&#8221;sky&#8221; align=&#8221;left&#8221; i_icon_fontawesome=&#8221;fa fa-envelope-o&#8221; css=&#8221;.vc_custom_1702379797656{margin-bottom: 5px !important;border-bottom-width: 0px !important;padding-bottom: 0px !important;}&#8221; button_block=&#8221;true&#8221; add_icon=&#8221;true&#8221; link=&#8221;url:mailto%3ALUXKIVAP%40edu.eursc.eu%20|||&#8221;][vc_btn title=&#8221;Sekundarschule (list-lux-sec-kiva@eursc.eu)&#8221; style=&#8221;classic&#8221; color=&#8221;sky&#8221; align=&#8221;left&#8221; i_icon_fontawesome=&#8221;fa fa-envelope-o&#8221; css=&#8221;.vc_custom_1702379830668{margin-top: 0px !important;margin-bottom: 0px !important;border-top-width: 0px !important;border-bottom-width: 0px !important;padding-top: 0px !important;padding-bottom: 0px !important;}&#8221; button_block=&#8221;true&#8221; add_icon=&#8221;true&#8221; link=&#8221;url:mailto%3Alist-lux-sec-kiva%40eursc.eu|||&#8221;][vc_separator css=&#8221;.vc_custom_1625207095807{margin-top: 40px !important;border-top-width: 0px !important;padding-top: 0px !important;}&#8221;][\/vc_column_inner][\/vc_row_inner][vc_column_text]<\/p>\n<h5><\/h5>\n<h3>Die Hauptbestandteile von KiVa<\/h3>\n<p>KiVa besteht sowohl <u>aus allgemeinen als auch aus gezielten Ma\u00dfnahmen<\/u>. Die allgemeinen Ma\u00dfnahmen, die durch das Programm Kiva (Unterricht f\u00fcr Sch\u00fcler) definiert werden, richten sich an alle Sch\u00fcler und konzentrieren sich haupts\u00e4chlich auf die Verhinderung jeglicher Art von Gewalt. Gezielte Ma\u00dfnahmen (durch die Mitglieder des Kiva-Teams) sollten eingesetzt werden, wenn ein Fall von Mobbing aufgetreten ist. Sie richten sich speziell an Kinder und Jugendliche, die als T\u00e4ter oder Opfer in Mobbinghandlungen verwickelt waren, sowie an mehrere Klassenkameraden, die das Opfer unterst\u00fctzen sollen; Ziel ist es, die Mobbinghandlungen zu beenden.[\/vc_column_text][vc_column_text]<\/p>\n<h5><img loading=\"lazy\" decoding=\"async\" class=\"size-full wp-image-4668 aligncenter\" src=\"https:\/\/www.euroschool.lu\/site\/wp-content\/uploads\/2023\/12\/PROGRAMME-KIVA-DE..jpeg\" alt=\"\" width=\"596\" height=\"181\" \/><\/h5>\n<p>[\/vc_column_text][vc_empty_space height=&#8221;20&#8243;][vc_column_text]<\/p>\n<h3>Kiva-Informationen zu den durchgef\u00fchrten Ma\u00dfnahmen<\/h3>\n<p>[\/vc_column_text][vc_btn title=&#8221;EN &#8211; KIVA-Brief an Eltern&#8221; style=&#8221;classic&#8221; color=&#8221;sky&#8221; align=&#8221;left&#8221; i_icon_fontawesome=&#8221;fa fa-file-text-o&#8221; css=&#8221;.vc_custom_1702380097032{margin-top: 0px !important;margin-right: 0px !important;margin-bottom: 5px !important;margin-left: 0px !important;padding-top: 0px !important;padding-right: 0px !important;padding-bottom: 0px !important;padding-left: 0px !important;}&#8221; add_icon=&#8221;true&#8221; link=&#8221;url:http%3A%2F%2Fwww.euroschool.lu%2Fsite%2Fwp-content%2Fuploads%2F2019%2F11%2FKiVa-letter-for-parents-EN-v2.pdf||target:%20_blank|&#8221;][vc_empty_space height=&#8221;20&#8243;][vc_column_text css=&#8221;&#8221;]<\/p>\n<h3>Leitfaden f\u00fcr Eltern<\/h3>\n<p>Der Elternratgeber ist Teil des KiVa-Programms zur Bek\u00e4mpfung jeglicher Gewalt und soll Eltern Informationen \u00fcber Gewalttaten und dar\u00fcber, was zu Hause und in der Schule dagegen getan werden kann, bieten. Die Zusammenarbeit zwischen Eltern und Schule sowie ein unterst\u00fctzendes famili\u00e4res Umfeld sind f\u00fcr die Bek\u00e4mpfung von Mobbing von entscheidender Bedeutung.<\/p>\n<p>Weitere Informationen unter <a href=\"https:\/\/www.kivaprogram.net\/family-guide\/\">https:\/\/www.kivaprogram.net\/family-guide\/<\/a>[\/vc_column_text][vc_column_text css=&#8221;.vc_custom_1702380210770{border-top-width: 2px !important;border-right-width: 2px !important;border-bottom-width: 2px !important;border-left-width: 2px !important;padding-top: 10px !important;padding-right: 10px !important;padding-bottom: 10px !important;padding-left: 10px !important;border-left-color: #999999 !important;border-left-style: solid !important;border-right-color: #999999 !important;border-right-style: solid !important;border-top-color: #999999 !important;border-top-style: solid !important;border-bottom-color: #999999 !important;border-bottom-style: solid !important;border-radius: 5px !important;}&#8221;]<\/p>\n<h4><strong>Das KiVa-Team beschuldigt oder bestraft niemanden, sondern hilft dabei, Einf\u00fchlungsverm\u00f6gen und positive L\u00f6sungen zu entwickeln. KiVa ist kein einj\u00e4hriges Projekt, sondern ein fester Bestandteil des Kampfes gegen jegliche Gewalt in der Schule.<\/strong><\/h4>\n<p>[\/vc_column_text][vc_empty_space height=&#8221;10&#8243;][vc_column_text]<\/p>\n<h3>N\u00fctzlicher Link, weitere Informationen<\/h3>\n<p>Weitere Informationen \u00fcber das Programm finden Sie unter <a href=\"http:\/\/www.kivaprogram.net\">http:\/\/www.kivaprogram.net<\/a>[\/vc_column_text][vc_separator style=&#8221;double&#8221;][\/vc_column][\/vc_row][vc_row][vc_column][vc_empty_space height=&#8221;20&#8243;][\/vc_column][\/vc_row]<\/p>\n<\/div>","protected":false},"excerpt":{"rendered":"<p>[vc_row full_width=&#8221;stretch_row_content_no_spaces&#8221; css=&#8221;.vc_custom_1589920007717{margin-bottom: 0px !important;}&#8221;][vc_column css=&#8221;.vc_custom_1589920029564{margin-bottom: 0px !important;}&#8221; offset=&#8221;vc_hidden-sm vc_hidden-xs&#8221;][vc_custom_heading text=&#8221;&#8221; font_container=&#8221;tag:h1|text_align:left&#8221; use_theme_fonts=&#8221;yes&#8221; css=&#8221;.vc_custom_1623843360614{background-image: url(http:\/\/www.euroschool.lu\/site\/wp-content\/uploads\/2021\/06\/kiva.jpg?id=10910)<span class=\"excerpt-hellip\"> [\u2026]<\/span><\/p>\n","protected":false},"author":1,"featured_media":-1,"parent":0,"menu_order":0,"comment_status":"closed","ping_status":"closed","template":"","meta":{"footnotes":""},"categories":[69],"class_list":["post-4949","page","type-page","status-publish","has-post-thumbnail","hentry","category-_page-main-de"],"_links":{"self":[{"href":"https:\/\/www.euroschool.lu\/site\/wp-json\/wp\/v2\/pages\/4949","targetHints":{"allow":["GET"]}}],"collection":[{"href":"https:\/\/www.euroschool.lu\/site\/wp-json\/wp\/v2\/pages"}],"about":[{"href":"https:\/\/www.euroschool.lu\/site\/wp-json\/wp\/v2\/types\/page"}],"author":[{"embeddable":true,"href":"https:\/\/www.euroschool.lu\/site\/wp-json\/wp\/v2\/users\/1"}],"replies":[{"embeddable":true,"href":"https:\/\/www.euroschool.lu\/site\/wp-json\/wp\/v2\/comments?post=4949"}],"version-history":[{"count":29,"href":"https:\/\/www.euroschool.lu\/site\/wp-json\/wp\/v2\/pages\/4949\/revisions"}],"predecessor-version":[{"id":20958,"href":"https:\/\/www.euroschool.lu\/site\/wp-json\/wp\/v2\/pages\/4949\/revisions\/20958"}],"wp:featuredmedia":[{"embeddable":true,"href":"https:\/\/www.euroschool.lu\/site\/wp-json\/"}],"wp:attachment":[{"href":"https:\/\/www.euroschool.lu\/site\/wp-json\/wp\/v2\/media?parent=4949"}],"wp:term":[{"taxonomy":"category","embeddable":true,"href":"https:\/\/www.euroschool.lu\/site\/wp-json\/wp\/v2\/categories?post=4949"}],"curies":[{"name":"wp","href":"https:\/\/api.w.org\/{rel}","templated":true}]}}