{"id":4947,"date":"2019-11-17T22:54:42","date_gmt":"2019-11-17T21:54:42","guid":{"rendered":"http:\/\/www.euroschool.lu\/site\/?page_id=4947"},"modified":"2026-03-03T20:44:20","modified_gmt":"2026-03-03T19:44:20","slug":"kiva-2","status":"publish","type":"page","link":"https:\/\/www.euroschool.lu\/site\/fr\/kiva-2\/","title":{"rendered":"Kiva"},"content":{"rendered":"<div class=\"wpb-content-wrapper\"><p>[vc_row full_width=&#8221;stretch_row_content_no_spaces&#8221; css=&#8221;.vc_custom_1589920007717{margin-bottom: 0px !important;}&#8221;][vc_column css=&#8221;.vc_custom_1589920029564{margin-bottom: 0px !important;}&#8221; offset=&#8221;vc_hidden-sm vc_hidden-xs&#8221;][vc_custom_heading text=&#8221;&#8221; font_container=&#8221;tag:h1|text_align:left&#8221; use_theme_fonts=&#8221;yes&#8221; css=&#8221;.vc_custom_1623843360614{background-image: url(http:\/\/www.euroschool.lu\/site\/wp-content\/uploads\/2021\/06\/kiva.jpg?id=10910) !important;background-position: center !important;background-repeat: no-repeat !important;background-size: cover !important;}&#8221; el_class=&#8221;custom-header&#8221;][\/vc_column][\/vc_row][vc_row full_width=&#8221;stretch_row_content_no_spaces&#8221; css=&#8221;.vc_custom_1589920007717{margin-bottom: 0px !important;}&#8221;][vc_column css=&#8221;.vc_custom_1589920591194{margin-bottom: 0px !important;}&#8221; offset=&#8221;vc_hidden-lg vc_hidden-md&#8221;][vc_custom_heading text=&#8221;&#8221; font_container=&#8221;tag:h1|text_align:left&#8221; use_theme_fonts=&#8221;yes&#8221; css=&#8221;.vc_custom_1623843373559{background-image: url(http:\/\/www.euroschool.lu\/site\/wp-content\/uploads\/2021\/06\/kiva.jpg?id=10910) !important;background-position: center !important;background-repeat: no-repeat !important;background-size: cover !important;}&#8221; el_class=&#8221;custom-header-mob&#8221;][\/vc_column][\/vc_row][vc_row el_class=&#8221;main-box&#8221;][vc_column width=&#8221;1\/5&#8243; offset=&#8221;vc_hidden-md vc_hidden-sm vc_hidden-xs&#8221; el_class=&#8221;sidebar-menu&#8221;][vc_widget_sidebar sidebar_id=&#8221;sidebar-sidebar-menu-about-fr&#8221; el_class=&#8221;sidebar-menu-about&#8221;][\/vc_column][vc_column width=&#8221;4\/5&#8243; el_class=&#8221;main-column&#8221;][vc_column_text el_class=&#8221;page-title&#8221;]<\/p>\n<h1>KiVa \u2013 Programme de lutte contre le harc\u00e8lement scolaire<\/h1>\n<p>[\/vc_column_text][vc_row_inner css=&#8221;.vc_custom_1624959437006{margin-top: 0px !important;border-top-width: 0px !important;padding-top: 0px !important;}&#8221;][vc_column_inner width=&#8221;1\/2&#8243; css=&#8221;.vc_custom_1625133332793{padding-top: 10px !important;}&#8221;][vc_single_image image=&#8221;4666&#8243; img_size=&#8221;full&#8221; alignment=&#8221;center&#8221; css=&#8221;.vc_custom_1625133079843{margin-top: 0px !important;margin-bottom: 0px !important;border-top-width: 0px !important;border-bottom-width: 0px !important;padding-top: 0px !important;padding-bottom: 0px !important;}&#8221;][vc_column_text css=&#8221;.vc_custom_1702378603913{margin-top: 0px !important;border-top-width: 0px !important;padding-top: 0px !important;}&#8221;]<strong>KiVa est un programme scolaire innovant de lutte contre toutes sortes de violences. Il a \u00e9t\u00e9 d\u00e9velopp\u00e9 \u00e0 l&#8217;Universit\u00e9 de Turku en Finlande sur la base de recherches sur les formes de harc\u00e8lement et leurs m\u00e9canismes. Le programme pr\u00e9vient les actes de harc\u00e8lement et lutte efficacement contre ceux-ci.<\/strong>[\/vc_column_text][\/vc_column_inner][vc_column_inner width=&#8221;1\/2&#8243; css=&#8221;.vc_custom_1671024834755{margin-top: 0px !important;border-top-width: 0px !important;padding-top: 0px !important;padding-left: 100px !important;background-position: center !important;background-repeat: no-repeat !important;background-size: cover !important;border-radius: 20px !important;}&#8221;][vc_single_image image=&#8221;4661&#8243; img_size=&#8221;full&#8221; alignment=&#8221;right&#8221; style=&#8221;vc_box_rounded&#8221; css=&#8221;.vc_custom_1625133579709{margin-top: 0px !important;margin-bottom: 0px !important;border-top-width: 0px !important;border-bottom-width: 0px !important;padding-top: 0px !important;padding-bottom: 0px !important;}&#8221;][vc_column_text css=&#8221;.vc_custom_1702380712569{margin-top: 0px !important;margin-bottom: 0px !important;border-bottom-width: 0px !important;padding-top: 0px !important;padding-bottom: 15px !important;}&#8221;]<\/p>\n<p style=\"text-align: right;\">Pour toutes questions, veuillez s&#8217;il vous pla\u00eet nous contacter:<\/p>\n<p>[\/vc_column_text][vc_btn title=&#8221;Primaire (LUXKIVAP@edu.eursc.eu )&#8221; style=&#8221;classic&#8221; color=&#8221;sky&#8221; align=&#8221;left&#8221; i_icon_fontawesome=&#8221;fa fa-envelope-o&#8221; css=&#8221;.vc_custom_1702378656514{margin-bottom: 5px !important;border-bottom-width: 0px !important;padding-bottom: 0px !important;}&#8221; button_block=&#8221;true&#8221; add_icon=&#8221;true&#8221; link=&#8221;url:mailto%3ALUXKIVAP%40edu.eursc.eu%20|||&#8221;][vc_btn title=&#8221;Secondaire (list-lux-sec-kiva@eursc.eu)&#8221; style=&#8221;classic&#8221; color=&#8221;sky&#8221; align=&#8221;left&#8221; i_icon_fontawesome=&#8221;fa fa-envelope-o&#8221; css=&#8221;.vc_custom_1702378670501{margin-top: 0px !important;margin-bottom: 0px !important;border-top-width: 0px !important;border-bottom-width: 0px !important;padding-top: 0px !important;padding-bottom: 0px !important;}&#8221; button_block=&#8221;true&#8221; add_icon=&#8221;true&#8221; link=&#8221;url:mailto%3Alist-lux-sec-kiva%40eursc.eu|||&#8221;][vc_separator css=&#8221;.vc_custom_1625207095807{margin-top: 40px !important;border-top-width: 0px !important;padding-top: 0px !important;}&#8221;][\/vc_column_inner][\/vc_row_inner][vc_column_text]<\/p>\n<h5><\/h5>\n<h3>Les principaux composants de KiVa<\/h3>\n<p>KiVa comprend \u00e0 la fois <u>des actions g\u00e9n\u00e9rales et des actions cibl\u00e9es<\/u>. Les actions g\u00e9n\u00e9rales, d\u00e9finies par le programme Kiva (le\u00e7ons pour les \u00e9l\u00e8ves), s&#8217;adressent \u00e0 tous les \u00e9l\u00e8ves et se concentrent principalement sur la pr\u00e9vention de toutes les violences. Les actions cibl\u00e9es (par les membres de l&#8217;\u00e9quipe Kiva) doivent \u00eatre utilis\u00e9es lorsqu&#8217;un cas de harc\u00e8lement est apparu. Elles s&#8217;adressent sp\u00e9cifiquement aux enfants et aux adolescents qui ont \u00e9t\u00e9 impliqu\u00e9s dans des actes de harc\u00e8lement en tant qu&#8217;auteurs ou victimes, ainsi qu&#8217;\u00e0 plusieurs camarades de classe qui sont appel\u00e9s \u00e0 soutenir la victime ; l&#8217;objectif est de mettre un terme aux actes de harc\u00e8lement.[\/vc_column_text][vc_column_text]<\/p>\n<h5><img loading=\"lazy\" decoding=\"async\" class=\"size-full wp-image-4668 aligncenter\" src=\"https:\/\/www.euroschool.lu\/site\/wp-content\/uploads\/2023\/12\/PROGRAMME-KIVA-FR..jpg\" alt=\"\" width=\"596\" height=\"181\" \/><\/h5>\n<p>[\/vc_column_text][vc_empty_space height=&#8221;20&#8243;][vc_column_text]<\/p>\n<h3>Informations Kiva sur les actions men\u00e9es<\/h3>\n<p>[\/vc_column_text][vc_btn title=&#8221;EN &#8211; Lettre KIVA aux parents&#8221; style=&#8221;classic&#8221; color=&#8221;sky&#8221; align=&#8221;left&#8221; i_icon_fontawesome=&#8221;fa fa-file-text-o&#8221; css=&#8221;.vc_custom_1702379015814{margin-top: 0px !important;margin-right: 0px !important;margin-bottom: 5px !important;margin-left: 0px !important;padding-top: 0px !important;padding-right: 0px !important;padding-bottom: 0px !important;padding-left: 0px !important;}&#8221; add_icon=&#8221;true&#8221; link=&#8221;url:http%3A%2F%2Fwww.euroschool.lu%2Fsite%2Fwp-content%2Fuploads%2F2019%2F11%2FKiVa-letter-for-parents-EN-v2.pdf||target:%20_blank|&#8221;][vc_empty_space height=&#8221;20&#8243;][vc_column_text css=&#8221;&#8221;]<\/p>\n<h3>Guide des parents<\/h3>\n<p>Le guide des parents fait partie du programme KiVa de lutte contre toutes les violences et a pour but d&#8217;offrir aux parents des informations sur les actes de violence et sur ce qui peut \u00eatre fait \u00e0 la maison et \u00e0 l&#8217;\u00e9cole. La coop\u00e9ration entre les parents et l&#8217;\u00e9cole ainsi qu&#8217;un environnement familial favorable sont essentiels pour lutter contre le harc\u00e8lement.<\/p>\n<p>Plus d&#8217;informations sur <a href=\"https:\/\/www.kivaprogram.net\/family-guide\/\">https:\/\/www.kivaprogram.net\/family-guide\/<\/a>[\/vc_column_text][vc_column_text css=&#8221;.vc_custom_1702379148786{border-top-width: 2px !important;border-right-width: 2px !important;border-bottom-width: 2px !important;border-left-width: 2px !important;padding-top: 10px !important;padding-right: 10px !important;padding-bottom: 10px !important;padding-left: 10px !important;border-left-color: #999999 !important;border-left-style: solid !important;border-right-color: #999999 !important;border-right-style: solid !important;border-top-color: #999999 !important;border-top-style: solid !important;border-bottom-color: #999999 !important;border-bottom-style: solid !important;border-radius: 5px !important;}&#8221;]<\/p>\n<h4><strong>L&#8217;\u00e9quipe KiVa n&#8217;accuse ni ne punit personne, mais aide \u00e0 d\u00e9velopper l&#8217;empathie et des solutions positives. KiVa n&#8217;est pas un projet d&#8217;un an, mais un \u00e9l\u00e9ment permanent de la lutte contre toutes les violences \u00e0 l&#8217;\u00e9cole.<\/strong><\/h4>\n<p>[\/vc_column_text][vc_empty_space height=&#8221;10&#8243;][vc_column_text]<\/p>\n<h3>Lien utile, plus d&#8217;informations<\/h3>\n<p>Vous pouvez trouver plus d&#8217;informations sur le programme sur <a href=\"http:\/\/www.kivaprogram.net\">http:\/\/www.kivaprogram.net<\/a>[\/vc_column_text][vc_separator style=&#8221;double&#8221;][\/vc_column][\/vc_row][vc_row][vc_column][vc_empty_space height=&#8221;20&#8243;][\/vc_column][\/vc_row]<\/p>\n<\/div>","protected":false},"excerpt":{"rendered":"<p>[vc_row full_width=&#8221;stretch_row_content_no_spaces&#8221; css=&#8221;.vc_custom_1589920007717{margin-bottom: 0px !important;}&#8221;][vc_column css=&#8221;.vc_custom_1589920029564{margin-bottom: 0px !important;}&#8221; offset=&#8221;vc_hidden-sm vc_hidden-xs&#8221;][vc_custom_heading text=&#8221;&#8221; font_container=&#8221;tag:h1|text_align:left&#8221; use_theme_fonts=&#8221;yes&#8221; css=&#8221;.vc_custom_1623843360614{background-image: url(http:\/\/www.euroschool.lu\/site\/wp-content\/uploads\/2021\/06\/kiva.jpg?id=10910)<span class=\"excerpt-hellip\"> [\u2026]<\/span><\/p>\n","protected":false},"author":1,"featured_media":-1,"parent":0,"menu_order":0,"comment_status":"closed","ping_status":"closed","template":"","meta":{"footnotes":""},"categories":[67],"class_list":["post-4947","page","type-page","status-publish","has-post-thumbnail","hentry","category-_page-main-fr-2"],"_links":{"self":[{"href":"https:\/\/www.euroschool.lu\/site\/wp-json\/wp\/v2\/pages\/4947","targetHints":{"allow":["GET"]}}],"collection":[{"href":"https:\/\/www.euroschool.lu\/site\/wp-json\/wp\/v2\/pages"}],"about":[{"href":"https:\/\/www.euroschool.lu\/site\/wp-json\/wp\/v2\/types\/page"}],"author":[{"embeddable":true,"href":"https:\/\/www.euroschool.lu\/site\/wp-json\/wp\/v2\/users\/1"}],"replies":[{"embeddable":true,"href":"https:\/\/www.euroschool.lu\/site\/wp-json\/wp\/v2\/comments?post=4947"}],"version-history":[{"count":47,"href":"https:\/\/www.euroschool.lu\/site\/wp-json\/wp\/v2\/pages\/4947\/revisions"}],"predecessor-version":[{"id":20957,"href":"https:\/\/www.euroschool.lu\/site\/wp-json\/wp\/v2\/pages\/4947\/revisions\/20957"}],"wp:featuredmedia":[{"embeddable":true,"href":"https:\/\/www.euroschool.lu\/site\/wp-json\/"}],"wp:attachment":[{"href":"https:\/\/www.euroschool.lu\/site\/wp-json\/wp\/v2\/media?parent=4947"}],"wp:term":[{"taxonomy":"category","embeddable":true,"href":"https:\/\/www.euroschool.lu\/site\/wp-json\/wp\/v2\/categories?post=4947"}],"curies":[{"name":"wp","href":"https:\/\/api.w.org\/{rel}","templated":true}]}}