{"id":4893,"date":"2019-11-17T18:28:30","date_gmt":"2019-11-17T17:28:30","guid":{"rendered":"http:\/\/www.euroschool.lu\/site\/?page_id=4893"},"modified":"2019-12-01T17:08:32","modified_gmt":"2019-12-01T16:08:32","slug":"kindergarten-und-grundschule-leben-in-der-schule","status":"publish","type":"page","link":"https:\/\/www.euroschool.lu\/site\/de\/kindergarten-und-grundschule-leben-in-der-schule\/","title":{"rendered":"Kindergarten und Grundschule : Leben in der Schule"},"content":{"rendered":"<div class=\"wpb-content-wrapper\"><p>[vc_row css=&#8221;.vc_custom_1575216314426{background-image: url(http:\/\/www.euroschool.lu\/site\/wp-content\/uploads\/2019\/12\/heading-bkg-nurpri-1.jpg?id=5396) !important;background-position: center !important;background-repeat: no-repeat !important;background-size: cover !important;}&#8221;][vc_column][vc_custom_heading source=&#8221;post_title&#8221; font_container=&#8221;tag:h1|text_align:left|color:%23ffffff&#8221; use_theme_fonts=&#8221;yes&#8221; el_class=&#8221;custom-h1&#8243;][\/vc_column][\/vc_row][vc_row][vc_column][vc_column_text css=&#8221;.vc_custom_1574011299567{padding-top: 10px !important;}&#8221;]Wie in jeder Schule ist es auch bei uns sehr wichtig, dass sich alle gemeinsam um ein gutes, f\u00fcrsorgliches und friedvolles Miteinander k\u00fcmmern. Daher ist es unerl\u00e4sslich, dass sich alle an Regeln halten und hierf\u00fcr gibt es in erster Linie unsere Schulregeln, denen alle verpflichtet sind.[\/vc_column_text][vc_btn title=&#8221;Schulregeln&#8221; style=&#8221;flat&#8221; shape=&#8221;square&#8221; color=&#8221;green&#8221; i_type=&#8221;entypo&#8221; i_icon_entypo=&#8221;entypo-icon entypo-icon-link&#8221; add_icon=&#8221;true&#8221; link=&#8221;url:http%3A%2F%2Fwww.euroschool.lu%2Fsite%2Fschool-life%2F%231566744780127-c3a7c827-64c308c4-d1e8|||&#8221;][vc_column_text css=&#8221;.vc_custom_1574011422780{padding-top: 10px !important;}&#8221;]Das Kind steht bei uns im Mittelpunkt und auch abseits des Unterrichts in den Klassen sorgen sich viele Menschen und Teams um das Wohlbefinden der Kinder.<\/p>\n<p>Es ist notwendig, dass wir uns alle an unsere Vereinbarungen, Richtlinien und Regeln halten. Auch bzw vor allem Eltern \u00fcbernehmen hierbei ein grosse Verantwortung, denn nur wenn Eltern und Erziehungsberechtigte uns in unserem Tun unterst\u00fctzen, k\u00f6nnen wir ein erfolgreiches Schulleben f\u00fcr alle unsere Kinder gestalten. Bitte beachten Sie daher gemeinsam mit Kindern, Lehrerinnen und Lehrern und dem gesamten Schulteam die geltenden Regeln der Europ\u00e4ischen Schulen, als auch unsere Lux1-Schulregeln.[\/vc_column_text][vc_btn title=&#8221;Schulregeln und Prozeduren&#8221; style=&#8221;flat&#8221; shape=&#8221;square&#8221; color=&#8221;green&#8221; i_type=&#8221;entypo&#8221; i_icon_entypo=&#8221;entypo-icon entypo-icon-link&#8221; add_icon=&#8221;true&#8221; link=&#8221;url:http%3A%2F%2Fwww.euroschool.lu%2Fsite%2Fde%2Fkindergarten-und-grundschule-schulregeln-und-prozeduren%2F|title:Schulregeln%20und%20Prozeduren||&#8221;][\/vc_column][\/vc_row][vc_row][vc_column][vc_row_inner][vc_column_inner][vc_btn title=&#8221;Soir\u00e9e informative Focus Mat\/P1&#8243; style=&#8221;flat&#8221; shape=&#8221;square&#8221; color=&#8221;sky&#8221; i_icon_fontawesome=&#8221;fa fa-file-text-o&#8221; add_icon=&#8221;true&#8221; link=&#8221;url:http%3A%2F%2Fwww.euroschool.lu%2Fsite%2Fwp-content%2Fuploads%2F2019%2F10%2FPresentation_Parents_M1P1_Octobre2019.pdf||target:%20_blank|&#8221;][\/vc_column_inner][\/vc_row_inner][\/vc_column][\/vc_row][vc_row][vc_column][vc_single_image image=&#8221;5393&#8243; img_size=&#8221;full&#8221; alignment=&#8221;center&#8221; onclick=&#8221;link_image&#8221;][\/vc_column][\/vc_row]<\/p>\n<\/div>","protected":false},"excerpt":{"rendered":"<p>[vc_row css=&#8221;.vc_custom_1575216314426{background-image: url(http:\/\/www.euroschool.lu\/site\/wp-content\/uploads\/2019\/12\/heading-bkg-nurpri-1.jpg?id=5396) !important;background-position: center !important;background-repeat: no-repeat !important;background-size: cover !important;}&#8221;][vc_column][vc_custom_heading source=&#8221;post_title&#8221; font_container=&#8221;tag:h1|text_align:left|color:%23ffffff&#8221; use_theme_fonts=&#8221;yes&#8221; el_class=&#8221;custom-h1&#8243;][\/vc_column][\/vc_row][vc_row][vc_column][vc_column_text css=&#8221;.vc_custom_1574011299567{padding-top:<span class=\"excerpt-hellip\"> [\u2026]<\/span><\/p>\n","protected":false},"author":1,"featured_media":0,"parent":0,"menu_order":0,"comment_status":"closed","ping_status":"closed","template":"","meta":{"footnotes":""},"categories":[65],"class_list":["post-4893","page","type-page","status-publish","hentry","category-_page-nurpri-de"],"_links":{"self":[{"href":"https:\/\/www.euroschool.lu\/site\/wp-json\/wp\/v2\/pages\/4893","targetHints":{"allow":["GET"]}}],"collection":[{"href":"https:\/\/www.euroschool.lu\/site\/wp-json\/wp\/v2\/pages"}],"about":[{"href":"https:\/\/www.euroschool.lu\/site\/wp-json\/wp\/v2\/types\/page"}],"author":[{"embeddable":true,"href":"https:\/\/www.euroschool.lu\/site\/wp-json\/wp\/v2\/users\/1"}],"replies":[{"embeddable":true,"href":"https:\/\/www.euroschool.lu\/site\/wp-json\/wp\/v2\/comments?post=4893"}],"version-history":[{"count":7,"href":"https:\/\/www.euroschool.lu\/site\/wp-json\/wp\/v2\/pages\/4893\/revisions"}],"predecessor-version":[{"id":5401,"href":"https:\/\/www.euroschool.lu\/site\/wp-json\/wp\/v2\/pages\/4893\/revisions\/5401"}],"wp:attachment":[{"href":"https:\/\/www.euroschool.lu\/site\/wp-json\/wp\/v2\/media?parent=4893"}],"wp:term":[{"taxonomy":"category","embeddable":true,"href":"https:\/\/www.euroschool.lu\/site\/wp-json\/wp\/v2\/categories?post=4893"}],"curies":[{"name":"wp","href":"https:\/\/api.w.org\/{rel}","templated":true}]}}