{"id":4887,"date":"2019-11-17T18:05:07","date_gmt":"2019-11-17T17:05:07","guid":{"rendered":"http:\/\/www.euroschool.lu\/site\/?page_id=4887"},"modified":"2025-09-13T18:42:46","modified_gmt":"2025-09-13T16:42:46","slug":"kindergarten-und-grundschule-lehrer-und-lehrerinnen","status":"publish","type":"page","link":"https:\/\/www.euroschool.lu\/site\/de\/kindergarten-und-grundschule-lehrer-und-lehrerinnen\/","title":{"rendered":"Kindergarten und Grundschule : Lehrer und Lehrerinnen"},"content":{"rendered":"<div class=\"wpb-content-wrapper\"><p>[vc_row full_width=&#8221;stretch_row_content_no_spaces&#8221; css=&#8221;.vc_custom_1589920007717{margin-bottom: 0px !important;}&#8221;][vc_column css=&#8221;.vc_custom_1589920029564{margin-bottom: 0px !important;}&#8221; offset=&#8221;vc_hidden-sm vc_hidden-xs&#8221;][vc_custom_heading text=&#8221;&#8221; font_container=&#8221;tag:h1|text_align:left&#8221; use_theme_fonts=&#8221;yes&#8221; el_class=&#8221;custom-header&#8221; css=&#8221;.vc_custom_1623851388410{background-image: url(http:\/\/www.euroschool.lu\/site\/wp-content\/uploads\/2021\/06\/teacher2.jpg?id=10988) !important;background-position: center !important;background-repeat: no-repeat !important;background-size: cover !important;}&#8221;][\/vc_column][\/vc_row][vc_row full_width=&#8221;stretch_row_content_no_spaces&#8221; css=&#8221;.vc_custom_1589920007717{margin-bottom: 0px !important;}&#8221;][vc_column css=&#8221;.vc_custom_1589920591194{margin-bottom: 0px !important;}&#8221; offset=&#8221;vc_hidden-lg vc_hidden-md&#8221;][vc_custom_heading text=&#8221;&#8221; font_container=&#8221;tag:h1|text_align:left&#8221; use_theme_fonts=&#8221;yes&#8221; el_class=&#8221;custom-header-mob&#8221; css=&#8221;.vc_custom_1623851392512{background-image: url(http:\/\/www.euroschool.lu\/site\/wp-content\/uploads\/2021\/06\/teacher2.jpg?id=10988) !important;background-position: center !important;background-repeat: no-repeat !important;background-size: cover !important;}&#8221;][\/vc_column][\/vc_row][vc_row el_class=&#8221;main-box&#8221;][vc_column width=&#8221;1\/5&#8243; offset=&#8221;vc_hidden-md vc_hidden-sm vc_hidden-xs&#8221; el_class=&#8221;sidebar-menu&#8221;][vc_widget_sidebar sidebar_id=&#8221;sidebar-sidebar-menu-nurpri-de&#8221; el_class=&#8221;sidebar-menu-nurpri&#8221;][\/vc_column][vc_column width=&#8221;4\/5&#8243; el_class=&#8221;main-column&#8221;][vc_column_text el_class=&#8221;page-title&#8221;]<\/p>\n<h1>Kindergarten und Grundschule : Lehrer und Lehrerinnen<\/h1>\n<p>[\/vc_column_text][vc_column_text css=&#8221;.vc_custom_1591061645980{padding-top: 10px !important;}&#8221;]Unsere Lehrer und Lehrerinnen sind das p\u00e4dagogische Herzst\u00fcck unserer Schule und haben eine gro\u00dfe Verantwortung. Zum einen liegt die Bildung unserer Kinder in ihrer Hand, zum anderen \u00fcbernehmen sie aber auch Erziehungsaufgaben.<\/p>\n<p>Die wesentlichen Aufgaben sind:<\/p>\n<p>Lehrer sind verpflichtet, die Sch\u00fclerinnen und Sch\u00fcler eigenverantwortlich zu erziehen, zu unterrichten, zu beurteilen und zu beraten. Dabei genie\u00dfen p\u00e4dagogische Freiheit, das heisst, dass zum Beispiel die Wahl der Unterrichtsmethode allein im Ermessen der Lehrer liegt.<\/p>\n<p>Lehrerinnen und Lehrer sind dazu aufgefordert ihre Sch\u00fclerinnen und Sch\u00fcler umfassend zu f\u00f6rdern. Dazu geh\u00f6rt insbesondere auch, sie zur Selbstst\u00e4ndigkeit zu erziehen und Aufgaben, dem Alter entsprechend, einzufordern.<\/p>\n<p>Im Unterricht sind Lehrer und Lehrerinnen dazu angehalten, die Lernvoraussetzung, Lernschwierigkeiten, die besonderen F\u00e4higkeiten, Neigungen und Interessen sowie die pers\u00f6nliche Lebenssituation der Sch\u00fclerinnen und Sch\u00fcler zu ber\u00fccksichtigen. Dies setzt eine laufende Kommunikation als auch Kooperation mit den Eltern voraus.<\/p>\n<p>Ausserdem ist es Aufgabe der Lehrer und Lehrerinnen, Sch\u00fclerinnen und Sch\u00fcler aber auch ihre Eltern zu informieren und zu beraten. Es ist wesentlich, dass sich Eltern und Lehrpersonen auf Augenh\u00f6he begegnen und sich als das sehen, was sie sind: Experten in ihrem Tun.<\/p>\n<p>Die Lehrkraft ist dazu verpflichtet, den Unterricht sorgf\u00e4ltig zu planen. Dabei muss sie sich an das Curriculum der Europ\u00e4ischen Schulen halten. Zus\u00e4tzlich die Lehrperson aber auch aufgefordert, nationale und sprachliche Elemente seines oder ihres Herkunftslandes in den Unterricht einzubauen.<\/p>\n<p>Dies sind nur die wichtigsten Kernaufgaben, die Lehrer und Lehrerinnen jeden Tag \u00fcbernehmen. Jedoch ist es f\u00fcr den Schulerfolg der Kinder enorm wichtig, das auch Eltern ihren Aufgaben nachkommen und die Lehrpersonen in ihrer Arbeit unterst\u00fctzen.<\/p>\n<p>Zum Beispiel sind zwar Lehrerinnen und Lehrer auch f\u00fcr die Erziehung zur Selbstst\u00e4ndigkeit verantwortlich, die Grundlage daf\u00fcr m\u00fcssen jedoch die Eltern zu Hause schaffen und die Schule unterst\u00fctzen. W\u00e4hrend also die Lehrkraft im Unterricht f\u00fcr das schulische Lernen die Verantwortung tr\u00e4gt, sind es die Eltern, die f\u00fcr das Sozialverhalten ihrer Kinder verantwortlich sind. Dieser Punkt ist unserer Schule enorm wichtig und wir bitten die Eltern vor allem in diesem Zusammenhang um ihre volle Unterst\u00fctzung.<br \/>\n[\/vc_column_text][vc_btn title=&#8221;Liste der Lehrer&#8221; style=&#8221;classic&#8221; color=&#8221;sky&#8221; i_type=&#8221;entypo&#8221; i_icon_entypo=&#8221;entypo-icon entypo-icon-link&#8221; add_icon=&#8221;true&#8221; link=&#8221;url:https%3A%2F%2Fwww.euroschool.lu%2Fsite%2Fde%2Fkontakt%2F%23nur-pri-teachers|||&#8221; css=&#8221;.vc_custom_1757781763455{margin-top: 30px !important;margin-bottom: 0px !important;border-bottom-width: 0px !important;padding-bottom: 0px !important;}&#8221;][vc_separator style=&#8221;double&#8221; css=&#8221;.vc_custom_1625047583845{margin-top: 40px !important;border-top-width: 0px !important;padding-top: 0px !important;}&#8221;][\/vc_column][\/vc_row][vc_row][vc_column][vc_empty_space height=&#8221;20&#8243;][\/vc_column][\/vc_row]<\/p>\n<\/div>","protected":false},"excerpt":{"rendered":"<p>[vc_row full_width=&#8221;stretch_row_content_no_spaces&#8221; css=&#8221;.vc_custom_1589920007717{margin-bottom: 0px !important;}&#8221;][vc_column css=&#8221;.vc_custom_1589920029564{margin-bottom: 0px !important;}&#8221; offset=&#8221;vc_hidden-sm vc_hidden-xs&#8221;][vc_custom_heading text=&#8221;&#8221; font_container=&#8221;tag:h1|text_align:left&#8221; use_theme_fonts=&#8221;yes&#8221; el_class=&#8221;custom-header&#8221; css=&#8221;.vc_custom_1623851388410{background-image:<span class=\"excerpt-hellip\"> [\u2026]<\/span><\/p>\n","protected":false},"author":1,"featured_media":0,"parent":0,"menu_order":0,"comment_status":"closed","ping_status":"closed","template":"","meta":{"footnotes":""},"categories":[65],"class_list":["post-4887","page","type-page","status-publish","hentry","category-_page-nurpri-de"],"_links":{"self":[{"href":"https:\/\/www.euroschool.lu\/site\/wp-json\/wp\/v2\/pages\/4887","targetHints":{"allow":["GET"]}}],"collection":[{"href":"https:\/\/www.euroschool.lu\/site\/wp-json\/wp\/v2\/pages"}],"about":[{"href":"https:\/\/www.euroschool.lu\/site\/wp-json\/wp\/v2\/types\/page"}],"author":[{"embeddable":true,"href":"https:\/\/www.euroschool.lu\/site\/wp-json\/wp\/v2\/users\/1"}],"replies":[{"embeddable":true,"href":"https:\/\/www.euroschool.lu\/site\/wp-json\/wp\/v2\/comments?post=4887"}],"version-history":[{"count":12,"href":"https:\/\/www.euroschool.lu\/site\/wp-json\/wp\/v2\/pages\/4887\/revisions"}],"predecessor-version":[{"id":19699,"href":"https:\/\/www.euroschool.lu\/site\/wp-json\/wp\/v2\/pages\/4887\/revisions\/19699"}],"wp:attachment":[{"href":"https:\/\/www.euroschool.lu\/site\/wp-json\/wp\/v2\/media?parent=4887"}],"wp:term":[{"taxonomy":"category","embeddable":true,"href":"https:\/\/www.euroschool.lu\/site\/wp-json\/wp\/v2\/categories?post=4887"}],"curies":[{"name":"wp","href":"https:\/\/api.w.org\/{rel}","templated":true}]}}