{"id":4876,"date":"2019-11-17T16:30:14","date_gmt":"2019-11-17T15:30:14","guid":{"rendered":"http:\/\/www.euroschool.lu\/site\/?page_id=4876"},"modified":"2025-10-19T15:48:25","modified_gmt":"2025-10-19T13:48:25","slug":"maternelle-et-primaire-coordinateurs-generaux","status":"publish","type":"page","link":"https:\/\/www.euroschool.lu\/site\/fr\/maternelle-et-primaire-coordinateurs-generaux\/","title":{"rendered":"Maternelle et primaire : Coordinateurs g\u00e9n\u00e9raux"},"content":{"rendered":"<div class=\"wpb-content-wrapper\"><p>[vc_row full_width=&#8221;stretch_row_content_no_spaces&#8221; css=&#8221;.vc_custom_1589920007717{margin-bottom: 0px !important;}&#8221;][vc_column css=&#8221;.vc_custom_1589920029564{margin-bottom: 0px !important;}&#8221; offset=&#8221;vc_hidden-sm vc_hidden-xs&#8221;][vc_custom_heading text=&#8221;&#8221; font_container=&#8221;tag:h1|text_align:left&#8221; use_theme_fonts=&#8221;yes&#8221; el_class=&#8221;custom-header&#8221; css=&#8221;.vc_custom_1624522597015{background-image: url(http:\/\/www.euroschool.lu\/site\/wp-content\/uploads\/2021\/06\/coordinateur.jpg?id=11603) !important;background-position: center !important;background-repeat: no-repeat !important;background-size: cover !important;}&#8221;][\/vc_column][\/vc_row][vc_row full_width=&#8221;stretch_row_content_no_spaces&#8221; css=&#8221;.vc_custom_1589920007717{margin-bottom: 0px !important;}&#8221;][vc_column css=&#8221;.vc_custom_1589920591194{margin-bottom: 0px !important;}&#8221; offset=&#8221;vc_hidden-lg vc_hidden-md&#8221;][vc_custom_heading text=&#8221;&#8221; font_container=&#8221;tag:h1|text_align:left&#8221; use_theme_fonts=&#8221;yes&#8221; el_class=&#8221;custom-header-mob&#8221; css=&#8221;.vc_custom_1624522608738{background-image: url(http:\/\/www.euroschool.lu\/site\/wp-content\/uploads\/2021\/06\/coordinateur.jpg?id=11603) !important;background-position: center !important;background-repeat: no-repeat !important;background-size: cover !important;}&#8221;][\/vc_column][\/vc_row][vc_row el_class=&#8221;main-box&#8221;][vc_column width=&#8221;1\/5&#8243; offset=&#8221;vc_hidden-md vc_hidden-sm vc_hidden-xs&#8221; el_class=&#8221;sidebar-menu&#8221;][vc_widget_sidebar sidebar_id=&#8221;sidebar-sidebar-menu-nurpri-fr&#8221; el_class=&#8221;sidebar-menu-nurpri&#8221;][\/vc_column][vc_column width=&#8221;4\/5&#8243; el_class=&#8221;main-column&#8221;][vc_column_text el_class=&#8221;page-title&#8221;]<\/p>\n<h1>Maternelle et primaire : Coordinateurs g\u00e9n\u00e9raux<\/h1>\n<p>[\/vc_column_text][vc_btn title=&#8221;Contacter les coordinateurs g\u00e9n\u00e9raux&#8221; style=&#8221;classic&#8221; color=&#8221;sky&#8221; align=&#8221;right&#8221; i_type=&#8221;entypo&#8221; i_icon_entypo=&#8221;entypo-icon entypo-icon-link&#8221; add_icon=&#8221;true&#8221; link=&#8221;url:https%3A%2F%2Fwww.euroschool.lu%2Fsite%2Ffr%2Fnous-contacter%2F%23nur-pri-general-coordinators|||&#8221; css=&#8221;.vc_custom_1757780646785{margin-top: 30px !important;}&#8221;][vc_separator align=&#8221;align_right&#8221; el_width=&#8221;50&#8243;][vc_column_text css=&#8221;.vc_custom_1760881661732{padding-top: 10px !important;padding-left: 50px !important;}&#8221;]Nos 5 coordinateurs g\u00e9n\u00e9raux sont un lien essentiel entre les enseignants, les \u00e9l\u00e8ves, les parents et la direction.<\/p>\n<p>&nbsp;<\/p>\n<div class=\"team team_vertical\"><div class=\"image_frame photo no_link scale-with-grid\"><div class=\"image_wrapper\"><img loading=\"lazy\" decoding=\"async\" class=\"scale-with-grid\" src=\"http:\/\/www.euroschool.lu\/site\/wp-content\/uploads\/2020\/06\/FD.jpg\" alt=\"FD\" width=\"105\" height=\"147\"\/><\/div><\/div><div class=\"desc_wrapper clearfix\"><h4 class=\"desc_wrappper_title \">Mme Florence Delenclos<\/h4><p class=\"subtitle\">Coordinatrice g\u00e9n\u00e9rale du soutien<\/p><hr class=\"hr_color\" \/><div class=\"desc\">Coordination g\u00e9n\u00e9rale du service et du suivi de la mise en \u0153uvre des objectifs p\u00e9dagogiques pour tous les types de soutien (g\u00e9n\u00e9ral, mod\u00e9r\u00e9, intensif).<\/div><\/div><\/div>\n\n<p>&nbsp;<\/p>\n<div class=\"team team_vertical\"><div class=\"image_frame photo no_link scale-with-grid\"><div class=\"image_wrapper\"><img loading=\"lazy\" decoding=\"async\" class=\"scale-with-grid\" src=\"http:\/\/www.euroschool.lu\/site\/wp-content\/uploads\/2020\/09\/MH.jpg\" alt=\"MH\" width=\"105\" height=\"147\"\/><\/div><\/div><div class=\"desc_wrapper clearfix\"><h4 class=\"desc_wrappper_title \">M. Miikka Heinonen<\/h4><p class=\"subtitle\">Coordinateur g\u00e9n\u00e9ral de l\u2019\u00e9ducation et la vie scolaire<\/p><hr class=\"hr_color\" \/><div class=\"desc\">Le coordinateur g\u00e9n\u00e9ral de l\u2019\u00e9ducation et de la vie scolaire soutient la directrice adjointe dans la gestion de tous les aspects li\u00e9s au comportement des \u00e9l\u00e8ves, au bien-\u00eatre, \u00e0 l\u2019assiduit\u00e9 et \u00e0 la vie scolaire en dehors de la classe. Le coordinateur est un interlocuteur cl\u00e9 pour les enseignants et les parents sur ces sujets et contribue \u00e0 promouvoir un environnement scolaire s\u00fbr, respectueux et favorable. Il joue \u00e9galement un r\u00f4le dans l\u2019organisation de la vie scolaire et dans l\u2019\u00e9tablissement de relations \u00e9ducatives avec les \u00e9l\u00e8ves et les familles.<\/div><\/div><\/div>\n\n<p>&nbsp;<\/p>\n<div class=\"team team_vertical\"><div class=\"image_frame photo no_link scale-with-grid\"><div class=\"image_wrapper\"><img loading=\"lazy\" decoding=\"async\" class=\"scale-with-grid\" src=\"https:\/\/www.euroschool.lu\/site\/wp-content\/uploads\/2025\/10\/NurPri-Liselore.jpeg\" alt=\"NurPri-Liselore\" width=\"115\" height=\"153\"\/><\/div><\/div><div class=\"desc_wrapper clearfix\"><h4 class=\"desc_wrappper_title \">Mme Liselore Frielink<\/h4><p class=\"subtitle\">Coordinatrice g\u00e9n\u00e9rale de la gestion et l\u2019organisation<\/p><hr class=\"hr_color\" \/><div class=\"desc\">La coordinatrice g\u00e9n\u00e9rale de l\u2019organisation soutient l\u2019organisation pratique et logistique des op\u00e9rations quotidiennes pour les cycles maternelle et primaire. Elle assure la liaison entre le personnel \u00e9ducatif, les services et les partenaires externes.<\/div><\/div><\/div>\n\n<p>&nbsp;<\/p>\n<div class=\"team team_vertical\"><div class=\"image_frame photo no_link scale-with-grid\"><div class=\"image_wrapper\"><img loading=\"lazy\" decoding=\"async\" class=\"scale-with-grid\" src=\"https:\/\/www.euroschool.lu\/site\/wp-content\/uploads\/2025\/10\/NurPri-Jessica.jpg\" alt=\"NurPri-Jessica\" width=\"115\" height=\"160\"\/><\/div><\/div><div class=\"desc_wrapper clearfix\"><h4 class=\"desc_wrappper_title \">Mme Jessica Hochstras<\/h4><p class=\"subtitle\">Coordinatrice g\u00e9n\u00e9rale de la maternelle<\/p><hr class=\"hr_color\" \/><div class=\"desc\">Travaille avec la directrice adjointe et la assistant a l\u00e0 directrice adjoint pour la maternelle et le primaire afin d\u2019animer les r\u00e9unions, de collaborer avec les partenaires et de g\u00e9rer les activit\u00e9s au niveau de la maternelle.<\/div><\/div><\/div>\n\n<p>&nbsp;<\/p>\n<div class=\"team team_vertical\"><div class=\"image_frame photo no_link scale-with-grid\"><div class=\"image_wrapper\"><img loading=\"lazy\" decoding=\"async\" class=\"scale-with-grid\" src=\"https:\/\/www.euroschool.lu\/site\/wp-content\/uploads\/2025\/10\/NurPri-Luis.jpeg\" alt=\"NurPri-Luis\" width=\"120\" height=\"160\"\/><\/div><\/div><div class=\"desc_wrapper clearfix\"><h4 class=\"desc_wrappper_title \">M. Luis Paulo Pinho da Silva<\/h4><p class=\"subtitle\">Coordinateur g\u00e9n\u00e9ral du d\u00e9veloppement p\u00e9dagogique<\/p><hr class=\"hr_color\" \/><div class=\"desc\">Le coordinateur du d\u00e9veloppement p\u00e9dagogique travaille en \u00e9troite collaboration avec la direction de l\u2019\u00e9cole pour mettre en \u0153uvre des projets et des lignes directrices p\u00e9dagogiques, soutient la formation et l\u2019int\u00e9gration des enseignants et contribue au d\u00e9veloppement des pratiques d\u2019enseignement et des mesures de soutien.<\/div><\/div><\/div>\n[\/vc_column_text][\/vc_column][\/vc_row][vc_row][vc_column][vc_empty_space height=&#8221;20&#8243;][\/vc_column][\/vc_row]<\/p>\n<\/div>","protected":false},"excerpt":{"rendered":"<p>[vc_row full_width=&#8221;stretch_row_content_no_spaces&#8221; css=&#8221;.vc_custom_1589920007717{margin-bottom: 0px !important;}&#8221;][vc_column css=&#8221;.vc_custom_1589920029564{margin-bottom: 0px !important;}&#8221; offset=&#8221;vc_hidden-sm vc_hidden-xs&#8221;][vc_custom_heading text=&#8221;&#8221; font_container=&#8221;tag:h1|text_align:left&#8221; use_theme_fonts=&#8221;yes&#8221; el_class=&#8221;custom-header&#8221; css=&#8221;.vc_custom_1624522597015{background-image:<span class=\"excerpt-hellip\"> [\u2026]<\/span><\/p>\n","protected":false},"author":1,"featured_media":0,"parent":0,"menu_order":0,"comment_status":"closed","ping_status":"closed","template":"","meta":{"footnotes":""},"categories":[63],"class_list":["post-4876","page","type-page","status-publish","hentry","category-_page-nurpri-fr"],"_links":{"self":[{"href":"https:\/\/www.euroschool.lu\/site\/wp-json\/wp\/v2\/pages\/4876","targetHints":{"allow":["GET"]}}],"collection":[{"href":"https:\/\/www.euroschool.lu\/site\/wp-json\/wp\/v2\/pages"}],"about":[{"href":"https:\/\/www.euroschool.lu\/site\/wp-json\/wp\/v2\/types\/page"}],"author":[{"embeddable":true,"href":"https:\/\/www.euroschool.lu\/site\/wp-json\/wp\/v2\/users\/1"}],"replies":[{"embeddable":true,"href":"https:\/\/www.euroschool.lu\/site\/wp-json\/wp\/v2\/comments?post=4876"}],"version-history":[{"count":34,"href":"https:\/\/www.euroschool.lu\/site\/wp-json\/wp\/v2\/pages\/4876\/revisions"}],"predecessor-version":[{"id":19969,"href":"https:\/\/www.euroschool.lu\/site\/wp-json\/wp\/v2\/pages\/4876\/revisions\/19969"}],"wp:attachment":[{"href":"https:\/\/www.euroschool.lu\/site\/wp-json\/wp\/v2\/media?parent=4876"}],"wp:term":[{"taxonomy":"category","embeddable":true,"href":"https:\/\/www.euroschool.lu\/site\/wp-json\/wp\/v2\/categories?post=4876"}],"curies":[{"name":"wp","href":"https:\/\/api.w.org\/{rel}","templated":true}]}}