{"id":4849,"date":"2019-11-17T15:25:04","date_gmt":"2019-11-17T14:25:04","guid":{"rendered":"http:\/\/www.euroschool.lu\/site\/?page_id=4849"},"modified":"2019-12-01T16:52:46","modified_gmt":"2019-12-01T15:52:46","slug":"kindergarten-und-grundschule-lost-and-found","status":"publish","type":"page","link":"https:\/\/www.euroschool.lu\/site\/de\/kindergarten-und-grundschule-lost-and-found\/","title":{"rendered":"Kindergarten und Grundschule : Lost and found"},"content":{"rendered":"<div class=\"wpb-content-wrapper\"><p>[vc_row css=&#8221;.vc_custom_1575215553801{background-image: url(http:\/\/www.euroschool.lu\/site\/wp-content\/uploads\/2019\/12\/heading-bkg-nurpri-2.jpg?id=5391) !important;background-position: center !important;background-repeat: no-repeat !important;background-size: cover !important;}&#8221;][vc_column][vc_custom_heading source=&#8221;post_title&#8221; font_container=&#8221;tag:h1|text_align:left|color:%23ffffff&#8221; use_theme_fonts=&#8221;yes&#8221; el_class=&#8221;custom-h1&#8243;][\/vc_column][\/vc_row][vc_row][vc_column][vc_column_text css=&#8221;.vc_custom_1574000695588{padding-top: 10px !important;}&#8221;]Die Schule ist nicht verantwortlich f\u00fcr wertvolle oder pers\u00f6nliche Gegenst\u00e4nde, die die Sch\u00fcler zur Schule mitbringen, wie zB Handys, MP3-Player, Scooter, etc.<\/p>\n<p>Die Schule ist nicht gegen Diebstahl von pers\u00f6nlichen Gegenst\u00e4nden versichert.<\/p>\n<p>Wir bitten die Eltern, die Kleidung und das Eigentum ihrer Kinder zu kennzeichnen.<\/p>\n<p><strong>Kindergarten:<\/strong> Vermisste oder verlorene Gegenst\u00e4nde oder Kleidungsst\u00fccke k\u00f6nnen in der Eingangshalle des Kindergartens gesucht werden. Wir haben einen Platz daf\u00fcr vorgesehen. Nachfragen richten Sie bitten den den Concierge des Kindergarten.<\/p>\n<p><strong>Grundschule:<\/strong> Vermisste oder verlorene Gegenst\u00e4nde oder Kleidungsst\u00fccke k\u00f6nnen in dem Zimmer neben dem Concierge gesucht werden. Sollten Sie Hilfe ben\u00f6tigen, wenden Sie sich bitte an den Concierge oder das Wachpersonal beim Haupteingang. [\/vc_column_text][vc_row_inner][vc_column_inner][vc_single_image image=&#8221;5156&#8243; img_size=&#8221;full&#8221; alignment=&#8221;center&#8221; onclick=&#8221;link_image&#8221;][\/vc_column_inner][\/vc_row_inner][\/vc_column][\/vc_row]<\/p>\n<\/div>","protected":false},"excerpt":{"rendered":"<p>[vc_row css=&#8221;.vc_custom_1575215553801{background-image: url(http:\/\/www.euroschool.lu\/site\/wp-content\/uploads\/2019\/12\/heading-bkg-nurpri-2.jpg?id=5391) !important;background-position: center !important;background-repeat: no-repeat !important;background-size: cover !important;}&#8221;][vc_column][vc_custom_heading source=&#8221;post_title&#8221; font_container=&#8221;tag:h1|text_align:left|color:%23ffffff&#8221; use_theme_fonts=&#8221;yes&#8221; el_class=&#8221;custom-h1&#8243;][\/vc_column][\/vc_row][vc_row][vc_column][vc_column_text css=&#8221;.vc_custom_1574000695588{padding-top:<span class=\"excerpt-hellip\"> [\u2026]<\/span><\/p>\n","protected":false},"author":1,"featured_media":0,"parent":0,"menu_order":0,"comment_status":"closed","ping_status":"closed","template":"","meta":{"footnotes":""},"categories":[65],"class_list":["post-4849","page","type-page","status-publish","hentry","category-_page-nurpri-de"],"_links":{"self":[{"href":"https:\/\/www.euroschool.lu\/site\/wp-json\/wp\/v2\/pages\/4849","targetHints":{"allow":["GET"]}}],"collection":[{"href":"https:\/\/www.euroschool.lu\/site\/wp-json\/wp\/v2\/pages"}],"about":[{"href":"https:\/\/www.euroschool.lu\/site\/wp-json\/wp\/v2\/types\/page"}],"author":[{"embeddable":true,"href":"https:\/\/www.euroschool.lu\/site\/wp-json\/wp\/v2\/users\/1"}],"replies":[{"embeddable":true,"href":"https:\/\/www.euroschool.lu\/site\/wp-json\/wp\/v2\/comments?post=4849"}],"version-history":[{"count":7,"href":"https:\/\/www.euroschool.lu\/site\/wp-json\/wp\/v2\/pages\/4849\/revisions"}],"predecessor-version":[{"id":5395,"href":"https:\/\/www.euroschool.lu\/site\/wp-json\/wp\/v2\/pages\/4849\/revisions\/5395"}],"wp:attachment":[{"href":"https:\/\/www.euroschool.lu\/site\/wp-json\/wp\/v2\/media?parent=4849"}],"wp:term":[{"taxonomy":"category","embeddable":true,"href":"https:\/\/www.euroschool.lu\/site\/wp-json\/wp\/v2\/categories?post=4849"}],"curies":[{"name":"wp","href":"https:\/\/api.w.org\/{rel}","templated":true}]}}