{"id":4825,"date":"2019-11-17T13:29:23","date_gmt":"2019-11-17T12:29:23","guid":{"rendered":"http:\/\/www.euroschool.lu\/site\/?page_id=4825"},"modified":"2019-11-17T13:29:23","modified_gmt":"2019-11-17T12:29:23","slug":"maternelle-et-primaire-informations-pratiques","status":"publish","type":"page","link":"https:\/\/www.euroschool.lu\/site\/fr\/maternelle-et-primaire-informations-pratiques\/","title":{"rendered":"Maternelle et primaire : Informations pratiques"},"content":{"rendered":"<div class=\"wpb-content-wrapper\"><p>[vc_row][vc_column][vc_custom_heading source=&#8221;post_title&#8221; font_container=&#8221;tag:h1|text_align:left&#8221; use_theme_fonts=&#8221;yes&#8221; el_class=&#8221;custom-h1&#8243;][\/vc_column][\/vc_row][vc_row][vc_column][vc_column_text css=&#8221;.vc_custom_1573993721624{padding-top: 10px !important;}&#8221;]<span data-contrast=\"auto\">Nous sommes heureux de pouvoir vous fournir des informations importantes et utiles sur notre site Internet. Veuillez lire attentivement, nous sommes s\u00fbrs que vous trouverez des r\u00e9ponses \u00e0 la plupart de vos questions.<\/span><span data-ccp-props=\"{&quot;201341983&quot;:0,&quot;335559739&quot;:160,&quot;335559740&quot;:259}\">\u00a0<\/span><\/p>\n<p><span data-contrast=\"auto\">Si vous ne trouvez toujours pas l&#8217;information que vous cherchez, veuillez nous contacter.<\/span><span data-ccp-props=\"{&quot;201341983&quot;:0,&quot;335559739&quot;:160,&quot;335559740&quot;:259}\">\u00a0<\/span>[\/vc_column_text][\/vc_column][\/vc_row][vc_row][vc_column][vc_row_inner][vc_column_inner][vc_empty_space height=&#8221;30px&#8221;][\/vc_column_inner][\/vc_row_inner][\/vc_column][\/vc_row]<\/p>\n<\/div>","protected":false},"excerpt":{"rendered":"<p>[vc_row][vc_column][vc_custom_heading source=&#8221;post_title&#8221; font_container=&#8221;tag:h1|text_align:left&#8221; use_theme_fonts=&#8221;yes&#8221; el_class=&#8221;custom-h1&#8243;][\/vc_column][\/vc_row][vc_row][vc_column][vc_column_text css=&#8221;.vc_custom_1573993721624{padding-top: 10px !important;}&#8221;]Nous sommes heureux de pouvoir vous fournir des<span class=\"excerpt-hellip\"> [\u2026]<\/span><\/p>\n","protected":false},"author":1,"featured_media":0,"parent":0,"menu_order":0,"comment_status":"closed","ping_status":"closed","template":"","meta":{"footnotes":""},"categories":[63],"class_list":["post-4825","page","type-page","status-publish","hentry","category-_page-nurpri-fr"],"_links":{"self":[{"href":"https:\/\/www.euroschool.lu\/site\/wp-json\/wp\/v2\/pages\/4825","targetHints":{"allow":["GET"]}}],"collection":[{"href":"https:\/\/www.euroschool.lu\/site\/wp-json\/wp\/v2\/pages"}],"about":[{"href":"https:\/\/www.euroschool.lu\/site\/wp-json\/wp\/v2\/types\/page"}],"author":[{"embeddable":true,"href":"https:\/\/www.euroschool.lu\/site\/wp-json\/wp\/v2\/users\/1"}],"replies":[{"embeddable":true,"href":"https:\/\/www.euroschool.lu\/site\/wp-json\/wp\/v2\/comments?post=4825"}],"version-history":[{"count":1,"href":"https:\/\/www.euroschool.lu\/site\/wp-json\/wp\/v2\/pages\/4825\/revisions"}],"predecessor-version":[{"id":4826,"href":"https:\/\/www.euroschool.lu\/site\/wp-json\/wp\/v2\/pages\/4825\/revisions\/4826"}],"wp:attachment":[{"href":"https:\/\/www.euroschool.lu\/site\/wp-json\/wp\/v2\/media?parent=4825"}],"wp:term":[{"taxonomy":"category","embeddable":true,"href":"https:\/\/www.euroschool.lu\/site\/wp-json\/wp\/v2\/categories?post=4825"}],"curies":[{"name":"wp","href":"https:\/\/api.w.org\/{rel}","templated":true}]}}