{"id":4821,"date":"2019-11-17T13:08:49","date_gmt":"2019-11-17T12:08:49","guid":{"rendered":"http:\/\/www.euroschool.lu\/site\/?page_id=4821"},"modified":"2021-07-13T16:00:27","modified_gmt":"2021-07-13T14:00:27","slug":"kindergarten-und-grundschule-startseite","status":"publish","type":"page","link":"https:\/\/www.euroschool.lu\/site\/de\/kindergarten-und-grundschule-startseite\/","title":{"rendered":"Kindergarten und Grundschule : Startseite"},"content":{"rendered":"<div class=\"wpb-content-wrapper\"><p>[vc_row full_width=&#8221;stretch_row_content_no_spaces&#8221; css=&#8221;.vc_custom_1589920007717{margin-bottom: 0px !important;}&#8221;][vc_column css=&#8221;.vc_custom_1589920029564{margin-bottom: 0px !important;}&#8221; offset=&#8221;vc_hidden-sm vc_hidden-xs&#8221;][vc_custom_heading text=&#8221;&#8221; font_container=&#8221;tag:h1|text_align:left&#8221; use_theme_fonts=&#8221;yes&#8221; el_class=&#8221;custom-header&#8221; css=&#8221;.vc_custom_1623924337237{background-image: url(http:\/\/www.euroschool.lu\/site\/wp-content\/uploads\/2021\/06\/primary2.jpg?id=11194) !important;background-position: center !important;background-repeat: no-repeat !important;background-size: cover !important;}&#8221;][\/vc_column][\/vc_row][vc_row full_width=&#8221;stretch_row_content_no_spaces&#8221; css=&#8221;.vc_custom_1589920007717{margin-bottom: 0px !important;}&#8221;][vc_column css=&#8221;.vc_custom_1589920591194{margin-bottom: 0px !important;}&#8221; offset=&#8221;vc_hidden-lg vc_hidden-md&#8221;][vc_custom_heading text=&#8221;&#8221; font_container=&#8221;tag:h1|text_align:left&#8221; use_theme_fonts=&#8221;yes&#8221; el_class=&#8221;custom-header-mob&#8221; css=&#8221;.vc_custom_1623924364618{background-image: url(http:\/\/www.euroschool.lu\/site\/wp-content\/uploads\/2021\/06\/primary2.jpg?id=11194) !important;background-position: center !important;background-repeat: no-repeat !important;background-size: cover !important;}&#8221;][\/vc_column][\/vc_row][vc_row el_class=&#8221;main-box&#8221;][vc_column width=&#8221;1\/5&#8243; offset=&#8221;vc_hidden-md vc_hidden-sm vc_hidden-xs&#8221; el_class=&#8221;sidebar-menu&#8221;][vc_widget_sidebar sidebar_id=&#8221;sidebar-sidebar-menu-nurpri-de&#8221; el_class=&#8221;sidebar-menu-nurpri&#8221;][\/vc_column][vc_column width=&#8221;4\/5&#8243; el_class=&#8221;main-column&#8221;][vc_column_text el_class=&#8221;page-title&#8221;]<\/p>\n<h1>Kindergarten und Grundschule : Startseite<\/h1>\n<p>[\/vc_column_text][vc_column_text css=&#8221;.vc_custom_1626171833768{padding-top: 10px !important;}&#8221;]<span data-contrast=\"auto\">Herzlich Willkommen auf den Seiten des Kinderg<\/span><span data-contrast=\"auto\">artens und der Grundschule der E<\/span><span data-contrast=\"auto\">urop\u00e4ischen Schule Luxemburg 1, Kirchberg.<\/span><span data-ccp-props=\"{&quot;201341983&quot;:0,&quot;335559739&quot;:160,&quot;335559740&quot;:259}\">\u00a0<\/span><\/p>\n<p><span data-contrast=\"auto\">Mit ca. 350 Kinder im Kindergarten und 1<\/span><span data-contrast=\"auto\">250<\/span><span data-contrast=\"auto\"> Kindern in der Grundschule repr\u00e4sentieren wir eine der gr\u00f6ssten Gemeinschaften in unserem europ\u00e4ischen Schulnetzwerk. <\/span><span data-contrast=\"auto\">Das stellt nicht nur an unser Lehrpersonal, sondern auch an die Kinder ganz besondere Herausforderungen.<\/span><span data-ccp-props=\"{&quot;201341983&quot;:0,&quot;335559739&quot;:160,&quot;335559740&quot;:259}\">\u00a0<\/span><\/p>\n<p><span data-contrast=\"auto\">Unsere beiden Schulzyklen repr\u00e4sentieren 10 Sprachsektionen<\/span><span data-contrast=\"auto\"> (Deutsch, Englisch, Franz\u00f6sisch, Spanisch, Niederl\u00e4ndisch, Portugiesisch, Schwedisch, Finnisch, Litauisch und Polnisch) und verein<\/span><span data-contrast=\"auto\">en<\/span><span data-contrast=\"auto\"> ein Sprachenkonglomerat, das in dieser F\u00fclle einzigartig in Luxemburg<\/span><span data-contrast=\"auto\"> und Umgebung<\/span><span data-contrast=\"auto\"> ist.<\/span><span data-ccp-props=\"{&quot;201341983&quot;:0,&quot;335559739&quot;:160,&quot;335559740&quot;:259}\">\u00a0<\/span><\/p>\n<p><span data-contrast=\"auto\">Insgesamt arbeiten ca. 150 Lehrerinnen und Lehrer, als auch ca 2<\/span><span data-contrast=\"auto\">0<\/span><span data-contrast=\"auto\"> Assistentinnen und Assistenten t\u00e4glich mit den Kindern, um sie bestm\u00f6glich auf das Leben und die weiter<\/span><span data-contrast=\"auto\">e<\/span><span data-contrast=\"auto\"> Schulkarriere vorzubereiten.<\/span><span data-ccp-props=\"{&quot;201341983&quot;:0,&quot;335559739&quot;:160,&quot;335559740&quot;:259}\">\u00a0<\/span><\/p>\n<p><span data-contrast=\"auto\">Unterst\u00fctzt wird unser p\u00e4dagogisches Team von einem sehr kleinen, aber erfahrenen und effizienten Sekretariat, in dem alle F\u00e4den zusammenlaufen.<\/span><span data-ccp-props=\"{&quot;201341983&quot;:0,&quot;335559739&quot;:160,&quot;335559740&quot;:259}\">\u00a0<\/span><\/p>\n<p><span data-contrast=\"auto\">Auf den weiteren Seiten finden Sie alle wichtigen und notwendigen Informationen, die Ihnen auch einen Einblick in unsere Arbeit, unsere Philosophie und unsere Projekte geben.<\/span><span data-ccp-props=\"{&quot;201341983&quot;:0,&quot;335559739&quot;:160,&quot;335559740&quot;:259}\">\u00a0<\/span><\/p>\n<p><span data-contrast=\"auto\">Herzlichst<\/span><span data-ccp-props=\"{&quot;201341983&quot;:0,&quot;335559739&quot;:160,&quot;335559740&quot;:259}\">\u00a0<\/span><\/p>\n<p><span data-contrast=\"auto\">Sandra Ribic<\/span><span data-ccp-props=\"{&quot;201341983&quot;:0,&quot;335559739&quot;:160,&quot;335559740&quot;:259}\">\u00a0<\/span><\/p>\n<p><span data-contrast=\"auto\">Stv. Direktorin, verantwortlich f\u00fcr Kindergarten und Grundschule<\/span><span data-ccp-props=\"{&quot;201341983&quot;:0,&quot;335559739&quot;:160,&quot;335559740&quot;:259}\">\u00a0<\/span>[\/vc_column_text][vc_separator style=&#8221;double&#8221; css=&#8221;.vc_custom_1624952664087{margin-top: 0px !important;border-top-width: 0px !important;padding-top: 10px !important;}&#8221;][\/vc_column][\/vc_row][vc_row][vc_column][vc_empty_space height=&#8221;20&#8243;][\/vc_column][\/vc_row]<\/p>\n<\/div>","protected":false},"excerpt":{"rendered":"<p>[vc_row full_width=&#8221;stretch_row_content_no_spaces&#8221; css=&#8221;.vc_custom_1589920007717{margin-bottom: 0px !important;}&#8221;][vc_column css=&#8221;.vc_custom_1589920029564{margin-bottom: 0px !important;}&#8221; offset=&#8221;vc_hidden-sm vc_hidden-xs&#8221;][vc_custom_heading text=&#8221;&#8221; font_container=&#8221;tag:h1|text_align:left&#8221; use_theme_fonts=&#8221;yes&#8221; el_class=&#8221;custom-header&#8221; css=&#8221;.vc_custom_1623924337237{background-image:<span class=\"excerpt-hellip\"> [\u2026]<\/span><\/p>\n","protected":false},"author":1,"featured_media":0,"parent":0,"menu_order":0,"comment_status":"closed","ping_status":"closed","template":"","meta":{"footnotes":""},"categories":[65],"class_list":["post-4821","page","type-page","status-publish","hentry","category-_page-nurpri-de"],"_links":{"self":[{"href":"https:\/\/www.euroschool.lu\/site\/wp-json\/wp\/v2\/pages\/4821","targetHints":{"allow":["GET"]}}],"collection":[{"href":"https:\/\/www.euroschool.lu\/site\/wp-json\/wp\/v2\/pages"}],"about":[{"href":"https:\/\/www.euroschool.lu\/site\/wp-json\/wp\/v2\/types\/page"}],"author":[{"embeddable":true,"href":"https:\/\/www.euroschool.lu\/site\/wp-json\/wp\/v2\/users\/1"}],"replies":[{"embeddable":true,"href":"https:\/\/www.euroschool.lu\/site\/wp-json\/wp\/v2\/comments?post=4821"}],"version-history":[{"count":13,"href":"https:\/\/www.euroschool.lu\/site\/wp-json\/wp\/v2\/pages\/4821\/revisions"}],"predecessor-version":[{"id":12760,"href":"https:\/\/www.euroschool.lu\/site\/wp-json\/wp\/v2\/pages\/4821\/revisions\/12760"}],"wp:attachment":[{"href":"https:\/\/www.euroschool.lu\/site\/wp-json\/wp\/v2\/media?parent=4821"}],"wp:term":[{"taxonomy":"category","embeddable":true,"href":"https:\/\/www.euroschool.lu\/site\/wp-json\/wp\/v2\/categories?post=4821"}],"curies":[{"name":"wp","href":"https:\/\/api.w.org\/{rel}","templated":true}]}}