{"id":4818,"date":"2019-11-17T13:04:45","date_gmt":"2019-11-17T12:04:45","guid":{"rendered":"http:\/\/www.euroschool.lu\/site\/?page_id=4818"},"modified":"2025-10-19T18:32:16","modified_gmt":"2025-10-19T16:32:16","slug":"maternelle-et-primaire-accueil","status":"publish","type":"page","link":"https:\/\/www.euroschool.lu\/site\/fr\/maternelle-et-primaire-accueil\/","title":{"rendered":"Maternelle et primaire : Accueil"},"content":{"rendered":"<div class=\"wpb-content-wrapper\"><p>[vc_row full_width=&#8221;stretch_row_content_no_spaces&#8221; css=&#8221;.vc_custom_1589920007717{margin-bottom: 0px !important;}&#8221;][vc_column css=&#8221;.vc_custom_1589920029564{margin-bottom: 0px !important;}&#8221; offset=&#8221;vc_hidden-sm vc_hidden-xs&#8221;][vc_custom_heading text=&#8221;&#8221; font_container=&#8221;tag:h1|text_align:left&#8221; use_theme_fonts=&#8221;yes&#8221; el_class=&#8221;custom-header&#8221; css=&#8221;.vc_custom_1623923946097{background-image: url(http:\/\/www.euroschool.lu\/site\/wp-content\/uploads\/2021\/06\/primary2.jpg?id=11194) !important;background-position: center !important;background-repeat: no-repeat !important;background-size: cover !important;}&#8221;][\/vc_column][\/vc_row][vc_row full_width=&#8221;stretch_row_content_no_spaces&#8221; css=&#8221;.vc_custom_1589920007717{margin-bottom: 0px !important;}&#8221;][vc_column css=&#8221;.vc_custom_1589920591194{margin-bottom: 0px !important;}&#8221; offset=&#8221;vc_hidden-lg vc_hidden-md&#8221;][vc_custom_heading text=&#8221;&#8221; font_container=&#8221;tag:h1|text_align:left&#8221; use_theme_fonts=&#8221;yes&#8221; el_class=&#8221;custom-header-mob&#8221; css=&#8221;.vc_custom_1623924093421{background-image: url(http:\/\/www.euroschool.lu\/site\/wp-content\/uploads\/2021\/06\/primary2.jpg?id=11194) !important;background-position: center !important;background-repeat: no-repeat !important;background-size: cover !important;}&#8221;][\/vc_column][\/vc_row][vc_row el_class=&#8221;main-box&#8221;][vc_column width=&#8221;1\/5&#8243; offset=&#8221;vc_hidden-md vc_hidden-sm vc_hidden-xs&#8221; el_class=&#8221;sidebar-menu&#8221;][vc_widget_sidebar sidebar_id=&#8221;sidebar-sidebar-menu-nurpri-fr&#8221; el_class=&#8221;sidebar-menu-nurpri&#8221;][\/vc_column][vc_column width=&#8221;4\/5&#8243; el_class=&#8221;main-column&#8221;][vc_column_text el_class=&#8221;page-title&#8221;]<\/p>\n<h1>Maternelle et primaire : Accueil<\/h1>\n<p>[\/vc_column_text][vc_column_text css=&#8221;.vc_custom_1626171808149{padding-top: 10px !important;}&#8221;]<span data-contrast=\"auto\">Bienvenue sur les pages de l&#8217;Ecole maternelle et primaire de l&#8217;Ecole europ\u00e9enne Luxembourg 1, Kirchberg.<\/span><span data-ccp-props=\"{&quot;201341983&quot;:0,&quot;335559739&quot;:160,&quot;335559740&quot;:257}\">\u00a0<\/span><\/p>\n<p><span data-contrast=\"auto\">Avec environ 350 enfants en maternelle et 1300 enfants \u00e0 l&#8217;\u00e9cole primaire, nous repr\u00e9sentons l&#8217;une des plus grandes communaut\u00e9s de notre r\u00e9seau d&#8217;\u00e9coles europ\u00e9ennes. Cela pose des d\u00e9fis tr\u00e8s particuliers non seulement \u00e0 notre personnel enseignant, mais aussi aux enfants.<\/span><span data-ccp-props=\"{&quot;201341983&quot;:0,&quot;335559739&quot;:160,&quot;335559740&quot;:257}\">\u00a0<\/span><\/p>\n<p><span data-contrast=\"auto\">Nos deux cycles scolaires repr\u00e9sentent 10 sections linguistiques (allemand, anglais, fran\u00e7ais, espagnol, n\u00e9erlandais, portugais, su\u00e9dois, finnois, lituanien et polonais) et rassemblent un conglom\u00e9rat de langues unique dans cette abondance au Luxembourg et dans les environs.<\/span><span data-ccp-props=\"{&quot;201341983&quot;:0,&quot;335559739&quot;:160,&quot;335559740&quot;:257}\">\u00a0<\/span><\/p>\n<p><span data-contrast=\"auto\">Au total, 150 enseignants et 20 assistants travaillent quotidiennement avec les enfants pour les pr\u00e9parer \u00e0 la vie et \u00e0 leur future carri\u00e8re.<\/span><span data-ccp-props=\"{&quot;201341983&quot;:0,&quot;335559739&quot;:160,&quot;335559740&quot;:257}\">\u00a0<\/span><\/p>\n<p><span data-contrast=\"auto\">Notre \u00e9quipe p\u00e9dagogique est soutenue par un secr\u00e9tariat tr\u00e8s r\u00e9duit, mais exp\u00e9riment\u00e9 et efficace, o\u00f9 tous les fils se rejoignent.<\/span><span data-ccp-props=\"{&quot;201341983&quot;:0,&quot;335559739&quot;:160,&quot;335559740&quot;:257}\">\u00a0<\/span><\/p>\n<p><span data-contrast=\"auto\">Dans les pages suivantes, vous trouverez toutes les informations importantes et n\u00e9cessaires, qui vous donneront \u00e9galement un aper\u00e7u de notre travail, de notre philosophie et de nos projets.<\/span><\/p>\n<p><span data-contrast=\"auto\">Sinc\u00e8rement<\/span><span data-ccp-props=\"{&quot;201341983&quot;:0,&quot;335559739&quot;:160,&quot;335559740&quot;:257}\">\u00a0<\/span><\/p>\n<p><span data-contrast=\"auto\">Sandra Ribic<\/span><span data-ccp-props=\"{&quot;201341983&quot;:0,&quot;335559739&quot;:160,&quot;335559740&quot;:257}\">\u00a0<\/span><\/p>\n<p><span data-contrast=\"auto\">Directrice adjointe, responsable de l&#8217;\u00e9cole maternelle et primaire<\/span><span data-ccp-props=\"{&quot;201341983&quot;:0,&quot;335559739&quot;:160,&quot;335559740&quot;:257}\">\u00a0<\/span>[\/vc_column_text][vc_separator style=&#8221;double&#8221; css=&#8221;.vc_custom_1624952618378{margin-top: 0px !important;border-top-width: 0px !important;padding-top: 10px !important;}&#8221;][\/vc_column][\/vc_row][vc_row][vc_column][vc_empty_space height=&#8221;20&#8243;][\/vc_column][\/vc_row]<\/p>\n<\/div>","protected":false},"excerpt":{"rendered":"<p>[vc_row full_width=&#8221;stretch_row_content_no_spaces&#8221; css=&#8221;.vc_custom_1589920007717{margin-bottom: 0px !important;}&#8221;][vc_column css=&#8221;.vc_custom_1589920029564{margin-bottom: 0px !important;}&#8221; offset=&#8221;vc_hidden-sm vc_hidden-xs&#8221;][vc_custom_heading text=&#8221;&#8221; font_container=&#8221;tag:h1|text_align:left&#8221; use_theme_fonts=&#8221;yes&#8221; el_class=&#8221;custom-header&#8221; css=&#8221;.vc_custom_1623923946097{background-image:<span class=\"excerpt-hellip\"> [\u2026]<\/span><\/p>\n","protected":false},"author":1,"featured_media":0,"parent":0,"menu_order":0,"comment_status":"closed","ping_status":"closed","template":"","meta":{"footnotes":""},"categories":[63],"class_list":["post-4818","page","type-page","status-publish","hentry","category-_page-nurpri-fr"],"_links":{"self":[{"href":"https:\/\/www.euroschool.lu\/site\/wp-json\/wp\/v2\/pages\/4818","targetHints":{"allow":["GET"]}}],"collection":[{"href":"https:\/\/www.euroschool.lu\/site\/wp-json\/wp\/v2\/pages"}],"about":[{"href":"https:\/\/www.euroschool.lu\/site\/wp-json\/wp\/v2\/types\/page"}],"author":[{"embeddable":true,"href":"https:\/\/www.euroschool.lu\/site\/wp-json\/wp\/v2\/users\/1"}],"replies":[{"embeddable":true,"href":"https:\/\/www.euroschool.lu\/site\/wp-json\/wp\/v2\/comments?post=4818"}],"version-history":[{"count":23,"href":"https:\/\/www.euroschool.lu\/site\/wp-json\/wp\/v2\/pages\/4818\/revisions"}],"predecessor-version":[{"id":19992,"href":"https:\/\/www.euroschool.lu\/site\/wp-json\/wp\/v2\/pages\/4818\/revisions\/19992"}],"wp:attachment":[{"href":"https:\/\/www.euroschool.lu\/site\/wp-json\/wp\/v2\/media?parent=4818"}],"wp:term":[{"taxonomy":"category","embeddable":true,"href":"https:\/\/www.euroschool.lu\/site\/wp-json\/wp\/v2\/categories?post=4818"}],"curies":[{"name":"wp","href":"https:\/\/api.w.org\/{rel}","templated":true}]}}