{"id":4245,"date":"2019-09-22T11:52:20","date_gmt":"2019-09-22T09:52:20","guid":{"rendered":"http:\/\/www.euroschool.lu\/site\/?page_id=4245"},"modified":"2025-09-28T18:53:53","modified_gmt":"2025-09-28T16:53:53","slug":"secondary-educational-support","status":"publish","type":"page","link":"https:\/\/www.euroschool.lu\/site\/secondary-educational-support\/","title":{"rendered":"Secondary : Educational support"},"content":{"rendered":"<div class=\"wpb-content-wrapper\"><p>[vc_row full_width=&#8221;stretch_row_content_no_spaces&#8221; css=&#8221;.vc_custom_1611767278898{margin-bottom: 0px !important;}&#8221;][vc_column css=&#8221;.vc_custom_1589920029564{margin-bottom: 0px !important;}&#8221; offset=&#8221;vc_hidden-sm vc_hidden-xs&#8221;][vc_custom_heading text=&#8221;&#8221; font_container=&#8221;tag:h1|text_align:left&#8221; use_theme_fonts=&#8221;yes&#8221; el_class=&#8221;custom-header&#8221; css=&#8221;.vc_custom_1624520083381{background-image: url(http:\/\/www.euroschool.lu\/site\/wp-content\/uploads\/2021\/06\/support.jpg?id=11589) !important;background-position: center !important;background-repeat: no-repeat !important;background-size: cover !important;}&#8221;][\/vc_column][\/vc_row][vc_row full_width=&#8221;stretch_row_content_no_spaces&#8221; css=&#8221;.vc_custom_1611767283046{margin-bottom: 0px !important;}&#8221;][vc_column css=&#8221;.vc_custom_1589920591194{margin-bottom: 0px !important;}&#8221; offset=&#8221;vc_hidden-lg vc_hidden-md&#8221;][vc_custom_heading text=&#8221;&#8221; font_container=&#8221;tag:h1|text_align:left&#8221; use_theme_fonts=&#8221;yes&#8221; el_class=&#8221;custom-header-mob&#8221; css=&#8221;.vc_custom_1624520094415{background-image: url(http:\/\/www.euroschool.lu\/site\/wp-content\/uploads\/2021\/06\/support.jpg?id=11589) !important;background-position: center !important;background-repeat: no-repeat !important;background-size: cover !important;}&#8221;][\/vc_column][\/vc_row][vc_row el_class=&#8221;main-box&#8221;][vc_column width=&#8221;1\/5&#8243; offset=&#8221;vc_hidden-md vc_hidden-sm vc_hidden-xs&#8221; el_class=&#8221;sidebar-menu&#8221;][vc_widget_sidebar sidebar_id=&#8221;sidebar-sidebar-menu-sec-en&#8221; el_class=&#8221;sidebar-menu-sec&#8221;][\/vc_column][vc_column width=&#8221;4\/5&#8243; el_class=&#8221;main-column&#8221;][vc_column_text el_class=&#8221;page-title&#8221;]<\/p>\n<h1>Secondary : Educational support<\/h1>\n<p>[\/vc_column_text][vc_row_inner][vc_column_inner width=&#8221;1\/2&#8243;][\/vc_column_inner][vc_column_inner width=&#8221;1\/2&#8243;][vc_btn title=&#8221;Educational support coordinators&#8221; style=&#8221;classic&#8221; color=&#8221;sky&#8221; align=&#8221;right&#8221; i_type=&#8221;entypo&#8221; i_icon_entypo=&#8221;entypo-icon entypo-icon-link&#8221; add_icon=&#8221;true&#8221; link=&#8221;url:https%3A%2F%2Fwww.euroschool.lu%2Fsite%2Fcontact-us%2F%231689858937664-f24afe9c-e22f|||&#8221;][vc_separator][\/vc_column_inner][\/vc_row_inner][vc_column_text]The words expressing the essential aims of the European Schools have been sealed in parchment into the foundation stones of all the European Schools:<\/p>\n<p><em><i class=\"icon-quote\" style=\"color:#dcdcdc\" aria-hidden=\"true\"><\/i>Educated side by side, untroubled from infancy by divisive prejudices, acquainted with all that is great and good in the different cultures, it will be borne upon them as they mature that they belong together. Without ceasing to look to their own lands with love and pride, they will become in mind Europeans, schooled and ready to complete and consolidate the work of their fathers before them, to bring into being a united and thriving Europe.<\/em><\/p>\n<p>The European School is a <strong>multilingual and multicultural<\/strong> environment in which the primacy of a child\u2019s mother tongue is safeguarded wherever possible. The European School offers a single type of <strong>general academic education<\/strong>, in which learning conditions become <strong>increasingly demanding<\/strong>. This single academic pathway, <strong>involving highly cognitive and abstract learning<\/strong>, leads to the award of the European Baccalaureate diploma.<\/p>\n<p><strong>Inclusive Education<\/strong> is the guiding principle of the European Schools, which serve a diverse and mobile pupil population and offers diverse\/flexible teaching and learning approaches adapted to children with different learning profiles.<\/p>\n<p>The European Schools <strong>work together with the families<\/strong> as from the admission to ensure that the individual needs of every child requiring reasonable accommodation, the provision of support, or challenge are met in order to help them to achieve their full potential.<\/p>\n<p><strong>Differentiation<\/strong> is the planning and execution of teaching and learning for all children in all classes which take account of individual differences in learning style, interest, motivation and aptitude, and reflecting these differences in the classroom.<\/p>\n<p><strong>Different forms and levels of support<\/strong> are provided, designed to ensure appropriate help and equal opportunities for all the pupils, including those having special educational needs, experiencing difficulties at any point in their schooling or gifted ones in order to allow enable them to develop and progress according to their potential.<\/p>\n<p>The types of educational support provided are:<\/p>\n<ul>\n<li>General<\/li>\n<li>Moderate or<\/li>\n<li>Intensive<\/li>\n<\/ul>\n<p>Support is flexible and varies as a pupil develops and his or her needs change.<\/p>\n<p>The European Schools also offer <strong>reasonable accommodations<\/strong> in class or\/and <strong>special arrangements for the exams<\/strong>. These arrangements are listed and made available to pupils during examinations, tests and other forms of assessment to allow the pupil to fulfil his\/her potential in the fairest possible way.<\/p>\n<p>We would like to draw your attention to two important points linked to the organisation of support courses:<\/p>\n<ul>\n<li>In the secondary, the support lessons are additional lessons and they are organized during the free periods of the student and his support teacher. Therefore, their number is limited so as not to overload the student and then be counterproductive.<\/li>\n<li>the scheduling of support courses is linked to the normal constraints of preparing the school timetable. At the beginning of the school year, the timetable is provisional and changes might occur during the first weeks, most of them during the first three weeks, but some can also take place later. For this reason, although we try our best to close the timetable and thus organise the support courses as quickly as possible, it is unfortunately possible that some support courses might take some weeks to be scheduled.<\/li>\n<\/ul>\n<p>For more details, please read the following documents:[\/vc_column_text][vc_tta_accordion gap=&#8221;2&#8243; active_section=&#8221;0&#8243; collapsible_all=&#8221;true&#8221;][vc_tta_section title=&#8221;Educational Support in Secondary School&#8221; tab_id=&#8221;1569146856879-dbbcca52-af61&#8243;][vc_row_inner css=&#8221;.vc_custom_1618213822610{margin: 0px !important;padding: 0px !important;}&#8221;][vc_column_inner css=&#8221;.vc_custom_1618213852545{margin: 0px !important;padding: 0px !important;}&#8221;][vc_btn title=&#8221;EN &#8211; Secondary school support organisation chart&#8221; style=&#8221;classic&#8221; color=&#8221;sky&#8221; align=&#8221;left&#8221; i_icon_fontawesome=&#8221;fa fa-sitemap&#8221; button_block=&#8221;true&#8221; add_icon=&#8221;true&#8221; link=&#8221;url:http%3A%2F%2Fwww.euroschool.lu%2Fsite%2Fwp-content%2Fuploads%2F2023%2F02%2FSupport-secondary.pdf||target:%20_blank|&#8221; css=&#8221;.vc_custom_1676552751393{margin-top: 0px !important;margin-right: 0px !important;margin-bottom: 2px !important;margin-left: 0px !important;padding-top: 0px !important;padding-right: 0px !important;padding-bottom: 0px !important;padding-left: 0px !important;}&#8221;][vc_btn title=&#8221;FR &#8211; Organigramme soutien au secondaire&#8221; style=&#8221;classic&#8221; color=&#8221;sky&#8221; align=&#8221;left&#8221; i_icon_fontawesome=&#8221;fa fa-sitemap&#8221; button_block=&#8221;true&#8221; add_icon=&#8221;true&#8221; link=&#8221;url:http%3A%2F%2Fwww.euroschool.lu%2Fsite%2Fwp-content%2Fuploads%2F2023%2F02%2FSoutien-au-secondaire.pdf||target:%20_blank|&#8221; css=&#8221;.vc_custom_1676552807856{margin-top: 0px !important;margin-right: 0px !important;margin-bottom: 2px !important;margin-left: 0px !important;padding-top: 0px !important;padding-right: 0px !important;padding-bottom: 0px !important;padding-left: 0px !important;}&#8221;][vc_btn title=&#8221;FR &#8211; Que faire si mon enfant \u00e0 des difficult\u00e9s dans une mati\u00e8re ?&#8221; style=&#8221;classic&#8221; color=&#8221;sky&#8221; align=&#8221;left&#8221; i_icon_fontawesome=&#8221;fa fa-sitemap&#8221; button_block=&#8221;true&#8221; add_icon=&#8221;true&#8221; link=&#8221;url:http%3A%2F%2Fwww.euroschool.lu%2Fsite%2Fwp-content%2Fuploads%2F2021%2F04%2FQue-faire-si-mon-enfant-%C3%A0-des-difficult%C3%A9s-dans-une-mati%C3%A8re-v1.pdf||target:%20_blank|&#8221; css=&#8221;.vc_custom_1624263024110{margin-top: 0px !important;margin-right: 0px !important;margin-bottom: 2px !important;margin-left: 0px !important;padding-top: 0px !important;padding-right: 0px !important;padding-bottom: 0px !important;padding-left: 0px !important;}&#8221;][vc_btn title=&#8221;FR &#8211; Que faire si un trouble d\u2019apprentissage a \u00e9t\u00e9 d\u00e9tect\u00e9 ?&#8221; style=&#8221;classic&#8221; color=&#8221;sky&#8221; align=&#8221;left&#8221; i_icon_fontawesome=&#8221;fa fa-sitemap&#8221; button_block=&#8221;true&#8221; add_icon=&#8221;true&#8221; link=&#8221;url:http%3A%2F%2Fwww.euroschool.lu%2Fsite%2Fwp-content%2Fuploads%2F2021%2F04%2FQue-faire-si-un-trouble-d%E2%80%99apprentissage-a-%C3%A9t%C3%A9-d%C3%A9tect%C3%A9-v1.pdf||target:%20_blank|&#8221; css=&#8221;.vc_custom_1624263031151{margin-top: 0px !important;margin-right: 0px !important;margin-bottom: 2px !important;margin-left: 0px !important;padding-top: 0px !important;padding-right: 0px !important;padding-bottom: 0px !important;padding-left: 0px !important;}&#8221;][\/vc_column_inner][\/vc_row_inner][\/vc_tta_section][vc_tta_section title=&#8221;Criteria for the mutlidisciplinary report&#8221; tab_id=&#8221;1670604639090-6f19ea4f-c466&#8243;][vc_row_inner][vc_column_inner width=&#8221;1\/3&#8243;][vc_btn title=&#8221;DE &#8211; Kriterien f\u00fcr den Medizinischen Bericht 2012-05-D-15-de-13&#8243; style=&#8221;classic&#8221; color=&#8221;sky&#8221; align=&#8221;left&#8221; i_icon_fontawesome=&#8221;fa fa-file-text-o&#8221; button_block=&#8221;true&#8221; add_icon=&#8221;true&#8221; css=&#8221;.vc_custom_1670605178872{margin-top: 0px !important;margin-right: 0px !important;margin-bottom: 0px !important;margin-left: 0px !important;padding-top: 0px !important;padding-right: 0px !important;padding-bottom: 0px !important;padding-left: 0px !important;}&#8221; link=&#8221;url:http%3A%2F%2Fwww.euroschool.lu%2Fsite%2Fwp-content%2Fuploads%2F2022%2F12%2FKriterien-fur-den-Medizinischen-Bericht-2012-05-D-15-de-13.pdf||target:%20_blank|&#8221;][\/vc_column_inner][vc_column_inner width=&#8221;1\/3&#8243;][vc_btn title=&#8221;EN &#8211; Criteria for the multidisciplinary report 2012-05-D-15-en-13.&#8221; style=&#8221;classic&#8221; color=&#8221;sky&#8221; align=&#8221;left&#8221; i_icon_fontawesome=&#8221;fa fa-file-text-o&#8221; button_block=&#8221;true&#8221; add_icon=&#8221;true&#8221; css=&#8221;.vc_custom_1670605191527{margin-top: 0px !important;margin-right: 0px !important;margin-bottom: 0px !important;margin-left: 0px !important;padding-top: 0px !important;padding-right: 0px !important;padding-bottom: 0px !important;padding-left: 0px !important;}&#8221; link=&#8221;url:http%3A%2F%2Fwww.euroschool.lu%2Fsite%2Fwp-content%2Fuploads%2F2022%2F12%2FCriteria-for-the-multidisciplinary-report-2012-05-D-15-en-13..pdf||target:%20_blank|&#8221;][\/vc_column_inner][vc_column_inner width=&#8221;1\/3&#8243;][vc_btn title=&#8221;FR &#8211; Crit\u00e8res pour le rapport m\u00e9dical 2012-05-D-15-fr-13&#8243; style=&#8221;classic&#8221; color=&#8221;sky&#8221; align=&#8221;left&#8221; i_icon_fontawesome=&#8221;fa fa-file-text-o&#8221; button_block=&#8221;true&#8221; add_icon=&#8221;true&#8221; css=&#8221;.vc_custom_1670605205208{margin-top: 0px !important;margin-right: 0px !important;margin-bottom: 0px !important;margin-left: 0px !important;padding-top: 0px !important;padding-right: 0px !important;padding-bottom: 0px !important;padding-left: 0px !important;}&#8221; link=&#8221;url:%20http%3A%2F%2Fwww.euroschool.lu%2Fsite%2Fwp-content%2Fuploads%2F2022%2F12%2FCriteres-pour-le-rapport-medical-2012-05-D-15-fr-13.pdf||target:%20_blank|&#8221;][\/vc_column_inner][\/vc_row_inner][\/vc_tta_section][vc_tta_section title=&#8221;Request for special arrangements for BAC years \u2013 to be introduced in start of S5&#8243; tab_id=&#8221;1689856917893-f7fd71c4-cb80&#8243;][vc_row_inner css=&#8221;.vc_custom_1618213822610{margin: 0px !important;padding: 0px !important;}&#8221;][vc_column_inner css=&#8221;.vc_custom_1618213852545{margin: 0px !important;padding: 0px !important;}&#8221;][vc_btn title=&#8221;EN &#8211; Instructions for the request of Special Arrangements for the European BAC cycle&#8221; style=&#8221;classic&#8221; color=&#8221;sky&#8221; align=&#8221;left&#8221; button_block=&#8221;true&#8221; link=&#8221;url:https%3A%2F%2Fwww.euroschool.lu%2Fsite%2Fwp-content%2Fuploads%2F2025%2F09%2FInstructions-for-the-request-of-Special-Arrangements-in-the-European-BAC-cycle_EN-.pdf||target:%20_blank|&#8221; css=&#8221;.vc_custom_1759078172031{margin-top: 0px !important;margin-right: 0px !important;margin-bottom: 2px !important;margin-left: 0px !important;padding-top: 0px !important;padding-right: 0px !important;padding-bottom: 0px !important;padding-left: 0px !important;}&#8221;][vc_btn title=&#8221;FR &#8211; Instructions pour la demande d&#8217;arrangements sp\u00e9ciaux pour le cycle du BAC europ\u00e9en&#8221; style=&#8221;classic&#8221; color=&#8221;sky&#8221; align=&#8221;left&#8221; button_block=&#8221;true&#8221; link=&#8221;url:https%3A%2F%2Fwww.euroschool.lu%2Fsite%2Fwp-content%2Fuploads%2F2025%2F09%2FInstructions-for-the-request-of-Special-Arrangements-in-the-European-Bac-cycle_FR.pdf||target:%20_blank|&#8221; css=&#8221;.vc_custom_1759078186216{margin-top: 0px !important;margin-right: 0px !important;margin-bottom: 2px !important;margin-left: 0px !important;padding-top: 0px !important;padding-right: 0px !important;padding-bottom: 0px !important;padding-left: 0px !important;}&#8221;][vc_separator color=&#8221;sky&#8221; css=&#8221;.vc_custom_1689857226856{margin-top: 10px !important;margin-bottom: 10px !important;}&#8221;][vc_btn title=&#8221;EN &#8211; Limited authorisation to release confidential information&#8221; style=&#8221;classic&#8221; color=&#8221;sky&#8221; align=&#8221;left&#8221; button_block=&#8221;true&#8221; link=&#8221;url:https%3A%2F%2Fwww.euroschool.lu%2Fsite%2Fwp-content%2Fuploads%2F2025%2F09%2FLimited-authorisation-to-release-confidential-information.pdf||target:%20_blank|&#8221; css=&#8221;.vc_custom_1759078203028{margin-top: 0px !important;margin-right: 0px !important;margin-bottom: 2px !important;margin-left: 0px !important;padding-top: 0px !important;padding-right: 0px !important;padding-bottom: 0px !important;padding-left: 0px !important;}&#8221;][vc_btn title=&#8221;FR &#8211; Autorisation limit\u00e9e de divulgation d\u2019informations confidentielles&#8221; style=&#8221;classic&#8221; color=&#8221;sky&#8221; align=&#8221;left&#8221; button_block=&#8221;true&#8221; link=&#8221;url:https%3A%2F%2Fwww.euroschool.lu%2Fsite%2Fwp-content%2Fuploads%2F2025%2F09%2FAutorisation-limitee-de-divulgation-dinformations.pdf||target:%20_blank|&#8221; css=&#8221;.vc_custom_1759078216046{margin-top: 0px !important;margin-right: 0px !important;margin-bottom: 2px !important;margin-left: 0px !important;padding-top: 0px !important;padding-right: 0px !important;padding-bottom: 0px !important;padding-left: 0px !important;}&#8221;][vc_separator color=&#8221;sky&#8221; css=&#8221;.vc_custom_1689857226856{margin-top: 10px !important;margin-bottom: 10px !important;}&#8221;][vc_btn title=&#8221;EN &#8211; Template for the requesting of special arrangements for the European Baccalaureate cycle (S6-S7)&#8221; style=&#8221;classic&#8221; color=&#8221;sky&#8221; align=&#8221;left&#8221; button_block=&#8221;true&#8221; link=&#8221;url:https%3A%2F%2Fwww.euroschool.lu%2Fsite%2Fwp-content%2Fuploads%2F2025%2F09%2FRequest-for-special-arrangements_BAC_cycle_EN.pdf||target:%20_blank|&#8221; css=&#8221;.vc_custom_1759078233601{margin-top: 0px !important;margin-right: 0px !important;margin-bottom: 2px !important;margin-left: 0px !important;padding-top: 0px !important;padding-right: 0px !important;padding-bottom: 0px !important;padding-left: 0px !important;}&#8221;][vc_btn title=&#8221;FR &#8211; Mod\u00e8le de demande de dispositions particuli\u00e8res pour le cycle du Baccalaur\u00e9at europ\u00e9en (S6-S7)&#8221; style=&#8221;classic&#8221; color=&#8221;sky&#8221; align=&#8221;left&#8221; button_block=&#8221;true&#8221; link=&#8221;url:%20https%3A%2F%2Fwww.euroschool.lu%2Fsite%2Fwp-content%2Fuploads%2F2025%2F09%2FDemande-darrangements-speciaux_Cycle_BAC_FR.pdf||target:%20_blank|&#8221; css=&#8221;.vc_custom_1759078253399{margin-top: 0px !important;margin-right: 0px !important;margin-bottom: 2px !important;margin-left: 0px !important;padding-top: 0px !important;padding-right: 0px !important;padding-bottom: 0px !important;padding-left: 0px !important;}&#8221;][vc_separator color=&#8221;sky&#8221; css=&#8221;.vc_custom_1689857226856{margin-top: 10px !important;margin-bottom: 10px !important;}&#8221;][vc_btn title=&#8221;BAC special arrangements 2025&#8243; style=&#8221;classic&#8221; color=&#8221;sky&#8221; align=&#8221;left&#8221; button_block=&#8221;true&#8221; link=&#8221;url:https%3A%2F%2Fwww.euroschool.lu%2Fsite%2Fwp-content%2Fuploads%2F2025%2F09%2FBAC-special-arrangements-2025.pdf||target:%20_blank|&#8221; css=&#8221;.vc_custom_1759078431043{margin-top: 0px !important;margin-right: 0px !important;margin-bottom: 2px !important;margin-left: 0px !important;padding-top: 0px !important;padding-right: 0px !important;padding-bottom: 0px !important;padding-left: 0px !important;}&#8221;][\/vc_column_inner][\/vc_row_inner][\/vc_tta_section][\/vc_tta_accordion][vc_tta_accordion gap=&#8221;2&#8243; active_section=&#8221;0&#8243; no_fill=&#8221;true&#8221; collapsible_all=&#8221;true&#8221;][vc_tta_section title=&#8221;Policy on the Provision of Educational Support in the European Schools&#8221; tab_id=&#8221;1618213384720-e406d340-2b2b&#8221;][vc_row_inner][vc_column_inner width=&#8221;1\/3&#8243;][vc_btn title=&#8221;DE&#8221; style=&#8221;classic&#8221; color=&#8221;sky&#8221; align=&#8221;left&#8221; i_icon_fontawesome=&#8221;fa fa-file-text-o&#8221; button_block=&#8221;true&#8221; add_icon=&#8221;true&#8221; css=&#8221;.vc_custom_1668160646818{margin-top: 0px !important;margin-right: 0px !important;margin-bottom: 0px !important;margin-left: 0px !important;padding-top: 0px !important;padding-right: 0px !important;padding-bottom: 0px !important;padding-left: 0px !important;}&#8221; link=&#8221;url:http%3A%2F%2Fwww.euroschool.lu%2Fsite%2Fwp-content%2Fuploads%2F2022%2F11%2F2012-05-D-14-de-10.pdf||target:%20_blank|&#8221;][\/vc_column_inner][vc_column_inner width=&#8221;1\/3&#8243;][vc_btn title=&#8221;EN&#8221; style=&#8221;classic&#8221; color=&#8221;sky&#8221; align=&#8221;left&#8221; i_icon_fontawesome=&#8221;fa fa-file-text-o&#8221; button_block=&#8221;true&#8221; add_icon=&#8221;true&#8221; css=&#8221;.vc_custom_1668160664996{margin-top: 0px !important;margin-right: 0px !important;margin-bottom: 0px !important;margin-left: 0px !important;padding-top: 0px !important;padding-right: 0px !important;padding-bottom: 0px !important;padding-left: 0px !important;}&#8221; link=&#8221;url:http%3A%2F%2Fwww.euroschool.lu%2Fsite%2Fwp-content%2Fuploads%2F2022%2F11%2F2012-05-D-14-en-10.pdf||target:%20_blank|&#8221;][\/vc_column_inner][vc_column_inner width=&#8221;1\/3&#8243;][vc_btn title=&#8221;FR&#8221; style=&#8221;classic&#8221; color=&#8221;sky&#8221; align=&#8221;left&#8221; i_icon_fontawesome=&#8221;fa fa-file-text-o&#8221; button_block=&#8221;true&#8221; add_icon=&#8221;true&#8221; css=&#8221;.vc_custom_1668160684766{margin-top: 0px !important;margin-right: 0px !important;margin-bottom: 0px !important;margin-left: 0px !important;padding-top: 0px !important;padding-right: 0px !important;padding-bottom: 0px !important;padding-left: 0px !important;}&#8221; link=&#8221;url:http%3A%2F%2Fwww.euroschool.lu%2Fsite%2Fwp-content%2Fuploads%2F2022%2F11%2F2012-05-D-14-fr-10.pdf||target:%20_blank|&#8221;][\/vc_column_inner][\/vc_row_inner][\/vc_tta_section][vc_tta_section title=&#8221;Provision of Educational Support in the European Schools &#8211; Procedural document&#8221; tab_id=&#8221;1618213385089-a370dd00-aa85&#8243;][vc_row_inner][vc_column_inner el_class=&#8221;hide&#8221; width=&#8221;1\/3&#8243;][vc_btn title=&#8221;DE&#8221; style=&#8221;classic&#8221; color=&#8221;sky&#8221; align=&#8221;left&#8221; i_icon_fontawesome=&#8221;fa fa-file-text-o&#8221; button_block=&#8221;true&#8221; add_icon=&#8221;true&#8221; css=&#8221;.vc_custom_1668160702154{margin-top: 0px !important;margin-right: 0px !important;margin-bottom: 0px !important;margin-left: 0px !important;padding-top: 0px !important;padding-right: 0px !important;padding-bottom: 0px !important;padding-left: 0px !important;}&#8221; link=&#8221;url:http%3A%2F%2Fwww.euroschool.lu%2Fsite%2Fwp-content%2Fuploads%2F2022%2F11%2F2012-05-D-15-de-13.pdf||target:%20_blank|&#8221;][\/vc_column_inner][vc_column_inner width=&#8221;1\/3&#8243;][vc_btn title=&#8221;EN&#8221; style=&#8221;classic&#8221; color=&#8221;sky&#8221; align=&#8221;left&#8221; i_icon_fontawesome=&#8221;fa fa-file-text-o&#8221; button_block=&#8221;true&#8221; add_icon=&#8221;true&#8221; css=&#8221;.vc_custom_1715189724998{margin-top: 0px !important;margin-right: 0px !important;margin-bottom: 0px !important;margin-left: 0px !important;padding-top: 0px !important;padding-right: 0px !important;padding-bottom: 0px !important;padding-left: 0px !important;}&#8221; link=&#8221;url:https%3A%2F%2Fwww.euroschool.lu%2Fsite%2Fwp-content%2Fuploads%2F2024%2F05%2F2012-05-D-15-en-14.pdf||target:%20_blank|&#8221;][\/vc_column_inner][vc_column_inner el_class=&#8221;hide&#8221; width=&#8221;1\/3&#8243;][vc_btn title=&#8221;FR&#8221; style=&#8221;classic&#8221; color=&#8221;sky&#8221; align=&#8221;left&#8221; i_icon_fontawesome=&#8221;fa fa-file-text-o&#8221; button_block=&#8221;true&#8221; add_icon=&#8221;true&#8221; css=&#8221;.vc_custom_1668160725539{margin-top: 0px !important;margin-right: 0px !important;margin-bottom: 0px !important;margin-left: 0px !important;padding-top: 0px !important;padding-right: 0px !important;padding-bottom: 0px !important;padding-left: 0px !important;}&#8221; link=&#8221;url:http%3A%2F%2Fwww.euroschool.lu%2Fsite%2Fwp-content%2Fuploads%2F2022%2F11%2F2012-05-D-15-fr-13.pdf||target:%20_blank|&#8221;][\/vc_column_inner][\/vc_row_inner][\/vc_tta_section][\/vc_tta_accordion][vc_separator][vc_btn title=&#8221;Further information on the types of learning support measures can be consulted in the Memorandum for parents.&#8221; style=&#8221;classic&#8221; color=&#8221;sky&#8221; align=&#8221;left&#8221; i_type=&#8221;entypo&#8221; i_icon_entypo=&#8221;entypo-icon entypo-icon-link&#8221; button_block=&#8221;true&#8221; add_icon=&#8221;true&#8221; css=&#8221;.vc_custom_1624958039669{margin-top: 0px !important;margin-right: 0px !important;margin-bottom: 40px !important;margin-left: 0px !important;padding-top: 0px !important;padding-right: 0px !important;padding-bottom: 0px !important;padding-left: 0px !important;}&#8221; link=&#8221;url:http%3A%2F%2Fwww.euroschool.lu%2Fsite%2Fofficial-texts-rules-memoranda%2F|||&#8221;][vc_separator style=&#8221;double&#8221;][\/vc_column][\/vc_row][vc_row][vc_column][vc_empty_space height=&#8221;20&#8243;][\/vc_column][\/vc_row]<\/p>\n<\/div>","protected":false},"excerpt":{"rendered":"<p>[vc_row full_width=&#8221;stretch_row_content_no_spaces&#8221; css=&#8221;.vc_custom_1611767278898{margin-bottom: 0px !important;}&#8221;][vc_column css=&#8221;.vc_custom_1589920029564{margin-bottom: 0px !important;}&#8221; offset=&#8221;vc_hidden-sm vc_hidden-xs&#8221;][vc_custom_heading text=&#8221;&#8221; font_container=&#8221;tag:h1|text_align:left&#8221; use_theme_fonts=&#8221;yes&#8221; el_class=&#8221;custom-header&#8221; css=&#8221;.vc_custom_1624520083381{background-image:<span class=\"excerpt-hellip\"> [\u2026]<\/span><\/p>\n","protected":false},"author":1,"featured_media":0,"parent":0,"menu_order":0,"comment_status":"closed","ping_status":"closed","template":"","meta":{"footnotes":""},"categories":[54],"class_list":["post-4245","page","type-page","status-publish","hentry","category-_page-sec-en"],"_links":{"self":[{"href":"https:\/\/www.euroschool.lu\/site\/wp-json\/wp\/v2\/pages\/4245","targetHints":{"allow":["GET"]}}],"collection":[{"href":"https:\/\/www.euroschool.lu\/site\/wp-json\/wp\/v2\/pages"}],"about":[{"href":"https:\/\/www.euroschool.lu\/site\/wp-json\/wp\/v2\/types\/page"}],"author":[{"embeddable":true,"href":"https:\/\/www.euroschool.lu\/site\/wp-json\/wp\/v2\/users\/1"}],"replies":[{"embeddable":true,"href":"https:\/\/www.euroschool.lu\/site\/wp-json\/wp\/v2\/comments?post=4245"}],"version-history":[{"count":72,"href":"https:\/\/www.euroschool.lu\/site\/wp-json\/wp\/v2\/pages\/4245\/revisions"}],"predecessor-version":[{"id":19867,"href":"https:\/\/www.euroschool.lu\/site\/wp-json\/wp\/v2\/pages\/4245\/revisions\/19867"}],"wp:attachment":[{"href":"https:\/\/www.euroschool.lu\/site\/wp-json\/wp\/v2\/media?parent=4245"}],"wp:term":[{"taxonomy":"category","embeddable":true,"href":"https:\/\/www.euroschool.lu\/site\/wp-json\/wp\/v2\/categories?post=4245"}],"curies":[{"name":"wp","href":"https:\/\/api.w.org\/{rel}","templated":true}]}}