{"id":4090,"date":"2019-09-05T00:44:16","date_gmt":"2019-09-04T22:44:16","guid":{"rendered":"http:\/\/www.euroschool.lu\/site\/?page_id=4090"},"modified":"2025-09-05T22:15:12","modified_gmt":"2025-09-05T20:15:12","slug":"begruessung-durch-den-direktor","status":"publish","type":"page","link":"https:\/\/www.euroschool.lu\/site\/de\/begruessung-durch-den-direktor\/","title":{"rendered":"Begr\u00fc\u00dfung durch den Direktor"},"content":{"rendered":"<div class=\"wpb-content-wrapper\"><p>[vc_row full_width=&#8221;stretch_row_content_no_spaces&#8221; css=&#8221;.vc_custom_1589920007717{margin-bottom: 0px !important;}&#8221;][vc_column css=&#8221;.vc_custom_1589920029564{margin-bottom: 0px !important;}&#8221; offset=&#8221;vc_hidden-sm vc_hidden-xs&#8221;][vc_custom_heading text=&#8221;&#8221; font_container=&#8221;tag:h1|text_align:left&#8221; use_theme_fonts=&#8221;yes&#8221; el_class=&#8221;custom-header&#8221; css=&#8221;.vc_custom_1624010883970{background-image: url(http:\/\/www.euroschool.lu\/site\/wp-content\/uploads\/2021\/06\/director-welcome.jpg?id=11270) !important;background-position: center !important;background-repeat: no-repeat !important;background-size: cover !important;}&#8221;][\/vc_column][\/vc_row][vc_row full_width=&#8221;stretch_row_content_no_spaces&#8221; css=&#8221;.vc_custom_1589920007717{margin-bottom: 0px !important;}&#8221;][vc_column css=&#8221;.vc_custom_1589920591194{margin-bottom: 0px !important;}&#8221; offset=&#8221;vc_hidden-lg vc_hidden-md&#8221;][vc_custom_heading text=&#8221;&#8221; font_container=&#8221;tag:h1|text_align:left&#8221; use_theme_fonts=&#8221;yes&#8221; el_class=&#8221;custom-header-mob&#8221; css=&#8221;.vc_custom_1624010901386{background-image: url(http:\/\/www.euroschool.lu\/site\/wp-content\/uploads\/2021\/06\/director-welcome.jpg?id=11270) !important;background-position: center !important;background-repeat: no-repeat !important;background-size: cover !important;}&#8221;][\/vc_column][\/vc_row][vc_row el_class=&#8221;main-box&#8221;][vc_column width=&#8221;1\/5&#8243; el_class=&#8221;sidebar-menu&#8221; offset=&#8221;vc_hidden-md vc_hidden-sm vc_hidden-xs&#8221;][vc_widget_sidebar sidebar_id=&#8221;sidebar-sidebar-menu-about-de&#8221; el_class=&#8221;sidebar-menu-about&#8221;][\/vc_column][vc_column width=&#8221;4\/5&#8243; el_class=&#8221;main-column&#8221;][vc_column_text el_class=&#8221;page-title&#8221;]<\/p>\n<h1>Begr\u00fc\u00dfung durch den Direktor<\/h1>\n<p>[\/vc_column_text][vc_column_text css=&#8221;.vc_custom_1757103311024{padding-top: 10px !important;}&#8221;]<img loading=\"lazy\" decoding=\"async\" class=\"welcome-photo wp-image-16931 size-medium alignright\" src=\"https:\/\/www.euroschool.lu\/site\/wp-content\/uploads\/2023\/09\/MW-200x300.png\" alt=\"\" width=\"200\" height=\"300\" srcset=\"https:\/\/www.euroschool.lu\/site\/wp-content\/uploads\/2023\/09\/MW-200x300.png 200w, https:\/\/www.euroschool.lu\/site\/wp-content\/uploads\/2023\/09\/MW-97x146.png 97w, https:\/\/www.euroschool.lu\/site\/wp-content\/uploads\/2023\/09\/MW-33x50.png 33w, https:\/\/www.euroschool.lu\/site\/wp-content\/uploads\/2023\/09\/MW-50x75.png 50w, https:\/\/www.euroschool.lu\/site\/wp-content\/uploads\/2023\/09\/MW.png 280w\" sizes=\"auto, (max-width:767px) 200px, 200px\" \/><\/p>\n<p><strong>Sehr geehrte Eltern, liebe Sch\u00fclerinnen und Sch\u00fcler,<\/strong><\/p>\n<p>ich begr\u00fc\u00dfe Sie alle herzlich zum neuen Schuljahr. Ich hoffe, Sie hatten erholsame Ferien und konnten neue Kraft f\u00fcr das Schuljahr 2025\u20132026 tanken.<\/p>\n<p>Das vergangene Jahr war sehr ereignisreich. Auch in diesem Schuljahr haben wir eine Reihe von Projekten und Aktivit\u00e4ten in allen Zyklen geplant, die wir Ihnen im Laufe der kommenden Monate n\u00e4her vorstellen werden.<\/p>\n<p>Bereits heute m\u00f6chte ich Sie auf den traditionellen Weihnachtsmarkt der beiden Europ\u00e4ischen Schulen hinweisen, der in der Vorweihnachtszeit in unserer Schule stattfinden wird.<\/p>\n<p>In der Sekundarschule werden unsere Sch\u00fclerinnen und Sch\u00fcler erneut an der Gro\u00dfveranstaltung <strong>\u201eEurosport\u201c<\/strong> teilnehmen, die regelm\u00e4\u00dfig f\u00fcr alle Europ\u00e4ischen Schulen stattfindet. Au\u00dferdem ist die Teilnahme unserer Sch\u00fclerinnen und Sch\u00fcler am <strong>ING-Marathon<\/strong> vorgesehen. Neben sportlichen H\u00f6hepunkten m\u00f6chten wir auch wieder kulturelle Erlebnisse schaffen: Nach dem gro\u00dfen Erfolg im vergangenen Jahr ist die Auff\u00fchrung eines <strong>Musicals<\/strong> erneut fest eingeplant.<\/p>\n<p>Dar\u00fcber hinaus nimmt unsere Sekundarschule im Fr\u00fchjahr erneut am Projekt <strong>\u201ePISA for Schools\u201c<\/strong> teil, das in allen Europ\u00e4ischen Schulen durchgef\u00fchrt wird.<\/p>\n<p>Ein besonderer H\u00f6hepunkt wird im Mai 2026 der <strong>Europatag<\/strong> sein, an dem alle Sch\u00fclerinnen und Sch\u00fcler aller Zyklen teilnehmen werden.<\/p>\n<p>Neben diesen erfreulichen Perspektiven m\u00f6chte ich Sie nochmals auf eine Ver\u00e4nderung im luxemburgischen Bildungssystem aufmerksam machen, die auch Auswirkungen auf die Europ\u00e4ischen Schulen hat. Seit dem Schuljahr 2024\u20132025 sind wir verpflichtet, das <strong>Gesetz vom 20.07.2023 \u00fcber die Schulpflicht<\/strong> anzuwenden. Dieses Gesetz sieht unter anderem eine Verl\u00e4ngerung der Schulpflicht bis zum 18. Lebensjahr vor und regelt die Modalit\u00e4ten zur \u00dcberwachung der Einhaltung (Anmeldung und Anwesenheit). Folglich ist die Schule verpflichtet, das Ministerium f\u00fcr Nationale Bildung, Kinder und Jugend regelm\u00e4\u00dfig \u00fcber die eingeschriebenen ans\u00e4ssigen Sch\u00fclerinnen und Sch\u00fcler zu informieren und mindestens einmal im Monat die unentschuldigten Abwesenheiten zu melden. Eine ausf\u00fchrliche Mitteilung mit allen Erl\u00e4uterungen zu den Anwendungsbedingungen dieses Gesetzes haben wir Ihnen zur Erinnerung bereits zukommen lassen.<\/p>\n<p>Wir werden Sie auch weiterhin \u00fcber die Arbeiten an der Stra\u00dfenbahn und deren konkrete Auswirkungen auf die Zug\u00e4nge zur Schule informieren.<\/p>\n<p>Zum Schluss w\u00fcnsche ich Ihnen und Euch ein erfolgreiches, erf\u00fclltes und bereicherndes Schuljahr 2025\u20132026.<\/p>\n<p>Mit freundlichen Gr\u00fc\u00dfen<\/p>\n<p>M. Wedel<br \/>\nDirektor[\/vc_column_text][vc_separator style=&#8221;double&#8221; css=&#8221;.vc_custom_1624951886886{margin-bottom: 0px !important;border-bottom-width: 0px !important;padding-bottom: 10px !important;}&#8221;][\/vc_column][\/vc_row][vc_row][vc_column][vc_empty_space height=&#8221;20&#8243;][\/vc_column][\/vc_row]<\/p>\n<\/div>","protected":false},"excerpt":{"rendered":"<p>[vc_row full_width=&#8221;stretch_row_content_no_spaces&#8221; css=&#8221;.vc_custom_1589920007717{margin-bottom: 0px !important;}&#8221;][vc_column css=&#8221;.vc_custom_1589920029564{margin-bottom: 0px !important;}&#8221; offset=&#8221;vc_hidden-sm vc_hidden-xs&#8221;][vc_custom_heading text=&#8221;&#8221; font_container=&#8221;tag:h1|text_align:left&#8221; use_theme_fonts=&#8221;yes&#8221; el_class=&#8221;custom-header&#8221; css=&#8221;.vc_custom_1624010883970{background-image:<span class=\"excerpt-hellip\"> [\u2026]<\/span><\/p>\n","protected":false},"author":1,"featured_media":0,"parent":0,"menu_order":0,"comment_status":"closed","ping_status":"closed","template":"","meta":{"footnotes":""},"categories":[69],"class_list":["post-4090","page","type-page","status-publish","hentry","category-_page-main-de"],"_links":{"self":[{"href":"https:\/\/www.euroschool.lu\/site\/wp-json\/wp\/v2\/pages\/4090","targetHints":{"allow":["GET"]}}],"collection":[{"href":"https:\/\/www.euroschool.lu\/site\/wp-json\/wp\/v2\/pages"}],"about":[{"href":"https:\/\/www.euroschool.lu\/site\/wp-json\/wp\/v2\/types\/page"}],"author":[{"embeddable":true,"href":"https:\/\/www.euroschool.lu\/site\/wp-json\/wp\/v2\/users\/1"}],"replies":[{"embeddable":true,"href":"https:\/\/www.euroschool.lu\/site\/wp-json\/wp\/v2\/comments?post=4090"}],"version-history":[{"count":22,"href":"https:\/\/www.euroschool.lu\/site\/wp-json\/wp\/v2\/pages\/4090\/revisions"}],"predecessor-version":[{"id":19637,"href":"https:\/\/www.euroschool.lu\/site\/wp-json\/wp\/v2\/pages\/4090\/revisions\/19637"}],"wp:attachment":[{"href":"https:\/\/www.euroschool.lu\/site\/wp-json\/wp\/v2\/media?parent=4090"}],"wp:term":[{"taxonomy":"category","embeddable":true,"href":"https:\/\/www.euroschool.lu\/site\/wp-json\/wp\/v2\/categories?post=4090"}],"curies":[{"name":"wp","href":"https:\/\/api.w.org\/{rel}","templated":true}]}}