{"id":3841,"date":"2019-08-31T14:41:44","date_gmt":"2019-08-31T12:41:44","guid":{"rendered":"http:\/\/www.euroschool.lu\/site\/?page_id=3841"},"modified":"2025-09-22T17:12:02","modified_gmt":"2025-09-22T15:12:02","slug":"formulare","status":"publish","type":"page","link":"https:\/\/www.euroschool.lu\/site\/de\/formulare\/","title":{"rendered":"Formulare (Verschiedenes)"},"content":{"rendered":"<div class=\"wpb-content-wrapper\"><p>[vc_section][vc_row full_width=&#8221;stretch_row_content_no_spaces&#8221; css=&#8221;.vc_custom_1589920007717{margin-bottom: 0px !important;}&#8221;][vc_column css=&#8221;.vc_custom_1589920029564{margin-bottom: 0px !important;}&#8221; offset=&#8221;vc_hidden-sm vc_hidden-xs&#8221;][vc_custom_heading text=&#8221;&#8221; font_container=&#8221;tag:h1|text_align:left&#8221; use_theme_fonts=&#8221;yes&#8221; el_class=&#8221;custom-header&#8221; css=&#8221;.vc_custom_1656318419670{background-image: url(http:\/\/www.euroschool.lu\/site\/wp-content\/uploads\/2022\/06\/scott-graham-OQMZwNd3ThU-unsplash-1.jpg?id=14671) !important;background-position: center !important;background-repeat: no-repeat !important;background-size: cover !important;}&#8221;][\/vc_column][\/vc_row][vc_row full_width=&#8221;stretch_row_content_no_spaces&#8221; css=&#8221;.vc_custom_1589920007717{margin-bottom: 0px !important;}&#8221;][vc_column css=&#8221;.vc_custom_1589920591194{margin-bottom: 0px !important;}&#8221; offset=&#8221;vc_hidden-lg vc_hidden-md&#8221;][vc_custom_heading text=&#8221;&#8221; font_container=&#8221;tag:h1|text_align:left&#8221; use_theme_fonts=&#8221;yes&#8221; el_class=&#8221;custom-header-mob&#8221; css=&#8221;.vc_custom_1656318742207{background-image: url(http:\/\/www.euroschool.lu\/site\/wp-content\/uploads\/2022\/06\/scott-graham-OQMZwNd3ThU-unsplash-1.jpg?id=14671) !important;background-position: center !important;background-repeat: no-repeat !important;background-size: cover !important;}&#8221;][\/vc_column][\/vc_row][vc_row el_class=&#8221;main-box&#8221;][vc_column el_class=&#8221;main-column&#8221;][vc_column_text el_class=&#8221;page-title&#8221;]<\/p>\n<h1>Formulare (Verschiedenes)<\/h1>\n<p>[\/vc_column_text][vc_tta_accordion spacing=&#8221;5&#8243; active_section=&#8221;0&#8243; no_fill=&#8221;true&#8221; collapsible_all=&#8221;true&#8221;][vc_tta_section title=&#8221;(DE \/ EN \/ FR) Antrag auf Freistellung von Unterricht \/ Absence permission request \/ Demande d\u2019autorisation d\u2018absence&#8221; tab_id=&#8221;1566744195152-ded42837-5a07062d-496f&#8221;][vc_btn title=&#8221;(DE) Antrag auf Freistellung von Unterricht&#8221; style=&#8221;classic&#8221; color=&#8221;sky&#8221; align=&#8221;left&#8221; i_icon_fontawesome=&#8221;fa fa-file-text-o&#8221; button_block=&#8221;true&#8221; add_icon=&#8221;true&#8221; css=&#8221;.vc_custom_1758553913427{margin-top: 0px !important;margin-right: 0px !important;margin-bottom: 5px !important;margin-left: 0px !important;padding-top: 0px !important;padding-right: 0px !important;padding-bottom: 0px !important;padding-left: 0px !important;}&#8221; link=&#8221;url:https%3A%2F%2Fwww.euroschool.lu%2Fsite%2Fwp-content%2Fuploads%2F2025%2F09%2FDEMANDE-DAUTORISATION-DABSENCE_.pdf||target:%20_blank|&#8221;][vc_btn title=&#8221;(EN) Request for permission of absence&#8221; style=&#8221;classic&#8221; color=&#8221;sky&#8221; align=&#8221;left&#8221; i_icon_fontawesome=&#8221;fa fa-file-text-o&#8221; button_block=&#8221;true&#8221; add_icon=&#8221;true&#8221; css=&#8221;.vc_custom_1758553813649{margin-top: 0px !important;margin-right: 0px !important;margin-bottom: 5px !important;margin-left: 0px !important;padding-top: 0px !important;padding-right: 0px !important;padding-bottom: 0px !important;padding-left: 0px !important;}&#8221; link=&#8221;url:http%3A%2F%2Fwww.euroschool.lu%2Fsite%2Fwp-content%2Fuploads%2F2022%2F09%2FAutorisation-dabsence-EN.pdf||target:%20_blank|&#8221; el_class=&#8221;hide&#8221;][vc_btn title=&#8221;(FR) Demande d\u2019autorisation d\u2018absence&#8221; style=&#8221;classic&#8221; color=&#8221;sky&#8221; align=&#8221;left&#8221; i_icon_fontawesome=&#8221;fa fa-file-text-o&#8221; button_block=&#8221;true&#8221; add_icon=&#8221;true&#8221; css=&#8221;.vc_custom_1758553899723{margin-top: 0px !important;margin-right: 0px !important;margin-bottom: 5px !important;margin-left: 0px !important;padding-top: 0px !important;padding-right: 0px !important;padding-bottom: 0px !important;padding-left: 0px !important;}&#8221; link=&#8221;url:http%3A%2F%2Fwww.euroschool.lu%2Fsite%2Fwp-content%2Fuploads%2F2022%2F09%2FAutorisation-dabsence-FR.pdf||target:%20_blank|&#8221; el_class=&#8221;hide&#8221;][\/vc_tta_section][vc_tta_section title=&#8221;(DE \/ EN \/ FR) Early leaving for medical appointment&#8221; tab_id=&#8221;1630495474708-aed1edeb-b1d5&#8243;][vc_btn title=&#8221;(DE \/ EN \/ FR) Early leaving for medical appointment&#8221; style=&#8221;classic&#8221; color=&#8221;sky&#8221; align=&#8221;left&#8221; i_icon_fontawesome=&#8221;fa fa-file-text-o&#8221; button_block=&#8221;true&#8221; add_icon=&#8221;true&#8221; css=&#8221;.vc_custom_1646754950117{margin-top: 0px !important;margin-right: 0px !important;margin-bottom: 5px !important;margin-left: 0px !important;padding-top: 0px !important;padding-right: 0px !important;padding-bottom: 0px !important;padding-left: 0px !important;}&#8221; link=&#8221;url:http%3A%2F%2Fwww.euroschool.lu%2Fsite%2Fwp-content%2Fuploads%2F2021%2F09%2FForm-early-leaving-for-med.-app.pdf||target:%20_blank|&#8221;][\/vc_tta_section][vc_tta_section title=&#8221;(DE \/ EN \/ FR) Abmeldebest\u00e4tigung Sch\u00fcler \/ Leaving school form pupils \/ Formulaire de d\u00e9part \u00e9l\u00e8ves&#8221; tab_id=&#8221;1646754668358-2f29b591-d50f&#8221;][vc_btn title=&#8221;(DE \/ EN \/ FR) Abmeldebest\u00e4tigung Sch\u00fcler \/ Leaving school form pupils \/ Formulaire de d\u00e9part \u00e9l\u00e8ves&#8221; style=&#8221;classic&#8221; color=&#8221;sky&#8221; align=&#8221;left&#8221; i_icon_fontawesome=&#8221;fa fa-file-text-o&#8221; button_block=&#8221;true&#8221; add_icon=&#8221;true&#8221; css=&#8221;.vc_custom_1646754794805{margin-top: 0px !important;margin-right: 0px !important;margin-bottom: 5px !important;margin-left: 0px !important;padding-top: 0px !important;padding-right: 0px !important;padding-bottom: 0px !important;padding-left: 0px !important;}&#8221; link=&#8221;url:http%3A%2F%2Fwww.euroschool.lu%2Fsite%2Fwp-content%2Fuploads%2F2022%2F03%2FEELux1_Student_Leaving_School_Form.pdf||target:%20_blank|&#8221;][\/vc_tta_section][\/vc_tta_accordion][\/vc_column][\/vc_row][vc_row][vc_column][vc_empty_space height=&#8221;20px&#8221;][\/vc_column][\/vc_row][\/vc_section]<\/p>\n<\/div>","protected":false},"excerpt":{"rendered":"<p>[vc_section][vc_row full_width=&#8221;stretch_row_content_no_spaces&#8221; css=&#8221;.vc_custom_1589920007717{margin-bottom: 0px !important;}&#8221;][vc_column css=&#8221;.vc_custom_1589920029564{margin-bottom: 0px !important;}&#8221; offset=&#8221;vc_hidden-sm vc_hidden-xs&#8221;][vc_custom_heading text=&#8221;&#8221; font_container=&#8221;tag:h1|text_align:left&#8221; use_theme_fonts=&#8221;yes&#8221; el_class=&#8221;custom-header&#8221; css=&#8221;.vc_custom_1656318419670{background-image:<span class=\"excerpt-hellip\"> [\u2026]<\/span><\/p>\n","protected":false},"author":1,"featured_media":0,"parent":0,"menu_order":0,"comment_status":"closed","ping_status":"closed","template":"","meta":{"footnotes":""},"categories":[69],"class_list":["post-3841","page","type-page","status-publish","hentry","category-_page-main-de"],"_links":{"self":[{"href":"https:\/\/www.euroschool.lu\/site\/wp-json\/wp\/v2\/pages\/3841","targetHints":{"allow":["GET"]}}],"collection":[{"href":"https:\/\/www.euroschool.lu\/site\/wp-json\/wp\/v2\/pages"}],"about":[{"href":"https:\/\/www.euroschool.lu\/site\/wp-json\/wp\/v2\/types\/page"}],"author":[{"embeddable":true,"href":"https:\/\/www.euroschool.lu\/site\/wp-json\/wp\/v2\/users\/1"}],"replies":[{"embeddable":true,"href":"https:\/\/www.euroschool.lu\/site\/wp-json\/wp\/v2\/comments?post=3841"}],"version-history":[{"count":42,"href":"https:\/\/www.euroschool.lu\/site\/wp-json\/wp\/v2\/pages\/3841\/revisions"}],"predecessor-version":[{"id":19785,"href":"https:\/\/www.euroschool.lu\/site\/wp-json\/wp\/v2\/pages\/3841\/revisions\/19785"}],"wp:attachment":[{"href":"https:\/\/www.euroschool.lu\/site\/wp-json\/wp\/v2\/media?parent=3841"}],"wp:term":[{"taxonomy":"category","embeddable":true,"href":"https:\/\/www.euroschool.lu\/site\/wp-json\/wp\/v2\/categories?post=3841"}],"curies":[{"name":"wp","href":"https:\/\/api.w.org\/{rel}","templated":true}]}}