{"id":2835,"date":"2019-08-15T21:28:30","date_gmt":"2019-08-15T19:28:30","guid":{"rendered":"http:\/\/www.euroschool.lu\/site\/?page_id=2835"},"modified":"2025-01-29T10:36:50","modified_gmt":"2025-01-29T09:36:50","slug":"datenschutz","status":"publish","type":"page","link":"https:\/\/www.euroschool.lu\/site\/de\/datenschutz\/","title":{"rendered":"Datenschutz"},"content":{"rendered":"<div class=\"wpb-content-wrapper\"><p>[vc_row full_width=&#8221;stretch_row_content_no_spaces&#8221; css=&#8221;.vc_custom_1589920007717{margin-bottom: 0px !important;}&#8221;][vc_column css=&#8221;.vc_custom_1589920029564{margin-bottom: 0px !important;}&#8221; offset=&#8221;vc_hidden-sm vc_hidden-xs&#8221;][vc_custom_heading text=&#8221;&#8221; font_container=&#8221;tag:h1|text_align:left&#8221; use_theme_fonts=&#8221;yes&#8221; el_class=&#8221;custom-header&#8221; css=&#8221;.vc_custom_1623849377493{background-image: url(http:\/\/www.euroschool.lu\/site\/wp-content\/uploads\/2021\/06\/markus-spiske-gcgves5H_Ac-unsplash.jpg?id=10964) !important;background-position: center !important;background-repeat: no-repeat !important;background-size: cover !important;}&#8221;][\/vc_column][\/vc_row][vc_row full_width=&#8221;stretch_row_content_no_spaces&#8221; css=&#8221;.vc_custom_1589920007717{margin-bottom: 0px !important;}&#8221;][vc_column css=&#8221;.vc_custom_1589920591194{margin-bottom: 0px !important;}&#8221; offset=&#8221;vc_hidden-lg vc_hidden-md&#8221;][vc_custom_heading text=&#8221;&#8221; font_container=&#8221;tag:h1|text_align:left&#8221; use_theme_fonts=&#8221;yes&#8221; el_class=&#8221;custom-header-mob&#8221; css=&#8221;.vc_custom_1623849389199{background-image: url(http:\/\/www.euroschool.lu\/site\/wp-content\/uploads\/2021\/06\/markus-spiske-gcgves5H_Ac-unsplash.jpg?id=10964) !important;background-position: center !important;background-repeat: no-repeat !important;background-size: cover !important;}&#8221;][\/vc_column][\/vc_row][vc_row equal_height=&#8221;yes&#8221; css=&#8221;.vc_custom_1569766373378{margin-top: 20px !important;margin-right: 5px !important;margin-left: 5px !important;}&#8221;][vc_column css=&#8221;.vc_custom_1566782022552{margin-top: 0px !important;margin-right: 0px !important;margin-bottom: 0px !important;margin-left: 0px !important;padding-top: 0px !important;padding-right: 0px !important;padding-bottom: 0px !important;padding-left: 0px !important;}&#8221;][vc_column_text el_class=&#8221;page-title&#8221;]<\/p>\n<h1>Datenschutz<\/h1>\n<p>[\/vc_column_text][\/vc_column][\/vc_row][vc_row][vc_column][vc_row_inner][vc_column_inner width=&#8221;1\/2&#8243;][\/vc_column_inner][vc_column_inner width=&#8221;1\/2&#8243;][vc_btn title=&#8221;Datenschutzbeauftragten&#8221; style=&#8221;classic&#8221; color=&#8221;sky&#8221; align=&#8221;right&#8221; i_type=&#8221;entypo&#8221; i_icon_entypo=&#8221;entypo-icon entypo-icon-link&#8221; add_icon=&#8221;true&#8221; link=&#8221;url:http%3A%2F%2Fwww.euroschool.lu%2Fsite%2Fcontact-us%2F%231566131007817-af7552be-6526bb82-79109de2-5edd6ccf-476d|||&#8221;][vc_separator][\/vc_column_inner][\/vc_row_inner][vc_column_text]Die Datenschutz-Grundverordnung (im Folgenden: &#8220;DSGVO&#8221;) ist am 25. Mai 2018 in Kraft getreten und gilt f\u00fcr die Europ\u00e4ischen Schulen (das B\u00fcro des Generalsekret\u00e4rs und die 13 Schulen). Jede Schule wird geeignete technische und organisatorische Ma\u00dfnahmen ergreifen, um sicherzustellen und nachweisen zu k\u00f6nnen, dass die Verarbeitung der von Sch\u00fclern und Eltern bzw. Rechtsvertretern erhobenen Daten in \u00dcbereinstimmung mit der DSGVO erfolgt.<\/p>\n<p>Unsere Schule hat einen Datenschutzbeauftragten ernannt, der den Direktor bei der Umsetzung der Datenschutzrichtlinie in der Schule unterst\u00fctzt. Auf dieser Seite stellen wir Ihnen Aktualisierungen und Dokumente zum Thema Datenschutz in unserer Schule zur Verf\u00fcgung.<\/p>\n<p>Wenn Sie Fragen zum Umgang mit Ihren pers\u00f6nlichen Daten und den pers\u00f6nlichen Daten Ihrer Kinder haben, wenden Sie sich bitte an den Datenschutzbeauftragten unserer Schule.<\/p>\n<p>Wir versichern Ihnen, dass sich die Europ\u00e4ischen Schulen verpflichten, Ihre Privatsph\u00e4re und die Privatsph\u00e4re Ihrer Kinder zu respektieren und die Anforderungen der DSGVO zu erf\u00fcllen.[\/vc_column_text][\/vc_column][\/vc_row][vc_row][vc_column width=&#8221;1\/2&#8243;][vc_btn title=&#8221;(DE-EN-FR) European School Luxembourg I Privacy Statement&#8221; style=&#8221;classic&#8221; color=&#8221;sky&#8221; align=&#8221;left&#8221; i_icon_fontawesome=&#8221;fa fa-file-text-o&#8221; button_block=&#8221;true&#8221; add_icon=&#8221;true&#8221; link=&#8221;url:http%3A%2F%2Fwww.euroschool.lu%2Fsite%2Fwp-content%2Fuploads%2F2019%2F08%2F2018-06-D-21-de_en_fr-3-ES-P_S.pdf||target:%20_blank|&#8221; css=&#8221;.vc_custom_1697562420517{margin-bottom: 0px !important;border-bottom-width: 0px !important;padding-bottom: 0px !important;}&#8221;][vc_btn title=&#8221;(FR-EN-DE) RGPD Biblioth\u00e8que Notice d&#8217;information&#8221; style=&#8221;classic&#8221; color=&#8221;sky&#8221; align=&#8221;left&#8221; i_icon_fontawesome=&#8221;fa fa-file-text-o&#8221; button_block=&#8221;true&#8221; add_icon=&#8221;true&#8221; link=&#8221;url:https%3A%2F%2Fwww.euroschool.lu%2Fsite%2Fwp-content%2Fuploads%2F2023%2F09%2FRGPD-Bibliotheque-Notice-dinformation-FR-DE-EN-Lux-I-V2023.pdf||target:%20_blank|&#8221; css=&#8221;.vc_custom_1697562426962{margin-top: 5px !important;margin-bottom: 0px !important;border-top-width: 0px !important;border-bottom-width: 0px !important;padding-top: 0px !important;padding-bottom: 0px !important;}&#8221;][vc_btn title=&#8221;(FR) Annexe 1 Convention tripartite \u2013 D\u00e9claration de Confidentialit\u00e9&#8221; style=&#8221;classic&#8221; color=&#8221;sky&#8221; align=&#8221;left&#8221; i_icon_fontawesome=&#8221;fa fa-file-text-o&#8221; button_block=&#8221;true&#8221; add_icon=&#8221;true&#8221; link=&#8221;url:https%3A%2F%2Fwww.euroschool.lu%2Fsite%2Fwp-content%2Fuploads%2F2023%2F09%2FAnnexe-1-Referentiel-delais-de-conservation-des-documents-Convention-Auxiliaire-Paramedical-Version-2022.pdf||target:%20_blank|&#8221; css=&#8221;.vc_custom_1697562433374{margin-top: 5px !important;margin-bottom: 0px !important;border-top-width: 0px !important;border-bottom-width: 0px !important;padding-top: 0px !important;padding-bottom: 0px !important;}&#8221;][vc_separator css=&#8221;.vc_custom_1697562501540{margin-top: 20px !important;margin-bottom: 20px !important;padding-top: 0px !important;padding-bottom: 0px !important;}&#8221;][vc_btn title=&#8221;(EN) Privacy Policy: Organisation of compulsory school trips&#8221; style=&#8221;classic&#8221; color=&#8221;sky&#8221; align=&#8221;left&#8221; i_icon_fontawesome=&#8221;fa fa-file-text-o&#8221; button_block=&#8221;true&#8221; add_icon=&#8221;true&#8221; link=&#8221;url:https%3A%2F%2Fwww.euroschool.lu%2Fsite%2Fwp-content%2Fuploads%2F2025%2F01%2FPrivacy-statement-Organiation-compulsory-schools-trip-EN.pdf||target:%20_blank|&#8221; css=&#8221;.vc_custom_1738143388064{margin-top: 5px !important;margin-bottom: 0px !important;border-top-width: 0px !important;border-bottom-width: 0px !important;padding-top: 0px !important;padding-bottom: 0px !important;}&#8221;][vc_btn title=&#8221;(FR) Politique de confidentialit\u00e9 : Organisation voyages obligatoires&#8221; style=&#8221;classic&#8221; color=&#8221;sky&#8221; align=&#8221;left&#8221; i_icon_fontawesome=&#8221;fa fa-file-text-o&#8221; button_block=&#8221;true&#8221; add_icon=&#8221;true&#8221; link=&#8221;url:https%3A%2F%2Fwww.euroschool.lu%2Fsite%2Fwp-content%2Fuploads%2F2025%2F01%2FDeclaration-de-confidentialite-Organisation-voyages-scolaires-obligatoires-FR.pdf||target:%20_blank|&#8221; css=&#8221;.vc_custom_1738143408206{margin-top: 5px !important;margin-bottom: 0px !important;border-top-width: 0px !important;border-bottom-width: 0px !important;padding-top: 0px !important;padding-bottom: 0px !important;}&#8221;][vc_empty_space height=&#8221;10px&#8221; css=&#8221;.vc_custom_1697562618261{margin-top: 0px !important;margin-bottom: 0px !important;padding-top: 0px !important;padding-bottom: 0px !important;}&#8221;][vc_btn title=&#8221;(EN) Privacy Policy: Organisation of non-compulsory school trips&#8221; style=&#8221;classic&#8221; color=&#8221;sky&#8221; align=&#8221;left&#8221; i_icon_fontawesome=&#8221;fa fa-file-text-o&#8221; button_block=&#8221;true&#8221; add_icon=&#8221;true&#8221; link=&#8221;url:https%3A%2F%2Fwww.euroschool.lu%2Fsite%2Fwp-content%2Fuploads%2F2025%2F01%2FPrivacy-statement-Organiation-of-non-compulsory-school-trips-EN.pdf||target:%20_blank|&#8221; css=&#8221;.vc_custom_1738142176032{margin-top: 5px !important;margin-bottom: 0px !important;border-top-width: 0px !important;border-bottom-width: 0px !important;padding-top: 0px !important;padding-bottom: 0px !important;}&#8221;][vc_btn title=&#8221;(FR) Politique de confidentialit\u00e9 : Organisation voyages non-obligatoires&#8221; style=&#8221;classic&#8221; color=&#8221;sky&#8221; align=&#8221;left&#8221; i_icon_fontawesome=&#8221;fa fa-file-text-o&#8221; button_block=&#8221;true&#8221; add_icon=&#8221;true&#8221; link=&#8221;url:https%3A%2F%2Fwww.euroschool.lu%2Fsite%2Fwp-content%2Fuploads%2F2025%2F01%2FDeclaration-de-confidentialite-Organisation-voyages-non-obligatoires-FR.pdf||target:%20_blank|&#8221; css=&#8221;.vc_custom_1738142189342{margin-top: 5px !important;margin-bottom: 0px !important;border-top-width: 0px !important;border-bottom-width: 0px !important;padding-top: 0px !important;padding-bottom: 0px !important;}&#8221;][vc_separator css=&#8221;.vc_custom_1697562501540{margin-top: 20px !important;margin-bottom: 20px !important;padding-top: 0px !important;padding-bottom: 0px !important;}&#8221;][vc_btn title=&#8221;(EN) Privacy Statement &#8211; Radio Project AudioBlog &#8211; EN Version 01-2025&#8243; style=&#8221;classic&#8221; color=&#8221;sky&#8221; align=&#8221;left&#8221; i_icon_fontawesome=&#8221;fa fa-file-text-o&#8221; button_block=&#8221;true&#8221; add_icon=&#8221;true&#8221; link=&#8221;url:https%3A%2F%2Fwww.euroschool.lu%2Fsite%2Fwp-content%2Fuploads%2F2025%2F01%2FPrivacy-Statement-Radio-Project-AudioBlog-EN-Version-01-2025.pdf||target:%20_blank|&#8221; css=&#8221;.vc_custom_1737554055149{margin-top: 5px !important;margin-bottom: 0px !important;border-top-width: 0px !important;border-bottom-width: 0px !important;padding-top: 0px !important;padding-bottom: 0px !important;}&#8221;][vc_btn title=&#8221;(FR) D\u00e9claration de confidentialit\u00e9 &#8211; Projet Radio AudioBlog- Version FR 01-2025&#8243; style=&#8221;classic&#8221; color=&#8221;sky&#8221; align=&#8221;left&#8221; i_icon_fontawesome=&#8221;fa fa-file-text-o&#8221; button_block=&#8221;true&#8221; add_icon=&#8221;true&#8221; link=&#8221;url:https%3A%2F%2Fwww.euroschool.lu%2Fsite%2Fwp-content%2Fuploads%2F2025%2F01%2FDeclaration-de-confidentialite-Projet-Radio-AudioBlog-Version-FR-01-2025.pdf||target:%20_blank|&#8221; css=&#8221;.vc_custom_1737554096882{margin-top: 5px !important;margin-bottom: 0px !important;border-top-width: 0px !important;border-bottom-width: 0px !important;padding-top: 0px !important;padding-bottom: 0px !important;}&#8221;][\/vc_column][vc_column width=&#8221;1\/2&#8243;][\/vc_column][\/vc_row][vc_row][vc_column][vc_column_text css=&#8221;.vc_custom_1708531908607{margin-top: 70px !important;margin-bottom: 0px !important;padding-top: 10px !important;padding-bottom: 10px !important;}&#8221; el_id=&#8221;data-breach&#8221;]<div class=\"mfn_heading heading_lines align_left\"><h3 class=\"title\" style=\"color:#3b3b3b;\"><span class=\"line line_l\" ><\/span>Data Breach of the 09\/01\/2024<span class=\"line line_r\" ><\/span><\/h3><\/div>\n[\/vc_column_text][vc_column_text css=&#8221;.vc_custom_1708531737814{margin-top: 0px !important;padding-top: 0px !important;}&#8221;]<a href=\"https:\/\/www.euroschool.lu\/site\/wp-content\/uploads\/2024\/02\/EN-Version-Data-breach-Document-on-external-communication-Old-Students-Old-Staff-members.pdf\" target=\"_blank\" rel=\"noopener noreferrer\">EN Version &#8211; Data breach &#8211; Document on external communication &#8211; Old Students &amp; Old Staff members<\/a><\/p>\n<p><a href=\"https:\/\/www.euroschool.lu\/site\/wp-content\/uploads\/2024\/02\/FR-Version-Data-breach-Document-de-communication-externe-Anciens-Eleves-et-Anciens-Membres-du-staff.pdf\" target=\"_blank\" rel=\"noopener noreferrer\">FR Version &#8211; Data breach &#8211; Document de communication externe &#8211; Anciens El\u00e8ves et Anciens Membres du staff<\/a>[\/vc_column_text][vc_separator style=&#8221;double&#8221; css=&#8221;.vc_custom_1625059184512{margin-top: 40px !important;border-top-width: 0px !important;padding-top: 0px !important;}&#8221;][vc_empty_space height=&#8221;20&#8243;][\/vc_column][\/vc_row]<\/p>\n<\/div>","protected":false},"excerpt":{"rendered":"<p>[vc_row full_width=&#8221;stretch_row_content_no_spaces&#8221; css=&#8221;.vc_custom_1589920007717{margin-bottom: 0px !important;}&#8221;][vc_column css=&#8221;.vc_custom_1589920029564{margin-bottom: 0px !important;}&#8221; offset=&#8221;vc_hidden-sm vc_hidden-xs&#8221;][vc_custom_heading text=&#8221;&#8221; font_container=&#8221;tag:h1|text_align:left&#8221; use_theme_fonts=&#8221;yes&#8221; el_class=&#8221;custom-header&#8221; css=&#8221;.vc_custom_1623849377493{background-image:<span class=\"excerpt-hellip\"> [\u2026]<\/span><\/p>\n","protected":false},"author":1,"featured_media":0,"parent":0,"menu_order":0,"comment_status":"closed","ping_status":"closed","template":"","meta":{"footnotes":""},"categories":[69],"class_list":["post-2835","page","type-page","status-publish","hentry","category-_page-main-de"],"_links":{"self":[{"href":"https:\/\/www.euroschool.lu\/site\/wp-json\/wp\/v2\/pages\/2835","targetHints":{"allow":["GET"]}}],"collection":[{"href":"https:\/\/www.euroschool.lu\/site\/wp-json\/wp\/v2\/pages"}],"about":[{"href":"https:\/\/www.euroschool.lu\/site\/wp-json\/wp\/v2\/types\/page"}],"author":[{"embeddable":true,"href":"https:\/\/www.euroschool.lu\/site\/wp-json\/wp\/v2\/users\/1"}],"replies":[{"embeddable":true,"href":"https:\/\/www.euroschool.lu\/site\/wp-json\/wp\/v2\/comments?post=2835"}],"version-history":[{"count":22,"href":"https:\/\/www.euroschool.lu\/site\/wp-json\/wp\/v2\/pages\/2835\/revisions"}],"predecessor-version":[{"id":18817,"href":"https:\/\/www.euroschool.lu\/site\/wp-json\/wp\/v2\/pages\/2835\/revisions\/18817"}],"wp:attachment":[{"href":"https:\/\/www.euroschool.lu\/site\/wp-json\/wp\/v2\/media?parent=2835"}],"wp:term":[{"taxonomy":"category","embeddable":true,"href":"https:\/\/www.euroschool.lu\/site\/wp-json\/wp\/v2\/categories?post=2835"}],"curies":[{"name":"wp","href":"https:\/\/api.w.org\/{rel}","templated":true}]}}