{"id":2793,"date":"2019-08-15T18:22:18","date_gmt":"2019-08-15T16:22:18","guid":{"rendered":"http:\/\/www.euroschool.lu\/site\/?page_id=2793"},"modified":"2021-06-25T08:28:48","modified_gmt":"2021-06-25T06:28:48","slug":"niveau-de-securite","status":"publish","type":"page","link":"https:\/\/www.euroschool.lu\/site\/fr\/niveau-de-securite\/","title":{"rendered":"Niveau de s\u00e9curit\u00e9"},"content":{"rendered":"<div class=\"wpb-content-wrapper\"><p>[vc_row full_width=&#8221;stretch_row_content_no_spaces&#8221; css=&#8221;.vc_custom_1589920007717{margin-bottom: 0px !important;}&#8221;][vc_column css=&#8221;.vc_custom_1589920029564{margin-bottom: 0px !important;}&#8221; offset=&#8221;vc_hidden-sm vc_hidden-xs&#8221;][vc_custom_heading text=&#8221;&#8221; font_container=&#8221;tag:h1|text_align:left&#8221; use_theme_fonts=&#8221;yes&#8221; el_class=&#8221;custom-header&#8221; css=&#8221;.vc_custom_1624602511749{background-image: url(http:\/\/www.euroschool.lu\/site\/wp-content\/uploads\/2021\/06\/security-level.jpg?id=11634) !important;background-position: center !important;background-repeat: no-repeat !important;background-size: cover !important;}&#8221;][\/vc_column][\/vc_row][vc_row full_width=&#8221;stretch_row_content_no_spaces&#8221; css=&#8221;.vc_custom_1589920007717{margin-bottom: 0px !important;}&#8221;][vc_column css=&#8221;.vc_custom_1589920591194{margin-bottom: 0px !important;}&#8221; offset=&#8221;vc_hidden-lg vc_hidden-md&#8221;][vc_custom_heading text=&#8221;&#8221; font_container=&#8221;tag:h1|text_align:left&#8221; use_theme_fonts=&#8221;yes&#8221; el_class=&#8221;custom-header-mob&#8221; css=&#8221;.vc_custom_1624602501325{background-image: url(http:\/\/www.euroschool.lu\/site\/wp-content\/uploads\/2021\/06\/security-level.jpg?id=11634) !important;background-position: center !important;background-repeat: no-repeat !important;background-size: cover !important;}&#8221;][\/vc_column][\/vc_row][vc_row el_class=&#8221;main-box&#8221; css=&#8221;.vc_custom_1624021622858{margin-bottom: 0px !important;}&#8221;][vc_column el_class=&#8221;sidebar-menu&#8221; css=&#8221;.vc_custom_1624536988926{margin-bottom: 0px !important;}&#8221;][vc_column_text el_class=&#8221;page-title&#8221; css=&#8221;.vc_custom_1624519044731{margin-bottom: 0px !important;}&#8221;]<\/p>\n<h1>Niveau de s\u00e9curit\u00e9<\/h1>\n<p>[\/vc_column_text][\/vc_column][\/vc_row][vc_row css=&#8221;.vc_custom_1624021574968{margin-top: 0px !important;margin-bottom: 0px !important;background-color: #ffffff !important;}&#8221;][vc_column css=&#8221;.vc_custom_1624021595998{margin-top: 0px !important;margin-bottom: 0px !important;padding-right: 20px !important;padding-left: 20px !important;background-color: rgba(255,255,255,0.3) !important;*background-color: rgb(255,255,255) !important;}&#8221;][vc_column_text css=&#8221;.vc_custom_1624602462113{margin-top: 0px !important;border-top-width: 2px !important;border-right-width: 2px !important;border-bottom-width: 2px !important;border-left-width: 30px !important;padding-top: 20px !important;padding-right: 20px !important;padding-bottom: 20px !important;padding-left: 20px !important;border-left-color: #ffee00 !important;border-left-style: solid !important;border-right-color: #ffee00 !important;border-right-style: solid !important;border-top-color: #ffee00 !important;border-top-style: solid !important;border-bottom-color: #ffee00 !important;border-bottom-style: solid !important;}&#8221;]<\/p>\n<div class=\"wpb_text_column wpb_content_element \">\n<div class=\"wpb_wrapper\">\n<p>L\u2019Ecole Europ\u00e9enne Luxembourg 1 a augment\u00e9 son niveau de s\u00e9curit\u00e9 au niveau jaune. Des mesures sp\u00e9ciales sont d\u2019application afin de garantir la s\u00e9curit\u00e9 des usagers.<\/p>\n<\/div>\n<\/div>\n<div class=\"wpb_text_column wpb_content_element \">\n<div class=\"wpb_wrapper\">\n<ul>\n<li>Les visites sont autoris\u00e9es uniquement sur rendez-vous.<\/li>\n<li>Lors de votre visite, nous vous demandons de vous conformer aux instructions des agents de s\u00e9curit\u00e9.<\/li>\n<li>Les agents de s\u00e9curit\u00e9 sont autoris\u00e9s \u00e0 contr\u00f4ler le contenu des sacs.<\/li>\n<li>Les visiteurs ne sont pas autoris\u00e9s \u00e0 entrer dans le site avec des colis.<\/li>\n<\/ul>\n<\/div>\n<\/div>\n<div class=\"wpb_text_column wpb_content_element \">\n<div class=\"wpb_wrapper\">\n<p>Nous vous remercions pour votre compr\u00e9hension.<\/p>\n<\/div>\n<\/div>\n<p>[\/vc_column_text][\/vc_column][\/vc_row][vc_row][vc_column][vc_empty_space height=&#8221;20&#8243;][\/vc_column][\/vc_row]<\/p>\n<\/div>","protected":false},"excerpt":{"rendered":"<p>[vc_row full_width=&#8221;stretch_row_content_no_spaces&#8221; css=&#8221;.vc_custom_1589920007717{margin-bottom: 0px !important;}&#8221;][vc_column css=&#8221;.vc_custom_1589920029564{margin-bottom: 0px !important;}&#8221; offset=&#8221;vc_hidden-sm vc_hidden-xs&#8221;][vc_custom_heading text=&#8221;&#8221; font_container=&#8221;tag:h1|text_align:left&#8221; use_theme_fonts=&#8221;yes&#8221; el_class=&#8221;custom-header&#8221; css=&#8221;.vc_custom_1624602511749{background-image:<span class=\"excerpt-hellip\"> [\u2026]<\/span><\/p>\n","protected":false},"author":1,"featured_media":0,"parent":0,"menu_order":0,"comment_status":"closed","ping_status":"closed","template":"","meta":{"footnotes":""},"categories":[67],"class_list":["post-2793","page","type-page","status-publish","hentry","category-_page-main-fr-2"],"_links":{"self":[{"href":"https:\/\/www.euroschool.lu\/site\/wp-json\/wp\/v2\/pages\/2793","targetHints":{"allow":["GET"]}}],"collection":[{"href":"https:\/\/www.euroschool.lu\/site\/wp-json\/wp\/v2\/pages"}],"about":[{"href":"https:\/\/www.euroschool.lu\/site\/wp-json\/wp\/v2\/types\/page"}],"author":[{"embeddable":true,"href":"https:\/\/www.euroschool.lu\/site\/wp-json\/wp\/v2\/users\/1"}],"replies":[{"embeddable":true,"href":"https:\/\/www.euroschool.lu\/site\/wp-json\/wp\/v2\/comments?post=2793"}],"version-history":[{"count":9,"href":"https:\/\/www.euroschool.lu\/site\/wp-json\/wp\/v2\/pages\/2793\/revisions"}],"predecessor-version":[{"id":11639,"href":"https:\/\/www.euroschool.lu\/site\/wp-json\/wp\/v2\/pages\/2793\/revisions\/11639"}],"wp:attachment":[{"href":"https:\/\/www.euroschool.lu\/site\/wp-json\/wp\/v2\/media?parent=2793"}],"wp:term":[{"taxonomy":"category","embeddable":true,"href":"https:\/\/www.euroschool.lu\/site\/wp-json\/wp\/v2\/categories?post=2793"}],"curies":[{"name":"wp","href":"https:\/\/api.w.org\/{rel}","templated":true}]}}