{"id":2782,"date":"2019-08-15T17:59:28","date_gmt":"2019-08-15T15:59:28","guid":{"rendered":"http:\/\/www.euroschool.lu\/site\/?page_id=2782"},"modified":"2021-06-25T08:36:34","modified_gmt":"2021-06-25T06:36:34","slug":"sicherheitsstufe","status":"publish","type":"page","link":"https:\/\/www.euroschool.lu\/site\/de\/sicherheitsstufe\/","title":{"rendered":"Sicherheitsstufe"},"content":{"rendered":"<div class=\"wpb-content-wrapper\"><p>[vc_row full_width=&#8221;stretch_row_content_no_spaces&#8221;][vc_column offset=&#8221;vc_hidden-sm vc_hidden-xs&#8221;][vc_custom_heading text=&#8221;&#8221; font_container=&#8221;tag:h1|text_align:left&#8221; use_theme_fonts=&#8221;yes&#8221; el_class=&#8221;custom-header&#8221; css=&#8221;.vc_custom_1624602122204{background-image: url(http:\/\/www.euroschool.lu\/site\/wp-content\/uploads\/2021\/06\/security-level.jpg?id=11634) !important;background-position: center !important;background-repeat: no-repeat !important;background-size: cover !important;}&#8221;][\/vc_column][\/vc_row][vc_row full_width=&#8221;stretch_row_content_no_spaces&#8221;][vc_column offset=&#8221;vc_hidden-lg vc_hidden-md&#8221;][vc_custom_heading text=&#8221;&#8221; font_container=&#8221;tag:h1|text_align:left&#8221; use_theme_fonts=&#8221;yes&#8221; el_class=&#8221;custom-header-mob&#8221; css=&#8221;.vc_custom_1624602136198{background-image: url(http:\/\/www.euroschool.lu\/site\/wp-content\/uploads\/2021\/06\/security-level.jpg?id=11634) !important;background-position: center !important;background-repeat: no-repeat !important;background-size: cover !important;}&#8221;][\/vc_column][\/vc_row][vc_row el_class=&#8221;main-box&#8221; css=&#8221;.vc_custom_1624021622858{margin-bottom: 0px !important;}&#8221;][vc_column el_class=&#8221;sidebar-menu&#8221; css=&#8221;.vc_custom_1624537122894{margin-bottom: 0px !important;}&#8221;][vc_column_text el_class=&#8221;page-title&#8221; css=&#8221;.vc_custom_1624519165749{margin-bottom: 0px !important;}&#8221;]<\/p>\n<h1>Sicherheitsstufe<\/h1>\n<p>[\/vc_column_text][\/vc_column][\/vc_row][vc_row css=&#8221;.vc_custom_1624021574968{margin-top: 0px !important;margin-bottom: 0px !important;background-color: #ffffff !important;}&#8221;][vc_column css=&#8221;.vc_custom_1624021595998{margin-top: 0px !important;margin-bottom: 0px !important;padding-right: 20px !important;padding-left: 20px !important;background-color: rgba(255,255,255,0.3) !important;*background-color: rgb(255,255,255) !important;}&#8221;][vc_column_text css=&#8221;.vc_custom_1624602978256{margin-top: 0px !important;border-top-width: 2px !important;border-right-width: 2px !important;border-bottom-width: 2px !important;border-left-width: 30px !important;padding-top: 20px !important;padding-right: 20px !important;padding-bottom: 20px !important;padding-left: 20px !important;border-left-color: #ffee00 !important;border-left-style: solid !important;border-right-color: #ffee00 !important;border-right-style: solid !important;border-top-color: #ffee00 !important;border-top-style: solid !important;border-bottom-color: #ffee00 !important;border-bottom-style: solid !important;}&#8221;]<\/p>\n<div class=\"wpb_text_column wpb_content_element \">\n<div class=\"wpb_wrapper\">\n<div class=\"wpb_text_column wpb_content_element \">\n<div class=\"wpb_wrapper\">\n<p>Die europ\u00e4ische Schule Luxemburg 1 hat ihre Sicherheitsstufe auf gelb erh\u00f6ht. Demzufolge werden Sonderma\u00dfnahmen angewandt, um die Sicherheit der Benutzer zu gew\u00e4hrleisten.<\/p>\n<\/div>\n<\/div>\n<div class=\"wpb_text_column wpb_content_element \">\n<div class=\"wpb_wrapper\">\n<ul>\n<li>Besuche werden ausschlie\u00dflich nach Vereinbarung genehmigt.<\/li>\n<li>W\u00e4hrend Ihres Besuchs, bitten wir Sie, sich an die Anweisungen des Sicherheitspersonals zu halten.<\/li>\n<li>Das Sicherheitspersonal hat das Recht, den Inhalt Ihrer Taschen zu pr\u00fcfen.<\/li>\n<li>Die Besucher d\u00fcrfen das Schulgel\u00e4nde nicht mit Paketen betreten.<\/li>\n<\/ul>\n<\/div>\n<\/div>\n<div class=\"wpb_text_column wpb_content_element \">\n<div class=\"wpb_wrapper\">\n<p>Wir bedanken uns f\u00fcr Ihr Verst\u00e4ndnis.<\/p>\n<\/div>\n<\/div>\n<\/div>\n<\/div>\n<p>[\/vc_column_text][\/vc_column][\/vc_row][vc_row][vc_column][vc_empty_space height=&#8221;20&#8243;][\/vc_column][\/vc_row]<\/p>\n<\/div>","protected":false},"excerpt":{"rendered":"<p>[vc_row full_width=&#8221;stretch_row_content_no_spaces&#8221;][vc_column offset=&#8221;vc_hidden-sm vc_hidden-xs&#8221;][vc_custom_heading text=&#8221;&#8221; font_container=&#8221;tag:h1|text_align:left&#8221; use_theme_fonts=&#8221;yes&#8221; el_class=&#8221;custom-header&#8221; css=&#8221;.vc_custom_1624602122204{background-image: url(http:\/\/www.euroschool.lu\/site\/wp-content\/uploads\/2021\/06\/security-level.jpg?id=11634) !important;background-position: center !important;background-repeat: no-repeat !important;background-size:<span class=\"excerpt-hellip\"> [\u2026]<\/span><\/p>\n","protected":false},"author":1,"featured_media":0,"parent":0,"menu_order":0,"comment_status":"closed","ping_status":"closed","template":"","meta":{"footnotes":""},"categories":[69],"class_list":["post-2782","page","type-page","status-publish","hentry","category-_page-main-de"],"_links":{"self":[{"href":"https:\/\/www.euroschool.lu\/site\/wp-json\/wp\/v2\/pages\/2782","targetHints":{"allow":["GET"]}}],"collection":[{"href":"https:\/\/www.euroschool.lu\/site\/wp-json\/wp\/v2\/pages"}],"about":[{"href":"https:\/\/www.euroschool.lu\/site\/wp-json\/wp\/v2\/types\/page"}],"author":[{"embeddable":true,"href":"https:\/\/www.euroschool.lu\/site\/wp-json\/wp\/v2\/users\/1"}],"replies":[{"embeddable":true,"href":"https:\/\/www.euroschool.lu\/site\/wp-json\/wp\/v2\/comments?post=2782"}],"version-history":[{"count":12,"href":"https:\/\/www.euroschool.lu\/site\/wp-json\/wp\/v2\/pages\/2782\/revisions"}],"predecessor-version":[{"id":11579,"href":"https:\/\/www.euroschool.lu\/site\/wp-json\/wp\/v2\/pages\/2782\/revisions\/11579"}],"wp:attachment":[{"href":"https:\/\/www.euroschool.lu\/site\/wp-json\/wp\/v2\/media?parent=2782"}],"wp:term":[{"taxonomy":"category","embeddable":true,"href":"https:\/\/www.euroschool.lu\/site\/wp-json\/wp\/v2\/categories?post=2782"}],"curies":[{"name":"wp","href":"https:\/\/api.w.org\/{rel}","templated":true}]}}