{"id":2623,"date":"2019-08-14T00:49:18","date_gmt":"2019-08-13T22:49:18","guid":{"rendered":"http:\/\/www.euroschool.lu\/site\/?page_id=2623"},"modified":"2021-06-16T16:24:43","modified_gmt":"2021-06-16T14:24:43","slug":"nutzungsbedingungen","status":"publish","type":"page","link":"https:\/\/www.euroschool.lu\/site\/de\/nutzungsbedingungen\/","title":{"rendered":"Nutzungsbedingungen"},"content":{"rendered":"<div class=\"wpb-content-wrapper\"><p>[vc_row full_width=&#8221;stretch_row_content_no_spaces&#8221; css=&#8221;.vc_custom_1589920007717{margin-bottom: 0px !important;}&#8221;][vc_column css=&#8221;.vc_custom_1589920029564{margin-bottom: 0px !important;}&#8221; offset=&#8221;vc_hidden-sm vc_hidden-xs&#8221;][vc_custom_heading text=&#8221;&#8221; font_container=&#8221;tag:h1|text_align:left&#8221; use_theme_fonts=&#8221;yes&#8221; el_class=&#8221;custom-header&#8221; css=&#8221;.vc_custom_1623853470824{background-image: url(http:\/\/www.euroschool.lu\/site\/wp-content\/uploads\/2021\/06\/ICT-help-desk.jpg?id=10923) !important;background-position: center !important;background-repeat: no-repeat !important;background-size: cover !important;}&#8221;][\/vc_column][\/vc_row][vc_row full_width=&#8221;stretch_row_content_no_spaces&#8221; css=&#8221;.vc_custom_1589920007717{margin-bottom: 0px !important;}&#8221;][vc_column css=&#8221;.vc_custom_1589920591194{margin-bottom: 0px !important;}&#8221; offset=&#8221;vc_hidden-lg vc_hidden-md&#8221;][vc_custom_heading text=&#8221;&#8221; font_container=&#8221;tag:h1|text_align:left&#8221; use_theme_fonts=&#8221;yes&#8221; el_class=&#8221;custom-header-mob&#8221; css=&#8221;.vc_custom_1623853481158{background-image: url(http:\/\/www.euroschool.lu\/site\/wp-content\/uploads\/2021\/06\/ICT-help-desk.jpg?id=10923) !important;background-position: center !important;background-repeat: no-repeat !important;background-size: cover !important;}&#8221;][\/vc_column][\/vc_row][vc_row equal_height=&#8221;yes&#8221; css=&#8221;.vc_custom_1569766373378{margin-top: 20px !important;margin-right: 5px !important;margin-left: 5px !important;}&#8221;][vc_column css=&#8221;.vc_custom_1566782022552{margin-top: 0px !important;margin-right: 0px !important;margin-bottom: 0px !important;margin-left: 0px !important;padding-top: 0px !important;padding-right: 0px !important;padding-bottom: 0px !important;padding-left: 0px !important;}&#8221;][vc_column_text el_class=&#8221;page-title&#8221;]<\/p>\n<h1>Nutzungsbedingungen<\/h1>\n<p>[\/vc_column_text][\/vc_column][\/vc_row][vc_row][vc_column css=&#8221;.vc_custom_1611652276115{padding-right: 20px !important;padding-left: 20px !important;}&#8221;][vc_column_text]<strong>RECHTLICHER HINWEIS<\/strong><\/p>\n<p><strong>BITTE, LESEN SIE DIE NACHSTEHENDEN BEDINGUNGEN AUFMERKSAM DURCH, BEVOR SIE DIESES WEB SITE BENUTZEN.<\/strong><\/p>\n<p><strong><em>Durch die Benutzung dieses Web site erkl\u00e4ren Sie sich mit den folgenden Benutzungsbedingungen einverstanden. Falls Sie nicht mit diesen Bedingungen einverstanden sind, sollten Sie dieses Web site unmittelbar verlassen.<\/em><\/strong>[\/vc_column_text][vc_column_text el_id=&#8221;1&#8243;]<div class=\"mfn_heading heading_lines align_left\"><h1 class=\"title\" style=\"color:#545454;\"><span class=\"line line_l\" ><\/span>Einschr\u00e4nkungen bzgl. der Verwendung des Informationsmaterials.<span class=\"line line_r\" ><\/span><\/h1><\/div>\n[\/vc_column_text][vc_column_text]Es ist strengstens untersagt, Informationsmaterial von diesem Web site ohne das vorherige schriftliche Einverst\u00e4ndnis der Europ\u00e4ischen Schule Luxemburg I (EEL1) zu kopieren, zu reproduzieren, weiter zu ver\u00f6ffentlichen, abzuspeichern, zu versenden, zu \u00fcbertragen oder in irgendeiner Weise zu verbreiten.[\/vc_column_text][vc_column_text el_id=&#8221;2&#8243;]<div class=\"mfn_heading heading_lines align_left\"><h1 class=\"title\" style=\"color:#545454;\"><span class=\"line line_l\" ><\/span>Gesetzliche Vorkehrungen<span class=\"line line_r\" ><\/span><\/h1><\/div>\n[\/vc_column_text][vc_column_text]Dieses Web site wird von der EEL1 verwaltet und betrieben. Die EEL1 haftet in keiner Weise f\u00fcr die Angemessenheit oder Verwendung dieses Informationsmaterials an anderen Standorten. Personen, die Zugriff von anderen Standorten aus auf dieses Web site erlangen, handeln auf eigene Initiative und Verantwortung entsprechend den gesetzlichen Vorkehrungen ihres jeweiligen Landes, insofern die \u00f6rtliche Gesetzgebung Anwendung findet.[\/vc_column_text][vc_column_text el_id=&#8221;3&#8243;]<div class=\"mfn_heading heading_lines align_left\"><h1 class=\"title\" style=\"color:#545454;\"><span class=\"line line_l\" ><\/span>Verzichterkl\u00e4rung<span class=\"line line_r\" ><\/span><\/h1><\/div>\n[\/vc_column_text][vc_column_text]Das Informationsmaterial dieses Web site wird &#8220;als solches&#8221; angeboten, ohne jegliche ausdr\u00fcckliche oder stillschweigende Gew\u00e4hr. Die EEL1 steht nicht daf\u00fcr ein, da\u00df die mit dem Informationsmaterial verbundenen Funktionen abbruchsicher oder fehlerfrei sind, oder da\u00df dieses Web site oder der Server frei von Viren oder sonstigen schadenbewirkenden Elementen sind. Die EEL1 bietet keinerlei Haftung oder Gew\u00e4hr hinsichtlich der Verwendung oder der R\u00fcckschl\u00fcsse infolge der Verwendung dieses Informationsmaterials, was dessen Korrektheit, Zutreffenheit, Zuverl\u00e4ssigkeit oder sonstige Aspekte betrifft.[\/vc_column_text][vc_column_text el_id=&#8221;4&#8243;]<div class=\"mfn_heading heading_lines align_left\"><h1 class=\"title\" style=\"color:#545454;\"><span class=\"line line_l\" ><\/span>Haftungsanspruch<span class=\"line line_r\" ><\/span><\/h1><\/div>\n[\/vc_column_text][vc_column_text]Die EEL1 haftet in keiner Weise f\u00fcr spezifische oder folgenbedingte Sch\u00e4den, einschl. der Fahrl\u00e4ssigkeit, die aus der Benutzung dieses Web sites hervorgehen k\u00f6nnten, oder f\u00fcr das Unverm\u00f6gen der Verwendung des Informationsmaterials dieses Web site, selbst dann nicht, wenn die EEL1 \u00fcber eventuelle nachtr\u00e4glichen Folgen informiert wurde.[\/vc_column_text][vc_column_text el_id=&#8221;5&#8243;]<div class=\"mfn_heading heading_lines align_left\"><h1 class=\"title\" style=\"color:#545454;\"><span class=\"line line_l\" ><\/span>Sonstige Bestimmungen<span class=\"line line_r\" ><\/span><\/h1><\/div>\n[\/vc_column_text][vc_column_text]Diese Vereinbarung unterliegt den Gesetzgebungen der Europ\u00e4ischen Union und ist als solche aufzufassen, ohne Umsetzung jeglicher Grunds\u00e4tze zu Gesetzeskonflikten. Falls beliebige Vorkehrungen dieser Vereinbarung gesetzeswidrig, unzul\u00e4ssig oder aus beliebigen Gr\u00fcnden undurchf\u00fchrbar sein sollten, dann ist die betreffende Vorkehrung aus dieser Vereinbarung auszuklammern, ohne jedoch die G\u00fcltigkeit und Rechtskr\u00e4ftigkeit verbleibender Vorkehrungen zu beeintr\u00e4chtigen. Im Vorliegenden handelt es sich um eine allumfassende Vereinbarung unter den Parteien in vorstehender Sache, die nur mittels einer von beiden Parteien unterzeichneten schriftlichen Erkl\u00e4rung abge\u00e4ndert werden kann.[\/vc_column_text][vc_separator style=&#8221;double&#8221;][\/vc_column][\/vc_row][vc_row][vc_column][vc_empty_space height=&#8221;20&#8243;][\/vc_column][\/vc_row]<\/p>\n<\/div>","protected":false},"excerpt":{"rendered":"<p>[vc_row full_width=&#8221;stretch_row_content_no_spaces&#8221; css=&#8221;.vc_custom_1589920007717{margin-bottom: 0px !important;}&#8221;][vc_column css=&#8221;.vc_custom_1589920029564{margin-bottom: 0px !important;}&#8221; offset=&#8221;vc_hidden-sm vc_hidden-xs&#8221;][vc_custom_heading text=&#8221;&#8221; font_container=&#8221;tag:h1|text_align:left&#8221; use_theme_fonts=&#8221;yes&#8221; el_class=&#8221;custom-header&#8221; css=&#8221;.vc_custom_1623853470824{background-image:<span class=\"excerpt-hellip\"> [\u2026]<\/span><\/p>\n","protected":false},"author":1,"featured_media":0,"parent":0,"menu_order":0,"comment_status":"closed","ping_status":"closed","template":"","meta":{"footnotes":""},"categories":[69],"class_list":["post-2623","page","type-page","status-publish","hentry","category-_page-main-de"],"_links":{"self":[{"href":"https:\/\/www.euroschool.lu\/site\/wp-json\/wp\/v2\/pages\/2623","targetHints":{"allow":["GET"]}}],"collection":[{"href":"https:\/\/www.euroschool.lu\/site\/wp-json\/wp\/v2\/pages"}],"about":[{"href":"https:\/\/www.euroschool.lu\/site\/wp-json\/wp\/v2\/types\/page"}],"author":[{"embeddable":true,"href":"https:\/\/www.euroschool.lu\/site\/wp-json\/wp\/v2\/users\/1"}],"replies":[{"embeddable":true,"href":"https:\/\/www.euroschool.lu\/site\/wp-json\/wp\/v2\/comments?post=2623"}],"version-history":[{"count":6,"href":"https:\/\/www.euroschool.lu\/site\/wp-json\/wp\/v2\/pages\/2623\/revisions"}],"predecessor-version":[{"id":11023,"href":"https:\/\/www.euroschool.lu\/site\/wp-json\/wp\/v2\/pages\/2623\/revisions\/11023"}],"wp:attachment":[{"href":"https:\/\/www.euroschool.lu\/site\/wp-json\/wp\/v2\/media?parent=2623"}],"wp:term":[{"taxonomy":"category","embeddable":true,"href":"https:\/\/www.euroschool.lu\/site\/wp-json\/wp\/v2\/categories?post=2623"}],"curies":[{"name":"wp","href":"https:\/\/api.w.org\/{rel}","templated":true}]}}