{"id":2619,"date":"2019-08-13T23:54:29","date_gmt":"2019-08-13T21:54:29","guid":{"rendered":"http:\/\/www.euroschool.lu\/site\/?page_id=2619"},"modified":"2021-06-16T16:25:26","modified_gmt":"2021-06-16T14:25:26","slug":"conditions-utilisation","status":"publish","type":"page","link":"https:\/\/www.euroschool.lu\/site\/fr\/conditions-utilisation\/","title":{"rendered":"Conditions d&#8217;utilisation"},"content":{"rendered":"<div class=\"wpb-content-wrapper\"><p>[vc_row full_width=&#8221;stretch_row_content_no_spaces&#8221; css=&#8221;.vc_custom_1589920007717{margin-bottom: 0px !important;}&#8221;][vc_column css=&#8221;.vc_custom_1589920029564{margin-bottom: 0px !important;}&#8221; offset=&#8221;vc_hidden-sm vc_hidden-xs&#8221;][vc_custom_heading text=&#8221;&#8221; font_container=&#8221;tag:h1|text_align:left&#8221; use_theme_fonts=&#8221;yes&#8221; el_class=&#8221;custom-header&#8221; css=&#8221;.vc_custom_1623853435426{background-image: url(http:\/\/www.euroschool.lu\/site\/wp-content\/uploads\/2021\/06\/ICT-help-desk.jpg?id=10923) !important;background-position: center !important;background-repeat: no-repeat !important;background-size: cover !important;}&#8221;][\/vc_column][\/vc_row][vc_row full_width=&#8221;stretch_row_content_no_spaces&#8221; css=&#8221;.vc_custom_1589920007717{margin-bottom: 0px !important;}&#8221;][vc_column css=&#8221;.vc_custom_1589920591194{margin-bottom: 0px !important;}&#8221; offset=&#8221;vc_hidden-lg vc_hidden-md&#8221;][vc_custom_heading text=&#8221;&#8221; font_container=&#8221;tag:h1|text_align:left&#8221; use_theme_fonts=&#8221;yes&#8221; el_class=&#8221;custom-header-mob&#8221; css=&#8221;.vc_custom_1623853524535{background-image: url(http:\/\/www.euroschool.lu\/site\/wp-content\/uploads\/2021\/06\/ICT-help-desk.jpg?id=10923) !important;background-position: center !important;background-repeat: no-repeat !important;background-size: cover !important;}&#8221;][\/vc_column][\/vc_row][vc_row equal_height=&#8221;yes&#8221; css=&#8221;.vc_custom_1569766373378{margin-top: 20px !important;margin-right: 5px !important;margin-left: 5px !important;}&#8221;][vc_column css=&#8221;.vc_custom_1566782022552{margin-top: 0px !important;margin-right: 0px !important;margin-bottom: 0px !important;margin-left: 0px !important;padding-top: 0px !important;padding-right: 0px !important;padding-bottom: 0px !important;padding-left: 0px !important;}&#8221;][vc_column_text el_class=&#8221;page-title&#8221;]<\/p>\n<h1>Conditions d\u2019utilisation<\/h1>\n<p>[\/vc_column_text][\/vc_column][\/vc_row][vc_row][vc_column css=&#8221;.vc_custom_1611652115852{padding-right: 20px !important;padding-left: 20px !important;}&#8221;][vc_column_text]<strong>AVIS JURIDIQUE<\/strong><\/p>\n<p><strong>VEUILLEZ LIRE CES CONDITIONS D&#8217;UTILISATION AVANT D&#8217;UTILISER CE SITE<\/strong><\/p>\n<p><strong><em>En utilisant ce site, vous indiquez que vous acceptez ces conditions d&#8217;utilisation. Si vous n&#8217;\u00eates pas d&#8217;accord avec ces conditions, vous \u00eates invit\u00e9 \u00e0 ne pas utiliser le site.<\/em><\/strong>[\/vc_column_text][vc_column_text el_id=&#8221;1&#8243;]<div class=\"mfn_heading heading_lines align_left\"><h1 class=\"title\" style=\"color:#545454;\"><span class=\"line line_l\" ><\/span>Restrictions relatives \u00e0 l&#8217;utilisation de mat\u00e9riel<span class=\"line line_r\" ><\/span><\/h1><\/div>\n[\/vc_column_text][vc_column_text]Aucun mat\u00e9riel du site ne peut \u00eatre copi\u00e9, reproduit, republi\u00e9, charg\u00e9, post\u00e9, transmis, ou distribu\u00e9 d&#8217;une quelconque mani\u00e8re, sans permission pr\u00e9alable de l\u2019Ecole Europ\u00e9enne Luxembourg I (E.E.L.1).[\/vc_column_text][vc_column_text el_id=&#8221;2&#8243;]<div class=\"mfn_heading heading_lines align_left\"><h1 class=\"title\" style=\"color:#545454;\"><span class=\"line line_l\" ><\/span>Questions juridiques<span class=\"line line_r\" ><\/span><\/h1><\/div>\n[\/vc_column_text][vc_column_text]Ce site est contr\u00f4l\u00e9 et mis en fonction \u00e0 partir des bureaux de l\u2019E.E.L.1 \u00e0 Luxembourg, Luxembourg. L\u2019E.E.L.1 n&#8217;affirme aucunement que le mat\u00e9riel du site est appropri\u00e9 ou disponible pour utilisation sur d&#8217;autres postes. Les personnes choisissant d&#8217;acc\u00e9der \u00e0 ce site \u00e0 partir d&#8217;autres postes le font de leur propre initiative et sont responsables du respect des lois locales, si ces lois sont d&#8217;application et dans la mesure o\u00f9 elles le sont.[\/vc_column_text][vc_column_text el_id=&#8221;3&#8243;]<div class=\"mfn_heading heading_lines align_left\"><h1 class=\"title\" style=\"color:#545454;\"><span class=\"line line_l\" ><\/span>D\u00e9n\u00e9gation de responsabilit\u00e9<span class=\"line line_r\" ><\/span><\/h1><\/div>\n[\/vc_column_text][vc_column_text]Le mat\u00e9riel pr\u00e9sent sur ce site est fourni &#8220;tel quel&#8221; et sans garantie d&#8217;aucune sorte, ni exprim\u00e9e ni sous-entendue. L\u2019E.E.L.1 ne garantit pas que les fonctions contenues dans le mat\u00e9riel seront ininterrompues ou sans erreur, ni que ce site ou le serveur sur lequel on le trouve sont d\u00e9pourvus de virus ou autre composants nuisibles. L\u2019E.E.L.1 ne garantit pas que l&#8217;utilisation ou les r\u00e9sultats de l&#8217;utilisation de mat\u00e9riel de ce site seront corrects, pr\u00e9cis, fiables ou autres.[\/vc_column_text][vc_column_text el_id=&#8221;4&#8243;]<div class=\"mfn_heading heading_lines align_left\"><h1 class=\"title\" style=\"color:#545454;\"><span class=\"line line_l\" ><\/span>Limite de la responsabilit\u00e9<span class=\"line line_r\" ><\/span><\/h1><\/div>\n[\/vc_column_text][vc_column_text]En aucun cas, y compris la n\u00e9gligence &#8211; et pas seulement cette derni\u00e8re &#8211; L\u2019E.E.L.1 ne pourra \u00eatre tenu pour responsable de dommages particuliers ou ult\u00e9rieurs \u00e0 l&#8217;utilisation ou \u00e0 l&#8217;incapacit\u00e9 d&#8217;utiliser le mat\u00e9riel de ce site, m\u00eame si L\u2019E.E.L.1 a \u00e9t\u00e9 averti de l&#8217;\u00e9ventualit\u00e9 de tels dommages.[\/vc_column_text][vc_column_text el_id=&#8221;5&#8243;]<div class=\"mfn_heading heading_lines align_left\"><h1 class=\"title\" style=\"color:#545454;\"><span class=\"line line_l\" ><\/span>Autres<span class=\"line line_r\" ><\/span><\/h1><\/div>\n[\/vc_column_text][vc_column_text]Cet accord sera r\u00e9gi et interpr\u00e9t\u00e9 conform\u00e9ment aux lois de l&#8217;Union Europ\u00e9enne, sans donner lieu \u00e0 des r\u00e8glements ou \u00e0 des conflits juridiques. Si une disposition de cet accord s&#8217;av\u00e8re contraire \u00e0 la loi, nulle ou, pour quelque raison que ce soit, inapplicable, alors cette disposition sera consid\u00e9r\u00e9e comme distincte de cet accord et n&#8217;affectera pas la validit\u00e9 ni la mise en vigueur des autres dispositions. Ceci constitue l&#8217;enti\u00e8ret\u00e9 de l&#8217;accord entre les parties relatif au sujet, et ne sera pas modifi\u00e9, sauf par \u00e9crit avec accord sign\u00e9 des deux parties.[\/vc_column_text][vc_separator style=&#8221;double&#8221;][\/vc_column][\/vc_row][vc_row][vc_column][vc_empty_space height=&#8221;20&#8243;][\/vc_column][\/vc_row]<\/p>\n<\/div>","protected":false},"excerpt":{"rendered":"<p>[vc_row full_width=&#8221;stretch_row_content_no_spaces&#8221; css=&#8221;.vc_custom_1589920007717{margin-bottom: 0px !important;}&#8221;][vc_column css=&#8221;.vc_custom_1589920029564{margin-bottom: 0px !important;}&#8221; offset=&#8221;vc_hidden-sm vc_hidden-xs&#8221;][vc_custom_heading text=&#8221;&#8221; font_container=&#8221;tag:h1|text_align:left&#8221; use_theme_fonts=&#8221;yes&#8221; el_class=&#8221;custom-header&#8221; css=&#8221;.vc_custom_1623853435426{background-image:<span class=\"excerpt-hellip\"> [\u2026]<\/span><\/p>\n","protected":false},"author":1,"featured_media":0,"parent":0,"menu_order":0,"comment_status":"closed","ping_status":"closed","template":"","meta":{"footnotes":""},"categories":[67],"class_list":["post-2619","page","type-page","status-publish","hentry","category-_page-main-fr-2"],"_links":{"self":[{"href":"https:\/\/www.euroschool.lu\/site\/wp-json\/wp\/v2\/pages\/2619","targetHints":{"allow":["GET"]}}],"collection":[{"href":"https:\/\/www.euroschool.lu\/site\/wp-json\/wp\/v2\/pages"}],"about":[{"href":"https:\/\/www.euroschool.lu\/site\/wp-json\/wp\/v2\/types\/page"}],"author":[{"embeddable":true,"href":"https:\/\/www.euroschool.lu\/site\/wp-json\/wp\/v2\/users\/1"}],"replies":[{"embeddable":true,"href":"https:\/\/www.euroschool.lu\/site\/wp-json\/wp\/v2\/comments?post=2619"}],"version-history":[{"count":9,"href":"https:\/\/www.euroschool.lu\/site\/wp-json\/wp\/v2\/pages\/2619\/revisions"}],"predecessor-version":[{"id":11024,"href":"https:\/\/www.euroschool.lu\/site\/wp-json\/wp\/v2\/pages\/2619\/revisions\/11024"}],"wp:attachment":[{"href":"https:\/\/www.euroschool.lu\/site\/wp-json\/wp\/v2\/media?parent=2619"}],"wp:term":[{"taxonomy":"category","embeddable":true,"href":"https:\/\/www.euroschool.lu\/site\/wp-json\/wp\/v2\/categories?post=2619"}],"curies":[{"name":"wp","href":"https:\/\/api.w.org\/{rel}","templated":true}]}}