{"id":20345,"date":"2025-12-15T15:49:10","date_gmt":"2025-12-15T14:49:10","guid":{"rendered":"https:\/\/www.euroschool.lu\/site\/?page_id=20345"},"modified":"2025-12-15T16:37:32","modified_gmt":"2025-12-15T15:37:32","slug":"faq-recrutement-problemes-techniques","status":"publish","type":"page","link":"https:\/\/www.euroschool.lu\/site\/fr\/faq-recrutement-problemes-techniques\/","title":{"rendered":"FAQ Recrutement &#8211; probl\u00e8mes techniques"},"content":{"rendered":"<div class=\"wpb-content-wrapper\"><p>[vc_row full_width=&#8221;stretch_row_content_no_spaces&#8221;][vc_column offset=&#8221;vc_hidden-sm vc_hidden-xs&#8221;][vc_custom_heading text=&#8221;&#8221; font_container=&#8221;tag:h1|text_align:left&#8221; use_theme_fonts=&#8221;yes&#8221; el_class=&#8221;custom-header&#8221; css=&#8221;.vc_custom_1623838755342{background-image: url(http:\/\/www.euroschool.lu\/site\/wp-content\/uploads\/2021\/06\/Slider_Procurement3.jpeg?id=10882) !important;background-position: center !important;background-repeat: no-repeat !important;background-size: cover !important;}&#8221;][\/vc_column][\/vc_row][vc_row full_width=&#8221;stretch_row_content_no_spaces&#8221;][vc_column offset=&#8221;vc_hidden-lg vc_hidden-md&#8221;][vc_custom_heading text=&#8221;&#8221; font_container=&#8221;tag:h1|text_align:left&#8221; use_theme_fonts=&#8221;yes&#8221; el_class=&#8221;custom-header-mob&#8221; css=&#8221;.vc_custom_1623838981763{background-image: url(http:\/\/www.euroschool.lu\/site\/wp-content\/uploads\/2021\/06\/Slider_Procurement3.jpeg?id=10882) !important;background-position: center !important;background-repeat: no-repeat !important;background-size: cover !important;}&#8221;][\/vc_column][\/vc_row][vc_row equal_height=&#8221;yes&#8221; css=&#8221;.vc_custom_1569766373378{margin-top: 20px !important;margin-right: 5px !important;margin-left: 5px !important;}&#8221;][vc_column css=&#8221;.vc_custom_1566782022552{margin-top: 0px !important;margin-right: 0px !important;margin-bottom: 0px !important;margin-left: 0px !important;padding-top: 0px !important;padding-right: 0px !important;padding-bottom: 0px !important;padding-left: 0px !important;}&#8221;][vc_column_text el_class=&#8221;page-title&#8221;]<\/p>\n<h1>FAQ Recrutement &#8211; probl\u00e8mes techniques<\/h1>\n<p>[\/vc_column_text][\/vc_column][\/vc_row][vc_row equal_height=&#8221;yes&#8221; css=&#8221;.vc_custom_1611570417792{margin-top: 20px !important;margin-right: 10px !important;margin-left: 10px !important;}&#8221; el_id=&#8221;1&#8243;][vc_column css=&#8221;.vc_custom_1611570366620{margin-top: 0px !important;margin-right: 10px !important;margin-bottom: 50px !important;margin-left: 0px !important;padding-top: 0px !important;padding-right: 0px !important;padding-bottom: 0px !important;padding-left: 10px !important;}&#8221;][vc_column_text]<strong>FAQ : \u00c9tapes de d\u00e9pannage pour l&#8217;acc\u00e8s au portail de recrutement<\/strong><\/p>\n<ul>\n<li>Essayez un autre navigateur :\n<ul>\n<li>Acc\u00e9dez \u00e0 la page web en utilisant un autre navigateur pour voir si le probl\u00e8me persiste.<\/li>\n<\/ul>\n<\/li>\n<li>Si le probl\u00e8me persiste, effacez les cookies de votre navigateur :\n<ul>\n<li>Ouvrez les param\u00e8tres de votre navigateur.<\/li>\n<li>Rep\u00e9rez l&#8217;option permettant d&#8217;effacer les cookies et les donn\u00e9es du site.<\/li>\n<li>Effacez les cookies et rechargez la page.<\/li>\n<\/ul>\n<\/li>\n<li>V\u00e9rifiez la date et l&#8217;heure de votre syst\u00e8me :\n<ul>\n<li>Assurez-vous que la date et l&#8217;heure de votre ordinateur sont correctes.<\/li>\n<li>Des param\u00e8tres incorrects peuvent interf\u00e9rer avec les cookies de s\u00e9curit\u00e9.<\/li>\n<\/ul>\n<\/li>\n<li>D\u00e9sactivez les extensions du navigateur :\n<ul>\n<li>Certaines extensions peuvent interf\u00e9rer avec les cookies.<\/li>\n<li>D\u00e9sactivez-les temporairement et essayez de recharger la page.<\/li>\n<\/ul>\n<\/li>\n<li>Videz le cache de votre navigateur :\n<ul>\n<li>Allez dans les param\u00e8tres de votre navigateur.<\/li>\n<li>Trouvez l&#8217;option permettant de vider le cache.<\/li>\n<li>Videz le cache et rechargez la page.<\/li>\n<\/ul>\n<\/li>\n<\/ul>\n<p>[\/vc_column_text][vc_separator style=&#8221;double&#8221;][\/vc_column][\/vc_row][vc_row][vc_column][vc_empty_space height=&#8221;20&#8243;][\/vc_column][\/vc_row]<\/p>\n<\/div>","protected":false},"excerpt":{"rendered":"<p>[vc_row full_width=&#8221;stretch_row_content_no_spaces&#8221;][vc_column offset=&#8221;vc_hidden-sm vc_hidden-xs&#8221;][vc_custom_heading text=&#8221;&#8221; font_container=&#8221;tag:h1|text_align:left&#8221; use_theme_fonts=&#8221;yes&#8221; el_class=&#8221;custom-header&#8221; css=&#8221;.vc_custom_1623838755342{background-image: url(http:\/\/www.euroschool.lu\/site\/wp-content\/uploads\/2021\/06\/Slider_Procurement3.jpeg?id=10882) !important;background-position: center !important;background-repeat: no-repeat !important;background-size:<span class=\"excerpt-hellip\"> [\u2026]<\/span><\/p>\n","protected":false},"author":1,"featured_media":0,"parent":0,"menu_order":0,"comment_status":"closed","ping_status":"closed","template":"","meta":{"footnotes":""},"categories":[],"class_list":["post-20345","page","type-page","status-publish","hentry"],"_links":{"self":[{"href":"https:\/\/www.euroschool.lu\/site\/wp-json\/wp\/v2\/pages\/20345","targetHints":{"allow":["GET"]}}],"collection":[{"href":"https:\/\/www.euroschool.lu\/site\/wp-json\/wp\/v2\/pages"}],"about":[{"href":"https:\/\/www.euroschool.lu\/site\/wp-json\/wp\/v2\/types\/page"}],"author":[{"embeddable":true,"href":"https:\/\/www.euroschool.lu\/site\/wp-json\/wp\/v2\/users\/1"}],"replies":[{"embeddable":true,"href":"https:\/\/www.euroschool.lu\/site\/wp-json\/wp\/v2\/comments?post=20345"}],"version-history":[{"count":4,"href":"https:\/\/www.euroschool.lu\/site\/wp-json\/wp\/v2\/pages\/20345\/revisions"}],"predecessor-version":[{"id":20354,"href":"https:\/\/www.euroschool.lu\/site\/wp-json\/wp\/v2\/pages\/20345\/revisions\/20354"}],"wp:attachment":[{"href":"https:\/\/www.euroschool.lu\/site\/wp-json\/wp\/v2\/media?parent=20345"}],"wp:term":[{"taxonomy":"category","embeddable":true,"href":"https:\/\/www.euroschool.lu\/site\/wp-json\/wp\/v2\/categories?post=20345"}],"curies":[{"name":"wp","href":"https:\/\/api.w.org\/{rel}","templated":true}]}}