{"id":20011,"date":"2025-10-19T18:46:22","date_gmt":"2025-10-19T16:46:22","guid":{"rendered":"https:\/\/www.euroschool.lu\/site\/?page_id=20011"},"modified":"2025-10-19T18:49:01","modified_gmt":"2025-10-19T16:49:01","slug":"kindergarten-und-grundschule-foerderteam","status":"publish","type":"page","link":"https:\/\/www.euroschool.lu\/site\/de\/kindergarten-und-grundschule-foerderteam\/","title":{"rendered":"Kindergarten und Grundschule : F\u00f6rderteam"},"content":{"rendered":"<div class=\"wpb-content-wrapper\"><p>[vc_row full_width=&#8221;stretch_row_content_no_spaces&#8221; css=&#8221;.vc_custom_1589920007717{margin-bottom: 0px !important;}&#8221;][vc_column css=&#8221;.vc_custom_1589920029564{margin-bottom: 0px !important;}&#8221; offset=&#8221;vc_hidden-sm vc_hidden-xs&#8221;][vc_custom_heading text=&#8221;&#8221; font_container=&#8221;tag:h1|text_align:left&#8221; use_theme_fonts=&#8221;yes&#8221; el_class=&#8221;custom-header&#8221; css=&#8221;.vc_custom_1623915091994{background-image: url(http:\/\/www.euroschool.lu\/site\/wp-content\/uploads\/2021\/06\/secretariat2.jpg?id=11084) !important;background-position: center !important;background-repeat: no-repeat !important;background-size: cover !important;}&#8221;][\/vc_column][\/vc_row][vc_row full_width=&#8221;stretch_row_content_no_spaces&#8221; css=&#8221;.vc_custom_1589920007717{margin-bottom: 0px !important;}&#8221;][vc_column css=&#8221;.vc_custom_1589920591194{margin-bottom: 0px !important;}&#8221; offset=&#8221;vc_hidden-lg vc_hidden-md&#8221;][vc_custom_heading text=&#8221;&#8221; font_container=&#8221;tag:h1|text_align:left&#8221; use_theme_fonts=&#8221;yes&#8221; el_class=&#8221;custom-header-mob&#8221; css=&#8221;.vc_custom_1623915108065{background-image: url(http:\/\/www.euroschool.lu\/site\/wp-content\/uploads\/2021\/06\/secretariat2.jpg?id=11084) !important;background-position: center !important;background-repeat: no-repeat !important;background-size: cover !important;}&#8221;][\/vc_column][\/vc_row][vc_row el_class=&#8221;main-box&#8221;][vc_column width=&#8221;1\/5&#8243; offset=&#8221;vc_hidden-md vc_hidden-sm vc_hidden-xs&#8221; el_class=&#8221;sidebar-menu&#8221;][vc_widget_sidebar sidebar_id=&#8221;sidebar-sidebar-menu-nurpri-de&#8221; el_class=&#8221;sidebar-menu-nurpri&#8221;][\/vc_column][vc_column width=&#8221;4\/5&#8243; el_class=&#8221;main-column&#8221;][vc_column_text el_class=&#8221;page-title&#8221;]<\/p>\n<h1>Kindergarten und Grundschule : F\u00f6rderteam<\/h1>\n<p>[\/vc_column_text][vc_empty_space height=&#8221;20&#8243;][vc_column_text css=&#8221;.vc_custom_1760892379958{padding-top: 10px !important;padding-left: 50px !important;}&#8221;]<div class=\"team team_vertical\"><div class=\"image_frame photo no_link scale-with-grid\"><div class=\"image_wrapper\"><img loading=\"lazy\" decoding=\"async\" class=\"scale-with-grid\" src=\"http:\/\/www.euroschool.lu\/site\/wp-content\/uploads\/2020\/06\/FD.jpg\" alt=\"FD\" width=\"105\" height=\"147\"\/><\/div><\/div><div class=\"desc_wrapper clearfix\"><h4 class=\"desc_wrappper_title \">Frau Florence Delenclos<\/h4><p class=\"subtitle\">Hauptkoordinatorin der F\u00f6rderabteilung<\/p><hr class=\"hr_color\" \/><div class=\"desc\">Gesamtkoordination der Abteilung und \u00dcberwachung der Umsetzung der p\u00e4dagogischen Ziele aller F\u00f6rderstufen (allgemein, moderat, intensiv)<\/div><\/div><\/div>\n<p>&nbsp;<\/p>\n<div class=\"team team_vertical\"><div class=\"image_frame photo no_link scale-with-grid\"><div class=\"image_wrapper\"><img loading=\"lazy\" decoding=\"async\" class=\"scale-with-grid\" src=\"https:\/\/www.euroschool.lu\/site\/wp-content\/uploads\/2025\/10\/NurPri-Annalisa.jpg\" alt=\"NurPri-Annalisa\" width=\"136\" height=\"160\"\/><\/div><\/div><div class=\"desc_wrapper clearfix\"><h4 class=\"desc_wrappper_title \">Frau Annalisa Destefanis<\/h4><p class=\"subtitle\">F\u00f6rderkoordinatorin<\/p><hr class=\"hr_color\" \/><div class=\"desc\">Organisation der SAG (Special Advisory Group &#8211; Sonderberatungsgruppe) zur Analyse der Bedarfe und Sicherstellung ordnungsgem\u00e4\u00dfer Zuweisung, Organisation und Nachverfolgung<\/div><\/div><\/div>\n\n<p>&nbsp;<\/p>\n<div class=\"team team_vertical\"><div class=\"image_frame photo no_link scale-with-grid\"><div class=\"image_wrapper\"><img loading=\"lazy\" decoding=\"async\" class=\"scale-with-grid\" src=\"https:\/\/www.euroschool.lu\/site\/wp-content\/uploads\/2025\/10\/NurPri-Adriana.jpg\" alt=\"NurPri-Adriana\" width=\"115\" height=\"166\"\/><\/div><\/div><div class=\"desc_wrapper clearfix\"><h4 class=\"desc_wrappper_title \">Frau Adriana Pastrana<\/h4><p class=\"subtitle\">F\u00f6rderung \u00dcbergang Grundschule-Sekundarschule<\/p><hr class=\"hr_color\" \/><div class=\"desc\"><\/div><\/div><\/div>\n\n<p>&nbsp;<\/p>\n<div class=\"team team_vertical\"><div class=\"image_frame photo no_link scale-with-grid\"><div class=\"image_wrapper\"><img loading=\"lazy\" decoding=\"async\" class=\"scale-with-grid\" src=\"https:\/\/www.euroschool.lu\/site\/wp-content\/uploads\/2025\/10\/NurPri-Miranda.jpg\" alt=\"NurPri-Miranda\" width=\"138\" height=\"160\"\/><\/div><\/div><div class=\"desc_wrapper clearfix\"><h4 class=\"desc_wrappper_title \">Frau Miranda Mestdagh<\/h4><p class=\"subtitle\">Assistentin F\u00f6rderkoordination<\/p><hr class=\"hr_color\" \/><div class=\"desc\"><\/div><\/div><\/div>\n[\/vc_column_text][\/vc_column][\/vc_row][vc_row][vc_column][vc_empty_space height=&#8221;20&#8243;][\/vc_column][\/vc_row]<\/p>\n<\/div>","protected":false},"excerpt":{"rendered":"<p>[vc_row full_width=&#8221;stretch_row_content_no_spaces&#8221; css=&#8221;.vc_custom_1589920007717{margin-bottom: 0px !important;}&#8221;][vc_column css=&#8221;.vc_custom_1589920029564{margin-bottom: 0px !important;}&#8221; offset=&#8221;vc_hidden-sm vc_hidden-xs&#8221;][vc_custom_heading text=&#8221;&#8221; font_container=&#8221;tag:h1|text_align:left&#8221; use_theme_fonts=&#8221;yes&#8221; el_class=&#8221;custom-header&#8221; css=&#8221;.vc_custom_1623915091994{background-image:<span class=\"excerpt-hellip\"> [\u2026]<\/span><\/p>\n","protected":false},"author":1,"featured_media":0,"parent":0,"menu_order":0,"comment_status":"closed","ping_status":"closed","template":"","meta":{"footnotes":""},"categories":[65],"class_list":["post-20011","page","type-page","status-publish","hentry","category-_page-nurpri-de"],"_links":{"self":[{"href":"https:\/\/www.euroschool.lu\/site\/wp-json\/wp\/v2\/pages\/20011","targetHints":{"allow":["GET"]}}],"collection":[{"href":"https:\/\/www.euroschool.lu\/site\/wp-json\/wp\/v2\/pages"}],"about":[{"href":"https:\/\/www.euroschool.lu\/site\/wp-json\/wp\/v2\/types\/page"}],"author":[{"embeddable":true,"href":"https:\/\/www.euroschool.lu\/site\/wp-json\/wp\/v2\/users\/1"}],"replies":[{"embeddable":true,"href":"https:\/\/www.euroschool.lu\/site\/wp-json\/wp\/v2\/comments?post=20011"}],"version-history":[{"count":1,"href":"https:\/\/www.euroschool.lu\/site\/wp-json\/wp\/v2\/pages\/20011\/revisions"}],"predecessor-version":[{"id":20012,"href":"https:\/\/www.euroschool.lu\/site\/wp-json\/wp\/v2\/pages\/20011\/revisions\/20012"}],"wp:attachment":[{"href":"https:\/\/www.euroschool.lu\/site\/wp-json\/wp\/v2\/media?parent=20011"}],"wp:term":[{"taxonomy":"category","embeddable":true,"href":"https:\/\/www.euroschool.lu\/site\/wp-json\/wp\/v2\/categories?post=20011"}],"curies":[{"name":"wp","href":"https:\/\/api.w.org\/{rel}","templated":true}]}}