{"id":18980,"date":"2025-02-13T14:47:55","date_gmt":"2025-02-13T13:47:55","guid":{"rendered":"https:\/\/www.euroschool.lu\/site\/?page_id=18980"},"modified":"2025-03-14T13:47:56","modified_gmt":"2025-03-14T12:47:56","slug":"secondary-caap","status":"publish","type":"page","link":"https:\/\/www.euroschool.lu\/site\/secondary-caap\/","title":{"rendered":"Secondary : Citizenship Action for All Programme"},"content":{"rendered":"<div class=\"wpb-content-wrapper\"><p>[vc_row full_width=&#8221;stretch_row_content_no_spaces&#8221; css=&#8221;.vc_custom_1611767278898{margin-bottom: 0px !important;}&#8221;][vc_column css=&#8221;.vc_custom_1589920029564{margin-bottom: 0px !important;}&#8221; offset=&#8221;vc_hidden-sm vc_hidden-xs&#8221;][vc_custom_heading text=&#8221;&#8221; font_container=&#8221;tag:h1|text_align:left&#8221; use_theme_fonts=&#8221;yes&#8221; el_class=&#8221;custom-header&#8221; css=&#8221;.vc_custom_1633074138935{background-image: url(http:\/\/www.euroschool.lu\/site\/wp-content\/uploads\/2021\/06\/coordinateur.jpg?id=11603) !important;background-position: center !important;background-repeat: no-repeat !important;background-size: cover !important;}&#8221;][\/vc_column][\/vc_row][vc_row full_width=&#8221;stretch_row_content_no_spaces&#8221; css=&#8221;.vc_custom_1611767283046{margin-bottom: 0px !important;}&#8221;][vc_column css=&#8221;.vc_custom_1589920591194{margin-bottom: 0px !important;}&#8221; offset=&#8221;vc_hidden-lg vc_hidden-md&#8221;][vc_custom_heading text=&#8221;&#8221; font_container=&#8221;tag:h1|text_align:left&#8221; use_theme_fonts=&#8221;yes&#8221; el_class=&#8221;custom-header-mob&#8221; css=&#8221;.vc_custom_1633337822113{background-image: url(http:\/\/www.euroschool.lu\/site\/wp-content\/uploads\/2021\/06\/coordinateur.jpg?id=11603) !important;background-position: center !important;background-repeat: no-repeat !important;background-size: cover !important;}&#8221;][\/vc_column][\/vc_row][vc_row el_class=&#8221;main-box&#8221;][vc_column width=&#8221;1\/5&#8243; offset=&#8221;vc_hidden-md vc_hidden-sm vc_hidden-xs&#8221; el_class=&#8221;sidebar-menu&#8221;][vc_widget_sidebar sidebar_id=&#8221;sidebar-sidebar-menu-sec-en&#8221; el_class=&#8221;sidebar-menu-sec&#8221;][\/vc_column][vc_column width=&#8221;4\/5&#8243; el_class=&#8221;main-column&#8221;][vc_column_text el_class=&#8221;page-title&#8221;]<\/p>\n<h1>Secondary : Citizenship Action for All Programme 2024-2025<\/h1>\n<p>[\/vc_column_text][vc_row_inner][vc_column_inner width=&#8221;1\/2&#8243;][\/vc_column_inner][vc_column_inner width=&#8221;1\/2&#8243;][vc_btn title=&#8221;Contact the CAAP programme coordinator&#8221; style=&#8221;classic&#8221; color=&#8221;sky&#8221; align=&#8221;right&#8221; i_type=&#8221;linecons&#8221; i_icon_linecons=&#8221;vc_li vc_li-mail&#8221; add_icon=&#8221;true&#8221; link=&#8221;url:mailto%3ALIST-LUX-CAAP%40eursc.eu|||&#8221;][vc_separator][\/vc_column_inner][\/vc_row_inner][vc_column_text]This year, a major educational initiative is being introduced in the European Schools system. A new framework, outlined in document <em>2024-01-D-33-en-2<\/em> titled <strong>Framework for Work Experience (WEX) and Citizenship Action for All Programme (CAAP)<\/strong>, requires all European School students to complete at least one of the two programmes\u2014CAAP or WEX\u2014by the end of S6.<\/p>\n<p>While completing one of these programmes is mandatory, we strongly encourage students and their families to consider participating in both. These initiatives aim to develop students&#8217; social and professional skills, preparing them for the challenges of active citizenship and the professional world.<\/p>\n<p>Here you will find the necessary documents regarding the CAAP programme.[\/vc_column_text][vc_row_inner][vc_column_inner][vc_btn title=&#8221;Information to the parents and students S5 and S6 &#8211; CAAP 2025 EN&#8221; style=&#8221;classic&#8221; color=&#8221;sky&#8221; align=&#8221;left&#8221; i_icon_fontawesome=&#8221;fa fa-file-text-o&#8221; button_block=&#8221;true&#8221; add_icon=&#8221;true&#8221; css=&#8221;.vc_custom_1739454859510{margin-top: 0px !important;margin-right: 0px !important;margin-bottom: 5px !important;margin-left: 0px !important;padding-top: 0px !important;padding-right: 0px !important;padding-bottom: 0px !important;padding-left: 0px !important;}&#8221; link=&#8221;url:https%3A%2F%2Fwww.euroschool.lu%2Fsite%2Fwp-content%2Fuploads%2F2025%2F02%2FCAAP-Information-to-the-parents-and-students-S5-and-S6-CAAP-2025-EN.pdf||target:%20_blank|&#8221;][vc_separator css=&#8221;.vc_custom_1739455992324{margin-top: 10px !important;margin-bottom: 10px !important;}&#8221;][vc_btn title=&#8221;El\u00e9ments sur la couverture d&#8217;assurance&#8221; style=&#8221;classic&#8221; color=&#8221;sky&#8221; align=&#8221;left&#8221; i_icon_fontawesome=&#8221;fa fa-file-text-o&#8221; button_block=&#8221;true&#8221; add_icon=&#8221;true&#8221; css=&#8221;.vc_custom_1739454282237{margin-top: 0px !important;margin-right: 0px !important;margin-bottom: 5px !important;margin-left: 0px !important;padding-top: 0px !important;padding-right: 0px !important;padding-bottom: 0px !important;padding-left: 0px !important;}&#8221; link=&#8221;url:https%3A%2F%2Fwww.euroschool.lu%2Fsite%2Fwp-content%2Fuploads%2F2025%2F02%2FCAAP-Annexe-Elements-sur-la-couverture-dassurance.pdf||target:%20_blank|&#8221;][vc_separator css=&#8221;.vc_custom_1739455992324{margin-top: 10px !important;margin-bottom: 10px !important;}&#8221;][vc_btn title=&#8221;D\u00e9claration de confidentialit\u00e9 &#8211; CAAP WEX FR&#8221; style=&#8221;classic&#8221; color=&#8221;sky&#8221; align=&#8221;left&#8221; i_icon_fontawesome=&#8221;fa fa-file-text-o&#8221; button_block=&#8221;true&#8221; add_icon=&#8221;true&#8221; css=&#8221;.vc_custom_1739454430736{margin-top: 0px !important;margin-right: 0px !important;margin-bottom: 5px !important;margin-left: 0px !important;padding-top: 0px !important;padding-right: 0px !important;padding-bottom: 0px !important;padding-left: 0px !important;}&#8221; link=&#8221;url:https%3A%2F%2Fwww.euroschool.lu%2Fsite%2Fwp-content%2Fuploads%2F2025%2F02%2FCAAP-Declaration-de-confidentialite-WEX-CAAP-FR.pdf||target:%20_blank|&#8221;][vc_btn title=&#8221;Privacy Statement &#8211; CAAP WEX &#8211; EN&#8221; style=&#8221;classic&#8221; color=&#8221;sky&#8221; align=&#8221;left&#8221; i_icon_fontawesome=&#8221;fa fa-file-text-o&#8221; button_block=&#8221;true&#8221; add_icon=&#8221;true&#8221; css=&#8221;.vc_custom_1739454420075{margin-top: 0px !important;margin-right: 0px !important;margin-bottom: 5px !important;margin-left: 0px !important;padding-top: 0px !important;padding-right: 0px !important;padding-bottom: 0px !important;padding-left: 0px !important;}&#8221; link=&#8221;url:https%3A%2F%2Fwww.euroschool.lu%2Fsite%2Fwp-content%2Fuploads%2F2025%2F02%2FCAAP-Privacy-Statement-WEX-CAAP-EN.pdf||target:%20_blank|&#8221;][vc_separator css=&#8221;.vc_custom_1739455992324{margin-top: 10px !important;margin-bottom: 10px !important;}&#8221;][vc_btn title=&#8221;Convention CAAP &#8211; Adapt\u00e9 droit luxembourgeois &#8211; Activit\u00e9s au Grand-Duch\u00e9 de Luxembourg FR&#8221; style=&#8221;classic&#8221; color=&#8221;sky&#8221; align=&#8221;left&#8221; i_icon_fontawesome=&#8221;fa fa-file-text-o&#8221; button_block=&#8221;true&#8221; add_icon=&#8221;true&#8221; css=&#8221;.vc_custom_1741956471577{margin-top: 0px !important;margin-right: 0px !important;margin-bottom: 5px !important;margin-left: 0px !important;padding-top: 0px !important;padding-right: 0px !important;padding-bottom: 0px !important;padding-left: 0px !important;}&#8221; link=&#8221;url:https%3A%2F%2Fwww.euroschool.lu%2Fsite%2Fwp-content%2Fuploads%2F2025%2F02%2FCAAP-Modele-Convention-Adapte-droit-luxembourgeois-Activites-au-Grand-Duche-de-Luxembourg.pdf||target:%20_blank|&#8221;][vc_separator css=&#8221;.vc_custom_1739455992324{margin-top: 10px !important;margin-bottom: 10px !important;}&#8221;][vc_btn title=&#8221;Convention CAAP &#8211; Pour activit\u00e9s en dehors du Grand-Duch\u00e9 de Luxembourg FR&#8221; style=&#8221;classic&#8221; color=&#8221;sky&#8221; align=&#8221;left&#8221; i_icon_fontawesome=&#8221;fa fa-file-text-o&#8221; button_block=&#8221;true&#8221; add_icon=&#8221;true&#8221; css=&#8221;.vc_custom_1741956463718{margin-top: 0px !important;margin-right: 0px !important;margin-bottom: 5px !important;margin-left: 0px !important;padding-top: 0px !important;padding-right: 0px !important;padding-bottom: 0px !important;padding-left: 0px !important;}&#8221; link=&#8221;url:https%3A%2F%2Fwww.euroschool.lu%2Fsite%2Fwp-content%2Fuploads%2F2025%2F02%2FCAAP-Modele-Convention-Activites-en-dehors-du-Grand-Duche-de-Luxembourg.pdf||target:%20_blank|&#8221;][vc_btn title=&#8221;Convention CAAP &#8211; Activities outside Luxembourg EN&#8221; style=&#8221;classic&#8221; color=&#8221;sky&#8221; align=&#8221;left&#8221; i_icon_fontawesome=&#8221;fa fa-file-text-o&#8221; button_block=&#8221;true&#8221; add_icon=&#8221;true&#8221; css=&#8221;.vc_custom_1741956449677{margin-top: 0px !important;margin-right: 0px !important;margin-bottom: 5px !important;margin-left: 0px !important;padding-top: 0px !important;padding-right: 0px !important;padding-bottom: 0px !important;padding-left: 0px !important;}&#8221; link=&#8221;url:https%3A%2F%2Fwww.euroschool.lu%2Fsite%2Fwp-content%2Fuploads%2F2025%2F03%2FConvention-CAAP-Activities-outside-LUX-EN.pdf||target:%20_blank|&#8221;][vc_separator css=&#8221;.vc_custom_1739455992324{margin-top: 10px !important;margin-bottom: 10px !important;}&#8221;][vc_btn title=&#8221;CAAP Record Sheet&#8221; style=&#8221;classic&#8221; color=&#8221;sky&#8221; align=&#8221;left&#8221; i_icon_fontawesome=&#8221;fa fa-file-text-o&#8221; button_block=&#8221;true&#8221; add_icon=&#8221;true&#8221; css=&#8221;.vc_custom_1739454929141{margin-top: 0px !important;margin-right: 0px !important;margin-bottom: 5px !important;margin-left: 0px !important;padding-top: 0px !important;padding-right: 0px !important;padding-bottom: 0px !important;padding-left: 0px !important;}&#8221; link=&#8221;url:https%3A%2F%2Fwww.euroschool.lu%2Fsite%2Fwp-content%2Fuploads%2F2025%2F02%2FCAAP-RECORD-SHEET-2024-2025.pdf||target:%20_blank|&#8221;][vc_separator style=&#8221;double&#8221; css=&#8221;.vc_custom_1625047949599{margin-top: 40px !important;border-top-width: 0px !important;padding-top: 0px !important;}&#8221;][\/vc_column_inner][\/vc_row_inner][\/vc_column][\/vc_row][vc_row][vc_column][vc_empty_space height=&#8221;20&#8243;][\/vc_column][\/vc_row]<\/p>\n<\/div>","protected":false},"excerpt":{"rendered":"<p>[vc_row full_width=&#8221;stretch_row_content_no_spaces&#8221; css=&#8221;.vc_custom_1611767278898{margin-bottom: 0px !important;}&#8221;][vc_column css=&#8221;.vc_custom_1589920029564{margin-bottom: 0px !important;}&#8221; offset=&#8221;vc_hidden-sm vc_hidden-xs&#8221;][vc_custom_heading text=&#8221;&#8221; font_container=&#8221;tag:h1|text_align:left&#8221; use_theme_fonts=&#8221;yes&#8221; el_class=&#8221;custom-header&#8221; css=&#8221;.vc_custom_1633074138935{background-image:<span class=\"excerpt-hellip\"> [\u2026]<\/span><\/p>\n","protected":false},"author":1,"featured_media":0,"parent":0,"menu_order":0,"comment_status":"closed","ping_status":"closed","template":"","meta":{"footnotes":""},"categories":[54],"class_list":["post-18980","page","type-page","status-publish","hentry","category-_page-sec-en"],"_links":{"self":[{"href":"https:\/\/www.euroschool.lu\/site\/wp-json\/wp\/v2\/pages\/18980","targetHints":{"allow":["GET"]}}],"collection":[{"href":"https:\/\/www.euroschool.lu\/site\/wp-json\/wp\/v2\/pages"}],"about":[{"href":"https:\/\/www.euroschool.lu\/site\/wp-json\/wp\/v2\/types\/page"}],"author":[{"embeddable":true,"href":"https:\/\/www.euroschool.lu\/site\/wp-json\/wp\/v2\/users\/1"}],"replies":[{"embeddable":true,"href":"https:\/\/www.euroschool.lu\/site\/wp-json\/wp\/v2\/comments?post=18980"}],"version-history":[{"count":7,"href":"https:\/\/www.euroschool.lu\/site\/wp-json\/wp\/v2\/pages\/18980\/revisions"}],"predecessor-version":[{"id":19134,"href":"https:\/\/www.euroschool.lu\/site\/wp-json\/wp\/v2\/pages\/18980\/revisions\/19134"}],"wp:attachment":[{"href":"https:\/\/www.euroschool.lu\/site\/wp-json\/wp\/v2\/media?parent=18980"}],"wp:term":[{"taxonomy":"category","embeddable":true,"href":"https:\/\/www.euroschool.lu\/site\/wp-json\/wp\/v2\/categories?post=18980"}],"curies":[{"name":"wp","href":"https:\/\/api.w.org\/{rel}","templated":true}]}}