{"id":16956,"date":"2023-09-01T11:05:00","date_gmt":"2023-09-01T09:05:00","guid":{"rendered":"https:\/\/www.euroschool.lu\/site\/?page_id=16956"},"modified":"2023-09-01T11:10:46","modified_gmt":"2023-09-01T09:10:46","slug":"sekundarstufe-begruessung-durch-den-stellvertretender-direktor","status":"publish","type":"page","link":"https:\/\/www.euroschool.lu\/site\/de\/sekundarstufe-begruessung-durch-den-stellvertretender-direktor\/","title":{"rendered":"Sekundarstufe: Begr\u00fc\u00dfung durch der Stellvertretender Direktorin"},"content":{"rendered":"<div class=\"wpb-content-wrapper\"><p>[vc_row full_width=&#8221;stretch_row_content_no_spaces&#8221; css=&#8221;.vc_custom_1589920007717{margin-bottom: 0px !important;}&#8221;][vc_column css=&#8221;.vc_custom_1591370266455{margin-top: 0px !important;margin-bottom: 0px !important;}&#8221; offset=&#8221;vc_hidden-sm vc_hidden-xs&#8221;][vc_custom_heading text=&#8221;&#8221; font_container=&#8221;tag:h1|text_align:left&#8221; use_theme_fonts=&#8221;yes&#8221; el_class=&#8221;custom-header&#8221; css=&#8221;.vc_custom_1624010799638{background-image: url(http:\/\/www.euroschool.lu\/site\/wp-content\/uploads\/2021\/06\/director-welcome.jpg?id=11269) !important;background-position: center !important;background-repeat: no-repeat !important;background-size: cover !important;}&#8221;][\/vc_column][\/vc_row][vc_row full_width=&#8221;stretch_row_content_no_spaces&#8221; css=&#8221;.vc_custom_1589920007717{margin-bottom: 0px !important;}&#8221;][vc_column css=&#8221;.vc_custom_1589920591194{margin-bottom: 0px !important;}&#8221; offset=&#8221;vc_hidden-lg vc_hidden-md&#8221;][vc_custom_heading text=&#8221;&#8221; font_container=&#8221;tag:h1|text_align:left&#8221; use_theme_fonts=&#8221;yes&#8221; el_class=&#8221;custom-header-mob&#8221; css=&#8221;.vc_custom_1624010826135{background-image: url(http:\/\/www.euroschool.lu\/site\/wp-content\/uploads\/2021\/06\/director-welcome.jpg?id=11270) !important;background-position: center !important;background-repeat: no-repeat !important;background-size: cover !important;}&#8221;][\/vc_column][\/vc_row][vc_row el_class=&#8221;main-box&#8221;][vc_column width=&#8221;1\/5&#8243; el_class=&#8221;sidebar-menu&#8221; offset=&#8221;vc_hidden-md vc_hidden-sm vc_hidden-xs&#8221;][vc_widget_sidebar sidebar_id=&#8221;sidebar-sidebar-menu-sec-de&#8221; el_class=&#8221;sidebar-menu-about&#8221;][\/vc_column][vc_column width=&#8221;4\/5&#8243; el_class=&#8221;main-column&#8221;][vc_column_text el_class=&#8221;page-title&#8221;]<\/p>\n<h1>Sekundarstufe: Begr\u00fc\u00dfung durch der Stellvertretender Direktorin<\/h1>\n<p>[\/vc_column_text][vc_column_text css=&#8221;.vc_custom_1693559361714{padding-top: 10px !important;}&#8221;]<img loading=\"lazy\" decoding=\"async\" class=\"welcome-photo wp-image-16951 size-medium alignright\" src=\"https:\/\/www.euroschool.lu\/site\/wp-content\/uploads\/2023\/09\/CL-welcome-242x300.jpg\" alt=\"\" width=\"242\" height=\"300\" srcset=\"https:\/\/www.euroschool.lu\/site\/wp-content\/uploads\/2023\/09\/CL-welcome-242x300.jpg 242w, https:\/\/www.euroschool.lu\/site\/wp-content\/uploads\/2023\/09\/CL-welcome-118x146.jpg 118w, https:\/\/www.euroschool.lu\/site\/wp-content\/uploads\/2023\/09\/CL-welcome-40x50.jpg 40w, https:\/\/www.euroschool.lu\/site\/wp-content\/uploads\/2023\/09\/CL-welcome-61x75.jpg 61w, https:\/\/www.euroschool.lu\/site\/wp-content\/uploads\/2023\/09\/CL-welcome.jpg 248w\" sizes=\"auto, (max-width:767px) 242px, 242px\" \/><\/p>\n<p>Sehr geehrte Eltern,<\/p>\n<p>Mit gro\u00dfer Freude stelle ich mich zu Beginn des Schuljahres 2023 als neue stellvertretende Schulleiterin vor, die die Nachfolge von Herrn Marco Alberici antritt. Zun\u00e4chst w\u00fcnsche ich Ihnen und Ihren Kindern ein Schuljahr voller Freude und Erfolg. Dies ist f\u00fcr mich die Gelegenheit, kurz meinen beruflichen Werdegang zu schildern.<\/p>\n<p>F\u00fcnf Jahre klassisches Literaturstudium haben mich auf nat\u00fcrliche Weise zum Beruf der Lehrerin f\u00fcr Literatur und Latein gef\u00fchrt. Meine literarische Ausbildung hat nicht nur meine Leidenschaft f\u00fcr das Lernen gen\u00e4hrt, sondern auch den Grundstein f\u00fcr eine engagierte und leidenschaftliche Lehrerkarriere gelegt, die sich \u00fcber 24 Jahre in verschiedenen L\u00e4ndern wie Frankreich, Belgien und Luxemburg erstreckt. Ich hatte das Gl\u00fcck, von 2007 bis 2016 als abgeordnete Lehrerin und Sprachkoordinatorin an der Europ\u00e4ischen Schule Luxemburg 1 zu arbeiten.<\/p>\n<p>Jedes Klassenzimmer bot mir ein einzigartiges Fenster zur Welt, das es mir erm\u00f6glichte, meine Lehrmethoden an die spezifischen Bed\u00fcrfnisse der verschiedenen kulturellen Kontexte anzupassen. \u00dcber die Vermittlung von Wissen hinaus war ich stets bestrebt, gegenseitiges Verst\u00e4ndnis und Respekt zu f\u00f6rdern &#8211; Werte, die f\u00fcr die Ausbildung der B\u00fcrger von morgen von entscheidender Bedeutung sind.<\/p>\n<p>Meine Karriere hat sich jedoch auch \u00fcber das Unterrichten hinaus erstreckt. Ich hatte die Ehre, aktiv an der Gr\u00fcndung der allerersten \u00f6ffentlichen europ\u00e4ischen Schule in Luxemburg beteiligt zu sein: der EIDE &#8211; Internationale Schule in Differdange und Esch-sur-Alzette. Anschlie\u00dfend war ich an derselben Schule als \u201eAttach\u00e9 de Direction\u201c t\u00e4tig, um das europ\u00e4ische System zu f\u00f6rdern und zur Entwicklung der Schule beizutragen.<\/p>\n<p>Mein Weg f\u00fchrte mich auch zum Ministerium f\u00fcr Bildung in Luxemburg, wo ich im Jahr 2020 die M\u00f6glichkeit erhielt, an der Entwicklung des SOIE (Dienst f\u00fcr internationale und europ\u00e4ische Angebote) mitzuwirken. Diese Erfahrung bot mir eine erweiterte Perspektive auf die Bildungsherausforderungen auf einer gr\u00f6\u00dferen Ebene. So war ich aktiv an der Er\u00f6ffnung neuer \u00f6ffentlicher Europ\u00e4ischer Schulen in Luxemburg beteiligt, darunter auch die EIGT (Internationale Schule Gaston Thorn).<\/p>\n<p>Schlie\u00dflich hatte ich ab 2021 die Ehre, den Herrn Bildungsminister als Leiterin der Delegation beim Obersten Rat der Europ\u00e4ischen Schulen in verschiedenen Gremien wie dem Obersten Rat und dem Haushaltsausschuss zu vertreten. Diese Verantwortung hat es mir somit erm\u00f6glicht, aktiv an Diskussionen teilzunehmen und wichtige Entscheidungen f\u00fcr die Zukunft der Europ\u00e4ischen Schulen zu treffen.<\/p>\n<p>Mit aufrichtiger Begeisterung teile ich diese ausgesprochen europ\u00e4ischen Erfahrungen mit Ihnen und bin davon \u00fcberzeugt, dass unsere gemeinsame Zusammenarbeit auch weiterhin ein anregendes und integratives Bildungsumfeld f\u00fcr Sch\u00fclerinnen und Sch\u00fcler f\u00f6rdern wird. Ich freue mich sehr auf unseren fruchtbaren Austausch.<\/p>\n<p style=\"text-align: justify;\">Ich w\u00fcnsche Ihnen allen einen sehr guten Start in das neue Schuljahr!<\/p>\n<p>C. Lemari\u00e9<br \/>\nStellvertretende Direktorin Sekundarschule[\/vc_column_text][vc_separator style=&#8221;double&#8221; css=&#8221;.vc_custom_1624951834770{margin-bottom: 0px !important;border-bottom-width: 0px !important;padding-bottom: 10px !important;}&#8221;][\/vc_column][\/vc_row][vc_row][vc_column][vc_empty_space height=&#8221;20&#8243;][\/vc_column][\/vc_row]<\/p>\n<\/div>","protected":false},"excerpt":{"rendered":"<p>[vc_row full_width=&#8221;stretch_row_content_no_spaces&#8221; css=&#8221;.vc_custom_1589920007717{margin-bottom: 0px !important;}&#8221;][vc_column css=&#8221;.vc_custom_1591370266455{margin-top: 0px !important;margin-bottom: 0px !important;}&#8221; offset=&#8221;vc_hidden-sm vc_hidden-xs&#8221;][vc_custom_heading text=&#8221;&#8221; font_container=&#8221;tag:h1|text_align:left&#8221; use_theme_fonts=&#8221;yes&#8221;<span class=\"excerpt-hellip\"> [\u2026]<\/span><\/p>\n","protected":false},"author":1,"featured_media":0,"parent":0,"menu_order":0,"comment_status":"closed","ping_status":"closed","template":"","meta":{"footnotes":""},"categories":[],"class_list":["post-16956","page","type-page","status-publish","hentry"],"_links":{"self":[{"href":"https:\/\/www.euroschool.lu\/site\/wp-json\/wp\/v2\/pages\/16956","targetHints":{"allow":["GET"]}}],"collection":[{"href":"https:\/\/www.euroschool.lu\/site\/wp-json\/wp\/v2\/pages"}],"about":[{"href":"https:\/\/www.euroschool.lu\/site\/wp-json\/wp\/v2\/types\/page"}],"author":[{"embeddable":true,"href":"https:\/\/www.euroschool.lu\/site\/wp-json\/wp\/v2\/users\/1"}],"replies":[{"embeddable":true,"href":"https:\/\/www.euroschool.lu\/site\/wp-json\/wp\/v2\/comments?post=16956"}],"version-history":[{"count":3,"href":"https:\/\/www.euroschool.lu\/site\/wp-json\/wp\/v2\/pages\/16956\/revisions"}],"predecessor-version":[{"id":16959,"href":"https:\/\/www.euroschool.lu\/site\/wp-json\/wp\/v2\/pages\/16956\/revisions\/16959"}],"wp:attachment":[{"href":"https:\/\/www.euroschool.lu\/site\/wp-json\/wp\/v2\/media?parent=16956"}],"wp:term":[{"taxonomy":"category","embeddable":true,"href":"https:\/\/www.euroschool.lu\/site\/wp-json\/wp\/v2\/categories?post=16956"}],"curies":[{"name":"wp","href":"https:\/\/api.w.org\/{rel}","templated":true}]}}