{"id":14410,"date":"2022-05-11T22:06:33","date_gmt":"2022-05-11T20:06:33","guid":{"rendered":"http:\/\/www.euroschool.lu\/site\/?page_id=14410"},"modified":"2022-05-12T09:43:24","modified_gmt":"2022-05-12T07:43:24","slug":"help-for-the-ukraine","status":"publish","type":"page","link":"https:\/\/www.euroschool.lu\/site\/help-for-the-ukraine\/","title":{"rendered":"Help for the Ukraine"},"content":{"rendered":"<div class=\"wpb-content-wrapper\"><p>[vc_row full_width=&#8221;stretch_row_content_no_spaces&#8221; css=&#8221;.vc_custom_1589920007717{margin-bottom: 0px !important;}&#8221;][vc_column css=&#8221;.vc_custom_1589920029564{margin-bottom: 0px !important;}&#8221; offset=&#8221;vc_hidden-sm vc_hidden-xs&#8221;][vc_custom_heading text=&#8221;&#8221; font_container=&#8221;tag:h1|text_align:left&#8221; use_theme_fonts=&#8221;yes&#8221; el_class=&#8221;custom-header&#8221; css=&#8221;.vc_custom_1652341215886{background-image: url(http:\/\/www.euroschool.lu\/site\/wp-content\/uploads\/2022\/05\/ukrainian-header.jpg?id=14460) !important;background-position: center !important;background-repeat: no-repeat !important;background-size: cover !important;}&#8221;][\/vc_column][\/vc_row][vc_row full_width=&#8221;stretch_row_content_no_spaces&#8221; css=&#8221;.vc_custom_1589920007717{margin-bottom: 0px !important;}&#8221;][vc_column css=&#8221;.vc_custom_1589920591194{margin-bottom: 0px !important;}&#8221; offset=&#8221;vc_hidden-lg vc_hidden-md&#8221;][vc_custom_heading text=&#8221;&#8221; font_container=&#8221;tag:h1|text_align:left&#8221; use_theme_fonts=&#8221;yes&#8221; el_class=&#8221;custom-header-mob&#8221; css=&#8221;.vc_custom_1652341227723{background-image: url(http:\/\/www.euroschool.lu\/site\/wp-content\/uploads\/2022\/05\/ukrainian-header.jpg?id=14460) !important;background-position: center !important;background-repeat: no-repeat !important;background-size: cover !important;}&#8221;][\/vc_column][\/vc_row][vc_row el_class=&#8221;main-box&#8221;][vc_column width=&#8221;1\/5&#8243; offset=&#8221;vc_hidden-md vc_hidden-sm vc_hidden-xs&#8221; el_class=&#8221;sidebar-menu&#8221;][vc_widget_sidebar sidebar_id=&#8221;sidebar-sidebar-menu-about-en&#8221; el_class=&#8221;sidebar-menu-about&#8221;][\/vc_column][vc_column width=&#8221;4\/5&#8243; el_class=&#8221;main-column&#8221;][vc_column_text el_class=&#8221;page-title&#8221;]<\/p>\n<h1>Help for the Ukraine<\/h1>\n<p>[\/vc_column_text][vc_column_text]<\/p>\n<h2>Activities Nursery and Primary<\/h2>\n<h3>Polish Section<\/h3>\n<p>The polish Section organized a Easter Breakfast and it was a total success. Children were preparing and distributing food-boxes during the day to the classes. \u00a0During the teachers&#8217; break the boxes were being sold in the staff room and both teachers and administration staff chipped in. All boxes were sold! In total <strong>750 euros<\/strong> were raises. The parents of the Polish section have chosen two organizations which will be granted the money. Thank you so much for your support.<\/p>\n<p>For the Polish Section<\/p>\n<p>Paulina Denisienko<\/p>\n<p><img loading=\"lazy\" decoding=\"async\" class=\"aligncenter wp-image-14447\" src=\"http:\/\/www.euroschool.lu\/site\/wp-content\/uploads\/2022\/05\/ukrainian-polish-1.jpg\" alt=\"\" width=\"500\" height=\"374\" \/><\/p>\n<hr class=\" hr_color\" style=\"margin:0 auto 30px;\"\/>\n\n<h3>French Section<\/h3>\n<p>Gr\u00e2ce \u00e0 votre participation et \u00e0 celle de vos \u00e9l\u00e8ves, nous avons r\u00e9colt\u00e9 <strong>3195,46 euros<\/strong>, <strong>2000<\/strong> euros iront \u00e0 <strong>EBS<\/strong> et <strong>1195,46<\/strong> euros seront revers\u00e9s \u00e0 <strong>LUkraine ASBL<\/strong>, organisation choisie par nos coll\u00e8gues germanophones pour leur marche solidaire.<\/p>\n<p><a href=\"http:\/\/ebs-luxembourg.com\/\" target=\"_blank\" rel=\"noopener noreferrer\">Ecoles de Brousse au S\u00e9n\u00e9gal \u2013 Ecoles de Brousse au S\u00e9n\u00e9gal (ebs-luxembourg.com)<\/a><\/p>\n<p><a href=\"https:\/\/help.ukrainians.lu\/\" target=\"_blank\" rel=\"noopener noreferrer\">How Can I help? &#8211; Stop War &#8211; LUkraine ASBL (ukrainians.lu)<\/a><\/p>\n<p>Je tenais personnellement \u00e0 vous remercier d\u2019\u00eatre pr\u00e9sents et de vous investir dans ces projets car sans vous tout cela ne serait pas possible.\u00a0Merci aux nouveaux coll\u00e8gues pour leur participation.<\/p>\n<p>Pour la section francophone<\/p>\n<p>Emmanuelle Dewitte<\/p>\n<p><img loading=\"lazy\" decoding=\"async\" class=\"aligncenter wp-image-14448\" src=\"http:\/\/www.euroschool.lu\/site\/wp-content\/uploads\/2022\/05\/ukrainian-french-1.jpg\" alt=\"\" width=\"500\" height=\"375\" \/><\/p>\n<p><img loading=\"lazy\" decoding=\"async\" class=\"aligncenter wp-image-14449\" src=\"http:\/\/www.euroschool.lu\/site\/wp-content\/uploads\/2022\/05\/ukrainian-french-2.jpg\" alt=\"\" width=\"500\" height=\"670\" \/><\/p>\n<p>&nbsp;<\/p>\n<p>Chers tous,<\/p>\n<p>Cet apr\u00e8s-midi, nous avons pu nous rendre dans les locaux de stockage de l\u2019association LUkraine avec nos coffres bien remplis gr\u00e2ce \u00e0 vous !<\/p>\n<p>Un autre voyage est pr\u00e9vu lundi apr\u00e8s l\u2019\u00e9cole donc si vous n\u2019avez pas encore eu le temps de participer et que vous le souhaitez, n\u2019h\u00e9sitez pas \ud83d\ude42<\/p>\n<p>Sachez \u00e9galement qu\u2019ils acceptent les dons spontan\u00e9s et individuels. Pour cela, il suffit de vous rendre derri\u00e8re l\u2019h\u00f4pital Schuman dans la rue Joseph Leydenbach et de suivre ce panneau :<\/p>\n<p>L\u00e0-bas, les b\u00e9n\u00e9voles nous ont expliqu\u00e9 que tous vos dons allaient \u00eatre tri\u00e9s en une dizaine de cat\u00e9gories. Ils en font ensuite des palettes qu\u2019ils chargent dans des camions qui centralisent tout sur la plate-forme principale du pays et ensuite, ils se rendent vers diff\u00e9rentes destinations et une partie des dons est conserv\u00e9e pour les r\u00e9fugi\u00e9s arrivant au Luxembourg.<\/p>\n<p>Encore un immense merci pour votre investissement et votre g\u00e9n\u00e9rosit\u00e9<\/p>\n<p>Chaleureusement.<\/p>\n<p>La section francophone \/ Sol\u00e8ne Husson<\/p>\n<p><strong><img loading=\"lazy\" decoding=\"async\" class=\"aligncenter size-full wp-image-14450\" src=\"http:\/\/www.euroschool.lu\/site\/wp-content\/uploads\/2022\/05\/ukrainian-french-3.jpg\" alt=\"\" width=\"400\" height=\"298\" \/><\/strong><\/p>\n<p><strong><img loading=\"lazy\" decoding=\"async\" class=\"aligncenter wp-image-14451\" src=\"http:\/\/www.euroschool.lu\/site\/wp-content\/uploads\/2022\/05\/ukrainian-french-4.jpg\" alt=\"\" width=\"500\" height=\"376\" \/>\u00a0<\/strong><\/p>\n<p><img loading=\"lazy\" decoding=\"async\" class=\"aligncenter wp-image-14452\" src=\"http:\/\/www.euroschool.lu\/site\/wp-content\/uploads\/2022\/05\/ukrainian-french-5.jpg\" alt=\"\" width=\"500\" height=\"375\" \/><\/p>\n<p><img loading=\"lazy\" decoding=\"async\" class=\"aligncenter wp-image-14453\" src=\"http:\/\/www.euroschool.lu\/site\/wp-content\/uploads\/2022\/05\/ukrainian-french-6.jpg\" alt=\"\" width=\"500\" height=\"376\" \/><\/p>\n<hr class=\" hr_color\" style=\"margin:0 auto 30px;\"\/>\n\n<h3>Dutch Section<\/h3>\n<p>In March the students of the Dutch section brought in &#8216;long shelf life&#8217; products. The children brought in a lot of products and we needed a large car to bring it all to the collection point near Kirchberg Hospital.<\/p>\n<p>Kingsday is traditionally celebrated on the 27<sup>th<\/sup>\u00a0of April in The Netherlands. One of the activities is a free market in the streets. The Dutch section held their free market in the playground of the school. Students sold little toys, books etc. There were also games to play. The free market was well visited and the collected amount of money, \u20ac1469,53 was donated to the people of Ukraine.<\/p>\n<p>For the Dutch Section<\/p>\n<p>Cornelis Klein<\/p>\n<hr class=\" hr_color\" style=\"margin:0 auto 30px;\"\/>\n\n<h3>Portuguese Section<\/h3>\n<p>The Religion and Morals classes of P3, P4 and P5 of the Portuguese section, made necklaces, bracelets, key chains, watches&#8230; to raise money that will revert in favor of Ukraine, through Caritas.<\/p>\n<p>The sale took place on Friday, April 29, at the main entrance of the primary school,<\/p>\n<p>With the sale of the children&#8217;s work, we made 1410,63 Euros.<\/p>\n<p>For the Portuguese Section<\/p>\n<p>Maria Santhos<\/p>\n<hr class=\" hr_color\" style=\"margin:0 auto 30px;\"\/>\n\n<h3>Deutschsprachige Sektion<\/h3>\n<p>Unter dem Motto \u201eWir laufen f\u00fcr den Frieden in Europa\u201c fand am Freitag, den 18. M\u00e4rz 2022 der Spendenlauf der deutschsprachigen Sektion des Kindergartens und der Grundschule statt.<\/p>\n<p>Sowohl sportlich w\u00e4hrend des Laufs, als auch im Vorfeld beim Sammeln der Spenden haben sich alle Kinder stark engagiert und so zum erfolgreichen Gelingen der Aktion beigetragen. Es kam die stolze Summe von 12.395,00 Euro zusammen!<\/p>\n<p>In diesem Betrag waren auch \u00fcber 1.100,00 Euro der franz\u00f6sischsprachigen Sektion enthalten, die unser Vorhaben mit ihrer Spende unterst\u00fctzt hat.<\/p>\n<p>Ein Teil des Gesamtbetrages wurde an UNICEF Luxemburg gespendet. Der andere Teil der Spenden wurde von der Elternvertretung der Klassen P4 DEa und DEb an den Verein LUKRAINE ASBL \u00fcberreicht. Damit konnte unsere Schulgemeinschaft den ukrainischen Menschen ihre Solidarit\u00e4t bekunden.<\/p>\n<p>Ein gro\u00dfes Dankesch\u00f6n an alle Kinder, Eltern und Lehrer und die Schulleitung, \u00a0die den Spendenlauf der deutschsprachigen Sektion so tatkr\u00e4ftig unterst\u00fctzt haben!<\/p>\n<p>F\u00fcr die Sektion<\/p>\n<p>Maria Meteau \/ Sven Nitschmann[\/vc_column_text][vc_separator style=&#8221;double&#8221;][\/vc_column][\/vc_row][vc_row][vc_column][vc_empty_space height=&#8221;20&#8243;][\/vc_column][\/vc_row]<\/p>\n<\/div>","protected":false},"excerpt":{"rendered":"<p>[vc_row full_width=&#8221;stretch_row_content_no_spaces&#8221; css=&#8221;.vc_custom_1589920007717{margin-bottom: 0px !important;}&#8221;][vc_column css=&#8221;.vc_custom_1589920029564{margin-bottom: 0px !important;}&#8221; offset=&#8221;vc_hidden-sm vc_hidden-xs&#8221;][vc_custom_heading text=&#8221;&#8221; font_container=&#8221;tag:h1|text_align:left&#8221; use_theme_fonts=&#8221;yes&#8221; el_class=&#8221;custom-header&#8221; css=&#8221;.vc_custom_1652341215886{background-image:<span class=\"excerpt-hellip\"> [\u2026]<\/span><\/p>\n","protected":false},"author":1,"featured_media":0,"parent":0,"menu_order":0,"comment_status":"closed","ping_status":"closed","template":"","meta":{"footnotes":""},"categories":[39],"class_list":["post-14410","page","type-page","status-publish","hentry","category-_page-main-en"],"_links":{"self":[{"href":"https:\/\/www.euroschool.lu\/site\/wp-json\/wp\/v2\/pages\/14410","targetHints":{"allow":["GET"]}}],"collection":[{"href":"https:\/\/www.euroschool.lu\/site\/wp-json\/wp\/v2\/pages"}],"about":[{"href":"https:\/\/www.euroschool.lu\/site\/wp-json\/wp\/v2\/types\/page"}],"author":[{"embeddable":true,"href":"https:\/\/www.euroschool.lu\/site\/wp-json\/wp\/v2\/users\/1"}],"replies":[{"embeddable":true,"href":"https:\/\/www.euroschool.lu\/site\/wp-json\/wp\/v2\/comments?post=14410"}],"version-history":[{"count":11,"href":"https:\/\/www.euroschool.lu\/site\/wp-json\/wp\/v2\/pages\/14410\/revisions"}],"predecessor-version":[{"id":14462,"href":"https:\/\/www.euroschool.lu\/site\/wp-json\/wp\/v2\/pages\/14410\/revisions\/14462"}],"wp:attachment":[{"href":"https:\/\/www.euroschool.lu\/site\/wp-json\/wp\/v2\/media?parent=14410"}],"wp:term":[{"taxonomy":"category","embeddable":true,"href":"https:\/\/www.euroschool.lu\/site\/wp-json\/wp\/v2\/categories?post=14410"}],"curies":[{"name":"wp","href":"https:\/\/api.w.org\/{rel}","templated":true}]}}