{"id":13291,"date":"2021-10-04T10:45:01","date_gmt":"2021-10-04T08:45:01","guid":{"rendered":"http:\/\/www.euroschool.lu\/site\/?page_id=13291"},"modified":"2026-02-06T16:10:59","modified_gmt":"2026-02-06T15:10:59","slug":"secondaire-stage-en-entreprise","status":"publish","type":"page","link":"https:\/\/www.euroschool.lu\/site\/fr\/secondaire-stage-en-entreprise\/","title":{"rendered":"Secondaire : Stage en entreprise"},"content":{"rendered":"<div class=\"wpb-content-wrapper\"><p>[vc_row full_width=&#8221;stretch_row_content_no_spaces&#8221; css=&#8221;.vc_custom_1611767278898{margin-bottom: 0px !important;}&#8221;][vc_column css=&#8221;.vc_custom_1589920029564{margin-bottom: 0px !important;}&#8221; offset=&#8221;vc_hidden-sm vc_hidden-xs&#8221;][vc_custom_heading text=&#8221;&#8221; font_container=&#8221;tag:h1|text_align:left&#8221; use_theme_fonts=&#8221;yes&#8221; css=&#8221;.vc_custom_1633074138935{background-image: url(http:\/\/www.euroschool.lu\/site\/wp-content\/uploads\/2021\/06\/coordinateur.jpg?id=11603) !important;background-position: center !important;background-repeat: no-repeat !important;background-size: cover !important;}&#8221; el_class=&#8221;custom-header&#8221;][\/vc_column][\/vc_row][vc_row full_width=&#8221;stretch_row_content_no_spaces&#8221; css=&#8221;.vc_custom_1611767283046{margin-bottom: 0px !important;}&#8221;][vc_column css=&#8221;.vc_custom_1589920591194{margin-bottom: 0px !important;}&#8221; offset=&#8221;vc_hidden-lg vc_hidden-md&#8221;][vc_custom_heading text=&#8221;&#8221; font_container=&#8221;tag:h1|text_align:left&#8221; use_theme_fonts=&#8221;yes&#8221; css=&#8221;.vc_custom_1633337954498{background-image: url(http:\/\/www.euroschool.lu\/site\/wp-content\/uploads\/2021\/06\/coordinateur.jpg?id=11603) !important;background-position: center !important;background-repeat: no-repeat !important;background-size: cover !important;}&#8221; el_class=&#8221;custom-header-mob&#8221;][\/vc_column][\/vc_row][vc_row el_class=&#8221;main-box&#8221;][vc_column width=&#8221;1\/5&#8243; offset=&#8221;vc_hidden-md vc_hidden-sm vc_hidden-xs&#8221; el_class=&#8221;sidebar-menu&#8221;][vc_widget_sidebar sidebar_id=&#8221;sidebar-sidebar-menu-sec-fr&#8221; el_class=&#8221;sidebar-menu-sec&#8221;][\/vc_column][vc_column width=&#8221;4\/5&#8243; el_class=&#8221;main-column&#8221;][vc_column_text el_class=&#8221;page-title&#8221;]<\/p>\n<h1>Secondaire : Stage en entreprise 2025-2026<\/h1>\n<p>[\/vc_column_text][vc_column_text el_class=&#8221;hide&#8221;]Les informations sur le projet stage en entreprise seront publi\u00e9es en temps voulu.[\/vc_column_text][vc_row_inner][vc_column_inner width=&#8221;1\/2&#8243;][\/vc_column_inner][vc_column_inner width=&#8221;1\/2&#8243;][vc_btn title=&#8221;Contacter le coordinateur du programme WEX&#8221; style=&#8221;classic&#8221; color=&#8221;sky&#8221; align=&#8221;right&#8221; i_type=&#8221;linecons&#8221; i_icon_linecons=&#8221;vc_li vc_li-mail&#8221; add_icon=&#8221;true&#8221; link=&#8221;url:mailto%3Anasseira.lainseur%40eursc.eu|||&#8221;][vc_separator][\/vc_column_inner][\/vc_row_inner][vc_column_text]Cette ann\u00e9e, une initiative \u00e9ducative majeure est introduite dans le syst\u00e8me des \u00c9coles europ\u00e9ennes. Un nouveau cadre, d\u00e9fini dans le document <em>2024-01-D-33-fr-2<\/em> intitul\u00e9 <strong>Cadre pour l&#8217;exp\u00e9rience professionnelle (WEX) et Programme d&#8217;actions citoyennes pour tous (CAAP)<\/strong>, pr\u00e9voit que tous les \u00e9l\u00e8ves des \u00c9coles europ\u00e9ennes compl\u00e8tent au moins l\u2019un des deux programmes\u2014CAAP ou WEX\u2014avant la fin de leur ann\u00e9e de S6.<\/p>\n<p>Bien que l\u2019ach\u00e8vement de l\u2019un de ces programmes soit obligatoire, nous encourageons vivement les \u00e9l\u00e8ves et leurs familles \u00e0 envisager de participer aux deux. Ces initiatives ont pour objectif de d\u00e9velopper \u00e0 la fois les comp\u00e9tences sociales et professionnelles des \u00e9l\u00e8ves, en les pr\u00e9parant aux d\u00e9fis de la vie citoyenne et du monde du travail.<\/p>\n<p>Vous trouverez ci-dessous les documents n\u00e9cessaires concernant les stages en entreprise.[\/vc_column_text][vc_row_inner][vc_column_inner][vc_btn title=&#8221;Informations aux parents et aux \u00e9l\u00e8ves S6 &#8211; stages 2026 (FR)&#8221; style=&#8221;classic&#8221; color=&#8221;sky&#8221; align=&#8221;left&#8221; i_icon_fontawesome=&#8221;fa fa-file-text-o&#8221; css=&#8221;.vc_custom_1760874136763{margin-top: 0px !important;margin-right: 0px !important;margin-bottom: 5px !important;margin-left: 0px !important;padding-top: 0px !important;padding-right: 0px !important;padding-bottom: 0px !important;padding-left: 0px !important;}&#8221; button_block=&#8221;true&#8221; add_icon=&#8221;true&#8221; link=&#8221;url:https%3A%2F%2Fwww.euroschool.lu%2Fsite%2Fwp-content%2Fuploads%2F2025%2F10%2Finformations-aux-parents-et-aux-eleves-S6-stages-2026-FR.pdf||target:%20_blank|&#8221;][vc_btn title=&#8221;Informations aux parents et aux \u00e9l\u00e8ves S6 &#8211; stages 2026 (EN)&#8221; style=&#8221;classic&#8221; color=&#8221;sky&#8221; align=&#8221;left&#8221; i_icon_fontawesome=&#8221;fa fa-file-text-o&#8221; css=&#8221;.vc_custom_1760874156050{margin-top: 0px !important;margin-right: 0px !important;margin-bottom: 5px !important;margin-left: 0px !important;padding-top: 0px !important;padding-right: 0px !important;padding-bottom: 0px !important;padding-left: 0px !important;}&#8221; button_block=&#8221;true&#8221; add_icon=&#8221;true&#8221; link=&#8221;url:https%3A%2F%2Fwww.euroschool.lu%2Fsite%2Fwp-content%2Fuploads%2F2025%2F10%2Finformations-aux-parents-et-aux-eleves-S6-stages-en-entreprise-EN.pdf||target:%20_blank|&#8221;][vc_btn title=&#8221;Informations aux parents et aux \u00e9l\u00e8ves S6 &#8211; stages 2026 (DE)&#8221; style=&#8221;classic&#8221; color=&#8221;sky&#8221; align=&#8221;left&#8221; i_icon_fontawesome=&#8221;fa fa-file-text-o&#8221; css=&#8221;.vc_custom_1760874204652{margin-top: 0px !important;margin-right: 0px !important;margin-bottom: 5px !important;margin-left: 0px !important;padding-top: 0px !important;padding-right: 0px !important;padding-bottom: 0px !important;padding-left: 0px !important;}&#8221; button_block=&#8221;true&#8221; add_icon=&#8221;true&#8221; link=&#8221;url:https%3A%2F%2Fwww.euroschool.lu%2Fsite%2Fwp-content%2Fuploads%2F2025%2F10%2FStage-en-entreprise-Lettre-aux-parents-et-aux-eleves-S6-DE-1.pdf||target:%20_blank|&#8221;][vc_separator css=&#8221;.vc_custom_1739455889942{margin-top: 10px !important;margin-bottom: 10px !important;}&#8221;][vc_btn title=&#8221;El\u00e9ments sur la couverture d&#8217;assurance (FR)&#8221; style=&#8221;classic&#8221; color=&#8221;sky&#8221; align=&#8221;left&#8221; i_icon_fontawesome=&#8221;fa fa-regular fa-file-lines&#8221; css=&#8221;.vc_custom_1767714356866{margin-top: 0px !important;margin-right: 0px !important;margin-bottom: 5px !important;margin-left: 0px !important;padding-top: 0px !important;padding-right: 0px !important;padding-bottom: 0px !important;padding-left: 0px !important;}&#8221; button_block=&#8221;true&#8221; add_icon=&#8221;true&#8221; link=&#8221;url:https%3A%2F%2Fwww.euroschool.lu%2Fsite%2Fwp-content%2Fuploads%2F2026%2F01%2FAnnexe-Elements-sur-la-couverture-dassurance-FR.pdf|target:_blank&#8221;][vc_btn title=&#8221;Elements of Insurance Coverage (EN)&#8221; style=&#8221;classic&#8221; color=&#8221;sky&#8221; align=&#8221;left&#8221; i_icon_fontawesome=&#8221;fa fa-regular fa-file-lines&#8221; css=&#8221;.vc_custom_1767714369891{margin-top: 0px !important;margin-right: 0px !important;margin-bottom: 5px !important;margin-left: 0px !important;padding-top: 0px !important;padding-right: 0px !important;padding-bottom: 0px !important;padding-left: 0px !important;}&#8221; button_block=&#8221;true&#8221; add_icon=&#8221;true&#8221; link=&#8221;url:https%3A%2F%2Fwww.euroschool.lu%2Fsite%2Fwp-content%2Fuploads%2F2026%2F01%2FAppendix-Elements-of-Insurance-Coverage.pdf|target:_blank&#8221;][vc_btn title=&#8221;Bestandteile des Versicherungsschutzes (DE)&#8221; style=&#8221;classic&#8221; color=&#8221;sky&#8221; align=&#8221;left&#8221; i_icon_fontawesome=&#8221;fa fa-regular fa-file-lines&#8221; css=&#8221;.vc_custom_1767714383152{margin-top: 0px !important;margin-right: 0px !important;margin-bottom: 5px !important;margin-left: 0px !important;padding-top: 0px !important;padding-right: 0px !important;padding-bottom: 0px !important;padding-left: 0px !important;}&#8221; button_block=&#8221;true&#8221; add_icon=&#8221;true&#8221; link=&#8221;url:https%3A%2F%2Fwww.euroschool.lu%2Fsite%2Fwp-content%2Fuploads%2F2026%2F01%2FAppendix-Bestandteile-des-Versicherungsschutzes.pdf|target:_blank&#8221;][vc_separator css=&#8221;.vc_custom_1739455889942{margin-top: 10px !important;margin-bottom: 10px !important;}&#8221;][vc_btn title=&#8221;D\u00e9claration de confidentialit\u00e9 &#8211; WEX (FR)&#8221; style=&#8221;classic&#8221; color=&#8221;sky&#8221; align=&#8221;left&#8221; i_icon_fontawesome=&#8221;fa fa-file-text-o&#8221; css=&#8221;.vc_custom_1747238592528{margin-top: 0px !important;margin-right: 0px !important;margin-bottom: 5px !important;margin-left: 0px !important;padding-top: 0px !important;padding-right: 0px !important;padding-bottom: 0px !important;padding-left: 0px !important;}&#8221; button_block=&#8221;true&#8221; add_icon=&#8221;true&#8221; link=&#8221;url:https%3A%2F%2Fwww.euroschool.lu%2Fsite%2Fwp-content%2Fuploads%2F2025%2F01%2FDeclaration-de-confidentialite-WEX-et-CAAP-FR.pdf||target:%20_blank|&#8221;][vc_btn title=&#8221;Privacy Statement &#8211; WEX (EN)&#8221; style=&#8221;classic&#8221; color=&#8221;sky&#8221; align=&#8221;left&#8221; i_icon_fontawesome=&#8221;fa fa-file-text-o&#8221; css=&#8221;.vc_custom_1747238602903{margin-top: 0px !important;margin-right: 0px !important;margin-bottom: 5px !important;margin-left: 0px !important;padding-top: 0px !important;padding-right: 0px !important;padding-bottom: 0px !important;padding-left: 0px !important;}&#8221; button_block=&#8221;true&#8221; add_icon=&#8221;true&#8221; link=&#8221;url:https%3A%2F%2Fwww.euroschool.lu%2Fsite%2Fwp-content%2Fuploads%2F2025%2F01%2FPrivacy-Statement-WEX-and-CAAP-EN.pdf||target:%20_blank|&#8221;][vc_btn title=&#8221;Datenschutzerklarung &#8211; WEX (DE)&#8221; style=&#8221;classic&#8221; color=&#8221;sky&#8221; align=&#8221;left&#8221; i_icon_fontawesome=&#8221;fa fa-file-text-o&#8221; css=&#8221;.vc_custom_1747238663341{margin-top: 0px !important;margin-right: 0px !important;margin-bottom: 5px !important;margin-left: 0px !important;padding-top: 0px !important;padding-right: 0px !important;padding-bottom: 0px !important;padding-left: 0px !important;}&#8221; button_block=&#8221;true&#8221; add_icon=&#8221;true&#8221; link=&#8221;url:https%3A%2F%2Fwww.euroschool.lu%2Fsite%2Fwp-content%2Fuploads%2F2025%2F05%2FCAAP-WEX-Datenschutzerklarung-CAAP-DE.pdf||target:%20_blank|&#8221;][vc_separator css=&#8221;.vc_custom_1739455889942{margin-top: 10px !important;margin-bottom: 10px !important;}&#8221;][vc_btn title=&#8221;Convention WEX &#8211; Adapt\u00e9 droit luxembourgeois &#8211; Activit\u00e9s au Grand-Duch\u00e9 de Luxembourg (FR)&#8221; style=&#8221;classic&#8221; color=&#8221;sky&#8221; align=&#8221;left&#8221; i_icon_fontawesome=&#8221;fa fa-regular fa-file-lines&#8221; css=&#8221;.vc_custom_1770390654411{margin-top: 0px !important;margin-right: 0px !important;margin-bottom: 5px !important;margin-left: 0px !important;padding-top: 0px !important;padding-right: 0px !important;padding-bottom: 0px !important;padding-left: 0px !important;}&#8221; button_block=&#8221;true&#8221; add_icon=&#8221;true&#8221; link=&#8221;url:https%3A%2F%2Fwww.euroschool.lu%2Fsite%2Fwp-content%2Fuploads%2F2026%2F02%2FWEX-Convention-Lux-FR_-V2.pdf|target:_blank&#8221;][vc_btn title=&#8221;WEX Agreement &#8211; Activities in Lux (EN)&#8221; style=&#8221;classic&#8221; color=&#8221;sky&#8221; align=&#8221;left&#8221; i_icon_fontawesome=&#8221;fa fa-regular fa-file-lines&#8221; css=&#8221;.vc_custom_1767714423056{margin-top: 0px !important;margin-right: 0px !important;margin-bottom: 5px !important;margin-left: 0px !important;padding-top: 0px !important;padding-right: 0px !important;padding-bottom: 0px !important;padding-left: 0px !important;}&#8221; button_block=&#8221;true&#8221; add_icon=&#8221;true&#8221; link=&#8221;url:https%3A%2F%2Fwww.euroschool.lu%2Fsite%2Fwp-content%2Fuploads%2F2026%2F01%2FWEX-Agreement-Lux-EN.pdf|target:_blank&#8221;][vc_btn title=&#8221;Konvention WEX innerhalb (DE)&#8221; style=&#8221;classic&#8221; color=&#8221;sky&#8221; align=&#8221;left&#8221; i_icon_fontawesome=&#8221;fa fa-regular fa-file-lines&#8221; css=&#8221;.vc_custom_1768817933144{margin-top: 0px !important;margin-right: 0px !important;margin-bottom: 5px !important;margin-left: 0px !important;padding-top: 0px !important;padding-right: 0px !important;padding-bottom: 0px !important;padding-left: 0px !important;}&#8221; button_block=&#8221;true&#8221; add_icon=&#8221;true&#8221; link=&#8221;url:https%3A%2F%2Fwww.euroschool.lu%2Fsite%2Fwp-content%2Fuploads%2F2026%2F01%2FKonvention-WEX-innerhalb-LUX-DE-V2.pdf|target:_blank&#8221;][vc_separator css=&#8221;.vc_custom_1739455889942{margin-top: 10px !important;margin-bottom: 10px !important;}&#8221;][vc_btn title=&#8221;Convention WEX &#8211; Pour activit\u00e9s en dehors du Grand-Duch\u00e9 de Luxembourg (FR)&#8221; style=&#8221;classic&#8221; color=&#8221;sky&#8221; align=&#8221;left&#8221; i_icon_fontawesome=&#8221;fa fa-regular fa-file-lines&#8221; css=&#8221;.vc_custom_1767714440868{margin-top: 0px !important;margin-right: 0px !important;margin-bottom: 5px !important;margin-left: 0px !important;padding-top: 0px !important;padding-right: 0px !important;padding-bottom: 0px !important;padding-left: 0px !important;}&#8221; button_block=&#8221;true&#8221; add_icon=&#8221;true&#8221; link=&#8221;url:https%3A%2F%2Fwww.euroschool.lu%2Fsite%2Fwp-content%2Fuploads%2F2026%2F01%2FWEX-Convention-Activites-en-dehors-du-Lux.pdf|target:_blank&#8221;][vc_btn title=&#8221;WEX Agreement &#8211; Activities outside Luxembourg (EN)&#8221; style=&#8221;classic&#8221; color=&#8221;sky&#8221; align=&#8221;left&#8221; i_icon_fontawesome=&#8221;fa fa-regular fa-file-lines&#8221; css=&#8221;.vc_custom_1767714473170{margin-top: 0px !important;margin-right: 0px !important;margin-bottom: 5px !important;margin-left: 0px !important;padding-top: 0px !important;padding-right: 0px !important;padding-bottom: 0px !important;padding-left: 0px !important;}&#8221; button_block=&#8221;true&#8221; add_icon=&#8221;true&#8221; link=&#8221;url:https%3A%2F%2Fwww.euroschool.lu%2Fsite%2Fwp-content%2Fuploads%2F2026%2F01%2FWEX-Agreement-outside-Luxembourg-EN.pdf|target:_blank&#8221;][vc_btn title=&#8221;Konvention WEX ausserhalb (DE)&#8221; style=&#8221;classic&#8221; color=&#8221;sky&#8221; align=&#8221;left&#8221; i_icon_fontawesome=&#8221;fa fa-regular fa-file-lines&#8221; css=&#8221;.vc_custom_1768818034855{margin-top: 0px !important;margin-right: 0px !important;margin-bottom: 5px !important;margin-left: 0px !important;padding-top: 0px !important;padding-right: 0px !important;padding-bottom: 0px !important;padding-left: 0px !important;}&#8221; button_block=&#8221;true&#8221; add_icon=&#8221;true&#8221; link=&#8221;url:https%3A%2F%2Fwww.euroschool.lu%2Fsite%2Fwp-content%2Fuploads%2F2026%2F01%2FKonvention-WEX-ausserhalb-LUX-DE-V2.pdf|target:_blank&#8221;][vc_separator css=&#8221;.vc_custom_1739455889942{margin-top: 10px !important;margin-bottom: 10px !important;}&#8221;][vc_btn title=&#8221;Lettre de recommandation (FR)&#8221; style=&#8221;classic&#8221; color=&#8221;sky&#8221; align=&#8221;left&#8221; i_icon_fontawesome=&#8221;fa fa-file-text-o&#8221; css=&#8221;.vc_custom_1760874258742{margin-top: 0px !important;margin-right: 0px !important;margin-bottom: 5px !important;margin-left: 0px !important;padding-top: 0px !important;padding-right: 0px !important;padding-bottom: 0px !important;padding-left: 0px !important;}&#8221; button_block=&#8221;true&#8221; add_icon=&#8221;true&#8221; link=&#8221;url:https%3A%2F%2Fwww.euroschool.lu%2Fsite%2Fwp-content%2Fuploads%2F2025%2F10%2FLettre-de-recommandation-FR-2026.pdf||target:%20_blank|&#8221;][vc_btn title=&#8221;Lettre de recommandation (EN)&#8221; style=&#8221;classic&#8221; color=&#8221;sky&#8221; align=&#8221;left&#8221; i_icon_fontawesome=&#8221;fa fa-file-text-o&#8221; css=&#8221;.vc_custom_1760874271155{margin-top: 0px !important;margin-right: 0px !important;margin-bottom: 5px !important;margin-left: 0px !important;padding-top: 0px !important;padding-right: 0px !important;padding-bottom: 0px !important;padding-left: 0px !important;}&#8221; button_block=&#8221;true&#8221; add_icon=&#8221;true&#8221; link=&#8221;url:https%3A%2F%2Fwww.euroschool.lu%2Fsite%2Fwp-content%2Fuploads%2F2025%2F10%2FLettre-de-recommandation-EN-2026.pdf||target:%20_blank|&#8221;][vc_btn title=&#8221;Lettre de recommandation (DE)&#8221; style=&#8221;classic&#8221; color=&#8221;sky&#8221; align=&#8221;left&#8221; i_icon_fontawesome=&#8221;fa fa-file-text-o&#8221; css=&#8221;.vc_custom_1760874284764{margin-top: 0px !important;margin-right: 0px !important;margin-bottom: 5px !important;margin-left: 0px !important;padding-top: 0px !important;padding-right: 0px !important;padding-bottom: 0px !important;padding-left: 0px !important;}&#8221; button_block=&#8221;true&#8221; add_icon=&#8221;true&#8221; link=&#8221;url:https%3A%2F%2Fwww.euroschool.lu%2Fsite%2Fwp-content%2Fuploads%2F2025%2F10%2FLettre-de-recommandation-DE-2026.pdf||target:%20_blank|&#8221;][vc_separator css=&#8221;.vc_custom_1739455889942{margin-top: 10px !important;margin-bottom: 10px !important;}&#8221;][vc_btn title=&#8221;Le rapport de stage : indications de contenu et de pr\u00e9sentation (FR)&#8221; style=&#8221;classic&#8221; color=&#8221;sky&#8221; align=&#8221;left&#8221; i_icon_fontawesome=&#8221;fa fa-file-text-o&#8221; css=&#8221;.vc_custom_1760874313417{margin-top: 0px !important;margin-right: 0px !important;margin-bottom: 5px !important;margin-left: 0px !important;padding-top: 0px !important;padding-right: 0px !important;padding-bottom: 0px !important;padding-left: 0px !important;}&#8221; button_block=&#8221;true&#8221; add_icon=&#8221;true&#8221; link=&#8221;url:https%3A%2F%2Fwww.euroschool.lu%2Fsite%2Fwp-content%2Fuploads%2F2025%2F10%2Fconsignes-rapport-stage_FR.pdf||target:%20_blank|&#8221;][vc_btn title=&#8221;The internship report: guidelines for content and presentation (EN)&#8221; style=&#8221;classic&#8221; color=&#8221;sky&#8221; align=&#8221;left&#8221; i_icon_fontawesome=&#8221;fa fa-file-text-o&#8221; css=&#8221;.vc_custom_1760874325874{margin-top: 0px !important;margin-right: 0px !important;margin-bottom: 5px !important;margin-left: 0px !important;padding-top: 0px !important;padding-right: 0px !important;padding-bottom: 0px !important;padding-left: 0px !important;}&#8221; button_block=&#8221;true&#8221; add_icon=&#8221;true&#8221; link=&#8221;url:https%3A%2F%2Fwww.euroschool.lu%2Fsite%2Fwp-content%2Fuploads%2F2025%2F10%2FThe-internship-report_-EN.pdf||target:%20_blank|&#8221;][\/vc_column_inner][\/vc_row_inner][\/vc_column][\/vc_row][vc_row][vc_column][vc_empty_space height=&#8221;20&#8243;][\/vc_column][\/vc_row]<\/p>\n<\/div>","protected":false},"excerpt":{"rendered":"<p>[vc_row full_width=&#8221;stretch_row_content_no_spaces&#8221; css=&#8221;.vc_custom_1611767278898{margin-bottom: 0px !important;}&#8221;][vc_column css=&#8221;.vc_custom_1589920029564{margin-bottom: 0px !important;}&#8221; offset=&#8221;vc_hidden-sm vc_hidden-xs&#8221;][vc_custom_heading text=&#8221;&#8221; font_container=&#8221;tag:h1|text_align:left&#8221; use_theme_fonts=&#8221;yes&#8221; css=&#8221;.vc_custom_1633074138935{background-image: url(http:\/\/www.euroschool.lu\/site\/wp-content\/uploads\/2021\/06\/coordinateur.jpg?id=11603)<span class=\"excerpt-hellip\"> [\u2026]<\/span><\/p>\n","protected":false},"author":1,"featured_media":-1,"parent":0,"menu_order":0,"comment_status":"closed","ping_status":"closed","template":"","meta":{"footnotes":""},"categories":[59],"class_list":["post-13291","page","type-page","status-publish","has-post-thumbnail","hentry","category-_page-sec-fr"],"_links":{"self":[{"href":"https:\/\/www.euroschool.lu\/site\/wp-json\/wp\/v2\/pages\/13291","targetHints":{"allow":["GET"]}}],"collection":[{"href":"https:\/\/www.euroschool.lu\/site\/wp-json\/wp\/v2\/pages"}],"about":[{"href":"https:\/\/www.euroschool.lu\/site\/wp-json\/wp\/v2\/types\/page"}],"author":[{"embeddable":true,"href":"https:\/\/www.euroschool.lu\/site\/wp-json\/wp\/v2\/users\/1"}],"replies":[{"embeddable":true,"href":"https:\/\/www.euroschool.lu\/site\/wp-json\/wp\/v2\/comments?post=13291"}],"version-history":[{"count":35,"href":"https:\/\/www.euroschool.lu\/site\/wp-json\/wp\/v2\/pages\/13291\/revisions"}],"predecessor-version":[{"id":20680,"href":"https:\/\/www.euroschool.lu\/site\/wp-json\/wp\/v2\/pages\/13291\/revisions\/20680"}],"wp:featuredmedia":[{"embeddable":true,"href":"https:\/\/www.euroschool.lu\/site\/wp-json\/"}],"wp:attachment":[{"href":"https:\/\/www.euroschool.lu\/site\/wp-json\/wp\/v2\/media?parent=13291"}],"wp:term":[{"taxonomy":"category","embeddable":true,"href":"https:\/\/www.euroschool.lu\/site\/wp-json\/wp\/v2\/categories?post=13291"}],"curies":[{"name":"wp","href":"https:\/\/api.w.org\/{rel}","templated":true}]}}