{"id":13272,"date":"2021-10-04T10:38:37","date_gmt":"2021-10-04T08:38:37","guid":{"rendered":"http:\/\/www.euroschool.lu\/site\/?page_id=13272"},"modified":"2026-02-06T16:10:32","modified_gmt":"2026-02-06T15:10:32","slug":"secondary-work-experience","status":"publish","type":"page","link":"https:\/\/www.euroschool.lu\/site\/secondary-work-experience\/","title":{"rendered":"Secondary : Work Experience"},"content":{"rendered":"<div class=\"wpb-content-wrapper\"><p>[vc_row full_width=&#8221;stretch_row_content_no_spaces&#8221; css=&#8221;.vc_custom_1611767278898{margin-bottom: 0px !important;}&#8221;][vc_column css=&#8221;.vc_custom_1589920029564{margin-bottom: 0px !important;}&#8221; offset=&#8221;vc_hidden-sm vc_hidden-xs&#8221;][vc_custom_heading text=&#8221;&#8221; font_container=&#8221;tag:h1|text_align:left&#8221; use_theme_fonts=&#8221;yes&#8221; css=&#8221;.vc_custom_1633074138935{background-image: url(http:\/\/www.euroschool.lu\/site\/wp-content\/uploads\/2021\/06\/coordinateur.jpg?id=11603) !important;background-position: center !important;background-repeat: no-repeat !important;background-size: cover !important;}&#8221; el_class=&#8221;custom-header&#8221;][\/vc_column][\/vc_row][vc_row full_width=&#8221;stretch_row_content_no_spaces&#8221; css=&#8221;.vc_custom_1611767283046{margin-bottom: 0px !important;}&#8221;][vc_column css=&#8221;.vc_custom_1589920591194{margin-bottom: 0px !important;}&#8221; offset=&#8221;vc_hidden-lg vc_hidden-md&#8221;][vc_custom_heading text=&#8221;&#8221; font_container=&#8221;tag:h1|text_align:left&#8221; use_theme_fonts=&#8221;yes&#8221; css=&#8221;.vc_custom_1633337822113{background-image: url(http:\/\/www.euroschool.lu\/site\/wp-content\/uploads\/2021\/06\/coordinateur.jpg?id=11603) !important;background-position: center !important;background-repeat: no-repeat !important;background-size: cover !important;}&#8221; el_class=&#8221;custom-header-mob&#8221;][\/vc_column][\/vc_row][vc_row el_class=&#8221;main-box&#8221;][vc_column width=&#8221;1\/5&#8243; offset=&#8221;vc_hidden-md vc_hidden-sm vc_hidden-xs&#8221; el_class=&#8221;sidebar-menu&#8221;][vc_widget_sidebar sidebar_id=&#8221;sidebar-sidebar-menu-sec-en&#8221; el_class=&#8221;sidebar-menu-sec&#8221;][\/vc_column][vc_column width=&#8221;4\/5&#8243; el_class=&#8221;main-column&#8221;][vc_column_text el_class=&#8221;page-title&#8221;]<\/p>\n<h1>Secondary : Work Experience 2025-2026<\/h1>\n<p>[\/vc_column_text][vc_column_text el_class=&#8221;hide&#8221;]The information about the Work Experience project will be published in due course.[\/vc_column_text][vc_row_inner][vc_column_inner width=&#8221;1\/2&#8243;][\/vc_column_inner][vc_column_inner width=&#8221;1\/2&#8243;][vc_btn title=&#8221;Contact the WEX programme coordinator&#8221; style=&#8221;classic&#8221; color=&#8221;sky&#8221; align=&#8221;right&#8221; i_type=&#8221;linecons&#8221; i_icon_linecons=&#8221;vc_li vc_li-mail&#8221; add_icon=&#8221;true&#8221; link=&#8221;url:mailto%3Anasseira.lainseur%40eursc.eu|||&#8221;][vc_separator][\/vc_column_inner][\/vc_row_inner][vc_column_text]This year, a major educational initiative is being introduced in the European Schools system. A new framework, outlined in document <em>2024-01-D-33-en-2<\/em> titled <strong>Framework for Work Experience (WEX) and Citizenship Action for All Programme (CAAP)<\/strong>, requires all European School students to complete at least one of the two programmes\u2014CAAP or WEX\u2014by the end of S6.<\/p>\n<p>While completing one of these programmes is mandatory, we strongly encourage students and their families to consider participating in both. These initiatives aim to develop students&#8217; social and professional skills, preparing them for the challenges of active citizenship and the professional world.<\/p>\n<p>Here you will find the necessary documents regarding the work experience programme.[\/vc_column_text][vc_row_inner][vc_column_inner][vc_btn title=&#8221;Informations aux parents et aux \u00e9l\u00e8ves S6 &#8211; stages 2026 (FR)&#8221; style=&#8221;classic&#8221; color=&#8221;sky&#8221; align=&#8221;left&#8221; i_icon_fontawesome=&#8221;fa fa-file-text-o&#8221; css=&#8221;.vc_custom_1760874136763{margin-top: 0px !important;margin-right: 0px !important;margin-bottom: 5px !important;margin-left: 0px !important;padding-top: 0px !important;padding-right: 0px !important;padding-bottom: 0px !important;padding-left: 0px !important;}&#8221; button_block=&#8221;true&#8221; add_icon=&#8221;true&#8221; link=&#8221;url:https%3A%2F%2Fwww.euroschool.lu%2Fsite%2Fwp-content%2Fuploads%2F2025%2F10%2Finformations-aux-parents-et-aux-eleves-S6-stages-2026-FR.pdf||target:%20_blank|&#8221;][vc_btn title=&#8221;Informations aux parents et aux \u00e9l\u00e8ves S6 &#8211; stages 2026 (EN)&#8221; style=&#8221;classic&#8221; color=&#8221;sky&#8221; align=&#8221;left&#8221; i_icon_fontawesome=&#8221;fa fa-file-text-o&#8221; css=&#8221;.vc_custom_1760874156050{margin-top: 0px !important;margin-right: 0px !important;margin-bottom: 5px !important;margin-left: 0px !important;padding-top: 0px !important;padding-right: 0px !important;padding-bottom: 0px !important;padding-left: 0px !important;}&#8221; button_block=&#8221;true&#8221; add_icon=&#8221;true&#8221; link=&#8221;url:https%3A%2F%2Fwww.euroschool.lu%2Fsite%2Fwp-content%2Fuploads%2F2025%2F10%2Finformations-aux-parents-et-aux-eleves-S6-stages-en-entreprise-EN.pdf||target:%20_blank|&#8221;][vc_btn title=&#8221;Informations aux parents et aux \u00e9l\u00e8ves S6 &#8211; stages 2026 (DE)&#8221; style=&#8221;classic&#8221; color=&#8221;sky&#8221; align=&#8221;left&#8221; i_icon_fontawesome=&#8221;fa fa-file-text-o&#8221; css=&#8221;.vc_custom_1760874204652{margin-top: 0px !important;margin-right: 0px !important;margin-bottom: 5px !important;margin-left: 0px !important;padding-top: 0px !important;padding-right: 0px !important;padding-bottom: 0px !important;padding-left: 0px !important;}&#8221; button_block=&#8221;true&#8221; add_icon=&#8221;true&#8221; link=&#8221;url:https%3A%2F%2Fwww.euroschool.lu%2Fsite%2Fwp-content%2Fuploads%2F2025%2F10%2FStage-en-entreprise-Lettre-aux-parents-et-aux-eleves-S6-DE-1.pdf||target:%20_blank|&#8221;][vc_separator css=&#8221;.vc_custom_1739455889942{margin-top: 10px !important;margin-bottom: 10px !important;}&#8221;][vc_btn title=&#8221;El\u00e9ments sur la couverture d&#8217;assurance (FR)&#8221; style=&#8221;classic&#8221; color=&#8221;sky&#8221; align=&#8221;left&#8221; i_icon_fontawesome=&#8221;fa fa-regular fa-file-lines&#8221; css=&#8221;.vc_custom_1767714196847{margin-top: 0px !important;margin-right: 0px !important;margin-bottom: 5px !important;margin-left: 0px !important;padding-top: 0px !important;padding-right: 0px !important;padding-bottom: 0px !important;padding-left: 0px !important;}&#8221; button_block=&#8221;true&#8221; add_icon=&#8221;true&#8221; link=&#8221;url:https%3A%2F%2Fwww.euroschool.lu%2Fsite%2Fwp-content%2Fuploads%2F2026%2F01%2FAnnexe-Elements-sur-la-couverture-dassurance-FR.pdf|target:_blank&#8221;][vc_btn title=&#8221;Elements of Insurance Coverage (EN)&#8221; style=&#8221;classic&#8221; color=&#8221;sky&#8221; align=&#8221;left&#8221; i_icon_fontawesome=&#8221;fa fa-regular fa-file-lines&#8221; css=&#8221;.vc_custom_1767714213274{margin-top: 0px !important;margin-right: 0px !important;margin-bottom: 5px !important;margin-left: 0px !important;padding-top: 0px !important;padding-right: 0px !important;padding-bottom: 0px !important;padding-left: 0px !important;}&#8221; button_block=&#8221;true&#8221; add_icon=&#8221;true&#8221; link=&#8221;url:https%3A%2F%2Fwww.euroschool.lu%2Fsite%2Fwp-content%2Fuploads%2F2026%2F01%2FAppendix-Elements-of-Insurance-Coverage.pdf|target:_blank&#8221;][vc_btn title=&#8221;Bestandteile des Versicherungsschutzes (DE)&#8221; style=&#8221;classic&#8221; color=&#8221;sky&#8221; align=&#8221;left&#8221; i_icon_fontawesome=&#8221;fa fa-regular fa-file-lines&#8221; css=&#8221;.vc_custom_1767714230399{margin-top: 0px !important;margin-right: 0px !important;margin-bottom: 5px !important;margin-left: 0px !important;padding-top: 0px !important;padding-right: 0px !important;padding-bottom: 0px !important;padding-left: 0px !important;}&#8221; button_block=&#8221;true&#8221; add_icon=&#8221;true&#8221; link=&#8221;url:https%3A%2F%2Fwww.euroschool.lu%2Fsite%2Fwp-content%2Fuploads%2F2026%2F01%2FAppendix-Bestandteile-des-Versicherungsschutzes.pdf|target:_blank&#8221;][vc_separator css=&#8221;.vc_custom_1739455889942{margin-top: 10px !important;margin-bottom: 10px !important;}&#8221;][vc_btn title=&#8221;D\u00e9claration de confidentialit\u00e9 &#8211; WEX (FR)&#8221; style=&#8221;classic&#8221; color=&#8221;sky&#8221; align=&#8221;left&#8221; i_icon_fontawesome=&#8221;fa fa-file-text-o&#8221; css=&#8221;.vc_custom_1747238592528{margin-top: 0px !important;margin-right: 0px !important;margin-bottom: 5px !important;margin-left: 0px !important;padding-top: 0px !important;padding-right: 0px !important;padding-bottom: 0px !important;padding-left: 0px !important;}&#8221; button_block=&#8221;true&#8221; add_icon=&#8221;true&#8221; link=&#8221;url:https%3A%2F%2Fwww.euroschool.lu%2Fsite%2Fwp-content%2Fuploads%2F2025%2F01%2FDeclaration-de-confidentialite-WEX-et-CAAP-FR.pdf||target:%20_blank|&#8221;][vc_btn title=&#8221;Privacy Statement &#8211; WEX (EN)&#8221; style=&#8221;classic&#8221; color=&#8221;sky&#8221; align=&#8221;left&#8221; i_icon_fontawesome=&#8221;fa fa-file-text-o&#8221; css=&#8221;.vc_custom_1747238602903{margin-top: 0px !important;margin-right: 0px !important;margin-bottom: 5px !important;margin-left: 0px !important;padding-top: 0px !important;padding-right: 0px !important;padding-bottom: 0px !important;padding-left: 0px !important;}&#8221; button_block=&#8221;true&#8221; add_icon=&#8221;true&#8221; link=&#8221;url:https%3A%2F%2Fwww.euroschool.lu%2Fsite%2Fwp-content%2Fuploads%2F2025%2F01%2FPrivacy-Statement-WEX-and-CAAP-EN.pdf||target:%20_blank|&#8221;][vc_btn title=&#8221;Datenschutzerklarung &#8211; WEX (DE)&#8221; style=&#8221;classic&#8221; color=&#8221;sky&#8221; align=&#8221;left&#8221; i_icon_fontawesome=&#8221;fa fa-file-text-o&#8221; css=&#8221;.vc_custom_1747238663341{margin-top: 0px !important;margin-right: 0px !important;margin-bottom: 5px !important;margin-left: 0px !important;padding-top: 0px !important;padding-right: 0px !important;padding-bottom: 0px !important;padding-left: 0px !important;}&#8221; button_block=&#8221;true&#8221; add_icon=&#8221;true&#8221; link=&#8221;url:https%3A%2F%2Fwww.euroschool.lu%2Fsite%2Fwp-content%2Fuploads%2F2025%2F05%2FCAAP-WEX-Datenschutzerklarung-CAAP-DE.pdf||target:%20_blank|&#8221;][vc_separator css=&#8221;.vc_custom_1739455889942{margin-top: 10px !important;margin-bottom: 10px !important;}&#8221;][vc_btn title=&#8221;Convention WEX &#8211; Adapt\u00e9 droit luxembourgeois &#8211; Activit\u00e9s au Grand-Duch\u00e9 de Luxembourg (FR)&#8221; style=&#8221;classic&#8221; color=&#8221;sky&#8221; align=&#8221;left&#8221; i_icon_fontawesome=&#8221;fa fa-regular fa-file-lines&#8221; css=&#8221;.vc_custom_1770390615506{margin-top: 0px !important;margin-right: 0px !important;margin-bottom: 5px !important;margin-left: 0px !important;padding-top: 0px !important;padding-right: 0px !important;padding-bottom: 0px !important;padding-left: 0px !important;}&#8221; button_block=&#8221;true&#8221; add_icon=&#8221;true&#8221; link=&#8221;url:https%3A%2F%2Fwww.euroschool.lu%2Fsite%2Fwp-content%2Fuploads%2F2026%2F02%2FWEX-Convention-Lux-FR_-V2.pdf|target:_blank&#8221;][vc_btn title=&#8221;WEX Agreement &#8211; Activities in Lux (EN)&#8221; style=&#8221;classic&#8221; color=&#8221;sky&#8221; align=&#8221;left&#8221; i_icon_fontawesome=&#8221;fa fa-regular fa-file-lines&#8221; css=&#8221;.vc_custom_1767714267337{margin-top: 0px !important;margin-right: 0px !important;margin-bottom: 5px !important;margin-left: 0px !important;padding-top: 0px !important;padding-right: 0px !important;padding-bottom: 0px !important;padding-left: 0px !important;}&#8221; button_block=&#8221;true&#8221; add_icon=&#8221;true&#8221; link=&#8221;url:https%3A%2F%2Fwww.euroschool.lu%2Fsite%2Fwp-content%2Fuploads%2F2026%2F01%2FWEX-Agreement-Lux-EN.pdf|target:_blank&#8221;][vc_btn title=&#8221;Konvention WEX innerhalb (DE)&#8221; style=&#8221;classic&#8221; color=&#8221;sky&#8221; align=&#8221;left&#8221; i_icon_fontawesome=&#8221;fa fa-regular fa-file-lines&#8221; css=&#8221;.vc_custom_1768817903152{margin-top: 0px !important;margin-right: 0px !important;margin-bottom: 5px !important;margin-left: 0px !important;padding-top: 0px !important;padding-right: 0px !important;padding-bottom: 0px !important;padding-left: 0px !important;}&#8221; button_block=&#8221;true&#8221; add_icon=&#8221;true&#8221; link=&#8221;url:https%3A%2F%2Fwww.euroschool.lu%2Fsite%2Fwp-content%2Fuploads%2F2026%2F01%2FKonvention-WEX-innerhalb-LUX-DE-V2.pdf|target:_blank&#8221;][vc_separator css=&#8221;.vc_custom_1739455889942{margin-top: 10px !important;margin-bottom: 10px !important;}&#8221;][vc_btn title=&#8221;Convention WEX &#8211; Pour activit\u00e9s en dehors du Grand-Duch\u00e9 de Luxembourg (FR)&#8221; style=&#8221;classic&#8221; color=&#8221;sky&#8221; align=&#8221;left&#8221; i_icon_fontawesome=&#8221;fa fa-regular fa-file-lines&#8221; css=&#8221;.vc_custom_1767714286608{margin-top: 0px !important;margin-right: 0px !important;margin-bottom: 5px !important;margin-left: 0px !important;padding-top: 0px !important;padding-right: 0px !important;padding-bottom: 0px !important;padding-left: 0px !important;}&#8221; button_block=&#8221;true&#8221; add_icon=&#8221;true&#8221; link=&#8221;url:https%3A%2F%2Fwww.euroschool.lu%2Fsite%2Fwp-content%2Fuploads%2F2026%2F01%2FWEX-Convention-Activites-en-dehors-du-Lux.pdf|target:_blank&#8221;][vc_btn title=&#8221;WEX Agreement &#8211; Activities outside Luxembourg (EN)&#8221; style=&#8221;classic&#8221; color=&#8221;sky&#8221; align=&#8221;left&#8221; i_icon_fontawesome=&#8221;fa fa-regular fa-file-lines&#8221; css=&#8221;.vc_custom_1767714303693{margin-top: 0px !important;margin-right: 0px !important;margin-bottom: 5px !important;margin-left: 0px !important;padding-top: 0px !important;padding-right: 0px !important;padding-bottom: 0px !important;padding-left: 0px !important;}&#8221; button_block=&#8221;true&#8221; add_icon=&#8221;true&#8221; link=&#8221;url:https%3A%2F%2Fwww.euroschool.lu%2Fsite%2Fwp-content%2Fuploads%2F2026%2F01%2FWEX-Agreement-outside-Luxembourg-EN.pdf|target:_blank&#8221;][vc_btn title=&#8221;Konvention WEX ausserhalb (DE)&#8221; style=&#8221;classic&#8221; color=&#8221;sky&#8221; align=&#8221;left&#8221; i_icon_fontawesome=&#8221;fa fa-regular fa-file-lines&#8221; css=&#8221;.vc_custom_1768818006657{margin-top: 0px !important;margin-right: 0px !important;margin-bottom: 5px !important;margin-left: 0px !important;padding-top: 0px !important;padding-right: 0px !important;padding-bottom: 0px !important;padding-left: 0px !important;}&#8221; button_block=&#8221;true&#8221; add_icon=&#8221;true&#8221; link=&#8221;url:https%3A%2F%2Fwww.euroschool.lu%2Fsite%2Fwp-content%2Fuploads%2F2026%2F01%2FKonvention-WEX-ausserhalb-LUX-DE-V2.pdf|target:_blank&#8221;][vc_separator css=&#8221;.vc_custom_1739455889942{margin-top: 10px !important;margin-bottom: 10px !important;}&#8221;][vc_btn title=&#8221;Lettre de recommandation (FR)&#8221; style=&#8221;classic&#8221; color=&#8221;sky&#8221; align=&#8221;left&#8221; i_icon_fontawesome=&#8221;fa fa-file-text-o&#8221; css=&#8221;.vc_custom_1760874258742{margin-top: 0px !important;margin-right: 0px !important;margin-bottom: 5px !important;margin-left: 0px !important;padding-top: 0px !important;padding-right: 0px !important;padding-bottom: 0px !important;padding-left: 0px !important;}&#8221; button_block=&#8221;true&#8221; add_icon=&#8221;true&#8221; link=&#8221;url:https%3A%2F%2Fwww.euroschool.lu%2Fsite%2Fwp-content%2Fuploads%2F2025%2F10%2FLettre-de-recommandation-FR-2026.pdf||target:%20_blank|&#8221;][vc_btn title=&#8221;Lettre de recommandation (EN)&#8221; style=&#8221;classic&#8221; color=&#8221;sky&#8221; align=&#8221;left&#8221; i_icon_fontawesome=&#8221;fa fa-file-text-o&#8221; css=&#8221;.vc_custom_1760874271155{margin-top: 0px !important;margin-right: 0px !important;margin-bottom: 5px !important;margin-left: 0px !important;padding-top: 0px !important;padding-right: 0px !important;padding-bottom: 0px !important;padding-left: 0px !important;}&#8221; button_block=&#8221;true&#8221; add_icon=&#8221;true&#8221; link=&#8221;url:https%3A%2F%2Fwww.euroschool.lu%2Fsite%2Fwp-content%2Fuploads%2F2025%2F10%2FLettre-de-recommandation-EN-2026.pdf||target:%20_blank|&#8221;][vc_btn title=&#8221;Lettre de recommandation (DE)&#8221; style=&#8221;classic&#8221; color=&#8221;sky&#8221; align=&#8221;left&#8221; i_icon_fontawesome=&#8221;fa fa-file-text-o&#8221; css=&#8221;.vc_custom_1760874284764{margin-top: 0px !important;margin-right: 0px !important;margin-bottom: 5px !important;margin-left: 0px !important;padding-top: 0px !important;padding-right: 0px !important;padding-bottom: 0px !important;padding-left: 0px !important;}&#8221; button_block=&#8221;true&#8221; add_icon=&#8221;true&#8221; link=&#8221;url:https%3A%2F%2Fwww.euroschool.lu%2Fsite%2Fwp-content%2Fuploads%2F2025%2F10%2FLettre-de-recommandation-DE-2026.pdf||target:%20_blank|&#8221;][vc_separator css=&#8221;.vc_custom_1739455889942{margin-top: 10px !important;margin-bottom: 10px !important;}&#8221;][vc_btn title=&#8221;Le rapport de stage : indications de contenu et de pr\u00e9sentation (FR)&#8221; style=&#8221;classic&#8221; color=&#8221;sky&#8221; align=&#8221;left&#8221; i_icon_fontawesome=&#8221;fa fa-file-text-o&#8221; css=&#8221;.vc_custom_1760874313417{margin-top: 0px !important;margin-right: 0px !important;margin-bottom: 5px !important;margin-left: 0px !important;padding-top: 0px !important;padding-right: 0px !important;padding-bottom: 0px !important;padding-left: 0px !important;}&#8221; button_block=&#8221;true&#8221; add_icon=&#8221;true&#8221; link=&#8221;url:https%3A%2F%2Fwww.euroschool.lu%2Fsite%2Fwp-content%2Fuploads%2F2025%2F10%2Fconsignes-rapport-stage_FR.pdf||target:%20_blank|&#8221;][vc_btn title=&#8221;The internship report: guidelines for content and presentation (EN)&#8221; style=&#8221;classic&#8221; color=&#8221;sky&#8221; align=&#8221;left&#8221; i_icon_fontawesome=&#8221;fa fa-file-text-o&#8221; css=&#8221;.vc_custom_1760874325874{margin-top: 0px !important;margin-right: 0px !important;margin-bottom: 5px !important;margin-left: 0px !important;padding-top: 0px !important;padding-right: 0px !important;padding-bottom: 0px !important;padding-left: 0px !important;}&#8221; button_block=&#8221;true&#8221; add_icon=&#8221;true&#8221; link=&#8221;url:https%3A%2F%2Fwww.euroschool.lu%2Fsite%2Fwp-content%2Fuploads%2F2025%2F10%2FThe-internship-report_-EN.pdf||target:%20_blank|&#8221;][\/vc_column_inner][\/vc_row_inner][\/vc_column][\/vc_row][vc_row][vc_column][vc_empty_space height=&#8221;20&#8243;][\/vc_column][\/vc_row]<\/p>\n<\/div>","protected":false},"excerpt":{"rendered":"<p>[vc_row full_width=&#8221;stretch_row_content_no_spaces&#8221; css=&#8221;.vc_custom_1611767278898{margin-bottom: 0px !important;}&#8221;][vc_column css=&#8221;.vc_custom_1589920029564{margin-bottom: 0px !important;}&#8221; offset=&#8221;vc_hidden-sm vc_hidden-xs&#8221;][vc_custom_heading text=&#8221;&#8221; font_container=&#8221;tag:h1|text_align:left&#8221; use_theme_fonts=&#8221;yes&#8221; css=&#8221;.vc_custom_1633074138935{background-image: url(http:\/\/www.euroschool.lu\/site\/wp-content\/uploads\/2021\/06\/coordinateur.jpg?id=11603)<span class=\"excerpt-hellip\"> [\u2026]<\/span><\/p>\n","protected":false},"author":1,"featured_media":-1,"parent":0,"menu_order":0,"comment_status":"closed","ping_status":"closed","template":"","meta":{"footnotes":""},"categories":[54],"class_list":["post-13272","page","type-page","status-publish","has-post-thumbnail","hentry","category-_page-sec-en"],"_links":{"self":[{"href":"https:\/\/www.euroschool.lu\/site\/wp-json\/wp\/v2\/pages\/13272","targetHints":{"allow":["GET"]}}],"collection":[{"href":"https:\/\/www.euroschool.lu\/site\/wp-json\/wp\/v2\/pages"}],"about":[{"href":"https:\/\/www.euroschool.lu\/site\/wp-json\/wp\/v2\/types\/page"}],"author":[{"embeddable":true,"href":"https:\/\/www.euroschool.lu\/site\/wp-json\/wp\/v2\/users\/1"}],"replies":[{"embeddable":true,"href":"https:\/\/www.euroschool.lu\/site\/wp-json\/wp\/v2\/comments?post=13272"}],"version-history":[{"count":42,"href":"https:\/\/www.euroschool.lu\/site\/wp-json\/wp\/v2\/pages\/13272\/revisions"}],"predecessor-version":[{"id":20679,"href":"https:\/\/www.euroschool.lu\/site\/wp-json\/wp\/v2\/pages\/13272\/revisions\/20679"}],"wp:featuredmedia":[{"embeddable":true,"href":"https:\/\/www.euroschool.lu\/site\/wp-json\/"}],"wp:attachment":[{"href":"https:\/\/www.euroschool.lu\/site\/wp-json\/wp\/v2\/media?parent=13272"}],"wp:term":[{"taxonomy":"category","embeddable":true,"href":"https:\/\/www.euroschool.lu\/site\/wp-json\/wp\/v2\/categories?post=13272"}],"curies":[{"name":"wp","href":"https:\/\/api.w.org\/{rel}","templated":true}]}}