{"id":12849,"date":"2021-07-28T16:39:12","date_gmt":"2021-07-28T14:39:12","guid":{"rendered":"http:\/\/www.euroschool.lu\/site\/?page_id=12849"},"modified":"2025-09-13T20:24:47","modified_gmt":"2025-09-13T18:24:47","slug":"kindergarten-und-grundschule-uebergang-kin-gru-sek","status":"publish","type":"page","link":"https:\/\/www.euroschool.lu\/site\/de\/kindergarten-und-grundschule-uebergang-kin-gru-sek\/","title":{"rendered":"Kindergarten und Grundschule : \u00dcbergang Kindergarten \u2013 Grundschule &#8211; Sekundarstufe"},"content":{"rendered":"<div class=\"wpb-content-wrapper\"><p>[vc_row full_width=&#8221;stretch_row_content_no_spaces&#8221; css=&#8221;.vc_custom_1589920007717{margin-bottom: 0px !important;}&#8221;][vc_column css=&#8221;.vc_custom_1589920029564{margin-bottom: 0px !important;}&#8221; offset=&#8221;vc_hidden-sm vc_hidden-xs&#8221;][vc_custom_heading text=&#8221;&#8221; font_container=&#8221;tag:h1|text_align:left&#8221; use_theme_fonts=&#8221;yes&#8221; el_class=&#8221;custom-header&#8221; css=&#8221;.vc_custom_1625826199871{background-image: url(http:\/\/www.euroschool.lu\/site\/wp-content\/uploads\/2021\/07\/Nurs_Prim_transition.jpg?id=12527) !important;background-position: center !important;background-repeat: no-repeat !important;background-size: cover !important;}&#8221;][\/vc_column][\/vc_row][vc_row full_width=&#8221;stretch_row_content_no_spaces&#8221; css=&#8221;.vc_custom_1589920007717{margin-bottom: 0px !important;}&#8221;][vc_column css=&#8221;.vc_custom_1589920591194{margin-bottom: 0px !important;}&#8221; offset=&#8221;vc_hidden-lg vc_hidden-md&#8221;][vc_custom_heading text=&#8221;&#8221; font_container=&#8221;tag:h1|text_align:left&#8221; use_theme_fonts=&#8221;yes&#8221; el_class=&#8221;custom-header-mob&#8221; css=&#8221;.vc_custom_1625826407212{background-image: url(http:\/\/www.euroschool.lu\/site\/wp-content\/uploads\/2021\/07\/Nurs_Prim_transition.jpg?id=12527) !important;background-position: center !important;background-repeat: no-repeat !important;background-size: cover !important;}&#8221;][\/vc_column][\/vc_row][vc_row el_class=&#8221;main-box&#8221;][vc_column width=&#8221;1\/5&#8243; offset=&#8221;vc_hidden-md vc_hidden-sm vc_hidden-xs&#8221; el_class=&#8221;sidebar-menu&#8221;][vc_widget_sidebar sidebar_id=&#8221;sidebar-sidebar-menu-nurpri-de&#8221; el_class=&#8221;sidebar-menu-nurpri&#8221;][\/vc_column][vc_column width=&#8221;4\/5&#8243; el_class=&#8221;main-column&#8221;][vc_column_text el_class=&#8221;page-title&#8221;]<\/p>\n<h1>Kindergarten und Grundschule : \u00dcbergang Kindergarten &#8211; Grundschule &#8211; Sekundarstufe<\/h1>\n<p>[\/vc_column_text][vc_column_text]<span data-contrast=\"auto\">Der \u00dcbergang von einem Schulzyklus zum n\u00e4chsten (Kindergarten \u2013 Grundschule\/Grundschule\/<\/span><span data-contrast=\"auto\">Sekundarschule) stellt f\u00fcr die Sch\u00fclerinnen und Sch\u00fcler ein grosse Herausforderung dar. Einerseits sind die Freude \u00fcber den n\u00e4chsten Schritt und die damit verbundene Erwartungshaltung gross, andererseits bedeutet es aber auch eine gewisse Unsicherheit und Ungewissheit.<\/span><span data-ccp-props=\"{&quot;201341983&quot;:0,&quot;335559739&quot;:160,&quot;335559740&quot;:257}\">\u00a0<\/span><\/p>\n<p><span data-contrast=\"auto\">Es ist Aufgabe der Schule als auch der Eltern, daf\u00fcr Sorge zu tragen, dass dieser \u00dcbergang m\u00f6glichst sanft und ohne Schwierigkeiten verl\u00e4uft.<\/span><span data-ccp-props=\"{&quot;201341983&quot;:0,&quot;335559739&quot;:160,&quot;335559740&quot;:257}\">\u00a0<\/span>[\/vc_column_text][vc_btn title=&#8221;Siehe auch : Framework for school-specific guidelines for transition nursery\/primary\/secondary&#8221; style=&#8221;classic&#8221; color=&#8221;sky&#8221; align=&#8221;left&#8221; i_icon_fontawesome=&#8221;fa fa-file-text-o&#8221; add_icon=&#8221;true&#8221; link=&#8221;url:https%3A%2F%2Fwww.eursc.eu%2FBasicTexts%2F2015-09-D-41-en-2.pdf||target:%20_blank|&#8221;][vc_text_separator title=&#8221;\u00dcbergang Kindergarten &#8211; Grundschule&#8221; title_align=&#8221;separator_align_left&#8221; color=&#8221;custom&#8221; border_width=&#8221;2&#8243; accent_color=&#8221;rgba(25,46,91,0.5)&#8221; el_class=&#8221;line-separator&#8221;][vc_column_text]<span data-contrast=\"auto\">Es ist wichtig, die Kindergartenkinder schonend auf den Eintritt in P1 vorzubereiten.<\/span><span data-ccp-props=\"{&quot;201341983&quot;:0,&quot;335559739&quot;:160,&quot;335559740&quot;:257}\">\u00a0<\/span><\/p>\n<p><span data-contrast=\"auto\">Daher werden viele Aktivit\u00e4ten und der Austausch zwischen Lehrern im Kindergarten und in den Grundschulen organisiert, um junge Sch\u00fcler mit ihrer neuen Klasse in der Grundschule vertraut zu machen.\u00a0<\/span><span data-ccp-props=\"{&quot;201341983&quot;:0,&quot;335559739&quot;:160,&quot;335559740&quot;:257}\">\u00a0<\/span><\/p>\n<p><span data-contrast=\"auto\">Ein Besuch der Grundschule wird w\u00e4hrend des ganzen Schuljahres organisiert, um die verschiedenen R\u00e4umlichkeiten und den Spielplatz zu entdecken.<\/span><span data-ccp-props=\"{&quot;201341983&quot;:0,&quot;335559739&quot;:160,&quot;335559740&quot;:257}\">\u00a0<\/span><\/p>\n<p><span data-contrast=\"auto\">Verschiedene Workshops (Sport, Kunst- und Handarbeit, Kochen, Plattenentdeckungen, Lernspiele usw.) zu verschiedenen Zeiten des Jahres werden auch den Kindergartensch\u00fclern angeboten, damit sie eine konkretere Vorstellung davon bekommen, wie die Grundschule funktioniert und damit sie sich ein positives und einladendes Bild von der neuen Schule machen k\u00f6nnen.<\/span><span data-ccp-props=\"{&quot;201341983&quot;:0,&quot;335559739&quot;:160,&quot;335559740&quot;:257}\">\u00a0<\/span><\/p>\n<p><span data-contrast=\"auto\">Auch das Treffen mit den Grundschullehrern ist wichtig, damit die Kinder unter bestm\u00f6glichen Bedingungen Kontakte kn\u00fcpfen und im September die Schule beginnen k\u00f6nnen.<\/span><span data-ccp-props=\"{&quot;201341983&quot;:0,&quot;335559739&quot;:160,&quot;335559740&quot;:257}\">\u00a0<\/span>[\/vc_column_text][vc_text_separator title=&#8221;\u00dcbergang P5 &#8211; S1&#8243; title_align=&#8221;separator_align_left&#8221; color=&#8221;custom&#8221; border_width=&#8221;2&#8243; accent_color=&#8221;rgba(25,46,91,0.5)&#8221; el_class=&#8221;line-separator&#8221;][vc_column_text]<span data-contrast=\"auto\">Hier finden Sie einen \u00dcberblick \u00fcber die wichtigsten Aktivit\u00e4ten, die den \u00dcbergang der Sch\u00fcler von der Grundschule zur weiterf\u00fchrenden Schule erleichtern sollen.<\/span><span data-ccp-props=\"{&quot;201341983&quot;:0,&quot;335559739&quot;:160,&quot;335559740&quot;:257}\">\u00a0<\/span><\/p>\n<p>&nbsp;<\/p>\n<h3><span data-contrast=\"auto\">1) Harmonisierung der Klassengruppen der Sprachsektion\u00a0<\/span><span data-ccp-props=\"{&quot;201341983&quot;:0,&quot;335559739&quot;:160,&quot;335559740&quot;:257}\">\u00a0<\/span><\/h3>\n<p><span data-contrast=\"auto\">Der Koordinator des P5-Zyklus wird vor Ende Februar die Liste der Sch\u00fcler pro Klasse \u00fcbermitteln (Bildung der Gruppen A, B, C der Sprachabteilungen mit einer hohen Bev\u00f6lkerungszahl) &#8211; Die Kriterien f\u00fcr die Bildung dieser Gruppen Klasse A, B (eventuell C) sind die folgenden<\/span><span data-ccp-props=\"{&quot;201341983&quot;:0,&quot;335559739&quot;:160,&quot;335559740&quot;:257}\">\u00a0<\/span><\/p>\n<ul>\n<li><span data-contrast=\"auto\">Ausgewogene Verteilung von M\u00e4dchen und Jungen<\/span><span data-ccp-props=\"{&quot;201341983&quot;:0,&quot;335559739&quot;:160,&quot;335559740&quot;:257}\">\u00a0<\/span><\/li>\n<li><span data-contrast=\"auto\">Um Kinder mit einer guten Kompatibilit\u00e4t untereinander zu gruppieren<\/span><span data-ccp-props=\"{&quot;201341983&quot;:0,&quot;335559739&quot;:160,&quot;335559740&quot;:257}\">\u00a0<\/span><\/li>\n<li><span data-contrast=\"auto\">Versuchen Sie, das Niveau der Sch\u00fcler in einer Gruppe zu homogenisieren<\/span><\/li>\n<\/ul>\n<p>&nbsp;<\/p>\n<h3><span data-contrast=\"auto\">2) Harmonisierung der Sprachgruppen L2\/L3\u00a0<\/span><span data-ccp-props=\"{&quot;201341983&quot;:0,&quot;335559739&quot;:160,&quot;335559740&quot;:257}\">\u00a0<\/span><\/h3>\n<p><span data-contrast=\"auto\">Der Koordinator des Zyklus S1 verpflichtet sich, die Sprachgruppen L2\/L3 nach den festgelegten Kriterien zu bilden\u00a0<\/span><span data-ccp-props=\"{&quot;201341983&quot;:0,&quot;335559739&quot;:160,&quot;335559740&quot;:257}\">\u00a0<\/span><\/p>\n<p><span data-contrast=\"auto\">(Anzahl der Kinder pro Gruppe &#8211; Verh\u00e4ltnis M\u00e4dchen\/Jungen &#8211; Ausgewogenheit der Anzahl der Sch\u00fcler jeder Sektion pro Gruppe &#8211; mindestens 2 Sch\u00fcler der gleichen Sprachsektion pro Gruppe &#8211; Ausgewogenheit der Anzahl SWALS pro Gruppe &#8211; Ausgewogenheit der Anzahl ISA pro Gruppe &#8211; Ausgewogenheit der Anzahl neuer Sch\u00fcler pro Gruppe&#8230; Die \u00dcberarbeitung der L2\/L3-Gruppen durch die P5-Lehrer sollte idealerweise bis Ende Juni abgeschlossen sein (Einf\u00fchrung der neu angemeldeten Sch\u00fcler in den Gruppen).\u00a0<\/span><span data-ccp-props=\"{&quot;201341983&quot;:0,&quot;335559739&quot;:160,&quot;335559740&quot;:257}\">\u00a0<\/span><\/p>\n<p>&nbsp;<\/p>\n<h3><span data-contrast=\"auto\">3) Teilnahme von S1s an einer Sekundarschulklasse\u00a0<\/span><span data-ccp-props=\"{&quot;201341983&quot;:0,&quot;335559739&quot;:160,&quot;335559740&quot;:257}\">\u00a0<\/span><\/h3>\n<p><span data-contrast=\"auto\">Von April bis Juni besuchen P5-Sch\u00fcler, nach Sprachabteilungen geordnet, Klassen der Sekundarschule und nehmen an einigen Unterrichtsstunden f\u00fcr mindestens zwei Perioden + 1 Periode f\u00fcr die F\u00fchrung teil &#8211; Dieses Treffen wird vom nationalen Vertreter der Sekundarschule in Absprache mit den Lehrern, die f\u00fcr die Teilnahme an dieser Aktion zur Verf\u00fcgung stehen, und dem S1-Bildungsberater f\u00fcr die F\u00fchrung organisiert. <\/span><span data-ccp-props=\"{&quot;201341983&quot;:0,&quot;335559739&quot;:160,&quot;335559740&quot;:257}\">\u00a0<\/span><\/p>\n<p>&nbsp;<\/p>\n<h3><span data-contrast=\"auto\">4) Besuch von zwei S1-Sch\u00fclern in einer P5-Klasse\u00a0<\/span><span data-ccp-props=\"{&quot;201341983&quot;:0,&quot;335559739&quot;:160,&quot;335559740&quot;:257}\">\u00a0<\/span><\/h3>\n<p><span data-contrast=\"auto\">Ein Junge und ein M\u00e4dchen aus jeder S1-Sprachabteilungsklasse besuchen die entsprechende P5-Sprachabteilungsklasse im Beisein des S1-Bildungsberaters &#8211; Power-Point-Pr\u00e4sentation \u00fcber die Unterschiede zwischen P5 und S1 und Fragerunde mit den P5-Sch\u00fclern \u00fcber das Abenteuer des Eintritts in die S1 und wie dieses erste Jahr der Sekundarschulerfahrung und Anpassung f\u00fcr sie war. Diese Besprechung dauert durchschnittlich 35 Minuten. Die Organisation dieses Besuchs wird nach den Zeitpl\u00e4nen der P5- und S1-Sch\u00fcler erfolgen.\u00a0<\/span><span data-ccp-props=\"{&quot;201341983&quot;:0,&quot;335559739&quot;:160,&quot;335559740&quot;:257}\">\u00a0<\/span><\/p>\n<p>&nbsp;<\/p>\n<h3><span data-contrast=\"auto\">5) Besuch der P5-Lehrer in der Sekundarstufe S1<\/span><\/h3>\n<p><span data-contrast=\"auto\">Der P5-Lehrer wird eingeladen, den S1-Unterricht (Mathematik, L1, SCI, CHS&#8230;) zu besuchen, um zu sehen, was auf der Sekundarstufe gemacht wird und welchen Unterrichtsansatz man verwendet. Dieser Besuch k\u00f6nnte in der Freizeit der P5-Lehrer stattfinden.<\/span><span data-ccp-props=\"{&quot;201341983&quot;:0,&quot;335559739&quot;:160,&quot;335559740&quot;:257}\">\u00a0<\/span><\/p>\n<p>&nbsp;<\/p>\n<h3><span data-contrast=\"auto\">6) Besuch der zuk\u00fcnftigen S1-Homeroom-Lehrer in den P5-Klassen<\/span><\/h3>\n<p><span data-contrast=\"auto\">Die Lehrer, denen 2020-2021 eine S1-Klasse zugewiesen wird, werden eingeladen, die P5-Klassen, die sie in der S1 haben werden, ab Mai zu besuchen, um die Sch\u00fcler im Allgemeinen kennenzulernen und speziell mit dem P5-Lehrer die ISA-Sch\u00fcler zu besprechen. Ein Zeitplan f\u00fcr Besuche von Lehrern der Sekundarstufe wird vom Koordinator des S1-Zyklus in Absprache mit dem P5-Koordinator erstellt.<\/span><span data-ccp-props=\"{&quot;201341983&quot;:0,&quot;335559739&quot;:160,&quot;335559740&quot;:257}\">\u00a0<\/span><\/p>\n<p>&nbsp;<\/p>\n<h3><span data-contrast=\"auto\">7) P5-Elternabend in der Salle des\u00a0f\u00eates\u00a0<\/span><span data-ccp-props=\"{&quot;201341983&quot;:0,&quot;335559739&quot;:160,&quot;335559740&quot;:257}\">\u00a0<\/span><\/h3>\n<p>&nbsp;<\/p>\n<h3><span data-contrast=\"auto\">8) Besuch im Krankenzimmer\u00a0<\/span><span data-ccp-props=\"{&quot;201341983&quot;:0,&quot;335559739&quot;:160,&quot;335559740&quot;:257}\">\u00a0<\/span><\/h3>\n<p><span data-contrast=\"auto\">P5-Sch\u00fcler besuchen die Krankenstation der Sekundarschule &#8211; treffen Sie die Krankenschwester.<\/span><span data-ccp-props=\"{&quot;201341983&quot;:0,&quot;335559739&quot;:160,&quot;335559740&quot;:257}\">\u00a0<\/span><\/p>\n<p>&nbsp;<\/p>\n<h3><span data-contrast=\"auto\">10) P5\/S1 Sporttag\u00a0<\/span><span data-ccp-props=\"{&quot;201341983&quot;:0,&quot;335559739&quot;:160,&quot;335559740&quot;:257}\">\u00a0<\/span><\/h3>\n<p><span data-contrast=\"auto\">Ein Sporttag (am Vormittag) wird mit Hilfe der P5\/S1-Lehrer organisiert, um eine Interaktion zwischen den P5s und den S1s zu erm\u00f6glichen &#8211; Dieser Halbtag wird durch eine Mittagspause zwischen den P5s und den S1s erg\u00e4nzt.<\/span><span data-ccp-props=\"{&quot;201341983&quot;:0,&quot;335559739&quot;:160,&quot;335559740&quot;:257}\">\u00a0<\/span><\/p>\n<p>&nbsp;<\/p>\n<h3><span data-contrast=\"auto\">13) Klassenr\u00e4te von\u00a0 S5<\/span><span data-ccp-props=\"{&quot;201341983&quot;:0,&quot;335559739&quot;:160,&quot;335559740&quot;:257}\">\u00a0<\/span><\/h3>\n<p><span data-contrast=\"auto\">Die S5-Klassenr\u00e4te werden im Juni vom S1-Zykluskoordinator und dem Koordinator f\u00fcr die Unterst\u00fctzung der Sekundarstufe \u00fcberwacht.\u00a0<\/span><span data-ccp-props=\"{&quot;201341983&quot;:0,&quot;335559739&quot;:160,&quot;335559740&quot;:257}\">\u00a0<\/span><\/p>\n<p>&nbsp;<\/p>\n<h3><span data-contrast=\"auto\">14) UNICEF-Millenniumsspaziergang\u00a0<\/span><span data-ccp-props=\"{&quot;201341983&quot;:0,&quot;335559739&quot;:160,&quot;335559740&quot;:257}\">\u00a0<\/span><\/h3>\n<p>&nbsp;<\/p>\n<h3><\/h3>\n<h3><span data-contrast=\"auto\">15) P\u00e4dagogisches Caf\u00e9<\/span><span data-ccp-props=\"{&quot;201341983&quot;:0,&quot;335559739&quot;:160,&quot;335559740&quot;:257}\">\u00a0<\/span><\/h3>\n<p><span data-contrast=\"auto\">Wie im letzten Jahr konnte ein Abend zwischen Sekundar- und Grundschullehrern f\u00fcr einen Transfer von p\u00e4dagogischen F\u00e4higkeiten und Diskussionen \u00fcber verschiedene p\u00e4dagogische Themen (Unterrichtsmethoden, f\u00e4cher\u00fcbergreifende Aktivit\u00e4ten usw.) organisiert werden.<\/span><span data-ccp-props=\"{&quot;201341983&quot;:0,&quot;335559739&quot;:160,&quot;335559740&quot;:257}\">\u00a0<\/span>[\/vc_column_text][vc_separator style=&#8221;double&#8221; css=&#8221;.vc_custom_1624952643475{margin-top: 0px !important;border-top-width: 0px !important;padding-top: 10px !important;}&#8221;][\/vc_column][\/vc_row][vc_row][vc_column][vc_empty_space height=&#8221;20&#8243;][\/vc_column][\/vc_row]<\/p>\n<\/div>","protected":false},"excerpt":{"rendered":"<p>[vc_row full_width=&#8221;stretch_row_content_no_spaces&#8221; css=&#8221;.vc_custom_1589920007717{margin-bottom: 0px !important;}&#8221;][vc_column css=&#8221;.vc_custom_1589920029564{margin-bottom: 0px !important;}&#8221; offset=&#8221;vc_hidden-sm vc_hidden-xs&#8221;][vc_custom_heading text=&#8221;&#8221; font_container=&#8221;tag:h1|text_align:left&#8221; use_theme_fonts=&#8221;yes&#8221; el_class=&#8221;custom-header&#8221; css=&#8221;.vc_custom_1625826199871{background-image:<span class=\"excerpt-hellip\"> [\u2026]<\/span><\/p>\n","protected":false},"author":1,"featured_media":0,"parent":0,"menu_order":0,"comment_status":"closed","ping_status":"closed","template":"","meta":{"footnotes":""},"categories":[65],"class_list":["post-12849","page","type-page","status-publish","hentry","category-_page-nurpri-de"],"_links":{"self":[{"href":"https:\/\/www.euroschool.lu\/site\/wp-json\/wp\/v2\/pages\/12849","targetHints":{"allow":["GET"]}}],"collection":[{"href":"https:\/\/www.euroschool.lu\/site\/wp-json\/wp\/v2\/pages"}],"about":[{"href":"https:\/\/www.euroschool.lu\/site\/wp-json\/wp\/v2\/types\/page"}],"author":[{"embeddable":true,"href":"https:\/\/www.euroschool.lu\/site\/wp-json\/wp\/v2\/users\/1"}],"replies":[{"embeddable":true,"href":"https:\/\/www.euroschool.lu\/site\/wp-json\/wp\/v2\/comments?post=12849"}],"version-history":[{"count":6,"href":"https:\/\/www.euroschool.lu\/site\/wp-json\/wp\/v2\/pages\/12849\/revisions"}],"predecessor-version":[{"id":19726,"href":"https:\/\/www.euroschool.lu\/site\/wp-json\/wp\/v2\/pages\/12849\/revisions\/19726"}],"wp:attachment":[{"href":"https:\/\/www.euroschool.lu\/site\/wp-json\/wp\/v2\/media?parent=12849"}],"wp:term":[{"taxonomy":"category","embeddable":true,"href":"https:\/\/www.euroschool.lu\/site\/wp-json\/wp\/v2\/categories?post=12849"}],"curies":[{"name":"wp","href":"https:\/\/api.w.org\/{rel}","templated":true}]}}