{"id":12832,"date":"2021-07-28T16:44:29","date_gmt":"2021-07-28T14:44:29","guid":{"rendered":"http:\/\/www.euroschool.lu\/site\/?page_id=12832"},"modified":"2021-07-28T16:44:29","modified_gmt":"2021-07-28T14:44:29","slug":"kindergarten-und-grundschule-sinnesraum","status":"publish","type":"page","link":"https:\/\/www.euroschool.lu\/site\/de\/kindergarten-und-grundschule-sinnesraum\/","title":{"rendered":"Kindergarten und Grundschule : Sinnesraum"},"content":{"rendered":"<div class=\"wpb-content-wrapper\"><p>[vc_row full_width=&#8221;stretch_row_content_no_spaces&#8221; css=&#8221;.vc_custom_1589920007717{margin-bottom: 0px !important;}&#8221;][vc_column css=&#8221;.vc_custom_1589920029564{margin-bottom: 0px !important;}&#8221; offset=&#8221;vc_hidden-sm vc_hidden-xs&#8221;][vc_custom_heading text=&#8221;&#8221; font_container=&#8221;tag:h1|text_align:left&#8221; use_theme_fonts=&#8221;yes&#8221; el_class=&#8221;custom-header&#8221; css=&#8221;.vc_custom_1625831805328{background-image: url(http:\/\/www.euroschool.lu\/site\/wp-content\/uploads\/2021\/07\/Nurs_Primary_Sensoryroom.jpg?id=12535) !important;background-position: center !important;background-repeat: no-repeat !important;background-size: cover !important;}&#8221;][\/vc_column][\/vc_row][vc_row full_width=&#8221;stretch_row_content_no_spaces&#8221; css=&#8221;.vc_custom_1589920007717{margin-bottom: 0px !important;}&#8221;][vc_column css=&#8221;.vc_custom_1589920591194{margin-bottom: 0px !important;}&#8221; offset=&#8221;vc_hidden-lg vc_hidden-md&#8221;][vc_custom_heading text=&#8221;&#8221; font_container=&#8221;tag:h1|text_align:left&#8221; use_theme_fonts=&#8221;yes&#8221; el_class=&#8221;custom-header-mob&#8221; css=&#8221;.vc_custom_1625831838946{background-image: url(http:\/\/www.euroschool.lu\/site\/wp-content\/uploads\/2021\/07\/Nurs_Primary_Sensoryroom.jpg?id=12535) !important;background-position: center !important;background-repeat: no-repeat !important;background-size: cover !important;}&#8221;][\/vc_column][\/vc_row][vc_row el_class=&#8221;main-box&#8221;][vc_column width=&#8221;1\/5&#8243; offset=&#8221;vc_hidden-md vc_hidden-sm vc_hidden-xs&#8221; el_class=&#8221;sidebar-menu&#8221;][vc_widget_sidebar sidebar_id=&#8221;sidebar-sidebar-menu-nurpri-de&#8221; el_class=&#8221;sidebar-menu-nurpri&#8221;][\/vc_column][vc_column width=&#8221;4\/5&#8243; el_class=&#8221;main-column&#8221;][vc_column_text el_class=&#8221;page-title&#8221;]<\/p>\n<h1>Kindergarten und Grundschule : Sinnesraum<\/h1>\n<p>[\/vc_column_text][vc_column_text]<span data-contrast=\"auto\">Ein sensorischer Raum ist ein spezieller Raum, der darauf ausgelegt ist, die Sinne einer Person zu entwickeln, normalerweise durch spezielle Beleuchtung, Musik und Objekte.\u00a0 Er kann als Therapie f\u00fcr Kinder mit eingeschr\u00e4nkten Kommunikationsf\u00e4higkeiten verwendet werden, aber auch f\u00fcr Kinder, die Schwierigkeiten haben, ihre Gef\u00fchle auszudr\u00fccken, zur Ruhe zu kommen oder mit ihren\u00a0<\/span><span data-contrast=\"auto\">\u00c4<\/span><span data-contrast=\"auto\">ngsten\u00a0und Aggressionen umzugehen.<\/span><span data-ccp-props=\"{&quot;201341983&quot;:0,&quot;335559739&quot;:160,&quot;335559740&quot;:259}\">\u00a0<\/span><\/p>\n<p><span data-contrast=\"auto\">Seit April 2019 haben wir im Kindergarten, als auch in der Grundschule jeweils einen Sinnesraum geschaffen, der als\u00a0grosser\u00a0Erfolg und\u00a0massgebliche\u00a0Unterst\u00fctzung f\u00fcr unsere Sch\u00fcler bezeichnet werden kann.<\/span><span data-ccp-props=\"{&quot;201341983&quot;:0,&quot;335559739&quot;:160,&quot;335559740&quot;:259}\">\u00a0<\/span><\/p>\n<p><span data-contrast=\"auto\">Ein sensorischer Raum bietet den Kindern verschiedene Stimulationsquellen durch spezielle Beleuchtung, Musik und eine Auswahl an Ber\u00fchrungs- und Geruchsobjekten.<\/span><span data-ccp-props=\"{&quot;201341983&quot;:0,&quot;335559739&quot;:160,&quot;335559740&quot;:259}\">\u00a0<\/span><\/p>\n<p><span data-contrast=\"auto\">Diese Umgebung f\u00f6rdert die k\u00f6rperliche und geistige Entspannung.<\/span><span data-ccp-props=\"{&quot;201341983&quot;:0,&quot;335559739&quot;:160,&quot;335559740&quot;:259}\">\u00a0<\/span><\/p>\n<p><span data-contrast=\"auto\">Weitere Vorteile sind eine erh\u00f6hte Konzentration, eine verbesserte Hand-Augen-Koordination und ein allgemeines Wohlbefinden.<\/span><span data-ccp-props=\"{&quot;201341983&quot;:0,&quot;335559739&quot;:160,&quot;335559740&quot;:259}\">\u00a0<\/span><\/p>\n<p><span data-contrast=\"auto\">Sinnesr\u00e4ume sind f\u00fcr die Entwicklung von Kindern und insbesondere von Kindern mit besonderen Bed\u00fcrfnissen sehr wichtig.<\/span><span data-ccp-props=\"{&quot;201341983&quot;:0,&quot;335559739&quot;:160,&quot;335559740&quot;:259}\">\u00a0<\/span>[\/vc_column_text][vc_separator style=&#8221;double&#8221; css=&#8221;.vc_custom_1624952643475{margin-top: 0px !important;border-top-width: 0px !important;padding-top: 10px !important;}&#8221;][\/vc_column][\/vc_row][vc_row][vc_column][vc_empty_space height=&#8221;20&#8243;][\/vc_column][\/vc_row]<\/p>\n<\/div>","protected":false},"excerpt":{"rendered":"<p>[vc_row full_width=&#8221;stretch_row_content_no_spaces&#8221; css=&#8221;.vc_custom_1589920007717{margin-bottom: 0px !important;}&#8221;][vc_column css=&#8221;.vc_custom_1589920029564{margin-bottom: 0px !important;}&#8221; offset=&#8221;vc_hidden-sm vc_hidden-xs&#8221;][vc_custom_heading text=&#8221;&#8221; font_container=&#8221;tag:h1|text_align:left&#8221; use_theme_fonts=&#8221;yes&#8221; el_class=&#8221;custom-header&#8221; css=&#8221;.vc_custom_1625831805328{background-image:<span class=\"excerpt-hellip\"> [\u2026]<\/span><\/p>\n","protected":false},"author":1,"featured_media":0,"parent":0,"menu_order":0,"comment_status":"closed","ping_status":"closed","template":"","meta":{"footnotes":""},"categories":[65],"class_list":["post-12832","page","type-page","status-publish","hentry","category-_page-nurpri-de"],"_links":{"self":[{"href":"https:\/\/www.euroschool.lu\/site\/wp-json\/wp\/v2\/pages\/12832","targetHints":{"allow":["GET"]}}],"collection":[{"href":"https:\/\/www.euroschool.lu\/site\/wp-json\/wp\/v2\/pages"}],"about":[{"href":"https:\/\/www.euroschool.lu\/site\/wp-json\/wp\/v2\/types\/page"}],"author":[{"embeddable":true,"href":"https:\/\/www.euroschool.lu\/site\/wp-json\/wp\/v2\/users\/1"}],"replies":[{"embeddable":true,"href":"https:\/\/www.euroschool.lu\/site\/wp-json\/wp\/v2\/comments?post=12832"}],"version-history":[{"count":2,"href":"https:\/\/www.euroschool.lu\/site\/wp-json\/wp\/v2\/pages\/12832\/revisions"}],"predecessor-version":[{"id":12834,"href":"https:\/\/www.euroschool.lu\/site\/wp-json\/wp\/v2\/pages\/12832\/revisions\/12834"}],"wp:attachment":[{"href":"https:\/\/www.euroschool.lu\/site\/wp-json\/wp\/v2\/media?parent=12832"}],"wp:term":[{"taxonomy":"category","embeddable":true,"href":"https:\/\/www.euroschool.lu\/site\/wp-json\/wp\/v2\/categories?post=12832"}],"curies":[{"name":"wp","href":"https:\/\/api.w.org\/{rel}","templated":true}]}}