{"id":12748,"date":"2021-07-28T16:41:19","date_gmt":"2021-07-28T14:41:19","guid":{"rendered":"http:\/\/www.euroschool.lu\/site\/?page_id=12748"},"modified":"2025-10-19T18:33:10","modified_gmt":"2025-10-19T16:33:10","slug":"maternelle-et-primaire-bien-etre","status":"publish","type":"page","link":"https:\/\/www.euroschool.lu\/site\/fr\/maternelle-et-primaire-bien-etre\/","title":{"rendered":"Maternelle et primaire : Bien-\u00eatre"},"content":{"rendered":"<div class=\"wpb-content-wrapper\"><p>[vc_row full_width=&#8221;stretch_row_content_no_spaces&#8221; css=&#8221;.vc_custom_1589920007717{margin-bottom: 0px !important;}&#8221;][vc_column css=&#8221;.vc_custom_1589920029564{margin-bottom: 0px !important;}&#8221; offset=&#8221;vc_hidden-sm vc_hidden-xs&#8221;][vc_custom_heading text=&#8221;&#8221; font_container=&#8221;tag:h1|text_align:left&#8221; use_theme_fonts=&#8221;yes&#8221; el_class=&#8221;custom-header&#8221; css=&#8221;.vc_custom_1625830590133{background-image: url(http:\/\/www.euroschool.lu\/site\/wp-content\/uploads\/2021\/07\/Nurs_Primary_wellbeing.jpg?id=12532) !important;background-position: center !important;background-repeat: no-repeat !important;background-size: cover !important;}&#8221;][\/vc_column][\/vc_row][vc_row full_width=&#8221;stretch_row_content_no_spaces&#8221; css=&#8221;.vc_custom_1589920007717{margin-bottom: 0px !important;}&#8221;][vc_column css=&#8221;.vc_custom_1589920591194{margin-bottom: 0px !important;}&#8221; offset=&#8221;vc_hidden-lg vc_hidden-md&#8221;][vc_custom_heading text=&#8221;&#8221; font_container=&#8221;tag:h1|text_align:left&#8221; use_theme_fonts=&#8221;yes&#8221; el_class=&#8221;custom-header-mob&#8221; css=&#8221;.vc_custom_1625830629897{background-image: url(http:\/\/www.euroschool.lu\/site\/wp-content\/uploads\/2021\/07\/Nurs_Primary_wellbeing.jpg?id=12532) !important;background-position: center !important;background-repeat: no-repeat !important;background-size: cover !important;}&#8221;][\/vc_column][\/vc_row][vc_row el_class=&#8221;main-box&#8221;][vc_column width=&#8221;1\/5&#8243; offset=&#8221;vc_hidden-md vc_hidden-sm vc_hidden-xs&#8221; el_class=&#8221;sidebar-menu&#8221;][vc_widget_sidebar sidebar_id=&#8221;sidebar-sidebar-menu-nurpri-fr&#8221; el_class=&#8221;sidebar-menu-nurpri&#8221;][\/vc_column][vc_column width=&#8221;4\/5&#8243; el_class=&#8221;main-column&#8221;][vc_column_text el_class=&#8221;page-title&#8221;]<\/p>\n<h1>Maternelle et Primaire : Bien-\u00eatre<\/h1>\n<p>[\/vc_column_text][vc_column_text]<span data-contrast=\"none\">Nous sommes fiers de pouvoir offrir le &#8220;Bien-\u00eatre \u00e0 l&#8217;\u00e9cole&#8221; \u00e0 tous les \u00e9l\u00e8ves de l&#8217;\u00e9cole maternelle et primaire.\u00a0 <\/span><span data-ccp-props=\"{&quot;201341983&quot;:0,&quot;335559739&quot;:160,&quot;335559740&quot;:259}\">\u00a0<\/span><\/p>\n<p><span data-contrast=\"none\">\u00c0 l&#8217;\u00e9cole maternelle, les projets seront inclus dans le plan annuel ou le curriculum existant sous forme de projets ou de semaines de projet.\u00a0<\/span><span data-ccp-props=\"{&quot;201341983&quot;:0,&quot;335559739&quot;:160,&quot;335559740&quot;:259}\">\u00a0<\/span><\/p>\n<p><span data-contrast=\"none\">\u00c0\u00a0l&#8217;\u00e9cole\u00a0primaire,\u00a0nous\u00a0cr\u00e9ons\u00a0des\u00a0unit\u00e9s\u00a0d&#8217;enseignement\u00a0suppl\u00e9mentaires\u00a0\u00e0\u00a0cet\u00a0effet\u00a0:\u00a0<\/span><span data-ccp-props=\"{&quot;201341983&quot;:0,&quot;335559739&quot;:160,&quot;335559740&quot;:259}\">\u00a0<\/span><span data-contrast=\"none\">\u00a0<\/span><span data-ccp-props=\"{&quot;201341983&quot;:0,&quot;335559739&quot;:160,&quot;335559740&quot;:259}\">\u00a0<\/span><\/p>\n<ul>\n<li><span data-contrast=\"none\">P1 et P2 :\u00a0les\u00a0lundis\u00a0et\u00a0mercredis\u00a0de 15.30-16.00\u00a0<\/span><span data-ccp-props=\"{&quot;201341983&quot;:0,&quot;335559739&quot;:160,&quot;335559740&quot;:259}\">\u00a0<\/span><\/li>\n<li><span data-contrast=\"none\">P3, P4 et P5 :\u00a0les\u00a0mercredis\u00a0de 15.15-16.00\u00a0<\/span><span data-ccp-props=\"{&quot;201341983&quot;:0,&quot;335559739&quot;:160,&quot;335559740&quot;:259}\">\u00a0<\/span><\/li>\n<\/ul>\n<p><span data-contrast=\"none\">Comme cette offre d\u00e9passe le programme existant \u00e0 l&#8217;\u00e9cole primaire, la participation est volontaire. Au d\u00e9but de l&#8217;ann\u00e9e scolaire, les parents ont la possibilit\u00e9 de d\u00e9sinscrire leur enfant pour toute l&#8217;ann\u00e9e scolaire via un formulaire en ligne. Dans ce cas, les enfants doivent \u00eatre r\u00e9cup\u00e9r\u00e9s ponctuellement \u00e0 15h30 ou 15h15 \u00e0 l&#8217;entr\u00e9e principale primaire.<\/span>[\/vc_column_text][vc_separator style=&#8221;double&#8221; css=&#8221;.vc_custom_1624952643475{margin-top: 0px !important;border-top-width: 0px !important;padding-top: 10px !important;}&#8221;][\/vc_column][\/vc_row][vc_row][vc_column][vc_empty_space height=&#8221;20&#8243;][\/vc_column][\/vc_row]<\/p>\n<\/div>","protected":false},"excerpt":{"rendered":"<p>[vc_row full_width=&#8221;stretch_row_content_no_spaces&#8221; css=&#8221;.vc_custom_1589920007717{margin-bottom: 0px !important;}&#8221;][vc_column css=&#8221;.vc_custom_1589920029564{margin-bottom: 0px !important;}&#8221; offset=&#8221;vc_hidden-sm vc_hidden-xs&#8221;][vc_custom_heading text=&#8221;&#8221; font_container=&#8221;tag:h1|text_align:left&#8221; use_theme_fonts=&#8221;yes&#8221; el_class=&#8221;custom-header&#8221; css=&#8221;.vc_custom_1625830590133{background-image:<span class=\"excerpt-hellip\"> [\u2026]<\/span><\/p>\n","protected":false},"author":1,"featured_media":0,"parent":0,"menu_order":0,"comment_status":"closed","ping_status":"closed","template":"","meta":{"footnotes":""},"categories":[63],"class_list":["post-12748","page","type-page","status-publish","hentry","category-_page-nurpri-fr"],"_links":{"self":[{"href":"https:\/\/www.euroschool.lu\/site\/wp-json\/wp\/v2\/pages\/12748","targetHints":{"allow":["GET"]}}],"collection":[{"href":"https:\/\/www.euroschool.lu\/site\/wp-json\/wp\/v2\/pages"}],"about":[{"href":"https:\/\/www.euroschool.lu\/site\/wp-json\/wp\/v2\/types\/page"}],"author":[{"embeddable":true,"href":"https:\/\/www.euroschool.lu\/site\/wp-json\/wp\/v2\/users\/1"}],"replies":[{"embeddable":true,"href":"https:\/\/www.euroschool.lu\/site\/wp-json\/wp\/v2\/comments?post=12748"}],"version-history":[{"count":13,"href":"https:\/\/www.euroschool.lu\/site\/wp-json\/wp\/v2\/pages\/12748\/revisions"}],"predecessor-version":[{"id":19994,"href":"https:\/\/www.euroschool.lu\/site\/wp-json\/wp\/v2\/pages\/12748\/revisions\/19994"}],"wp:attachment":[{"href":"https:\/\/www.euroschool.lu\/site\/wp-json\/wp\/v2\/media?parent=12748"}],"wp:term":[{"taxonomy":"category","embeddable":true,"href":"https:\/\/www.euroschool.lu\/site\/wp-json\/wp\/v2\/categories?post=12748"}],"curies":[{"name":"wp","href":"https:\/\/api.w.org\/{rel}","templated":true}]}}