{"id":12672,"date":"2021-07-13T12:01:52","date_gmt":"2021-07-13T10:01:52","guid":{"rendered":"http:\/\/www.euroschool.lu\/site\/?page_id=12672"},"modified":"2023-11-15T09:47:15","modified_gmt":"2023-11-15T08:47:15","slug":"kindergarten-und-grundschule-schulausfluege","status":"publish","type":"page","link":"https:\/\/www.euroschool.lu\/site\/de\/kindergarten-und-grundschule-schulausfluege\/","title":{"rendered":"Kindergarten und Grundschule : Schulausfl\u00fcge"},"content":{"rendered":"<div class=\"wpb-content-wrapper\"><p>[vc_row full_width=&#8221;stretch_row_content_no_spaces&#8221; css=&#8221;.vc_custom_1589920007717{margin-bottom: 0px !important;}&#8221;][vc_column css=&#8221;.vc_custom_1589920029564{margin-bottom: 0px !important;}&#8221; offset=&#8221;vc_hidden-sm vc_hidden-xs&#8221;][vc_custom_heading text=&#8221;&#8221; font_container=&#8221;tag:h1|text_align:left&#8221; use_theme_fonts=&#8221;yes&#8221; el_class=&#8221;custom-header&#8221; css=&#8221;.vc_custom_1625825428496{background-image: url(http:\/\/www.euroschool.lu\/site\/wp-content\/uploads\/2021\/07\/Nurs_Primary_Schooltrips.jpg?id=12521) !important;background-position: center !important;background-repeat: no-repeat !important;background-size: cover !important;}&#8221;][\/vc_column][\/vc_row][vc_row full_width=&#8221;stretch_row_content_no_spaces&#8221; css=&#8221;.vc_custom_1589920007717{margin-bottom: 0px !important;}&#8221;][vc_column css=&#8221;.vc_custom_1589920591194{margin-bottom: 0px !important;}&#8221; offset=&#8221;vc_hidden-lg vc_hidden-md&#8221;][vc_custom_heading text=&#8221;&#8221; font_container=&#8221;tag:h1|text_align:left&#8221; use_theme_fonts=&#8221;yes&#8221; el_class=&#8221;custom-header-mob&#8221; css=&#8221;.vc_custom_1625825457569{background-image: url(http:\/\/www.euroschool.lu\/site\/wp-content\/uploads\/2021\/07\/Nurs_Primary_schooltrips.jpg?id=12523) !important;background-position: center !important;background-repeat: no-repeat !important;background-size: cover !important;}&#8221;][\/vc_column][\/vc_row][vc_row el_class=&#8221;main-box&#8221;][vc_column width=&#8221;1\/5&#8243; offset=&#8221;vc_hidden-md vc_hidden-sm vc_hidden-xs&#8221; el_class=&#8221;sidebar-menu&#8221;][vc_widget_sidebar sidebar_id=&#8221;sidebar-sidebar-menu-nurpri-de&#8221; el_class=&#8221;sidebar-menu-nurpri&#8221;][\/vc_column][vc_column width=&#8221;4\/5&#8243; el_class=&#8221;main-column&#8221;][vc_column_text el_class=&#8221;page-title&#8221;]<\/p>\n<h1>Kindergarten und Grundschule : Schulausfl\u00fcge<\/h1>\n<p>[\/vc_column_text][vc_column_text css=&#8221;.vc_custom_1626071745336{padding-top: 10px !important;}&#8221;]<span data-contrast=\"none\">In the nursery and primary school, school trips and excursions\u00a0are closely linked\u00a0to the educational objectives and to the program. Therefore, they are obligatory.<\/span><span data-ccp-props=\"{&quot;201341983&quot;:2,&quot;335559739&quot;:160,&quot;335559740&quot;:398}\">\u00a0<\/span><\/p>\n<ul>\n<li data-leveltext=\"\uf0b7\" data-font=\"Symbol\" data-listid=\"1\" data-aria-posinset=\"1\" data-aria-level=\"1\"><span data-contrast=\"none\">In P1\u00a0and\u00a0P2\u00a0excursions are only organised during the school day.<\/span><span data-ccp-props=\"{&quot;201341983&quot;:2,&quot;335559685&quot;:0,&quot;335559739&quot;:160,&quot;335559740&quot;:398}\">\u00a0<\/span><\/li>\n<li data-leveltext=\"\uf0b7\" data-font=\"Symbol\" data-listid=\"1\" data-aria-posinset=\"2\" data-aria-level=\"1\"><span data-contrast=\"none\">In P3, P4 and\u00a0P5\u00a0\u202fexcursions\u00a0during the school day are organised, as well as school trips for several days.<\/span><span data-ccp-props=\"{&quot;201341983&quot;:2,&quot;335559685&quot;:0,&quot;335559739&quot;:160,&quot;335559740&quot;:398}\">\u00a0<\/span><\/li>\n<\/ul>\n<p><span data-contrast=\"none\">Parents receive detailed information from the class teachers and the school management in advance for all school trips and excursions.<\/span><span data-ccp-props=\"{&quot;201341983&quot;:0,&quot;335559739&quot;:160,&quot;335559740&quot;:259}\">\u00a0<\/span>[\/vc_column_text][vc_btn title=&#8221;Please read the guidelines for school outings and trips of the ES&#8221; style=&#8221;classic&#8221; color=&#8221;sky&#8221; align=&#8221;left&#8221; i_icon_fontawesome=&#8221;fa fa-file-text-o&#8221; add_icon=&#8221;true&#8221; link=&#8221;url:https%3A%2F%2Fwww.euroschool.lu%2Fsite%2Fwp-content%2Fuploads%2F2023%2F09%2FVerfahren-fur-Schulausfluge.pdf||target:%20_blank|&#8221;][vc_column_text css=&#8221;.vc_custom_1700038033064{padding-top: 10px !important;}&#8221;]<\/p>\n<h3><span data-contrast=\"none\">P3 : Gr\u00fcne Klassen &#8211; Reise nach Vayamundo, Houffalize<br \/>\n<\/span><\/h3>\n<p>Im dritten Jahr der Grundschule machen alle P3-Klassen gemeinsam einen 3-t\u00e4gigen Schulausflug nach Vayamundo.<\/p>\n<p>Vayamundo Houffalize liegt im Herzen der gr\u00fcnen belgischen Ardennen, umgeben von ausgedehnten W\u00e4ldern und dem Fluss Ourthe, der durch ihren Garten flie\u00dft.<\/p>\n<p>Tags\u00fcber werden f\u00fcr die Kinder innerhalb und au\u00dferhalb des Zentrums eine Reihe von lustigen und abenteuerlichen p\u00e4dagogischen Aktivit\u00e4ten organisiert: Klettern, Abseilen, Klettersteig, Lagerbau, Eselpflege und Biberbeobachtung bieten unvergesslichen Spiel- und Lernspa\u00df. Zu den Einrichtungen geh\u00f6rt auch ein Schwimmbad mit Rutsche.<\/p>\n<h3>Daten<\/h3>\n<p>Von Mittwoch, den 5. bis Freitag, den 7. Juni 2024[\/vc_column_text][vc_btn title=&#8221;Vayamundo&#8221; style=&#8221;classic&#8221; color=&#8221;sky&#8221; align=&#8221;left&#8221; i_icon_fontawesome=&#8221;fa fa-external-link&#8221; add_icon=&#8221;true&#8221; link=&#8221;url:https%3A%2F%2Ffr.vayamundo.eu%2Fbos-en-zeeklassen||target:%20_blank|&#8221; css=&#8221;.vc_custom_1661261625447{margin-top: 0px !important;border-top-width: 0px !important;padding-top: 0px !important;}&#8221;][vc_column_text css=&#8221;.vc_custom_1700038025773{padding-top: 10px !important;}&#8221;]<\/p>\n<h3><span data-contrast=\"none\">P4 : Meeresklassen &#8211; Ausflug nach Blankenberge<\/span><span data-ccp-props=\"{&quot;201341983&quot;:2,&quot;335559738&quot;:40,&quot;335559739&quot;:0,&quot;335559740&quot;:398}\"><br \/>\n<\/span><\/h3>\n<p>In der vierten Klasse der Grundschule machen die P4-Klassen eine 4-t\u00e4gige Reise.<\/p>\n<p>Der Meereskurs findet in Belgien an der Nordsee statt, in Duinse Polders, Blankenberge.<\/p>\n<p>Die Kinder werden viele Aktivit\u00e4ten im Wasser, aber auch handwerkliche T\u00e4tigkeiten durchf\u00fchren k\u00f6nnen. Das Ziel ist es, die Meeresumwelt zu entdecken. Sie werden Gezeitenph\u00e4nomene, Gezeitenstr\u00f6mungen und auch die Fauna und Flora beobachten.<\/p>\n<h3>Daten<\/h3>\n<p>Von Dienstag, den 18. bis Freitag, den 21. Juni 2024[\/vc_column_text][vc_btn title=&#8221;Duinse Polders&#8221; style=&#8221;classic&#8221; color=&#8221;sky&#8221; align=&#8221;left&#8221; i_icon_fontawesome=&#8221;fa fa-external-link&#8221; add_icon=&#8221;true&#8221; link=&#8221;url:https%3A%2F%2Fcorsendonkhotels.com%2Ffr%2Flocation%2Fcorsendonk-duinse-polders%2F||target:%20_blank|&#8221;][vc_column_text css=&#8221;.vc_custom_1700038017890{padding-top: 10px !important;}&#8221;]<\/p>\n<h3><span data-contrast=\"none\">P5 : Bergklasse in Les Carroz d&#8217;Ar\u00e2ches, franz\u00f6sische Alpen<br \/>\n<\/span><\/h3>\n<p>Im f\u00fcnften Jahr der Grundschule unternehmen alle P5-Klassen gemeinsam eine 5-t\u00e4gige Klassenfahrt nach Les Flocons Verts. Die Europ\u00e4ische Schule Luxemburg I ist ein Ort des Wissenserwerbs und offen f\u00fcr die Welt um sie herum.<\/p>\n<p>Die Bergklasse ist in das p\u00e4dagogische Projekt der Schule und in das Programm der P5-Entdeckerklasse integriert. Sie ist ein grundlegender Schritt, der dazu beitr\u00e4gt, dem Lernen einen Sinn zu geben, indem er den direkten Kontakt mit der nat\u00fcrlichen oder kulturellen Umgebung des Gebirges f\u00f6rdert (Entdeckung der Bergwelt, Lebensstil, etc.).<\/p>\n<p>Die Aktivit\u00e4ten in den Bergen erm\u00f6glichen es, ein besseres K\u00f6rpergef\u00fchl und Selbstvertrauen zu erlangen. Dieser Moment des kollektiven Lebens ist eine echte Erziehung zur Staatsb\u00fcrgerschaft (Lernen des Zusammenlebens, Respekt f\u00fcr andere&#8230;).<\/p>\n<p>&nbsp;<\/p>\n<h3><span data-contrast=\"none\">Aktivit\u00e4ten<\/span><span data-ccp-props=\"{&quot;201341983&quot;:0,&quot;335559739&quot;:160,&quot;335559740&quot;:259}\"><br \/>\n<\/span><\/h3>\n<ul>\n<li><span data-contrast=\"none\">Entdeckung der Natur: Kognitive Entdeckung des Berges<\/span><\/li>\n<li><span data-contrast=\"none\">Orientierungslauf: Eine unbekannte Umgebung entdecken und f\u00fcr die eigene Sicherheit und die der anderen sorgen, ihre M\u00f6glichkeiten und Grenzen kennen,<br \/>\nBeherrschen von technischen Gesten und Anpassen der Bewegungen an unterschiedliche Umgebungen<\/span><\/li>\n<li><span data-contrast=\"none\">Mountainbike<\/span><span data-ccp-props=\"{&quot;201341983&quot;:0,&quot;335559739&quot;:160,&quot;335559740&quot;:259}\"><br \/>\n<\/span><\/li>\n<li>Klettern<\/li>\n<li>Rafting<\/li>\n<li>Kultureller Besuch des Kristallmuseums in Chamonix<\/li>\n<\/ul>\n<h3>Daten<\/h3>\n<p>Von Montag, den 13. bis Freitag, den 17. Mai 2024[\/vc_column_text][vc_btn title=&#8221;Les Flocons verts&#8221; style=&#8221;classic&#8221; color=&#8221;sky&#8221; align=&#8221;left&#8221; i_icon_fontawesome=&#8221;fa fa-external-link&#8221; add_icon=&#8221;true&#8221; link=&#8221;url:https%3A%2F%2Fwww.floconsverts.com%2F||target:%20_blank|&#8221;][vc_separator style=&#8221;double&#8221; css=&#8221;.vc_custom_1624952643475{margin-top: 0px !important;border-top-width: 0px !important;padding-top: 10px !important;}&#8221;][\/vc_column][\/vc_row][vc_row][vc_column][vc_empty_space height=&#8221;20&#8243;][\/vc_column][\/vc_row]<\/p>\n<\/div>","protected":false},"excerpt":{"rendered":"<p>[vc_row full_width=&#8221;stretch_row_content_no_spaces&#8221; css=&#8221;.vc_custom_1589920007717{margin-bottom: 0px !important;}&#8221;][vc_column css=&#8221;.vc_custom_1589920029564{margin-bottom: 0px !important;}&#8221; offset=&#8221;vc_hidden-sm vc_hidden-xs&#8221;][vc_custom_heading text=&#8221;&#8221; font_container=&#8221;tag:h1|text_align:left&#8221; use_theme_fonts=&#8221;yes&#8221; el_class=&#8221;custom-header&#8221; css=&#8221;.vc_custom_1625825428496{background-image:<span class=\"excerpt-hellip\"> [\u2026]<\/span><\/p>\n","protected":false},"author":1,"featured_media":0,"parent":0,"menu_order":0,"comment_status":"closed","ping_status":"closed","template":"","meta":{"footnotes":""},"categories":[65],"class_list":["post-12672","page","type-page","status-publish","hentry","category-_page-nurpri-de"],"_links":{"self":[{"href":"https:\/\/www.euroschool.lu\/site\/wp-json\/wp\/v2\/pages\/12672","targetHints":{"allow":["GET"]}}],"collection":[{"href":"https:\/\/www.euroschool.lu\/site\/wp-json\/wp\/v2\/pages"}],"about":[{"href":"https:\/\/www.euroschool.lu\/site\/wp-json\/wp\/v2\/types\/page"}],"author":[{"embeddable":true,"href":"https:\/\/www.euroschool.lu\/site\/wp-json\/wp\/v2\/users\/1"}],"replies":[{"embeddable":true,"href":"https:\/\/www.euroschool.lu\/site\/wp-json\/wp\/v2\/comments?post=12672"}],"version-history":[{"count":12,"href":"https:\/\/www.euroschool.lu\/site\/wp-json\/wp\/v2\/pages\/12672\/revisions"}],"predecessor-version":[{"id":17261,"href":"https:\/\/www.euroschool.lu\/site\/wp-json\/wp\/v2\/pages\/12672\/revisions\/17261"}],"wp:attachment":[{"href":"https:\/\/www.euroschool.lu\/site\/wp-json\/wp\/v2\/media?parent=12672"}],"wp:term":[{"taxonomy":"category","embeddable":true,"href":"https:\/\/www.euroschool.lu\/site\/wp-json\/wp\/v2\/categories?post=12672"}],"curies":[{"name":"wp","href":"https:\/\/api.w.org\/{rel}","templated":true}]}}