{"id":12654,"date":"2021-07-13T11:53:04","date_gmt":"2021-07-13T09:53:04","guid":{"rendered":"http:\/\/www.euroschool.lu\/site\/?page_id=12654"},"modified":"2025-10-19T18:33:52","modified_gmt":"2025-10-19T16:33:52","slug":"maternelle-et-primaire-religion-et-ethique","status":"publish","type":"page","link":"https:\/\/www.euroschool.lu\/site\/fr\/maternelle-et-primaire-religion-et-ethique\/","title":{"rendered":"Maternelle et primaire : Religion et \u00e9thique"},"content":{"rendered":"<div class=\"wpb-content-wrapper\"><p>[vc_row full_width=&#8221;stretch_row_content_no_spaces&#8221; css=&#8221;.vc_custom_1589920007717{margin-bottom: 0px !important;}&#8221;][vc_column css=&#8221;.vc_custom_1589920029564{margin-bottom: 0px !important;}&#8221; offset=&#8221;vc_hidden-sm vc_hidden-xs&#8221;][vc_custom_heading text=&#8221;&#8221; font_container=&#8221;tag:h1|text_align:left&#8221; use_theme_fonts=&#8221;yes&#8221; el_class=&#8221;custom-header&#8221; css=&#8221;.vc_custom_1624872760794{background-image: url(http:\/\/www.euroschool.lu\/site\/wp-content\/uploads\/2021\/06\/primary2.jpg?id=11194) !important;background-position: center !important;background-repeat: no-repeat !important;background-size: cover !important;}&#8221;][\/vc_column][\/vc_row][vc_row full_width=&#8221;stretch_row_content_no_spaces&#8221; css=&#8221;.vc_custom_1589920007717{margin-bottom: 0px !important;}&#8221;][vc_column css=&#8221;.vc_custom_1589920591194{margin-bottom: 0px !important;}&#8221; offset=&#8221;vc_hidden-lg vc_hidden-md&#8221;][vc_custom_heading text=&#8221;&#8221; font_container=&#8221;tag:h1|text_align:left&#8221; use_theme_fonts=&#8221;yes&#8221; el_class=&#8221;custom-header-mob&#8221; css=&#8221;.vc_custom_1623924165968{background-image: url(http:\/\/www.euroschool.lu\/site\/wp-content\/uploads\/2021\/06\/primary2.jpg?id=11194) !important;background-position: center !important;background-repeat: no-repeat !important;background-size: cover !important;}&#8221;][\/vc_column][\/vc_row][vc_row el_class=&#8221;main-box&#8221;][vc_column width=&#8221;1\/5&#8243; offset=&#8221;vc_hidden-md vc_hidden-sm vc_hidden-xs&#8221; el_class=&#8221;sidebar-menu&#8221;][vc_widget_sidebar sidebar_id=&#8221;sidebar-sidebar-menu-nurpri-fr&#8221; el_class=&#8221;sidebar-menu-nurpri&#8221;][\/vc_column][vc_column width=&#8221;4\/5&#8243; el_class=&#8221;main-column&#8221;][vc_column_text el_class=&#8221;page-title&#8221;]<\/p>\n<h1>Maternelle et Primaire : Religion et \u00e9thique<\/h1>\n<p>[\/vc_column_text][vc_column_text css=&#8221;.vc_custom_1626159183240{padding-top: 10px !important;}&#8221;]<span data-contrast=\"auto\">\u00a0Les cours de religion dispens\u00e9s dans les \u00e9coles europ\u00e9ennes ont pour but de fournir un environnement \u00e9ducatif particulier. Gr\u00e2ce \u00e0 ces cours, chaque \u00e9l\u00e8ve acquiert des points de r\u00e9f\u00e9rence pour sa vie future, apprend \u00e0 choisir entre diff\u00e9rentes options pour sa vie quotidienne, mais aussi \u00e0 s&#8217;organiser et \u00e0 vivre de mani\u00e8re r\u00e9fl\u00e9chie et responsable. <\/span><span data-ccp-props=\"{&quot;201341983&quot;:0,&quot;335559739&quot;:160,&quot;335559740&quot;:259}\">\u00a0<\/span><\/p>\n<p><span data-contrast=\"auto\">\u00a0Les cours de religion fournissent une information rigoureuse sur les articles de foi propres \u00e0 chaque religion. Ils stimulent les initiatives qui d\u00e9veloppent une approche coh\u00e9rente des valeurs afin de pr\u00e9parer tous les \u00e9l\u00e8ves \u00e0 devenir des citoyens responsables, capables de contribuer au d\u00e9veloppement de soci\u00e9t\u00e9s d\u00e9mocratiques, solidaires, pluralistes et ouvertes aux autres cultures, et d&#8217;acc\u00e9der \u00e0 la richesse de la diversit\u00e9 culturelle, tout en encourageant la reconnaissance et le respect de la diversit\u00e9 des croyances. <\/span><span data-ccp-props=\"{&quot;201341983&quot;:0,&quot;335559739&quot;:160,&quot;335559740&quot;:259}\">\u00a0<\/span><\/p>\n<p><span data-contrast=\"auto\">\u00a0Chaque confession religieuse d\u00e9veloppe son propre programme sp\u00e9cifique tout en respectant les aspects fondamentaux de la dynamique \u00e9ducative que les \u00e9coles europ\u00e9ennes offrent \u00e0 leurs \u00e9l\u00e8ves. Ils sont \u00e9labor\u00e9s par les autorit\u00e9s religieuses comp\u00e9tentes selon les crit\u00e8res de tous les programmes scolaires et sont approuv\u00e9s par le Comit\u00e9 p\u00e9dagogique commun des Ecoles europ\u00e9ennes. Il appartient aux autorit\u00e9s religieuses de chaque confession de proposer leurs professeurs de religion aux autorit\u00e9s scolaires et de s&#8217;assurer de leur comp\u00e9tence et de leur qualification. <\/span><span data-ccp-props=\"{&quot;201341983&quot;:0,&quot;335559739&quot;:160,&quot;335559740&quot;:259}\">\u00a0<\/span><\/p>\n<p><span data-contrast=\"auto\">Les programmes\u00a0couvrent\u00a0les cinq\u00a0ann\u00e9es\u00a0du cycle\u00a0primaire. Les\u00a0cours\u00a0de religion\/\u00e9thique\u00a0sont\u00a0enseign\u00e9s\u00a0:<\/span><span data-ccp-props=\"{&quot;201341983&quot;:0,&quot;335559739&quot;:160,&quot;335559740&quot;:259}\">\u00a0<\/span><\/p>\n<ul>\n<li data-leveltext=\"\uf0b7\" data-font=\"Symbol\" data-listid=\"3\" data-aria-posinset=\"1\" data-aria-level=\"1\"><span data-contrast=\"auto\">60 minutes par\u00a0semaine\u00a0en\u00a0P1\/P2,\u00a0<\/span><span data-ccp-props=\"{&quot;134233279&quot;:true,&quot;201341983&quot;:0,&quot;335559739&quot;:160,&quot;335559740&quot;:259}\">\u00a0<\/span><\/li>\n<li data-leveltext=\"\uf0b7\" data-font=\"Symbol\" data-listid=\"3\" data-aria-posinset=\"2\" data-aria-level=\"1\"><span data-contrast=\"auto\">90 minutes par\u00a0semaine\u00a0en\u00a0P3\/P4\/P5.\u00a0<\/span><span data-ccp-props=\"{&quot;134233279&quot;:true,&quot;201341983&quot;:0,&quot;335559739&quot;:160,&quot;335559740&quot;:259}\">\u00a0<\/span><\/li>\n<\/ul>\n<p><span data-contrast=\"auto\">\u00a0Pour plus\u00a0d&#8217;informations,\u00a0veuillez\u00a0consulter les programmes\u00a0sp\u00e9cifiques\u00a0de\u00a0chaque\u00a0confession :<\/span><span data-ccp-props=\"{&quot;201341983&quot;:0,&quot;335559739&quot;:160,&quot;335559740&quot;:259}\">\u00a0<\/span><\/p>\n<ul>\n<li data-leveltext=\"\uf0b7\" data-font=\"Symbol\" data-listid=\"2\" data-aria-posinset=\"3\" data-aria-level=\"1\"><a href=\"https:\/\/www.eursc.eu\/Syllabuses\/2016-01-D-32-en-3.pdf\"><span data-contrast=\"none\">Ethics syllabus<\/span><\/a><span data-ccp-props=\"{&quot;134233279&quot;:true,&quot;201341983&quot;:0,&quot;335559739&quot;:160,&quot;335559740&quot;:259}\">\u00a0<\/span><\/li>\n<\/ul>\n<ul>\n<li data-leveltext=\"\uf0b7\" data-font=\"Symbol\" data-listid=\"2\" data-aria-posinset=\"1\" data-aria-level=\"1\"><a href=\"https:\/\/www.eursc.eu\/Syllabuses\/2011-01-D-87-en-2.pdf\"><span data-contrast=\"none\">Orthodoxe-religion syllabus<\/span><\/a><span data-ccp-props=\"{&quot;134233279&quot;:true,&quot;201341983&quot;:0,&quot;335559739&quot;:160,&quot;335559740&quot;:259}\">\u00a0<\/span><\/li>\n<li data-leveltext=\"\uf0b7\" data-font=\"Symbol\" data-listid=\"2\" data-aria-posinset=\"2\" data-aria-level=\"1\"><a href=\"https:\/\/www.eursc.eu\/Syllabuses\/2012-01-D-41-en-2.pdf\"><span data-contrast=\"none\">Protestant religion syllabus<\/span><\/a><span data-contrast=\"auto\">\u00a0<\/span><span data-ccp-props=\"{&quot;134233279&quot;:true,&quot;201341983&quot;:0,&quot;335559739&quot;:160,&quot;335559740&quot;:259}\">\u00a0<\/span><\/li>\n<li data-leveltext=\"\uf0b7\" data-font=\"Symbol\" data-listid=\"2\" data-aria-posinset=\"3\" data-aria-level=\"1\"><a href=\"https:\/\/www.eursc.eu\/Syllabuses\/2012-01-D-38-fr-2.pdf\"><span data-contrast=\"none\">Islamic religion syllabus<\/span><\/a><span data-contrast=\"auto\">\u00a0 (seulement\u00a0en\u00a0fran\u00e7ais)<\/span><span data-ccp-props=\"{&quot;134233279&quot;:true,&quot;201341983&quot;:0,&quot;335559739&quot;:160,&quot;335559740&quot;:259}\">\u00a0<\/span><\/li>\n<li data-leveltext=\"\uf0b7\" data-font=\"Symbol\" data-listid=\"2\" data-aria-posinset=\"4\" data-aria-level=\"1\"><a href=\"https:\/\/www.eursc.eu\/Syllabuses\/2011-02-D-3-fr-2.pdf\"><span data-contrast=\"none\">Catholic religion syllabus<\/span><\/a><span data-contrast=\"auto\">\u00a0(seulement\u00a0en\u00a0fran\u00e7ais)<\/span><span data-ccp-props=\"{&quot;134233279&quot;:true,&quot;201341983&quot;:0,&quot;335559739&quot;:160,&quot;335559740&quot;:259}\">\u00a0<\/span><\/li>\n<\/ul>\n<p><span data-ccp-props=\"{&quot;201341983&quot;:0,&quot;335559739&quot;:160,&quot;335559740&quot;:259}\">\u00a0<\/span>[\/vc_column_text][vc_separator style=&#8221;double&#8221; css=&#8221;.vc_custom_1624952643475{margin-top: 0px !important;border-top-width: 0px !important;padding-top: 10px !important;}&#8221;][\/vc_column][\/vc_row][vc_row][vc_column][vc_empty_space height=&#8221;20&#8243;][\/vc_column][\/vc_row]<\/p>\n<\/div>","protected":false},"excerpt":{"rendered":"<p>[vc_row full_width=&#8221;stretch_row_content_no_spaces&#8221; css=&#8221;.vc_custom_1589920007717{margin-bottom: 0px !important;}&#8221;][vc_column css=&#8221;.vc_custom_1589920029564{margin-bottom: 0px !important;}&#8221; offset=&#8221;vc_hidden-sm vc_hidden-xs&#8221;][vc_custom_heading text=&#8221;&#8221; font_container=&#8221;tag:h1|text_align:left&#8221; use_theme_fonts=&#8221;yes&#8221; el_class=&#8221;custom-header&#8221; css=&#8221;.vc_custom_1624872760794{background-image:<span class=\"excerpt-hellip\"> [\u2026]<\/span><\/p>\n","protected":false},"author":1,"featured_media":0,"parent":0,"menu_order":0,"comment_status":"closed","ping_status":"closed","template":"","meta":{"footnotes":""},"categories":[63],"class_list":["post-12654","page","type-page","status-publish","hentry","category-_page-nurpri-fr"],"_links":{"self":[{"href":"https:\/\/www.euroschool.lu\/site\/wp-json\/wp\/v2\/pages\/12654","targetHints":{"allow":["GET"]}}],"collection":[{"href":"https:\/\/www.euroschool.lu\/site\/wp-json\/wp\/v2\/pages"}],"about":[{"href":"https:\/\/www.euroschool.lu\/site\/wp-json\/wp\/v2\/types\/page"}],"author":[{"embeddable":true,"href":"https:\/\/www.euroschool.lu\/site\/wp-json\/wp\/v2\/users\/1"}],"replies":[{"embeddable":true,"href":"https:\/\/www.euroschool.lu\/site\/wp-json\/wp\/v2\/comments?post=12654"}],"version-history":[{"count":4,"href":"https:\/\/www.euroschool.lu\/site\/wp-json\/wp\/v2\/pages\/12654\/revisions"}],"predecessor-version":[{"id":20003,"href":"https:\/\/www.euroschool.lu\/site\/wp-json\/wp\/v2\/pages\/12654\/revisions\/20003"}],"wp:attachment":[{"href":"https:\/\/www.euroschool.lu\/site\/wp-json\/wp\/v2\/media?parent=12654"}],"wp:term":[{"taxonomy":"category","embeddable":true,"href":"https:\/\/www.euroschool.lu\/site\/wp-json\/wp\/v2\/categories?post=12654"}],"curies":[{"name":"wp","href":"https:\/\/api.w.org\/{rel}","templated":true}]}}