{"id":12640,"date":"2021-07-13T11:49:23","date_gmt":"2021-07-13T09:49:23","guid":{"rendered":"http:\/\/www.euroschool.lu\/site\/?page_id=12640"},"modified":"2025-10-19T18:33:25","modified_gmt":"2025-10-19T16:33:25","slug":"maternelle-et-primaire-education-physique-arts-et-musique","status":"publish","type":"page","link":"https:\/\/www.euroschool.lu\/site\/fr\/maternelle-et-primaire-education-physique-arts-et-musique\/","title":{"rendered":"Maternelle et primaire : \u00c9ducation physique, arts et musique"},"content":{"rendered":"<div class=\"wpb-content-wrapper\"><p>[vc_row full_width=&#8221;stretch_row_content_no_spaces&#8221; css=&#8221;.vc_custom_1589920007717{margin-bottom: 0px !important;}&#8221;][vc_column css=&#8221;.vc_custom_1589920029564{margin-bottom: 0px !important;}&#8221; offset=&#8221;vc_hidden-sm vc_hidden-xs&#8221;][vc_custom_heading text=&#8221;&#8221; font_container=&#8221;tag:h1|text_align:left&#8221; use_theme_fonts=&#8221;yes&#8221; el_class=&#8221;custom-header&#8221; css=&#8221;.vc_custom_1625819064862{background-image: url(http:\/\/www.euroschool.lu\/site\/wp-content\/uploads\/2021\/07\/Nurs_primary_arts.jpg?id=12486) !important;background-position: center !important;background-repeat: no-repeat !important;background-size: cover !important;}&#8221;][\/vc_column][\/vc_row][vc_row full_width=&#8221;stretch_row_content_no_spaces&#8221; css=&#8221;.vc_custom_1589920007717{margin-bottom: 0px !important;}&#8221;][vc_column css=&#8221;.vc_custom_1589920591194{margin-bottom: 0px !important;}&#8221; offset=&#8221;vc_hidden-lg vc_hidden-md&#8221;][vc_custom_heading text=&#8221;&#8221; font_container=&#8221;tag:h1|text_align:left&#8221; use_theme_fonts=&#8221;yes&#8221; el_class=&#8221;custom-header-mob&#8221; css=&#8221;.vc_custom_1625819099092{background-image: url(http:\/\/www.euroschool.lu\/site\/wp-content\/uploads\/2021\/07\/Nurs_primary_arts.jpg?id=12486) !important;background-position: center !important;background-repeat: no-repeat !important;background-size: cover !important;}&#8221;][\/vc_column][\/vc_row][vc_row el_class=&#8221;main-box&#8221;][vc_column width=&#8221;1\/5&#8243; offset=&#8221;vc_hidden-md vc_hidden-sm vc_hidden-xs&#8221; el_class=&#8221;sidebar-menu&#8221;][vc_widget_sidebar sidebar_id=&#8221;sidebar-sidebar-menu-nurpri-fr&#8221; el_class=&#8221;sidebar-menu-nurpri&#8221;][\/vc_column][vc_column width=&#8221;4\/5&#8243; el_class=&#8221;main-column&#8221;][vc_column_text el_class=&#8221;page-title&#8221;]<\/p>\n<h1>Maternelle et Primaire : \u00c9ducation physique, arts et musique<\/h1>\n<p>[\/vc_column_text][vc_column_text css=&#8221;.vc_custom_1626157978654{padding-top: 10px !important;}&#8221;]<span data-contrast=\"auto\">Les programmes d&#8217;art, de musique et\u00a0d&#8217;\u00e9ducation\u00a0physique\u00a0couvrent\u00a0les cinq\u00a0ann\u00e9es\u00a0du cycle\u00a0primaire.\u00a0Ces\u00a0mati\u00e8res\u00a0sont\u00a0enseign\u00e9es\u00a0:\u00a0\u00a0<\/span><\/p>\n<ul>\n<li><span data-contrast=\"auto\">300 minutes par semaine en P1\/P2 (trois mati\u00e8res combin\u00e9es)<\/span><\/li>\n<li><span data-contrast=\"auto\">180 minutes par semaine en P3\/P4\/P5 (trois mati\u00e8res combin\u00e9es)<\/span><\/li>\n<\/ul>\n<p><span data-contrast=\"auto\">\u00a0Vous\u00a0trouverez\u00a0ci-dessous\u00a0une\u00a0br\u00e8ve\u00a0pr\u00e9sentation\u00a0de\u00a0chaque\u00a0mati\u00e8re et le lien\u00a0vers\u00a0les programmes\u00a0officiels\u00a0des \u00e9coles\u00a0europ\u00e9ennes.\u00a0<\/span><span data-ccp-props=\"{&quot;201341983&quot;:0,&quot;335559739&quot;:160,&quot;335559740&quot;:259}\">\u00a0<\/span><\/p>\n<p>&nbsp;<\/p>\n<h3><span data-contrast=\"auto\">L&#8217;\u00e9ducation\u00a0physique\u00a0<\/span><span data-ccp-props=\"{&quot;201341983&quot;:0,&quot;335559739&quot;:160,&quot;335559740&quot;:259}\">\u00a0<\/span><\/h3>\n<p><span data-contrast=\"auto\">\u00a0Le programme d&#8217;\u00e9ducation physique (EP) repose sur une vision holistique de l&#8217;enfant qui reconna\u00eet son niveau de maturit\u00e9 physique, mentale et sociale. Il vise \u00e0 faire comprendre comment les activit\u00e9s physiques affectent la sant\u00e9 de mani\u00e8re positive et \u00e0 souligner l&#8217;importance d&#8217;un \u00e9quipement ad\u00e9quat et des habitudes d&#8217;hygi\u00e8ne personnelle. Gr\u00e2ce \u00e0 l&#8217;\u00e9ducation physique, les enfants devraient s&#8217;int\u00e9resser \u00e0 l&#8217;activit\u00e9 physique tout au long de leur vie. L&#8217;\u00e9ducation physique doit motiver et encourager les enfants \u00e0 faire du sport pendant leur temps libre. <\/span><span data-ccp-props=\"{&quot;201341983&quot;:0,&quot;335559739&quot;:160,&quot;335559740&quot;:259}\">\u00a0<\/span><\/p>\n<p><span data-contrast=\"auto\">L&#8217;\u00e9ducation physique offre un large \u00e9ventail de possibilit\u00e9s aux enfants pour essayer et pratiquer diff\u00e9rentes activit\u00e9s. Le d\u00e9veloppement des comp\u00e9tences sociales (comme le fair-play, la coop\u00e9ration, la tol\u00e9rance, le respect, etc.) et des comp\u00e9tences cognitives (par exemple, la tactique, les r\u00e8gles, le contr\u00f4le du corps, les aspects li\u00e9s \u00e0 la sant\u00e9 et \u00e0 la s\u00e9curit\u00e9) sont abord\u00e9s et pris en compte dans l&#8217;enseignement de l&#8217;\u00e9ducation physique. <\/span><span data-ccp-props=\"{&quot;201341983&quot;:0,&quot;335559739&quot;:160,&quot;335559740&quot;:259}\">\u00a0<\/span><\/p>\n<p><span data-contrast=\"auto\">L&#8217;\u00e9ducation physique est propos\u00e9e pendant les le\u00e7ons d&#8217;\u00e9ducation physique dans le gymnase, la piscine et\/ou dans les espaces ext\u00e9rieurs. L&#8217;enseignant d&#8217;\u00e9ducation physique est l&#8217;enseignant de la classe ou un enseignant sp\u00e9cialis\u00e9. <\/span><span data-ccp-props=\"{&quot;201341983&quot;:0,&quot;335559739&quot;:160,&quot;335559740&quot;:259}\">\u00a0<\/span>[\/vc_column_text][vc_btn title=&#8221;Pour plus d&#8217;informations, veuillez consulter le syllabus d&#8217;\u00e9ducation physique&#8221; style=&#8221;classic&#8221; color=&#8221;sky&#8221; align=&#8221;left&#8221; i_icon_fontawesome=&#8221;fa fa-file-text-o&#8221; add_icon=&#8221;true&#8221; link=&#8221;url:https%3A%2F%2Fwww.eursc.eu%2FSyllabuses%2F2015-01-D-39-en-4.pdf||target:%20_blank|&#8221;][vc_column_text css=&#8221;.vc_custom_1626157890582{padding-top: 10px !important;}&#8221;]<\/p>\n<h3><span data-contrast=\"auto\">\u00c9ducation\u00a0artistique\u00a0<\/span><span data-ccp-props=\"{&quot;201341983&quot;:0,&quot;335559739&quot;:160,&quot;335559740&quot;:259}\">\u00a0<\/span><\/h3>\n<p><span data-contrast=\"auto\">\u00a0L&#8217;objectif\u00a0de\u00a0l&#8217;\u00e9ducation\u00a0artistique\u00a0dans les \u00e9coles\u00a0europ\u00e9ennes\u00a0est\u00a0de\u00a0d\u00e9velopper\u00a0l&#8217;expression\u00a0: expression des sentiments et des\u00a0\u00e9motions\u00a0dans la\u00a0d\u00e9couverte\u00a0de\u00a0l&#8217;art,\u00a0mais\u00a0aussi\u00a0expression et pratique dans\u00a0l&#8217;utilisation\u00a0de\u00a0diff\u00e9rents\u00a0m\u00e9dias\u00a0artistiques.\u00a0L&#8217;\u00e9ducation\u00a0artistique\u00a0favorise\u00a0la libre expression, la prise\u00a0d&#8217;initiative\u00a0et le\u00a0r\u00f4le\u00a0de\u00a0l&#8217;individu\u00a0dans la\u00a0cr\u00e9ativit\u00e9, dans\u00a0sa\u00a0vie\u00a0priv\u00e9e\u00a0ou\u00a0publique.\u00a0<\/span><span data-ccp-props=\"{&quot;201341983&quot;:0,&quot;335559739&quot;:160,&quot;335559740&quot;:259}\">\u00a0<\/span><\/p>\n<p><span data-contrast=\"auto\">\u00a0Les arts\u00a0donnent\u00a0l&#8217;occasion\u00a0de\u00a0d\u00e9couvrir\u00a0des\u00a0id\u00e9es, des sentiments et des\u00a0exp\u00e9riences\u00a0cr\u00e9atives\u00a0dans la musique, les\u00a0gestes\u00a0et les\u00a0mouvements. Cette\u00a0d\u00e9couverte\u00a0enrichit\u00a0l&#8217;enfant\u00a0et\u00a0lui\u00a0permet\u00a0de\u00a0questionner\u00a0ses\u00a0propres\u00a0interpr\u00e9tations\u00a0et\u00a0repr\u00e9sentations\u00a0du monde, de\u00a0s&#8217;\u00e9loigner\u00a0des cadres\u00a0\u00e9tablis\u00a0; de\u00a0construire\u00a0des\u00a0r\u00e9f\u00e9rences\u00a0culturelles\u00a0et\u00a0esth\u00e9tiques.\u00a0L&#8217;\u00e9ducation\u00a0artistique\u00a0dans les \u00e9coles\u00a0europ\u00e9ennes\u00a0consid\u00e8re\u00a0l&#8217;art\u00a0comme\u00a0un\u00a0outil\u00a0social et\u00a0culturel\u00a0puissant qui\u00a0favorise\u00a0les\u00a0\u00e9changes\u00a0et unit les\u00a0personnes\u00a0dans des\u00a0projets\u00a0collectifs\u00a0ou\u00a0des\u00a0projets\u00a0artistiques\u00a0interculturels. Les arts\u00a0contribuent\u00a0au\u00a0d\u00e9veloppement\u00a0global de\u00a0l&#8217;enfant\u00a0dans quatre\u00a0domaines\u00a0:\u00a0psychologique,\u00a0socioculturel, physique et\u00a0cognitif.\u00a0<\/span><span data-ccp-props=\"{&quot;201341983&quot;:0,&quot;335559739&quot;:160,&quot;335559740&quot;:259}\">\u00a0<\/span>[\/vc_column_text][vc_btn title=&#8221;Pour plus d&#8217;informations, veuillez consulter le syllabus d&#8217;\u00e9ducation artistique&#8221; style=&#8221;classic&#8221; color=&#8221;sky&#8221; align=&#8221;left&#8221; i_icon_fontawesome=&#8221;fa fa-file-text-o&#8221; add_icon=&#8221;true&#8221; link=&#8221;url:https%3A%2F%2Fwww.eursc.eu%2FSyllabuses%2F2013-04-D-10-en-2.pdf||target:%20_blank|&#8221;][vc_column_text css=&#8221;.vc_custom_1626157856898{padding-top: 10px !important;}&#8221;]<\/p>\n<h3><span data-contrast=\"auto\">Musique\u00a0<\/span><span data-ccp-props=\"{&quot;201341983&quot;:0,&quot;335559739&quot;:160,&quot;335559740&quot;:259}\">\u00a0<\/span><\/h3>\n<p><span data-contrast=\"auto\">L&#8217;objectif\u00a0central\u00a0est\u00a0de\u00a0maintenir\u00a0et de\u00a0d\u00e9velopper\u00a0le\u00a0plaisir\u00a0des enfants pour la musique. Les enfants\u00a0entrent\u00a0\u00e0\u00a0l&#8217;\u00e9cole\u00a0primaire\u00a0en\u00a0ayant\u00a0v\u00e9cu\u00a0une\u00a0s\u00e9rie\u00a0d&#8217;exp\u00e9riences\u00a0musicales\u00a0agr\u00e9ables.\u00a0Ils\u00a0devraient\u00a0quitter\u00a0l&#8217;\u00e9cole\u00a0secondaire\u00a0avec\u00a0ce\u00a0plaisir\u00a0intact. En\u00a0fait, il\u00a0devrait\u00a0s&#8217;approfondir\u00a0au fur et \u00e0\u00a0mesure\u00a0que\u00a0leurs\u00a0connaissances,\u00a0leurs\u00a0comp\u00e9tences\u00a0et\u00a0leur\u00a0compr\u00e9hension\u00a0de la musique se\u00a0d\u00e9veloppent.\u00a0<\/span><span data-ccp-props=\"{&quot;201341983&quot;:0,&quot;335559739&quot;:160,&quot;335559740&quot;:259}\">\u00a0<\/span><\/p>\n<p><span data-contrast=\"auto\">Le programme de musique\u00a0est\u00a0divis\u00e9\u00a0en\u00a0trois\u00a0domaines\u00a0:\u00a0<\/span><span data-ccp-props=\"{&quot;201341983&quot;:0,&quot;335559739&quot;:160,&quot;335559740&quot;:259}\">\u00a0<\/span><\/p>\n<ul>\n<li data-leveltext=\"\uf0b7\" data-font=\"Symbol\" data-listid=\"1\" data-aria-posinset=\"1\" data-aria-level=\"1\"><span data-contrast=\"auto\">\u00a0faire de la musique et\u00a0jouer,\u00a0<\/span><span data-ccp-props=\"{&quot;134233279&quot;:true,&quot;201341983&quot;:0,&quot;335559739&quot;:160,&quot;335559740&quot;:259}\">\u00a0<\/span><\/li>\n<\/ul>\n<ul>\n<li data-leveltext=\"\uf0b7\" data-font=\"Symbol\" data-listid=\"1\" data-aria-posinset=\"1\" data-aria-level=\"1\"><span data-contrast=\"auto\">\u00a0\u00e9couter\u00a0et\u00a0r\u00e9agir,\u00a0<\/span><span data-ccp-props=\"{&quot;134233279&quot;:true,&quot;201341983&quot;:0,&quot;335559739&quot;:160,&quot;335559740&quot;:259}\">\u00a0<\/span><\/li>\n<li data-leveltext=\"\uf0b7\" data-font=\"Symbol\" data-listid=\"1\" data-aria-posinset=\"2\" data-aria-level=\"1\"><span data-contrast=\"auto\">\u00a0composer.\u00a0<\/span><span data-ccp-props=\"{&quot;134233279&quot;:true,&quot;201341983&quot;:0,&quot;335559739&quot;:160,&quot;335559740&quot;:259}\">\u00a0<\/span><\/li>\n<\/ul>\n<p>[\/vc_column_text][vc_btn title=&#8221;Pour plus d&#8217;informations, veuillez consulter le syllabus d&#8217;\u00e9ducation musicale&#8221; style=&#8221;classic&#8221; color=&#8221;sky&#8221; align=&#8221;left&#8221; i_icon_fontawesome=&#8221;fa fa-file-text-o&#8221; add_icon=&#8221;true&#8221; link=&#8221;url:https%3A%2F%2Fwww.eursc.eu%2FSyllabuses%2F2016-10-D-14-en-4.pdf||target:%20_blank|&#8221;][vc_separator style=&#8221;double&#8221; css=&#8221;.vc_custom_1624952643475{margin-top: 0px !important;border-top-width: 0px !important;padding-top: 10px !important;}&#8221;][\/vc_column][\/vc_row][vc_row][vc_column][vc_empty_space height=&#8221;20&#8243;][\/vc_column][\/vc_row]<\/p>\n<\/div>","protected":false},"excerpt":{"rendered":"<p>[vc_row full_width=&#8221;stretch_row_content_no_spaces&#8221; css=&#8221;.vc_custom_1589920007717{margin-bottom: 0px !important;}&#8221;][vc_column css=&#8221;.vc_custom_1589920029564{margin-bottom: 0px !important;}&#8221; offset=&#8221;vc_hidden-sm vc_hidden-xs&#8221;][vc_custom_heading text=&#8221;&#8221; font_container=&#8221;tag:h1|text_align:left&#8221; use_theme_fonts=&#8221;yes&#8221; el_class=&#8221;custom-header&#8221; css=&#8221;.vc_custom_1625819064862{background-image:<span class=\"excerpt-hellip\"> [\u2026]<\/span><\/p>\n","protected":false},"author":1,"featured_media":0,"parent":0,"menu_order":0,"comment_status":"closed","ping_status":"closed","template":"","meta":{"footnotes":""},"categories":[63],"class_list":["post-12640","page","type-page","status-publish","hentry","category-_page-nurpri-fr"],"_links":{"self":[{"href":"https:\/\/www.euroschool.lu\/site\/wp-json\/wp\/v2\/pages\/12640","targetHints":{"allow":["GET"]}}],"collection":[{"href":"https:\/\/www.euroschool.lu\/site\/wp-json\/wp\/v2\/pages"}],"about":[{"href":"https:\/\/www.euroschool.lu\/site\/wp-json\/wp\/v2\/types\/page"}],"author":[{"embeddable":true,"href":"https:\/\/www.euroschool.lu\/site\/wp-json\/wp\/v2\/users\/1"}],"replies":[{"embeddable":true,"href":"https:\/\/www.euroschool.lu\/site\/wp-json\/wp\/v2\/comments?post=12640"}],"version-history":[{"count":5,"href":"https:\/\/www.euroschool.lu\/site\/wp-json\/wp\/v2\/pages\/12640\/revisions"}],"predecessor-version":[{"id":19997,"href":"https:\/\/www.euroschool.lu\/site\/wp-json\/wp\/v2\/pages\/12640\/revisions\/19997"}],"wp:attachment":[{"href":"https:\/\/www.euroschool.lu\/site\/wp-json\/wp\/v2\/media?parent=12640"}],"wp:term":[{"taxonomy":"category","embeddable":true,"href":"https:\/\/www.euroschool.lu\/site\/wp-json\/wp\/v2\/categories?post=12640"}],"curies":[{"name":"wp","href":"https:\/\/api.w.org\/{rel}","templated":true}]}}