{"id":12608,"date":"2021-07-13T11:38:48","date_gmt":"2021-07-13T09:38:48","guid":{"rendered":"http:\/\/www.euroschool.lu\/site\/?page_id=12608"},"modified":"2025-10-19T18:33:30","modified_gmt":"2025-10-19T16:33:30","slug":"maternelle-et-primaire-heures-europeenes-eh","status":"publish","type":"page","link":"https:\/\/www.euroschool.lu\/site\/fr\/maternelle-et-primaire-heures-europeenes-eh\/","title":{"rendered":"Maternelle et primaire : Heures europ\u00e9enes EH"},"content":{"rendered":"<div class=\"wpb-content-wrapper\"><p>[vc_row full_width=&#8221;stretch_row_content_no_spaces&#8221; css=&#8221;.vc_custom_1589920007717{margin-bottom: 0px !important;}&#8221;][vc_column css=&#8221;.vc_custom_1589920029564{margin-bottom: 0px !important;}&#8221; offset=&#8221;vc_hidden-sm vc_hidden-xs&#8221;][vc_custom_heading text=&#8221;&#8221; font_container=&#8221;tag:h1|text_align:left&#8221; use_theme_fonts=&#8221;yes&#8221; el_class=&#8221;custom-header&#8221; css=&#8221;.vc_custom_1656403892434{background-image: url(http:\/\/www.euroschool.lu\/site\/wp-content\/uploads\/2022\/06\/antoine-schibler-KF3Ty-K6NVA-unsplash.jpg?id=14719) !important;background-position: center !important;background-repeat: no-repeat !important;background-size: cover !important;}&#8221;][\/vc_column][\/vc_row][vc_row full_width=&#8221;stretch_row_content_no_spaces&#8221; css=&#8221;.vc_custom_1589920007717{margin-bottom: 0px !important;}&#8221;][vc_column css=&#8221;.vc_custom_1589920591194{margin-bottom: 0px !important;}&#8221; offset=&#8221;vc_hidden-lg vc_hidden-md&#8221;][vc_custom_heading text=&#8221;&#8221; font_container=&#8221;tag:h1|text_align:left&#8221; use_theme_fonts=&#8221;yes&#8221; el_class=&#8221;custom-header-mob&#8221; css=&#8221;.vc_custom_1656403905706{background-image: url(http:\/\/www.euroschool.lu\/site\/wp-content\/uploads\/2022\/06\/antoine-schibler-KF3Ty-K6NVA-unsplash.jpg?id=14719) !important;background-position: center !important;background-repeat: no-repeat !important;background-size: cover !important;}&#8221;][\/vc_column][\/vc_row][vc_row el_class=&#8221;main-box&#8221;][vc_column width=&#8221;1\/5&#8243; offset=&#8221;vc_hidden-md vc_hidden-sm vc_hidden-xs&#8221; el_class=&#8221;sidebar-menu&#8221;][vc_widget_sidebar sidebar_id=&#8221;sidebar-sidebar-menu-nurpri-fr&#8221; el_class=&#8221;sidebar-menu-nurpri&#8221;][\/vc_column][vc_column width=&#8221;4\/5&#8243; el_class=&#8221;main-column&#8221;][vc_column_text el_class=&#8221;page-title&#8221;]<\/p>\n<h1>Maternelle et Primaire : Heures europ\u00e9enes EH<\/h1>\n<p>[\/vc_column_text][vc_column_text css=&#8221;.vc_custom_1626247996558{padding-top: 10px !important;}&#8221;]<span data-contrast=\"auto\">Les heures europ\u00e9ennes constituent un moment agr\u00e9able de d\u00e9couverte et de partage des connaissances. Les enfants de diff\u00e9rentes nationalit\u00e9s apprennent des aspects int\u00e9ressants de la culture europ\u00e9enne en travaillant ensemble sur des projets communs ou en trouvant des solutions \u00e0 des probl\u00e8mes cr\u00e9\u00e9s ou pr\u00e9sent\u00e9s en classe. <\/span><span data-ccp-props=\"{&quot;201341983&quot;:0,&quot;335559739&quot;:160,&quot;335559740&quot;:259}\">\u00a0<\/span><\/p>\n<p>&nbsp;<\/p>\n<h3><span data-contrast=\"auto\">Objectifs\u00a0<\/span><span data-ccp-props=\"{&quot;201341983&quot;:0,&quot;335559739&quot;:160,&quot;335559740&quot;:259}\">\u00a0<\/span><\/h3>\n<ul>\n<li data-leveltext=\"-\" data-font=\"Calibri\" data-listid=\"2\" data-aria-posinset=\"1\" data-aria-level=\"1\"><span data-contrast=\"auto\">D\u00e9velopper une identit\u00e9 europ\u00e9enne.\u00a0<\/span><span data-ccp-props=\"{&quot;134233279&quot;:true,&quot;201341983&quot;:0,&quot;335559739&quot;:160,&quot;335559740&quot;:259}\">\u00a0<\/span><\/li>\n<li data-leveltext=\"-\" data-font=\"Calibri\" data-listid=\"2\" data-aria-posinset=\"2\" data-aria-level=\"1\"><span data-contrast=\"auto\">D\u00e9velopper\u00a0des attitudes\u00a0interculturelles\u00a0positives:\u00a0respect,\u00a0tol\u00e9rance,\u00a0coop\u00e9ration, communication.\u00a0<\/span><span data-ccp-props=\"{&quot;134233279&quot;:true,&quot;201341983&quot;:0,&quot;335559739&quot;:160,&quot;335559740&quot;:259}\">\u00a0<\/span><\/li>\n<li data-leveltext=\"-\" data-font=\"Calibri\" data-listid=\"3\" data-aria-posinset=\"3\" data-aria-level=\"1\"><span data-contrast=\"auto\">Traiter des questions relatives \u00e0 la compr\u00e9hension et \u00e0 la communication interculturelles.\u00a0<\/span><span data-ccp-props=\"{&quot;134233279&quot;:true,&quot;201341983&quot;:0,&quot;335559739&quot;:160,&quot;335559740&quot;:259}\">\u00a0<\/span><\/li>\n<li data-leveltext=\"-\" data-font=\"Calibri\" data-listid=\"4\" data-aria-posinset=\"4\" data-aria-level=\"1\"><span data-contrast=\"auto\">Permettre\u00a0aux\u00a0\u00e9l\u00e8ves\u00a0de se\u00a0conna\u00eetre, de\u00a0s&#8217;appr\u00e9cier\u00a0et de\u00a0s&#8217;entraider.\u00a0<\/span><span data-ccp-props=\"{&quot;134233279&quot;:true,&quot;201341983&quot;:0,&quot;335559739&quot;:160,&quot;335559740&quot;:259}\">\u00a0<\/span><\/li>\n<li data-leveltext=\"-\" data-font=\"Calibri\" data-listid=\"5\" data-aria-posinset=\"5\" data-aria-level=\"1\"><span data-contrast=\"auto\">Permettre le d\u00e9veloppement social des \u00e9l\u00e8ves.\u00a0<\/span><span data-ccp-props=\"{&quot;134233279&quot;:true,&quot;201341983&quot;:0,&quot;335559739&quot;:160,&quot;335559740&quot;:259}\">\u00a0<\/span><\/li>\n<\/ul>\n<ul>\n<li data-leveltext=\"-\" data-font=\"Calibri\" data-listid=\"6\" data-aria-posinset=\"1\" data-aria-level=\"1\"><span data-contrast=\"auto\">D\u00e9velopper l&#8217;esprit d&#8217;initiative, l&#8217;autonomie et la solidarit\u00e9.\u00a0<\/span><span data-ccp-props=\"{&quot;134233279&quot;:true,&quot;201341983&quot;:0,&quot;335559739&quot;:160,&quot;335559740&quot;:259}\"><br \/>\n<\/span><\/li>\n<\/ul>\n<p>&nbsp;<\/p>\n<h3><span data-contrast=\"auto\">En pratique\u00a0<\/span><span data-ccp-props=\"{&quot;201341983&quot;:0,&quot;335559739&quot;:160,&quot;335559740&quot;:259}\">\u00a0<\/span><\/h3>\n<p><span data-contrast=\"auto\">Chaque\u00a0groupe\u00a0d&#8217;enfants\u00a0est\u00a0\u00e9valu\u00e9\u00a0par un\u00a0enseignant\u00a0avec\u00a0lequel\u00a0il\u00a0travaille\u00a0sur\u00a0une\u00a0activit\u00e9\u00a0pendant quatre\u00a0ou\u00a0cinq s\u00e9ances.\u00a0<\/span><span data-ccp-props=\"{&quot;201341983&quot;:0,&quot;335559739&quot;:160,&quot;335559740&quot;:259}\">\u00a0<\/span><\/p>\n<p><span data-contrast=\"auto\">En adh\u00e9rant \u00e0 la philosophie des Heures europ\u00e9ennes qui vise \u00e0 renforcer l&#8217;esprit de collaboration et la solidarit\u00e9 entre les membres de chaque groupe, l&#8217;effort p\u00e9dagogique se concentre sur la communication et sur la collaboration, qui constituent le processus de travail coop\u00e9ratif des \u00e9l\u00e8ves. <\/span><span data-ccp-props=\"{&quot;201341983&quot;:0,&quot;335559739&quot;:160,&quot;335559740&quot;:259}\">\u00a0<\/span><\/p>\n<p><span data-contrast=\"auto\">Le contenu du programme des Heures europ\u00e9ennes suit une progression bas\u00e9e sur l&#8217;\u00e9volution de l&#8217;engagement des \u00e9l\u00e8ves dans les activit\u00e9s. <\/span><span data-ccp-props=\"{&quot;201341983&quot;:0,&quot;335559739&quot;:160,&quot;335559740&quot;:259}\">\u00a0<\/span><\/p>\n<p><span data-contrast=\"auto\">Le programme, qui fait\u00a0partie\u00a0des programmes\u00a0harmonis\u00e9s,\u00a0couvre\u00a0trois\u00a0ann\u00e9es\u00a0du cycle\u00a0primaire. Les\u00a0Heures\u00a0europ\u00e9ennes\u00a0sont\u00a0enseign\u00e9es\u00a0:<\/span><span data-ccp-props=\"{&quot;201341983&quot;:0,&quot;335559739&quot;:160,&quot;335559740&quot;:259}\">\u00a0<\/span><\/p>\n<ul>\n<li><span data-contrast=\"auto\">90 minutes par semaine en P3\/P4\/P5<\/span><span data-ccp-props=\"{&quot;201341983&quot;:0,&quot;335559739&quot;:160,&quot;335559740&quot;:259}\">\u00a0<\/span><\/li>\n<\/ul>\n<p>[\/vc_column_text][vc_btn title=&#8221;Pour plus d&#8217;informations, veuillez consulter le syllabus des heures europ\u00e9ennes&#8221; style=&#8221;classic&#8221; color=&#8221;sky&#8221; align=&#8221;left&#8221; i_icon_fontawesome=&#8221;fa fa-file-text-o&#8221; add_icon=&#8221;true&#8221; link=&#8221;url:https%3A%2F%2Fwww.eursc.eu%2FSyllabuses%2F2016-08-D-17-en-3.pdf||target:%20_blank|&#8221;][vc_separator style=&#8221;double&#8221; css=&#8221;.vc_custom_1624952643475{margin-top: 0px !important;border-top-width: 0px !important;padding-top: 10px !important;}&#8221;][\/vc_column][\/vc_row][vc_row][vc_column][vc_empty_space height=&#8221;20&#8243;][\/vc_column][\/vc_row]<\/p>\n<\/div>","protected":false},"excerpt":{"rendered":"<p>[vc_row full_width=&#8221;stretch_row_content_no_spaces&#8221; css=&#8221;.vc_custom_1589920007717{margin-bottom: 0px !important;}&#8221;][vc_column css=&#8221;.vc_custom_1589920029564{margin-bottom: 0px !important;}&#8221; offset=&#8221;vc_hidden-sm vc_hidden-xs&#8221;][vc_custom_heading text=&#8221;&#8221; font_container=&#8221;tag:h1|text_align:left&#8221; use_theme_fonts=&#8221;yes&#8221; el_class=&#8221;custom-header&#8221; css=&#8221;.vc_custom_1656403892434{background-image:<span class=\"excerpt-hellip\"> [\u2026]<\/span><\/p>\n","protected":false},"author":1,"featured_media":0,"parent":0,"menu_order":0,"comment_status":"closed","ping_status":"closed","template":"","meta":{"footnotes":""},"categories":[63],"class_list":["post-12608","page","type-page","status-publish","hentry","category-_page-nurpri-fr"],"_links":{"self":[{"href":"https:\/\/www.euroschool.lu\/site\/wp-json\/wp\/v2\/pages\/12608","targetHints":{"allow":["GET"]}}],"collection":[{"href":"https:\/\/www.euroschool.lu\/site\/wp-json\/wp\/v2\/pages"}],"about":[{"href":"https:\/\/www.euroschool.lu\/site\/wp-json\/wp\/v2\/types\/page"}],"author":[{"embeddable":true,"href":"https:\/\/www.euroschool.lu\/site\/wp-json\/wp\/v2\/users\/1"}],"replies":[{"embeddable":true,"href":"https:\/\/www.euroschool.lu\/site\/wp-json\/wp\/v2\/comments?post=12608"}],"version-history":[{"count":11,"href":"https:\/\/www.euroschool.lu\/site\/wp-json\/wp\/v2\/pages\/12608\/revisions"}],"predecessor-version":[{"id":20974,"href":"https:\/\/www.euroschool.lu\/site\/wp-json\/wp\/v2\/pages\/12608\/revisions\/20974"}],"wp:attachment":[{"href":"https:\/\/www.euroschool.lu\/site\/wp-json\/wp\/v2\/media?parent=12608"}],"wp:term":[{"taxonomy":"category","embeddable":true,"href":"https:\/\/www.euroschool.lu\/site\/wp-json\/wp\/v2\/categories?post=12608"}],"curies":[{"name":"wp","href":"https:\/\/api.w.org\/{rel}","templated":true}]}}