{"id":12601,"date":"2021-07-13T11:36:34","date_gmt":"2021-07-13T09:36:34","guid":{"rendered":"http:\/\/www.euroschool.lu\/site\/?page_id=12601"},"modified":"2025-10-19T18:33:15","modified_gmt":"2025-10-19T16:33:15","slug":"maternelle-et-primaire-decouverte-du-monde","status":"publish","type":"page","link":"https:\/\/www.euroschool.lu\/site\/fr\/maternelle-et-primaire-decouverte-du-monde\/","title":{"rendered":"Maternelle et primaire : D\u00e9couverte du monde"},"content":{"rendered":"<div class=\"wpb-content-wrapper\"><p>[vc_row full_width=&#8221;stretch_row_content_no_spaces&#8221; css=&#8221;.vc_custom_1589920007717{margin-bottom: 0px !important;}&#8221;][vc_column css=&#8221;.vc_custom_1589920029564{margin-bottom: 0px !important;}&#8221; offset=&#8221;vc_hidden-sm vc_hidden-xs&#8221;][vc_custom_heading text=&#8221;&#8221; font_container=&#8221;tag:h1|text_align:left&#8221; use_theme_fonts=&#8221;yes&#8221; el_class=&#8221;custom-header&#8221; css=&#8221;.vc_custom_1625820606304{background-image: url(http:\/\/www.euroschool.lu\/site\/wp-content\/uploads\/2021\/07\/Nurs_Primary_DDM.jpg?id=12496) !important;background-position: center !important;background-repeat: no-repeat !important;background-size: cover !important;}&#8221;][\/vc_column][\/vc_row][vc_row full_width=&#8221;stretch_row_content_no_spaces&#8221; css=&#8221;.vc_custom_1589920007717{margin-bottom: 0px !important;}&#8221;][vc_column css=&#8221;.vc_custom_1589920591194{margin-bottom: 0px !important;}&#8221; offset=&#8221;vc_hidden-lg vc_hidden-md&#8221;][vc_custom_heading text=&#8221;&#8221; font_container=&#8221;tag:h1|text_align:left&#8221; use_theme_fonts=&#8221;yes&#8221; el_class=&#8221;custom-header-mob&#8221; css=&#8221;.vc_custom_1625820687779{background-image: url(http:\/\/www.euroschool.lu\/site\/wp-content\/uploads\/2021\/07\/Nurs_Primary_DDM.jpg?id=12496) !important;background-position: center !important;background-repeat: no-repeat !important;background-size: cover !important;}&#8221;][\/vc_column][\/vc_row][vc_row el_class=&#8221;main-box&#8221;][vc_column width=&#8221;1\/5&#8243; offset=&#8221;vc_hidden-md vc_hidden-sm vc_hidden-xs&#8221; el_class=&#8221;sidebar-menu&#8221;][vc_widget_sidebar sidebar_id=&#8221;sidebar-sidebar-menu-nurpri-fr&#8221; el_class=&#8221;sidebar-menu-nurpri&#8221;][\/vc_column][vc_column width=&#8221;4\/5&#8243; el_class=&#8221;main-column&#8221;][vc_column_text el_class=&#8221;page-title&#8221;]<\/p>\n<h1>Maternelle et Primaire : D\u00e9couverte du monde<\/h1>\n<p>[\/vc_column_text][vc_column_text css=&#8221;.vc_custom_1626247666354{padding-top: 10px !important;}&#8221;]<span data-contrast=\"auto\">L&#8217;objectif principal du programme D\u00e9couverte du monde est de donner aux \u00e9l\u00e8ves un cadre de r\u00e9f\u00e9rences communes pour d\u00e9velopper une compr\u00e9hension d&#8217;eux-m\u00eames et du monde. En outre, le programme D\u00e9couverte du monde pr\u00e9pare les \u00e9l\u00e8ves \u00e0 la transition vers l&#8217;enseignement secondaire. <\/span><span data-ccp-props=\"{&quot;201341983&quot;:0,&quot;335559739&quot;:160,&quot;335559740&quot;:259}\">\u00a0<\/span><\/p>\n<p><span data-contrast=\"auto\">Le programme se compose de cinq domaines d&#8217;\u00e9tude diff\u00e9rents (biologique, historique, socioculturel, g\u00e9ographique et technologique), chacun de ces domaines \u00e9tant divis\u00e9 en sujets sp\u00e9cifiques pour chaque groupe d&#8217;\u00e2ge. <\/span><span data-ccp-props=\"{&quot;201341983&quot;:0,&quot;335559739&quot;:160,&quot;335559740&quot;:259}\">\u00a0<\/span><\/p>\n<p><span data-contrast=\"auto\">En accord avec les principes \u00e9ducatifs de la p\u00e9dagogie de l&#8217;\u00e9cole europ\u00e9enne, l&#8217;approche appliqu\u00e9e privil\u00e9gie un d\u00e9veloppement holistique de l&#8217;enfant et de son r\u00f4le actif dans l&#8217;apprentissage. Les strat\u00e9gies d&#8217;enseignement suivantes sont encourag\u00e9es : <\/span><span data-ccp-props=\"{&quot;201341983&quot;:0,&quot;335559739&quot;:160,&quot;335559740&quot;:259}\">\u00a0<\/span><\/p>\n<ul>\n<li><span data-contrast=\"auto\">Apprentissage bas\u00e9 sur la d\u00e9couverte &#8211; La d\u00e9couverte guid\u00e9e d\u00e9veloppe la curiosit\u00e9, la cr\u00e9ativit\u00e9 et la pens\u00e9e critique, menant \u00e0 un apprentissage ind\u00e9pendant.\u00a0<\/span><span data-ccp-props=\"{&quot;134233279&quot;:true,&quot;201341983&quot;:0,&quot;335559739&quot;:160,&quot;335559740&quot;:259}\">\u00a0<\/span><\/li>\n<li data-leveltext=\"-\" data-font=\"Calibri\" data-listid=\"3\" data-aria-posinset=\"2\" data-aria-level=\"1\"><span data-contrast=\"auto\">Les liens inter-curriculaires\u00a0sont\u00a0fortement\u00a0encourag\u00e9s\u00a0pour\u00a0promouvoir\u00a0le\u00a0d\u00e9veloppement\u00a0holistique\u00a0de\u00a0l&#8217;\u00e9l\u00e8ve.\u00a0<\/span><span data-ccp-props=\"{&quot;134233279&quot;:true,&quot;201341983&quot;:0,&quot;335559739&quot;:160,&quot;335559740&quot;:259}\">\u00a0<\/span><\/li>\n<\/ul>\n<ul>\n<li data-leveltext=\"-\" data-font=\"Calibri\" data-listid=\"4\" data-aria-posinset=\"1\" data-aria-level=\"1\"><span data-contrast=\"auto\">La promotion\u00a0d&#8217;une\u00a0perspective\u00a0europ\u00e9enne\u00a0en\u00a0accord avec les\u00a0principes\u00a0et les\u00a0objectifs\u00a0des \u00e9coles\u00a0europ\u00e9ennes.\u00a0<\/span><span data-ccp-props=\"{&quot;134233279&quot;:true,&quot;201341983&quot;:0,&quot;335559739&quot;:160,&quot;335559740&quot;:259}\">\u00a0<\/span><\/li>\n<li data-leveltext=\"-\" data-font=\"Calibri\" data-listid=\"5\" data-aria-posinset=\"2\" data-aria-level=\"1\"><span data-contrast=\"auto\">Une gamme de m\u00e9thodes d&#8217;enseignement pour soutenir les diff\u00e9rents styles d&#8217;apprentissage, y compris la diff\u00e9renciation, le travail coop\u00e9ratif en groupes ou en paires ;\u00a0<\/span><span data-ccp-props=\"{&quot;134233279&quot;:true,&quot;201341983&quot;:0,&quot;335559739&quot;:160,&quot;335559740&quot;:259}\">\u00a0<\/span><\/li>\n<li data-leveltext=\"-\" data-font=\"Calibri\" data-listid=\"6\" data-aria-posinset=\"3\" data-aria-level=\"1\"><span data-contrast=\"auto\">Utilisation des excursions et de l&#8217;environnement local (par exemple, l&#8217;environnement scolaire, les historiens locaux, les mus\u00e9es, les parents, etc );\u00a0<\/span><span data-ccp-props=\"{&quot;134233279&quot;:true,&quot;201341983&quot;:0,&quot;335559739&quot;:160,&quot;335559740&quot;:259}\">\u00a0<\/span><\/li>\n<li data-leveltext=\"-\" data-font=\"Calibri\" data-listid=\"7\" data-aria-posinset=\"4\" data-aria-level=\"1\"><span data-contrast=\"auto\">Centr\u00e9 sur l&#8217;enfant mais dirig\u00e9 par l&#8217;enseignant &#8211; Utiliser les exp\u00e9riences des \u00e9l\u00e8ves comme point de d\u00e9part du sujet trait\u00e9 ;\u00a0<\/span><span data-ccp-props=\"{&quot;134233279&quot;:true,&quot;201341983&quot;:0,&quot;335559739&quot;:160,&quot;335559740&quot;:259}\">\u00a0<\/span><\/li>\n<li data-leveltext=\"-\" data-font=\"Calibri\" data-listid=\"7\" data-aria-posinset=\"5\" data-aria-level=\"1\"><span data-contrast=\"auto\">Appliquer, le\u00a0cas\u00a0\u00e9ch\u00e9ant, les\u00a0r\u00e9sultats\u00a0de\u00a0l&#8217;apprentissage\u00a0\u00e0 des\u00a0r\u00e9f\u00e9rences\u00a0nationales, par\u00a0exemple\u00a0en\u00a0faisant\u00a0r\u00e9f\u00e9rence\u00a0au\u00a0paysage\u00a0national, aux\u00a0\u00e9v\u00e9nements\u00a0historiques, \u00e0 la culture\u00a0<\/span><span data-ccp-props=\"{&quot;134233279&quot;:true,&quot;201341983&quot;:0,&quot;335559739&quot;:160,&quot;335559740&quot;:259}\">\u00a0<\/span><\/li>\n<\/ul>\n<ul>\n<li data-leveltext=\"-\" data-font=\"Calibri\" data-listid=\"7\" data-aria-posinset=\"1\" data-aria-level=\"1\"><span data-contrast=\"auto\">Incorporer les TIC comme outil de recherche et de pr\u00e9sentation des informations. <\/span><span data-ccp-props=\"{&quot;134233279&quot;:true,&quot;201341983&quot;:0,&quot;335559739&quot;:160,&quot;335559740&quot;:259}\">\u00a0<\/span><\/li>\n<\/ul>\n<p><span data-contrast=\"auto\">Le programme\u00a0d&#8217;enseignement, qui fait\u00a0partie\u00a0des programmes\u00a0harmonis\u00e9s,\u00a0couvre\u00a0les cinq\u00a0ann\u00e9es\u00a0du cycle\u00a0primaire. La\u00a0d\u00e9couverte\u00a0du monde\u00a0est\u00a0enseign\u00e9e\u00a0:\u00a0<\/span><span data-ccp-props=\"{&quot;201341983&quot;:0,&quot;335559739&quot;:160,&quot;335559740&quot;:259}\">\u00a0<\/span><\/p>\n<ul>\n<li><span data-contrast=\"auto\">90 minutes par semaine en P1\/P2<\/span><\/li>\n<li><span data-contrast=\"auto\">180 minutes par semaine en P3\/P4\/P5<\/span><span data-ccp-props=\"{&quot;201341983&quot;:0,&quot;335559739&quot;:160,&quot;335559740&quot;:259}\">\u00a0<\/span><\/li>\n<\/ul>\n<p>[\/vc_column_text][vc_btn title=&#8221;Pour plus d&#8217;informations, veuillez consulter le syllabus D\u00e9couverte du monde&#8221; style=&#8221;classic&#8221; color=&#8221;sky&#8221; align=&#8221;left&#8221; i_icon_fontawesome=&#8221;fa fa-file-text-o&#8221; add_icon=&#8221;true&#8221; link=&#8221;url:https%3A%2F%2Fwww.eursc.eu%2FSyllabuses%2F2015-09-D-30-en-3.pdf||target:%20_blank|&#8221;][vc_separator style=&#8221;double&#8221; css=&#8221;.vc_custom_1624952643475{margin-top: 0px !important;border-top-width: 0px !important;padding-top: 10px !important;}&#8221;][\/vc_column][\/vc_row][vc_row][vc_column][vc_empty_space height=&#8221;20&#8243;][\/vc_column][\/vc_row]<\/p>\n<\/div>","protected":false},"excerpt":{"rendered":"<p>[vc_row full_width=&#8221;stretch_row_content_no_spaces&#8221; css=&#8221;.vc_custom_1589920007717{margin-bottom: 0px !important;}&#8221;][vc_column css=&#8221;.vc_custom_1589920029564{margin-bottom: 0px !important;}&#8221; offset=&#8221;vc_hidden-sm vc_hidden-xs&#8221;][vc_custom_heading text=&#8221;&#8221; font_container=&#8221;tag:h1|text_align:left&#8221; use_theme_fonts=&#8221;yes&#8221; el_class=&#8221;custom-header&#8221; css=&#8221;.vc_custom_1625820606304{background-image:<span class=\"excerpt-hellip\"> [\u2026]<\/span><\/p>\n","protected":false},"author":1,"featured_media":0,"parent":0,"menu_order":0,"comment_status":"closed","ping_status":"closed","template":"","meta":{"footnotes":""},"categories":[63],"class_list":["post-12601","page","type-page","status-publish","hentry","category-_page-nurpri-fr"],"_links":{"self":[{"href":"https:\/\/www.euroschool.lu\/site\/wp-json\/wp\/v2\/pages\/12601","targetHints":{"allow":["GET"]}}],"collection":[{"href":"https:\/\/www.euroschool.lu\/site\/wp-json\/wp\/v2\/pages"}],"about":[{"href":"https:\/\/www.euroschool.lu\/site\/wp-json\/wp\/v2\/types\/page"}],"author":[{"embeddable":true,"href":"https:\/\/www.euroschool.lu\/site\/wp-json\/wp\/v2\/users\/1"}],"replies":[{"embeddable":true,"href":"https:\/\/www.euroschool.lu\/site\/wp-json\/wp\/v2\/comments?post=12601"}],"version-history":[{"count":7,"href":"https:\/\/www.euroschool.lu\/site\/wp-json\/wp\/v2\/pages\/12601\/revisions"}],"predecessor-version":[{"id":19995,"href":"https:\/\/www.euroschool.lu\/site\/wp-json\/wp\/v2\/pages\/12601\/revisions\/19995"}],"wp:attachment":[{"href":"https:\/\/www.euroschool.lu\/site\/wp-json\/wp\/v2\/media?parent=12601"}],"wp:term":[{"taxonomy":"category","embeddable":true,"href":"https:\/\/www.euroschool.lu\/site\/wp-json\/wp\/v2\/categories?post=12601"}],"curies":[{"name":"wp","href":"https:\/\/api.w.org\/{rel}","templated":true}]}}