{"id":12591,"date":"2021-07-13T11:31:30","date_gmt":"2021-07-13T09:31:30","guid":{"rendered":"http:\/\/www.euroschool.lu\/site\/?page_id=12591"},"modified":"2025-10-19T18:33:35","modified_gmt":"2025-10-19T16:33:35","slug":"maternelle-et-primaire-mathematiques","status":"publish","type":"page","link":"https:\/\/www.euroschool.lu\/site\/fr\/maternelle-et-primaire-mathematiques\/","title":{"rendered":"Maternelle et primaire : Math\u00e9matiques"},"content":{"rendered":"<div class=\"wpb-content-wrapper\"><p>[vc_row full_width=&#8221;stretch_row_content_no_spaces&#8221; css=&#8221;.vc_custom_1589920007717{margin-bottom: 0px !important;}&#8221;][vc_column css=&#8221;.vc_custom_1589920029564{margin-bottom: 0px !important;}&#8221; offset=&#8221;vc_hidden-sm vc_hidden-xs&#8221;][vc_custom_heading text=&#8221;&#8221; font_container=&#8221;tag:h1|text_align:left&#8221; use_theme_fonts=&#8221;yes&#8221; el_class=&#8221;custom-header&#8221; css=&#8221;.vc_custom_1625816135007{background-image: url(http:\/\/www.euroschool.lu\/site\/wp-content\/uploads\/2021\/07\/Nurs_Primary_math.jpg?id=12470) !important;background-position: center !important;background-repeat: no-repeat !important;background-size: cover !important;}&#8221;][\/vc_column][\/vc_row][vc_row full_width=&#8221;stretch_row_content_no_spaces&#8221; css=&#8221;.vc_custom_1589920007717{margin-bottom: 0px !important;}&#8221;][vc_column css=&#8221;.vc_custom_1589920591194{margin-bottom: 0px !important;}&#8221; offset=&#8221;vc_hidden-lg vc_hidden-md&#8221;][vc_custom_heading text=&#8221;&#8221; font_container=&#8221;tag:h1|text_align:left&#8221; use_theme_fonts=&#8221;yes&#8221; el_class=&#8221;custom-header-mob&#8221; css=&#8221;.vc_custom_1625820951243{background-image: url(http:\/\/www.euroschool.lu\/site\/wp-content\/uploads\/2021\/07\/Nurs_Primary_math.jpg?id=12472) !important;background-position: center !important;background-repeat: no-repeat !important;background-size: cover !important;}&#8221;][\/vc_column][\/vc_row][vc_row el_class=&#8221;main-box&#8221;][vc_column width=&#8221;1\/5&#8243; offset=&#8221;vc_hidden-md vc_hidden-sm vc_hidden-xs&#8221; el_class=&#8221;sidebar-menu&#8221;][vc_widget_sidebar sidebar_id=&#8221;sidebar-sidebar-menu-nurpri-fr&#8221; el_class=&#8221;sidebar-menu-nurpri&#8221;][\/vc_column][vc_column width=&#8221;4\/5&#8243; el_class=&#8221;main-column&#8221;][vc_column_text el_class=&#8221;page-title&#8221;]<\/p>\n<h1>Maternelle et Primaire : Math\u00e9matiques<\/h1>\n<p>[\/vc_column_text][vc_column_text css=&#8221;.vc_custom_1626178314372{padding-top: 10px !important;}&#8221;]<span data-contrast=\"auto\">En\u00a0ce\u00a0qui\u00a0concerne\u00a0les\u00a0math\u00e9matiques, les\u00a0\u00e9l\u00e8ves\u00a0ont\u00a0besoin\u00a0d&#8217;une\u00a0base, de\u00a0mod\u00e8les\u00a0et de\u00a0processus\u00a0construits\u00a0par\u00a0la\u00a0r\u00e9p\u00e9tition, la pratique et le rappel. La\u00a0cr\u00e9ativit\u00e9\u00a0est\u00a0encourag\u00e9e\u00a0et\u00a0\u00e9tendue\u00a0par le jeu, la recherche, la\u00a0d\u00e9couverte\u00a0et les\u00a0activit\u00e9s\u00a0de construction. Un accent particulier\u00a0est\u00a0mis sur le\u00a0d\u00e9veloppement\u00a0de la pens\u00e9e\u00a0logique\u00a0et de la\u00a0r\u00e9solution\u00a0de\u00a0probl\u00e8mes. Les situations\u00a0math\u00e9matiques\u00a0offertes\u00a0par\u00a0l&#8217;environnement, la\u00a0technologie\u00a0et la culture\u00a0aident\u00a0les\u00a0\u00e9l\u00e8ves\u00a0\u00e0 prendre conscience de\u00a0l&#8217;utilit\u00e9\u00a0des\u00a0math\u00e9matiques.\u00a0<\/span><span data-ccp-props=\"{&quot;201341983&quot;:0,&quot;335559739&quot;:160,&quot;335559740&quot;:259}\">\u00a0<\/span><\/p>\n<p><span data-contrast=\"auto\">\u00a0<\/span><span data-ccp-props=\"{&quot;201341983&quot;:0,&quot;335559739&quot;:160,&quot;335559740&quot;:259}\">\u00a0<\/span><\/p>\n<p><span data-contrast=\"auto\">Notre\u00a0approche\u00a0consiste\u00a0\u00e0 :\u00a0<\/span><span data-ccp-props=\"{&quot;201341983&quot;:0,&quot;335559739&quot;:160,&quot;335559740&quot;:259}\">\u00a0<\/span><\/p>\n<ul>\n<li data-leveltext=\"-\" data-font=\"Calibri\" data-listid=\"3\" data-aria-posinset=\"1\" data-aria-level=\"1\"><span data-contrast=\"auto\">encourager\u00a0une\u00a0approche\u00a0multi-sensorielle\u00a0:\u00a0visuelle, auditive et\u00a0<\/span><span data-contrast=\"none\">kinesth\u00e9sique\u00a0<\/span><span data-contrast=\"auto\">;\u00a0<\/span><span data-ccp-props=\"{&quot;134233279&quot;:true,&quot;201341983&quot;:0,&quot;335559739&quot;:160,&quot;335559740&quot;:259}\">\u00a0<\/span><\/li>\n<\/ul>\n<ul>\n<li data-leveltext=\"-\" data-font=\"Calibri\" data-listid=\"4\" data-aria-posinset=\"1\" data-aria-level=\"1\"><span data-contrast=\"auto\">planifier la progression en s&#8217;appuyant sur les connaissances math\u00e9matiques des \u00e9l\u00e8ves ; <\/span><span data-ccp-props=\"{&quot;134233279&quot;:true,&quot;201341983&quot;:0,&quot;335559739&quot;:160,&quot;335559740&quot;:259}\">\u00a0<\/span><\/li>\n<li data-leveltext=\"-\" data-font=\"Calibri\" data-listid=\"5\" data-aria-posinset=\"2\" data-aria-level=\"1\"><span data-contrast=\"auto\">diff\u00e9rencier\u00a0l&#8217;enseignement\u00a0pour\u00a0r\u00e9pondre\u00a0\u00e0\u00a0toutes\u00a0les\u00a0capacit\u00e9s\u00a0;\u00a0<\/span><span data-ccp-props=\"{&quot;134233279&quot;:true,&quot;201341983&quot;:0,&quot;335559739&quot;:160,&quot;335559740&quot;:259}\">\u00a0<\/span><\/li>\n<li data-leveltext=\"-\" data-font=\"Calibri\" data-listid=\"6\" data-aria-posinset=\"3\" data-aria-level=\"1\"><span data-contrast=\"auto\">utiliser et\u00a0enseigner\u00a0le\u00a0langage\u00a0math\u00e9matique\u00a0<\/span><span data-ccp-props=\"{&quot;134233279&quot;:true,&quot;201341983&quot;:0,&quot;335559739&quot;:160,&quot;335559740&quot;:259}\">\u00a0<\/span><\/li>\n<li data-leveltext=\"-\" data-font=\"Calibri\" data-listid=\"7\" data-aria-posinset=\"4\" data-aria-level=\"1\"><span data-contrast=\"auto\">mettre\u00a0l&#8217;accent\u00a0sur les\u00a0strat\u00e9gies\u00a0de\u00a0calcul\u00a0mental ;\u00a0<\/span><span data-ccp-props=\"{&quot;134233279&quot;:true,&quot;201341983&quot;:0,&quot;335559739&quot;:160,&quot;335559740&quot;:259}\">\u00a0<\/span><\/li>\n<li data-leveltext=\"-\" data-font=\"Calibri\" data-listid=\"8\" data-aria-posinset=\"5\" data-aria-level=\"1\"><span data-contrast=\"auto\">utiliser un large\u00a0\u00e9ventail\u00a0de\u00a0ressources, y\u00a0compris\u00a0les\u00a0TIC ;\u00a0<\/span><span data-ccp-props=\"{&quot;134233279&quot;:true,&quot;201341983&quot;:0,&quot;335559739&quot;:160,&quot;335559740&quot;:259}\">\u00a0<\/span><\/li>\n<\/ul>\n<ul>\n<li data-leveltext=\"-\" data-font=\"Calibri\" data-listid=\"9\" data-aria-posinset=\"1\" data-aria-level=\"1\"><span data-contrast=\"auto\">d\u00e9montrer\u00a0les liens entre les\u00a0domaines\u00a0des\u00a0math\u00e9matiques\u00a0;\u00a0<\/span><span data-ccp-props=\"{&quot;134233279&quot;:true,&quot;201341983&quot;:0,&quot;335559739&quot;:160,&quot;335559740&quot;:259}\">\u00a0<\/span><\/li>\n<li data-leveltext=\"-\" data-font=\"Calibri\" data-listid=\"9\" data-aria-posinset=\"2\" data-aria-level=\"1\"><span data-contrast=\"auto\">d\u00e9velopper\u00a0des\u00a0comp\u00e9tences\u00a0en\u00a0mati\u00e8re de discussion,\u00a0notamment\u00a0l&#8217;\u00e9coute\u00a0active, la\u00a0r\u00e9action\u00a0positive \u00e0\u00a0l&#8217;opinion\u00a0des\u00a0autres, la prise de parole, la\u00a0confiance\u00a0en\u00a0soi pour\u00a0pr\u00e9senter\u00a0une\u00a0opinion, la\u00a0capacit\u00e9\u00a0\u00e0\u00a0expliquer\u00a0clairement\u00a0son point de\u00a0vue.\u00a0<\/span><span data-ccp-props=\"{&quot;134233279&quot;:true,&quot;201341983&quot;:0,&quot;335559739&quot;:160,&quot;335559740&quot;:259}\">\u00a0<\/span><\/li>\n<li data-leveltext=\"-\" data-font=\"Calibri\" data-listid=\"10\" data-aria-posinset=\"3\" data-aria-level=\"1\"><span data-contrast=\"auto\">encourager les\u00a0\u00e9l\u00e8ves\u00a0\u00e0\u00a0consid\u00e9rer\u00a0les\u00a0id\u00e9es\u00a0fausses\u00a0et les\u00a0erreurs\u00a0comme\u00a0faisant\u00a0partie\u00a0du\u00a0processus\u00a0d&#8217;apprentissage.\u00a0<\/span><span data-ccp-props=\"{&quot;134233279&quot;:true,&quot;201341983&quot;:0,&quot;335559739&quot;:160,&quot;335559740&quot;:259}\">\u00a0<\/span><\/li>\n<\/ul>\n<p><span data-ccp-props=\"{&quot;201341983&quot;:0,&quot;335559739&quot;:160,&quot;335559740&quot;:259}\">\u00a0<\/span><\/p>\n<p><span data-contrast=\"auto\">Le programme de\u00a0math\u00e9matiques\u00a0couvre\u00a0les cinq\u00a0ann\u00e9es\u00a0de\u00a0l&#8217;\u00e9cole\u00a0primaire. La mati\u00e8re\u00a0est\u00a0enseign\u00e9e\u00a0:\u00a0<\/span><span data-ccp-props=\"{&quot;201341983&quot;:0,&quot;335559739&quot;:160,&quot;335559740&quot;:259}\">\u00a0<\/span><\/p>\n<ul>\n<li><span data-contrast=\"auto\">240 minutes par semaine en P1\/P2<\/span><\/li>\n<li><span data-contrast=\"auto\">315 minutes par semaine en P3\/P4\/P5<\/span><\/li>\n<\/ul>\n<p>[\/vc_column_text][vc_btn title=&#8221;Pour plus d&#8217;informations, veuillez consulter le programme de math\u00e9matiques&#8221; style=&#8221;classic&#8221; color=&#8221;sky&#8221; align=&#8221;left&#8221; i_icon_fontawesome=&#8221;fa fa-file-text-o&#8221; add_icon=&#8221;true&#8221; link=&#8221;url:https%3A%2F%2Fwww.eursc.eu%2FSyllabuses%2F2012-01-D-20-en-4.pdf||target:%20_blank|&#8221;][vc_separator style=&#8221;double&#8221; css=&#8221;.vc_custom_1624952643475{margin-top: 0px !important;border-top-width: 0px !important;padding-top: 10px !important;}&#8221;][\/vc_column][\/vc_row][vc_row][vc_column][vc_empty_space height=&#8221;20&#8243;][\/vc_column][\/vc_row]<\/p>\n<\/div>","protected":false},"excerpt":{"rendered":"<p>[vc_row full_width=&#8221;stretch_row_content_no_spaces&#8221; css=&#8221;.vc_custom_1589920007717{margin-bottom: 0px !important;}&#8221;][vc_column css=&#8221;.vc_custom_1589920029564{margin-bottom: 0px !important;}&#8221; offset=&#8221;vc_hidden-sm vc_hidden-xs&#8221;][vc_custom_heading text=&#8221;&#8221; font_container=&#8221;tag:h1|text_align:left&#8221; use_theme_fonts=&#8221;yes&#8221; el_class=&#8221;custom-header&#8221; css=&#8221;.vc_custom_1625816135007{background-image:<span class=\"excerpt-hellip\"> [\u2026]<\/span><\/p>\n","protected":false},"author":1,"featured_media":0,"parent":0,"menu_order":0,"comment_status":"closed","ping_status":"closed","template":"","meta":{"footnotes":""},"categories":[63],"class_list":["post-12591","page","type-page","status-publish","hentry","category-_page-nurpri-fr"],"_links":{"self":[{"href":"https:\/\/www.euroschool.lu\/site\/wp-json\/wp\/v2\/pages\/12591","targetHints":{"allow":["GET"]}}],"collection":[{"href":"https:\/\/www.euroschool.lu\/site\/wp-json\/wp\/v2\/pages"}],"about":[{"href":"https:\/\/www.euroschool.lu\/site\/wp-json\/wp\/v2\/types\/page"}],"author":[{"embeddable":true,"href":"https:\/\/www.euroschool.lu\/site\/wp-json\/wp\/v2\/users\/1"}],"replies":[{"embeddable":true,"href":"https:\/\/www.euroschool.lu\/site\/wp-json\/wp\/v2\/comments?post=12591"}],"version-history":[{"count":8,"href":"https:\/\/www.euroschool.lu\/site\/wp-json\/wp\/v2\/pages\/12591\/revisions"}],"predecessor-version":[{"id":19999,"href":"https:\/\/www.euroschool.lu\/site\/wp-json\/wp\/v2\/pages\/12591\/revisions\/19999"}],"wp:attachment":[{"href":"https:\/\/www.euroschool.lu\/site\/wp-json\/wp\/v2\/media?parent=12591"}],"wp:term":[{"taxonomy":"category","embeddable":true,"href":"https:\/\/www.euroschool.lu\/site\/wp-json\/wp\/v2\/categories?post=12591"}],"curies":[{"name":"wp","href":"https:\/\/api.w.org\/{rel}","templated":true}]}}