{"id":12383,"date":"2021-07-06T16:44:18","date_gmt":"2021-07-06T14:44:18","guid":{"rendered":"http:\/\/www.euroschool.lu\/site\/?page_id=12383"},"modified":"2025-12-14T15:38:39","modified_gmt":"2025-12-14T14:38:39","slug":"unsere-schule","status":"publish","type":"page","link":"https:\/\/www.euroschool.lu\/site\/de\/unsere-schule\/","title":{"rendered":"Unsere Schule"},"content":{"rendered":"<div class=\"wpb-content-wrapper\"><p>[vc_row full_width=&#8221;stretch_row_content_no_spaces&#8221; css=&#8221;.vc_custom_1611423460520{margin-bottom: 0px !important;}&#8221;][vc_column css=&#8221;.vc_custom_1589920029564{margin-bottom: 0px !important;}&#8221; offset=&#8221;vc_hidden-sm vc_hidden-xs&#8221;][vc_custom_heading text=&#8221;&#8221; font_container=&#8221;tag:h1|text_align:left&#8221; use_theme_fonts=&#8221;yes&#8221; el_class=&#8221;custom-header&#8221; css=&#8221;.vc_custom_1623841810041{background-image: url(http:\/\/www.euroschool.lu\/site\/wp-content\/uploads\/2021\/06\/Slider_Our_School2.jpg?id=10868) !important;background-position: center !important;background-repeat: no-repeat !important;background-size: cover !important;}&#8221;][\/vc_column][\/vc_row][vc_row full_width=&#8221;stretch_row_content_no_spaces&#8221; css=&#8221;.vc_custom_1589920007717{margin-bottom: 0px !important;}&#8221;][vc_column css=&#8221;.vc_custom_1589920591194{margin-bottom: 0px !important;}&#8221; offset=&#8221;vc_hidden-lg vc_hidden-md&#8221;][vc_custom_heading text=&#8221;&#8221; font_container=&#8221;tag:h1|text_align:left&#8221; use_theme_fonts=&#8221;yes&#8221; el_class=&#8221;custom-header-mob&#8221; css=&#8221;.vc_custom_1623841822930{background-image: url(http:\/\/www.euroschool.lu\/site\/wp-content\/uploads\/2021\/06\/Slider_Our_School2.jpg?id=10868) !important;background-position: center !important;background-repeat: no-repeat !important;background-size: cover !important;}&#8221;][\/vc_column][\/vc_row][vc_row el_class=&#8221;main-box&#8221;][vc_column width=&#8221;1\/5&#8243; offset=&#8221;vc_hidden-md vc_hidden-sm vc_hidden-xs&#8221; el_class=&#8221;sidebar-menu&#8221;][vc_widget_sidebar sidebar_id=&#8221;sidebar-sidebar-menu-about-de&#8221; el_class=&#8221;sidebar-menu-about&#8221;][\/vc_column][vc_column width=&#8221;4\/5&#8243; el_class=&#8221;main-column&#8221;][vc_column_text el_class=&#8221;page-title&#8221;]<\/p>\n<h1>Unsere Schule<\/h1>\n<p>[\/vc_column_text][vc_column_text]Die Europ\u00e4ischen Schulen wurden im Oktober 1953 in Luxemburg auf Initiative von Beamten der Europ\u00e4ischen Gemeinschaft f\u00fcr Kohle und Stahl mit Unterst\u00fctzung der Institutionen der Gemeinschaft und der luxemburgischen Regierung gegr\u00fcndet. Zun\u00e4chst war die Schule in einem Haus in der Avenue Pasteur untergebracht (1953), dann in der Villa Lentz, gefolgt vom Boulevard de la Foire (1957) und schlie\u00dflich auf dem Kirchberg-Plateau (1973-1974).\u00a0 Dieses Experiment, Kinder verschiedener Muttersprachen und Nationalit\u00e4ten parallel zueinander zu unterrichten, nahm schnell Gestalt an, da die sechs verschiedenen Regierungen und Bildungsministerien in Fragen der Lehrpl\u00e4ne, der Ernennung von Lehrern, der Inspektion und der Anerkennung der erreichten Stufen zusammenarbeiteten.<\/p>\n<p>Im April 1957 wurde die Luxemburger Schule durch die Unterzeichnung des Protokolls zur ersten offiziellen Europ\u00e4ischen Schule. Im Juli 1959 fand dort das erste Europ\u00e4ische Abitur statt, das von allen Universit\u00e4ten der Mitgliedsstaaten als grundlegende Zugangsvoraussetzung anerkannt wurde.<\/p>\n<p>Der Erfolg dieses p\u00e4dagogischen Experiments ermutigte die Europ\u00e4ische Wirtschaftsgemeinschaft und Euratom, auf die Einrichtung weiterer Europ\u00e4ischer Schulen an ihren jeweiligen Standorten zu dr\u00e4ngen. Heute gibt es 13 traditionelle Europ\u00e4ische Schulen in 6 verschiedenen L\u00e4ndern.<\/p>\n<p>Vor der Gr\u00fcndung der Europ\u00e4ischen Schule Luxemburg II und der anf\u00e4nglichen Trennung von Kindergarten und Primarbereich erreichte die Sch\u00fclerzahl der Schule 3802 Sch\u00fcler aus den 27 EU-Mitgliedstaaten.\u00a0 Bis September 2012 war die Europ\u00e4ische Schule Luxemburg I die einzige der Europ\u00e4ischen Schulen mit allen Sprachabteilungen und Gruppen.<\/p>\n<p>Heute hat unsere Schule 3350 Sch\u00fcler, die in 10 Sprachsektionen unterrichtet werden: Deutsch, Englisch, Finnisch, Franz\u00f6sisch, Litauisch, Niederl\u00e4ndisch, Polnisch, Portugiesisch, Schwedisch und Spanisch. Zus\u00e4tzlich gibt es 3 weitere Sektionen, sog. SWALS (Sch\u00fcler ohne Sprachsektion) \u2013 Bulgarisch, Estnisch, Lettisch \u2013 in die Sch\u00fcler eingeschrieben werden k\u00f6nnen.<\/p>\n<p>Wir sind sehr stolz darauf, sagen zu k\u00f6nnen, dass die Ziele der Europ\u00e4ischen Schulen vom ersten Direktor unserer Schule, Herrn Marcel Decombis, definiert wurden und nichts von ihrer G\u00fcltigkeit verloren haben.<\/p>\n<p>Die Worte, die die wesentlichen Ziele der Europ\u00e4ischen Schulen zum Ausdruck bringen, wurden in Pergament in die Grundsteine aller Schulen eingearbeitet.[\/vc_column_text][vc_column_text el_class=&#8221;quote&#8221; css=&#8221;.vc_custom_1643638196876{padding-right: 30px !important;padding-left: 30px !important;}&#8221;]<\/p>\n<h5>Die Worte, die die grundlegenden Zielsetzungen der Europ\u00e4ischen Schulen zum Ausdruck bringen, sind in die Grundsteine aller Schulen verankert worden:<\/h5>\n<p><i class=\"icon-quote\" style=\"color:#dcdcdc\" aria-hidden=\"true\"><\/i> Zusammen erzogen, von Kindheit an von den trennenden Vorurteilen unbelastet, vertraut mit allem, was gro\u00df und gut in den verschiedenen Kulturen ist, wird ihnen, w\u00e4hrend sie heranwachsen, in die Seele geschrieben, dass sie zusammengeh\u00f6ren. Ohne aufzuh\u00f6ren, ihr eigenes Land mit Liebe und Stolz zu betrachten, werden sie Europ\u00e4er, geschult und bereit, die Arbeit ihrer V\u00e4ter vor ihnen zu vollenden und zu verfestigen, um ein vereintes und bl\u00fchendes Europa entstehen zu lassen.<i class=\"icon-quote\" style=\"color:#dcdcdc\" aria-hidden=\"true\"><\/i><\/p>\n<h6 style=\"text-align: right;\">(Marcel Decombis, Direktor der Europ\u00e4ischen Schule Luxemburg zwischen 1953 und 1960)<\/h6>\n<p>[\/vc_column_text][vc_row_inner disable_element=&#8221;yes&#8221; css=&#8221;.vc_custom_1765723118096{margin-right: 20px !important;margin-left: 20px !important;background-color: #f4f4f4 !important;}&#8221;][vc_column_inner][vc_column_text css=&#8221;.vc_custom_1699968258236{margin-bottom: 0px !important;padding-bottom: 10px !important;}&#8221;]<\/p>\n<h3>Introducing the European School Luxembourg I<\/h3>\n<p>[\/vc_column_text][vc_single_image image=&#8221;17249&#8243; img_size=&#8221;medium&#8221; add_caption=&#8221;yes&#8221; style=&#8221;vc_box_rounded&#8221; onclick=&#8221;custom_link&#8221; img_link_target=&#8221;_blank&#8221; link=&#8221;https:\/\/today.rtl.lu\/luxembourg-insider\/family-and-school\/a\/2135358.html&#8221; css=&#8221;.vc_custom_1699968277059{margin-top: 0px !important;margin-bottom: 5px !important;padding-top: 0px !important;padding-bottom: 0px !important;}&#8221;][vc_column_text css=&#8221;.vc_custom_1699968377057{margin-bottom: 0px !important;padding-bottom: 20px !important;}&#8221;](https:\/\/today.rtl.lu\/)[\/vc_column_text][\/vc_column_inner][\/vc_row_inner][vc_column_text]<\/p>\n<h5><strong>Das Ziel der Europ\u00e4ischen Schulen <\/strong><\/h5>\n<p>Die Aufgabe der Europ\u00e4ischen Schulen besteht darin, allen Sch\u00fclern von der Grundschule bis zur Sekundarschule eine mehrsprachige, breit gef\u00e4cherte Bildung von hoher Qualit\u00e4t zu bieten und die Sch\u00fcler der Sekundarschule auf das Erwachsenenleben vorzubereiten und eine Grundlage f\u00fcr weiteres Lernen zu schaffen.<\/p>\n<p>Der Auftrag der Europ\u00e4ischen Schule Luxemburg I besteht darin, unseren Sch\u00fclern eine mehrsprachige und multikulturelle Bildung von hoher Qualit\u00e4t in einem Umfeld zu bieten, das Sicherheit und Wohlbefinden f\u00fcr alle garantiert.<\/p>\n<p>Die Hauptziele sind:<\/p>\n<ul>\n<li>Jedem Sch\u00fcler von der Grundschule bis zum Abitur eine m\u00f6glichst umfassende und qualitativ hochwertige Bildung zu bieten, eine Bildung, die unseren Sch\u00fclern Vertrauen in die Zukunft gibt.<\/li>\n<li>Erziehung eines europ\u00e4ischen B\u00fcrgers, der unsere gemeinsamen Werte f\u00f6rdert und die Vielfalt respektiert, eines B\u00fcrgers mit Solidarit\u00e4tsgeist und dem Willen zu gemeinsamen Errungenschaften.<\/li>\n<li>F\u00f6rderung der umfassenden akademischen F\u00e4higkeiten der Sch\u00fcler, sowohl im sprachlichen als auch im mathematischen und naturwissenschaftlichen Bereich.<\/li>\n<li>Die Bedeutung unserer Schulgemeinschaft zu st\u00e4rken, indem wir uns bem\u00fchen, einander besser kennenzulernen, die Zusammenarbeit zwischen den Beteiligten zu verbessern und den Dialog und den Respekt in unserem sozialen Umfeld und mit allen m\u00f6glichen Partnern au\u00dferhalb der Schule zu st\u00e4rken.<\/li>\n<\/ul>\n<p>[\/vc_column_text][vc_separator css=&#8221;.vc_custom_1643635969616{margin-top: 0px !important;margin-bottom: 0px !important;border-top-width: 0px !important;border-bottom-width: 0px !important;padding-top: 0px !important;padding-bottom: 0px !important;}&#8221;][vc_btn title=&#8221;Booklet about the History of ES; 2013&#8243; style=&#8221;classic&#8221; color=&#8221;sky&#8221; align=&#8221;left&#8221; i_icon_fontawesome=&#8221;fa fa-file-text-o&#8221; add_icon=&#8221;true&#8221; link=&#8221;url:http%3A%2F%2Fwww.euroschool.lu%2Fsite%2Fwp-content%2Fuploads%2F2021%2F07%2FHistory_ES.pdf||target:%20_blank|&#8221; css=&#8221;.vc_custom_1643636078990{margin-top: 20px !important;margin-bottom: 20px !important;}&#8221;][vc_separator style=&#8221;double&#8221; css=&#8221;.vc_custom_1643635976736{margin-top: 0px !important;margin-bottom: 0px !important;border-top-width: 0px !important;border-bottom-width: 0px !important;padding-top: 0px !important;padding-bottom: 0px !important;}&#8221;][\/vc_column][\/vc_row][vc_row][vc_column][vc_empty_space height=&#8221;20&#8243;][\/vc_column][\/vc_row]<\/p>\n<\/div>","protected":false},"excerpt":{"rendered":"<p>[vc_row full_width=&#8221;stretch_row_content_no_spaces&#8221; css=&#8221;.vc_custom_1611423460520{margin-bottom: 0px !important;}&#8221;][vc_column css=&#8221;.vc_custom_1589920029564{margin-bottom: 0px !important;}&#8221; offset=&#8221;vc_hidden-sm vc_hidden-xs&#8221;][vc_custom_heading text=&#8221;&#8221; font_container=&#8221;tag:h1|text_align:left&#8221; use_theme_fonts=&#8221;yes&#8221; el_class=&#8221;custom-header&#8221; css=&#8221;.vc_custom_1623841810041{background-image:<span class=\"excerpt-hellip\"> [\u2026]<\/span><\/p>\n","protected":false},"author":1,"featured_media":0,"parent":0,"menu_order":0,"comment_status":"closed","ping_status":"closed","template":"","meta":{"footnotes":""},"categories":[69],"class_list":["post-12383","page","type-page","status-publish","hentry","category-_page-main-de"],"_links":{"self":[{"href":"https:\/\/www.euroschool.lu\/site\/wp-json\/wp\/v2\/pages\/12383","targetHints":{"allow":["GET"]}}],"collection":[{"href":"https:\/\/www.euroschool.lu\/site\/wp-json\/wp\/v2\/pages"}],"about":[{"href":"https:\/\/www.euroschool.lu\/site\/wp-json\/wp\/v2\/types\/page"}],"author":[{"embeddable":true,"href":"https:\/\/www.euroschool.lu\/site\/wp-json\/wp\/v2\/users\/1"}],"replies":[{"embeddable":true,"href":"https:\/\/www.euroschool.lu\/site\/wp-json\/wp\/v2\/comments?post=12383"}],"version-history":[{"count":14,"href":"https:\/\/www.euroschool.lu\/site\/wp-json\/wp\/v2\/pages\/12383\/revisions"}],"predecessor-version":[{"id":20306,"href":"https:\/\/www.euroschool.lu\/site\/wp-json\/wp\/v2\/pages\/12383\/revisions\/20306"}],"wp:attachment":[{"href":"https:\/\/www.euroschool.lu\/site\/wp-json\/wp\/v2\/media?parent=12383"}],"wp:term":[{"taxonomy":"category","embeddable":true,"href":"https:\/\/www.euroschool.lu\/site\/wp-json\/wp\/v2\/categories?post=12383"}],"curies":[{"name":"wp","href":"https:\/\/api.w.org\/{rel}","templated":true}]}}